{"id":676,"date":"2022-05-12T22:40:18","date_gmt":"2022-05-12T22:40:18","guid":{"rendered":"https:\/\/thebibleverses.org\/es\/?page_id=676"},"modified":"2022-05-12T22:40:19","modified_gmt":"2022-05-12T22:40:19","slug":"versiculos-motivadores","status":"publish","type":"page","link":"https:\/\/thebibleverses.org\/es\/versiculos-motivadores\/","title":{"rendered":"37 Vers\u00edculos B\u00edblicos Motivadores para Hombres, Mujeres y J\u00f3venes"},"content":{"rendered":"\n<div class=\"wp-block-image\"><figure class=\"aligncenter size-large\"><img loading=\"lazy\" decoding=\"async\" width=\"1024\" height=\"631\" src=\"https:\/\/thebibleverses.org\/es\/wp-content\/uploads\/2022\/05\/Versiculos-Biblicos-Motivadores-1024x631.webp\" alt=\"Vers\u00edculos de la Biblia Motivadores para Hombres, Mujeres y J\u00f3venes\" class=\"wp-image-677\" srcset=\"https:\/\/thebibleverses.org\/es\/wp-content\/uploads\/2022\/05\/Versiculos-Biblicos-Motivadores-1024x631.webp 1024w, https:\/\/thebibleverses.org\/es\/wp-content\/uploads\/2022\/05\/Versiculos-Biblicos-Motivadores-300x185.webp 300w, https:\/\/thebibleverses.org\/es\/wp-content\/uploads\/2022\/05\/Versiculos-Biblicos-Motivadores-768x474.webp 768w, https:\/\/thebibleverses.org\/es\/wp-content\/uploads\/2022\/05\/Versiculos-Biblicos-Motivadores-320x197.webp 320w, https:\/\/thebibleverses.org\/es\/wp-content\/uploads\/2022\/05\/Versiculos-Biblicos-Motivadores-450x278.webp 450w, https:\/\/thebibleverses.org\/es\/wp-content\/uploads\/2022\/05\/Versiculos-Biblicos-Motivadores-720x444.webp 720w, https:\/\/thebibleverses.org\/es\/wp-content\/uploads\/2022\/05\/Versiculos-Biblicos-Motivadores-scaled.webp 644w\" sizes=\"auto, (max-width: 1024px) 100vw, 1024px\" \/><figcaption>Vers\u00edculos de la Biblia Motivadores para Hombres, Mujeres y J\u00f3venes &#8211; Reina Valera Contempor\u00e1nea (RVC).<\/figcaption><\/figure><\/div>\n\n\n\n<h2 class=\"wp-block-heading\">G\u00e9nesis 28:15<\/h2>\n\n\n\n<p>Date cuenta de que yo estoy contigo. Yo te proteger\u00e9 por dondequiera que vayas, y volver\u00e9 a traerte a esta tierra. No te dejar\u00e9 ni un momento, hasta que haya hecho lo que te he dicho.<\/p>\n\n\n\n<h2 class=\"wp-block-heading\">Josu\u00e9 1:9<\/h2>\n\n\n\n<p>Escucha lo que te mando: Esfu\u00e9rzate y s\u00e9 valiente. No temas ni desmayes, que yo soy el Se\u00f1or tu Dios, y estar\u00e9 contigo por dondequiera que vayas.<\/p>\n\n\n\n<h2 class=\"wp-block-heading\">Deuteronomio 31:8<\/h2>\n\n\n\n<p>El Se\u00f1or va delante de ti. \u00c9l estar\u00e1 contigo, y no te dejar\u00e1 ni te desamparar\u00e1. No temas ni te intimides.<\/p>\n\n\n\n<h2 class=\"wp-block-heading\">Salmos 3:5<\/h2>\n\n\n\n<p>Yo me acuesto, y duermo y despierto, porque t\u00fa, Se\u00f1or, me sostienes.<\/p>\n\n\n\n<h2 class=\"wp-block-heading\">Salmos 18:2<\/h2>\n\n\n\n<p>Mi Se\u00f1or y Dios, t\u00fa eres mi roca, mi defensor, \u00a1mi libertador! T\u00fa eres mi fuerza y mi escudo, mi poderosa salvaci\u00f3n, mi alto refugio. \u00a1En ti conf\u00edo!<\/p>\n\n\n\n<h2 class=\"wp-block-heading\">Salmos 18:30<\/h2>\n\n\n\n<p>El camino de Dios es perfecto; la palabra del Se\u00f1or, acrisolada; Dios es el escudo de los que en \u00e9l conf\u00edan.<\/p>\n\n\n\n<h2 class=\"wp-block-heading\">Salmos 23:4<\/h2>\n\n\n\n<p>Aunque deba yo pasar por el valle m\u00e1s sombr\u00edo, no temo sufrir da\u00f1o alguno, porque t\u00fa est\u00e1s conmigo; con tu vara de pastor me infundes nuevo aliento.<\/p>\n\n\n\n<h2 class=\"wp-block-heading\">Salmo 27:1<\/h2>\n\n\n\n<p>El Se\u00f1or es mi luz y mi salvaci\u00f3n; \u00bfa qui\u00e9n podr\u00eda yo temer? El Se\u00f1or es la fortaleza de mi vida; \u00bfqui\u00e9n podr\u00eda infundirme miedo?<\/p>\n\n\n\n<h2 class=\"wp-block-heading\">Salmos 31:24<\/h2>\n\n\n\n<p>Ustedes, los que esperan en el Se\u00f1or, \u00a1esfu\u00e9rcense, y cobren \u00e1nimo!<\/p>\n\n\n\n<h2 class=\"wp-block-heading\">Salmos 32:8<\/h2>\n\n\n\n<p>Yo te voy a hacer que entiendas. Voy a ense\u00f1arte el camino que debes seguir, y no voy a quitarte los ojos de encima.<\/p>\n\n\n\n<h2 class=\"wp-block-heading\">Salmos 33:18<\/h2>\n\n\n\n<p>El Se\u00f1or mira atentamente a quienes le temen, a quienes conf\u00edan en su misericordia.<\/p>\n\n\n\n<h2 class=\"wp-block-heading\">Salmos 37:5<\/h2>\n\n\n\n<p>Pon tu camino en las manos del Se\u00f1or; conf\u00eda en \u00e9l, y \u00e9l se encargar\u00e1 de todo;<\/p>\n\n\n\n<h2 class=\"wp-block-heading\">Salmos 40:1<\/h2>\n\n\n\n<p>Yo puse mi esperanza en el Se\u00f1or, y \u00e9l inclin\u00f3 su o\u00eddo y escuch\u00f3 mi clamor;<\/p>\n\n\n\n<h2 class=\"wp-block-heading\">Salmo 46:7<\/h2>\n\n\n\n<p>\u00a1Con nosotros est\u00e1 el Se\u00f1or de los ej\u00e9rcitos! \u00a1Nuestro refugio es el Dios de Jacob!<\/p>\n\n\n\n<h2 class=\"wp-block-heading\">Salmos 56:11<\/h2>\n\n\n\n<p>Conf\u00edo en ti, mi Dios, y no tengo miedo; \u00bfqu\u00e9 me puede hacer un simple mortal?<\/p>\n\n\n\n<h2 class=\"wp-block-heading\">Salmo 121:1-2<\/h2>\n\n\n\n<p>Elevo mis ojos a los montes; \u00bfde d\u00f3nde vendr\u00e1 mi socorro? Mi socorro viene del Se\u00f1or, creador del cielo y de la tierra.<\/p>\n\n\n\n<h2 class=\"wp-block-heading\">Salmos 125:1<\/h2>\n\n\n\n<p>Los que conf\u00edan en el Se\u00f1or son como el monte de Sion, que no se mueve, sino que permanece para siempre (Sal 125:1).<\/p>\n\n\n\n<h2 class=\"wp-block-heading\">Isa\u00edas 26:3<\/h2>\n\n\n\n<p>T\u00fa guardas en completa paz a quien siempre piensa en ti y pone en ti su confianza.<\/p>\n\n\n\n<h2 class=\"wp-block-heading\">Isa\u00edas 40:31<\/h2>\n\n\n\n<p>Pero los que conf\u00edan en el Se\u00f1or recobran las fuerzas y levantan el vuelo, como las \u00e1guilas; corren, y no se cansan; caminan, y no se fatigan.<\/p>\n\n\n\n<h2 class=\"wp-block-heading\">Isa\u00edas 43:1<\/h2>\n\n\n\n<p>As\u00ed dice ahora el Se\u00f1or, quien te cre\u00f3 y te form\u00f3: No temas, Jacob, porque yo te redim\u00ed; yo te di tu nombre, Israel, y t\u00fa me perteneces.<\/p>\n\n\n\n<h2 class=\"wp-block-heading\">Isa\u00edas 43:2<\/h2>\n\n\n\n<p>Cuando pases por las aguas, yo estar\u00e9 contigo; cuando cruces los r\u00edos, no te anegar\u00e1n. Cuando pases por el fuego, no te quemar\u00e1s, ni las llamas arder\u00e1n en ti.<\/p>\n\n\n\n<h2 class=\"wp-block-heading\">Isa\u00edas 51:12<\/h2>\n\n\n\n<p>Yo mismo soy su consolador. \u00bfQui\u00e9n eres t\u00fa para tener miedo de hombres mortales, que son como la paja?<\/p>\n\n\n\n<h2 class=\"wp-block-heading\">Jerem\u00edas 1:8<\/h2>\n\n\n\n<p>No temas delante de nadie, porque yo estoy contigo y te pondr\u00e9 a salvo, dice el Se\u00f1or.<\/p>\n\n\n\n<h2 class=\"wp-block-heading\">Mateo 11:28<\/h2>\n\n\n\n<p>Vengan a m\u00ed todos ustedes, los agotados de tanto trabajar, que yo los har\u00e9 descansar.<\/p>\n\n\n\n<h2 class=\"wp-block-heading\">Juan 14:27<\/h2>\n\n\n\n<p>La paz les dejo, mi paz les doy; yo no la doy como el mundo la da. No dejen que su coraz\u00f3n se turbe y tenga miedo.<\/p>\n\n\n\n<h2 class=\"wp-block-heading\">Juan 16:33<\/h2>\n\n\n\n<p>Estas cosas les he hablado para que en m\u00ed tengan paz. En el mundo tendr\u00e1n aflicci\u00f3n; pero conf\u00eden, yo he vencido al mundo.<\/p>\n\n\n\n<h2 class=\"wp-block-heading\">Romanos 8:31<\/h2>\n\n\n\n<p>\u00bfQu\u00e9 m\u00e1s podemos decir? Que si Dios est\u00e1 a nuestro favor, nadie podr\u00e1 estar en contra de nosotros.<\/p>\n\n\n\n<h2 class=\"wp-block-heading\">Romanos 15:5<\/h2>\n\n\n\n<p>Que el Dios de la paciencia y de la consolaci\u00f3n les conceda a ustedes un mismo sentir, seg\u00fan Cristo Jes\u00fas,<\/p>\n\n\n\n<h2 class=\"wp-block-heading\">1 Corintios 15:58<\/h2>\n\n\n\n<p>As\u00ed que, amados hermanos m\u00edos, mant\u00e9nganse firmes y constantes, y siempre creciendo en la obra del Se\u00f1or, seguros de que el trabajo de ustedes en el Se\u00f1or no carece de sentido.<\/p>\n\n\n\n<h2 class=\"wp-block-heading\">1 Corintios 16:13<\/h2>\n\n\n\n<p>Mant\u00e9nganse atentos y firmes en la fe; sean fuertes y valientes.<\/p>\n\n\n\n<h2 class=\"wp-block-heading\">2 Corintios 1:3-4<\/h2>\n\n\n\n<p>Bendito sea el Dios y Padre de nuestro Se\u00f1or Jesucristo, Padre de misericordias y Dios de toda consolaci\u00f3n, quien nos consuela en todas nuestras tribulaciones, para que tambi\u00e9n nosotros podamos consolar a los que est\u00e1n sufriendo, por medio de la consolaci\u00f3n con que nosotros somos consolados por Dios.<\/p>\n\n\n\n<h2 class=\"wp-block-heading\">2 Corintios 1:5<\/h2>\n\n\n\n<p>Porque as\u00ed como abundan en nosotros las aflicciones de Cristo, as\u00ed tambi\u00e9n por el mismo Cristo abunda nuestra consolaci\u00f3n.<\/p>\n\n\n\n<h2 class=\"wp-block-heading\">Filipenses 4:7<\/h2>\n\n\n\n<p>Y que la paz de Dios, que sobrepasa todo entendimiento, guarde sus corazones y sus pensamientos en Cristo Jes\u00fas.<\/p>\n\n\n\n<h2 class=\"wp-block-heading\">2 Timoteo 1:7<\/h2>\n\n\n\n<p>Porque no nos ha dado Dios un esp\u00edritu de cobard\u00eda, sino de poder, de amor y de dominio propio.<\/p>\n\n\n\n<h2 class=\"wp-block-heading\">1 Pedro 5:7<\/h2>\n\n\n\n<p>Descarguen en \u00e9l todas sus angustias, porque \u00e9l tiene cuidado de ustedes.<\/p>\n\n\n\n<h2 class=\"wp-block-heading\">1 Juan 4:4<\/h2>\n\n\n\n<p>Hijitos, ustedes son de Dios, y han vencido a esos falsos profetas, porque mayor es el que est\u00e1 en ustedes que el que est\u00e1 en el mundo.<\/p>\n\n\n\n<h2 class=\"wp-block-heading\">1 Juan 5:4<\/h2>\n\n\n\n<p>Porque todo el que ha nacido de Dios vence al mundo. Y \u00e9sta es la victoria que ha vencido al mundo: nuestra fe.<\/p>\n\n\n\n<h2 class=\"wp-block-heading\">Lee Tambi\u00e9n:<\/h2>\n\n\n\n<ul class=\"wp-block-list\"><li><a href=\"https:\/\/thebibleverses.org\/es\/\">Vers\u00edculos por Tema<\/a><\/li><li><a href=\"https:\/\/thebibleverses.org\/es\/amor\/\">Vers\u00edculos B\u00edblicos sobre el Amor<\/a><\/li><li><a href=\"https:\/\/thebibleverses.org\/es\/fortaleza\/\">Vers\u00edculos B\u00edblicos de Fortaleza<\/a><\/li><li><a href=\"https:\/\/thebibleverses.org\/es\/fe\/\">Vers\u00edculos B\u00edblicos sobre la Fe<\/a><\/li><li><a href=\"https:\/\/thebibleverses.org\/es\/jovenes\/\">Vers\u00edculos B\u00edblicos para J\u00f3venes<\/a><\/li><li><a href=\"https:\/\/thebibleverses.org\/es\/amistad\/\">Vers\u00edculos B\u00edblicos sobre la Amistad<\/a><\/li><li><a href=\"https:\/\/thebibleverses.org\/es\/sanidad\/\">Vers\u00edculos B\u00edblicos sobre Sanidad<\/a><\/li><\/ul>\n","protected":false},"excerpt":{"rendered":"<p>G\u00e9nesis 28:15 Date cuenta de que yo estoy contigo. Yo te proteger\u00e9 por dondequiera que vayas, y volver\u00e9 a traerte a esta tierra. No te dejar\u00e9 ni un momento, hasta que haya hecho lo que te he dicho. Josu\u00e9 1:9 Escucha lo que te mando: Esfu\u00e9rzate y s\u00e9 valiente. No temas ni desmayes, que yo [&hellip;]<\/p>\n","protected":false},"author":1,"featured_media":677,"parent":0,"menu_order":0,"comment_status":"closed","ping_status":"closed","template":"","meta":{"footnotes":""},"class_list":["post-676","page","type-page","status-publish","has-post-thumbnail","hentry","entry","fw-tab-6 fw-tabr-4"],"_links":{"self":[{"href":"https:\/\/thebibleverses.org\/es\/wp-json\/wp\/v2\/pages\/676","targetHints":{"allow":["GET"]}}],"collection":[{"href":"https:\/\/thebibleverses.org\/es\/wp-json\/wp\/v2\/pages"}],"about":[{"href":"https:\/\/thebibleverses.org\/es\/wp-json\/wp\/v2\/types\/page"}],"author":[{"embeddable":true,"href":"https:\/\/thebibleverses.org\/es\/wp-json\/wp\/v2\/users\/1"}],"replies":[{"embeddable":true,"href":"https:\/\/thebibleverses.org\/es\/wp-json\/wp\/v2\/comments?post=676"}],"version-history":[{"count":0,"href":"https:\/\/thebibleverses.org\/es\/wp-json\/wp\/v2\/pages\/676\/revisions"}],"wp:featuredmedia":[{"embeddable":true,"href":"https:\/\/thebibleverses.org\/es\/wp-json\/wp\/v2\/media\/677"}],"wp:attachment":[{"href":"https:\/\/thebibleverses.org\/es\/wp-json\/wp\/v2\/media?parent=676"}],"curies":[{"name":"wp","href":"https:\/\/api.w.org\/{rel}","templated":true}]}}