{"id":669,"date":"2022-05-12T22:01:15","date_gmt":"2022-05-12T22:01:15","guid":{"rendered":"https:\/\/thebibleverses.org\/es\/?page_id=669"},"modified":"2022-09-02T17:19:01","modified_gmt":"2022-09-02T17:19:01","slug":"confianza-en-dios","status":"publish","type":"page","link":"https:\/\/thebibleverses.org\/es\/confianza-en-dios\/","title":{"rendered":"35 Vers\u00edculos B\u00edblicos de Confianza en Dios"},"content":{"rendered":"<div class=\"wp-block-image\">\n<figure class=\"aligncenter size-large\"><img loading=\"lazy\" decoding=\"async\" width=\"1024\" height=\"631\" src=\"https:\/\/thebibleverses.org\/es\/wp-content\/uploads\/2022\/05\/Versiculos-Biblicos-de-Confianza-en-Dios-1024x631.webp\" alt=\"Vers\u00edculos B\u00edblicos de Confianza en Dios\" class=\"wp-image-671\" srcset=\"https:\/\/thebibleverses.org\/es\/wp-content\/uploads\/2022\/05\/Versiculos-Biblicos-de-Confianza-en-Dios-1024x631.webp 1024w, https:\/\/thebibleverses.org\/es\/wp-content\/uploads\/2022\/05\/Versiculos-Biblicos-de-Confianza-en-Dios-300x185.webp 300w, https:\/\/thebibleverses.org\/es\/wp-content\/uploads\/2022\/05\/Versiculos-Biblicos-de-Confianza-en-Dios-768x474.webp 768w, https:\/\/thebibleverses.org\/es\/wp-content\/uploads\/2022\/05\/Versiculos-Biblicos-de-Confianza-en-Dios-320x197.webp 320w, https:\/\/thebibleverses.org\/es\/wp-content\/uploads\/2022\/05\/Versiculos-Biblicos-de-Confianza-en-Dios-450x278.webp 450w, https:\/\/thebibleverses.org\/es\/wp-content\/uploads\/2022\/05\/Versiculos-Biblicos-de-Confianza-en-Dios-720x444.webp 720w, https:\/\/thebibleverses.org\/es\/wp-content\/uploads\/2022\/05\/Versiculos-Biblicos-de-Confianza-en-Dios-scaled.webp 644w\" sizes=\"auto, (max-width: 1024px) 100vw, 1024px\" \/><figcaption>Vers\u00edculos B\u00edblicos de Confianza en Dios &#8211; Reina Valera Contempor\u00e1nea (RVC).<\/figcaption><\/figure><\/div>\n\n\n<h2 class=\"wp-block-heading\">G\u00e9nesis 28:15<\/h2>\n\n\n\n<p>Date cuenta de que yo estoy contigo. Yo te proteger\u00e9 por dondequiera que vayas, y volver\u00e9 a traerte a esta tierra. No te dejar\u00e9 ni un momento, hasta que haya hecho lo que te he dicho.<\/p>\n\n\n\n<h2 class=\"wp-block-heading\">\u00c9xodo 15:2<\/h2>\n\n\n\n<p>El Se\u00f1or es mi fortaleza y mi c\u00e1ntico; \u00a1el Se\u00f1or es mi salvaci\u00f3n! \u00c9l es mi Dios, y lo alabar\u00e9; es el Dios de mi padre, y lo enaltecer\u00e9.<\/p>\n\n\n\n<h2 class=\"wp-block-heading\">Deuteronomio 20:1<\/h2>\n\n\n\n<p>Cuando salgas a combatir a tus enemigos, no tengas temor de ellos, aun cuando veas que tienen caballos y carros de guerra, y que su ej\u00e9rcito es m\u00e1s grande que el tuyo, porque contigo est\u00e1 el Se\u00f1or tu Dios, el cual te sac\u00f3 de la tierra de Egipto.<\/p>\n\n\n\n<h2 class=\"wp-block-heading\">Deuteronomio 31:8<\/h2>\n\n\n\n<p>El Se\u00f1or va delante de ti. \u00c9l estar\u00e1 contigo, y no te dejar\u00e1 ni te desamparar\u00e1. No temas ni te intimides.<\/p>\n\n\n\n<h2 class=\"wp-block-heading\">Josu\u00e9 1:9<\/h2>\n\n\n\n<p>Escucha lo que te mando: Esfu\u00e9rzate y s\u00e9 valiente. No temas ni desmayes, que yo soy el Se\u00f1or tu Dios, y estar\u00e9 contigo por dondequiera que vayas<\/p>\n\n\n\n<h2 class=\"wp-block-heading\">2 Samuel 22:3<\/h2>\n\n\n\n<p>Dios m\u00edo, t\u00fa eres mi fuerza; \u00a1en ti conf\u00edo! Eres mi escudo, mi poderosa salvaci\u00f3n, \u00a1mi alto refugio! Salvador m\u00edo, t\u00fa me salvas de la violencia.<\/p>\n\n\n\n<h2 class=\"wp-block-heading\">Salmos 3:5<\/h2>\n\n\n\n<p>Yo me acuesto, y duermo y despierto, porque t\u00fa, Se\u00f1or, me sostienes.<\/p>\n\n\n\n<h2 class=\"wp-block-heading\">Salmos 4:8<\/h2>\n\n\n\n<p>Por eso me acuesto y duermo en paz, porque s\u00f3lo t\u00fa, Se\u00f1or, me haces vivir confiado.<\/p>\n\n\n\n<h2 class=\"wp-block-heading\">Salmos 5:11<\/h2>\n\n\n\n<p>Pero que se alegren todos los que en ti conf\u00edan; que griten siempre de j\u00fabilo, porque t\u00fa los defiendes; que vivan felices los que aman tu nombre.<\/p>\n\n\n\n<h2 class=\"wp-block-heading\">Salmos 9:10<\/h2>\n\n\n\n<p>En ti conf\u00edan los que conocen tu nombre, porque t\u00fa, Se\u00f1or, proteges a los que te buscan.<\/p>\n\n\n\n<h2 class=\"wp-block-heading\">Salmos 13:5<\/h2>\n\n\n\n<p>Yo conf\u00edo en tu misericordia; mi coraz\u00f3n se alegra en tu salvaci\u00f3n.<\/p>\n\n\n\n<h2 class=\"wp-block-heading\">Salmos 16:1<\/h2>\n\n\n\n<p>Cu\u00eddame, oh Dios, porque en ti conf\u00edo.<\/p>\n\n\n\n<h2 class=\"wp-block-heading\">Salmos 18:2<\/h2>\n\n\n\n<p>Mi Se\u00f1or y Dios, t\u00fa eres mi roca, mi defensor, \u00a1mi libertador! T\u00fa eres mi fuerza y mi escudo, mi poderosa salvaci\u00f3n, mi alto refugio. \u00a1En ti conf\u00edo!<\/p>\n\n\n\n<h2 class=\"wp-block-heading\">Salmos 20:7<\/h2>\n\n\n\n<p>Algunos conf\u00edan en sus carros de guerra; otros conf\u00edan en su caballer\u00eda, Pero nosotros confiamos en el Nombre, \u00a1confiamos en el Se\u00f1or, nuestro Dios!<\/p>\n\n\n\n<h2 class=\"wp-block-heading\">Salmos 22:5<\/h2>\n\n\n\n<p>A ti clamaron, y fueron librados; en ti confiaron, y no quedaron en verg\u00fcenza.<\/p>\n\n\n\n<h2 class=\"wp-block-heading\">Salmos 22:9<\/h2>\n\n\n\n<p>Pero eres t\u00fa quien me dio la vida, eres t\u00fa quien me infundi\u00f3 confianza desde que era un ni\u00f1o de pecho.<\/p>\n\n\n\n<h2 class=\"wp-block-heading\">Salmos 23:4<\/h2>\n\n\n\n<p>Aunque deba yo pasar por el valle m\u00e1s sombr\u00edo, no temo sufrir da\u00f1o alguno, porque t\u00fa est\u00e1s conmigo; con tu vara de pastor me infundes nuevo aliento.<\/p>\n\n\n\n<h2 class=\"wp-block-heading\">Salmos 27:1<\/h2>\n\n\n\n<p>El Se\u00f1or es mi luz y mi salvaci\u00f3n; \u00bfa qui\u00e9n podr\u00eda yo temer? El Se\u00f1or es la fortaleza de mi vida; \u00bfqui\u00e9n podr\u00eda infundirme miedo?<\/p>\n\n\n\n<h2 class=\"wp-block-heading\">Salmos 27:3<\/h2>\n\n\n\n<p>Aunque un ej\u00e9rcito acampe contra m\u00ed, mi coraz\u00f3n no se amedrentar\u00e1; aunque me ataquen y me declaren la guerra, en esto fincar\u00e9 mi confianza:<\/p>\n\n\n\n<h2 class=\"wp-block-heading\">Salmo 34:8<\/h2>\n\n\n\n<p>\u00a1Prueben ustedes mismos la bondad del Se\u00f1or! \u00a1Dichoso aqu\u00e9l que en \u00e9l conf\u00eda!<\/p>\n\n\n\n<h2 class=\"wp-block-heading\">Salmos 46:1-3<\/h2>\n\n\n\n<p>Dios es nuestro amparo y fortaleza, Nuestro pronto auxilio en todos los problemas. Por eso no tenemos ning\u00fan temor. Aunque la tierra se estremezca, y los montes se hundan en el fondo del mar; aunque sus aguas bramen y se agiten, y los montes tiemblen ante su furia.<\/p>\n\n\n\n<h2 class=\"wp-block-heading\">Salmos 46:11<\/h2>\n\n\n\n<p>\u00a1Con nosotros est\u00e1 el Se\u00f1or de los ej\u00e9rcitos! \u00a1Nuestro refugio es el Dios de Jacob!<\/p>\n\n\n\n<h2 class=\"wp-block-heading\">Salmos 56:4<\/h2>\n\n\n\n<p>Conf\u00edo en ti, mi Dios, y alabo tu palabra; conf\u00edo en ti, mi Dios, y no tengo miedo; \u00bfQu\u00e9 puede hacerme un simple mortal?<\/p>\n\n\n\n<h2 class=\"wp-block-heading\">Salmos 56:9<\/h2>\n\n\n\n<p>El d\u00eda que yo te pida ayuda mis enemigos ser\u00e1n puestos en fuga, pues yo s\u00e9 que t\u00fa, mi Dios, est\u00e1s de mi parte.<\/p>\n\n\n\n<h2 class=\"wp-block-heading\">Salmos 56:11<\/h2>\n\n\n\n<p>Conf\u00edo en ti, mi Dios, y no tengo miedo; \u00bfqu\u00e9 me puede hacer un simple mortal?<\/p>\n\n\n\n<h2 class=\"wp-block-heading\">Proverbios 3:5<\/h2>\n\n\n\n<p>Conf\u00eda en el Se\u00f1or de todo coraz\u00f3n, y no te apoyes en tu propia prudencia.<\/p>\n\n\n\n<h2 class=\"wp-block-heading\">Isa\u00edas 12:2<\/h2>\n\n\n\n<p>\u00a1Vean a Dios, mi salvador! Puedo estar confiado y sin temor alguno, porque el Se\u00f1or es mi fortaleza y mi canci\u00f3n; \u00a1\u00e9l es mi salvador!<\/p>\n\n\n\n<h2 class=\"wp-block-heading\">Isa\u00edas 26:3<\/h2>\n\n\n\n<p>T\u00fa guardas en completa paz a quien siempre piensa en ti y pone en ti su confianza.<\/p>\n\n\n\n<h2 class=\"wp-block-heading\">Isa\u00edas 26:4<\/h2>\n\n\n\n<p>Conf\u00eden siempre en el Se\u00f1or, porque \u00e9l es la Roca eterna.<\/p>\n\n\n\n<h2 class=\"wp-block-heading\">Isa\u00edas 41:10<\/h2>\n\n\n\n<p>No tengas miedo, que yo estoy contigo; no te desanimes, que yo soy tu Dios. Yo soy quien te da fuerzas, y siempre te ayudar\u00e9; siempre te sostendr\u00e9 con mi justiciera mano derecha.<\/p>\n\n\n\n<h2 class=\"wp-block-heading\">Isa\u00edas 41:13<\/h2>\n\n\n\n<p>Yo soy el Se\u00f1or, tu Dios, que te sostiene por la mano derecha y te dice: \u00abNo tengas miedo, que yo te ayudo.<\/p>\n\n\n\n<h2 class=\"wp-block-heading\">Jerem\u00edas 17:7<\/h2>\n\n\n\n<p>Pero bendito el hombre que conf\u00eda en m\u00ed, que soy el Se\u00f1or, y que en m\u00ed pone su confianza.<\/p>\n\n\n\n<h2 class=\"wp-block-heading\">Nah\u00fam 1:7<\/h2>\n\n\n\n<p>El Se\u00f1or es bueno; es un refugio en el d\u00eda de la angustia. El Se\u00f1or conoce a los que en \u00e9l conf\u00edan,<\/p>\n\n\n\n<h2 class=\"wp-block-heading\">Romanos 8:31<\/h2>\n\n\n\n<p>\u00bfQu\u00e9 m\u00e1s podemos decir? Que si Dios est\u00e1 a nuestro favor, nadie podr\u00e1 estar en contra de nosotros.<\/p>\n\n\n\n<h2 class=\"wp-block-heading\">Filipenses 4:13<\/h2>\n\n\n\n<p>\u00a1Todo lo puedo en Cristo que me fortalece!<\/p>\n\n\n\n<h2 class=\"wp-block-heading\">Lee Tambi\u00e9n:<\/h2>\n\n\n\n<ul class=\"wp-block-list\"><li><a href=\"https:\/\/thebibleverses.org\/es\/\">Vers\u00edculos por Tema<\/a><\/li><li><a href=\"https:\/\/thebibleverses.org\/es\/proteccion\/\">Vers\u00edculos B\u00edblicos de Protecci\u00f3n<\/a><\/li><li><a href=\"https:\/\/thebibleverses.org\/es\/amor\/\">Vers\u00edculos B\u00edblicos sobre el Amor<\/a><\/li><li><a href=\"https:\/\/thebibleverses.org\/es\/fortaleza\/\">Vers\u00edculos B\u00edblicos de Fortaleza<\/a><\/li><li><a href=\"https:\/\/thebibleverses.org\/es\/fe\/\">Vers\u00edculos B\u00edblicos sobre la Fe<\/a><\/li><li><a href=\"https:\/\/thebibleverses.org\/es\/jovenes\/\">Vers\u00edculos B\u00edblicos para J\u00f3venes<\/a><\/li><li><a href=\"https:\/\/thebibleverses.org\/es\/amistad\/\">Vers\u00edculos B\u00edblicos sobre la Amistad<\/a><\/li><li><a href=\"https:\/\/thebibleverses.org\/es\/sanidad\/\">Vers\u00edculos B\u00edblicos sobre Sanidad<\/a><\/li><\/ul>\n","protected":false},"excerpt":{"rendered":"<p>G\u00e9nesis 28:15 Date cuenta de que yo estoy contigo. Yo te proteger\u00e9 por dondequiera que vayas, y volver\u00e9 a traerte a esta tierra. No te dejar\u00e9 ni un momento, hasta que haya hecho lo que te he dicho. \u00c9xodo 15:2 El Se\u00f1or es mi fortaleza y mi c\u00e1ntico; \u00a1el Se\u00f1or es mi salvaci\u00f3n! \u00c9l es [&hellip;]<\/p>\n","protected":false},"author":1,"featured_media":671,"parent":0,"menu_order":0,"comment_status":"closed","ping_status":"closed","template":"","meta":{"footnotes":""},"class_list":["post-669","page","type-page","status-publish","has-post-thumbnail","hentry","entry","fw-tab-6 fw-tabr-4"],"_links":{"self":[{"href":"https:\/\/thebibleverses.org\/es\/wp-json\/wp\/v2\/pages\/669","targetHints":{"allow":["GET"]}}],"collection":[{"href":"https:\/\/thebibleverses.org\/es\/wp-json\/wp\/v2\/pages"}],"about":[{"href":"https:\/\/thebibleverses.org\/es\/wp-json\/wp\/v2\/types\/page"}],"author":[{"embeddable":true,"href":"https:\/\/thebibleverses.org\/es\/wp-json\/wp\/v2\/users\/1"}],"replies":[{"embeddable":true,"href":"https:\/\/thebibleverses.org\/es\/wp-json\/wp\/v2\/comments?post=669"}],"version-history":[{"count":0,"href":"https:\/\/thebibleverses.org\/es\/wp-json\/wp\/v2\/pages\/669\/revisions"}],"wp:featuredmedia":[{"embeddable":true,"href":"https:\/\/thebibleverses.org\/es\/wp-json\/wp\/v2\/media\/671"}],"wp:attachment":[{"href":"https:\/\/thebibleverses.org\/es\/wp-json\/wp\/v2\/media?parent=669"}],"curies":[{"name":"wp","href":"https:\/\/api.w.org\/{rel}","templated":true}]}}