{"id":596,"date":"2021-09-03T01:23:21","date_gmt":"2021-09-03T01:23:21","guid":{"rendered":"https:\/\/thebibleverses.org\/es\/?page_id=596"},"modified":"2022-05-15T22:25:49","modified_gmt":"2022-05-15T22:25:49","slug":"palabra-de-dios","status":"publish","type":"page","link":"https:\/\/thebibleverses.org\/es\/palabra-de-dios\/","title":{"rendered":"30 Vers\u00edculos de la Biblia sobre la Palabra de Dios"},"content":{"rendered":"\n<div class=\"wp-block-image\"><figure class=\"aligncenter size-large\"><img loading=\"lazy\" decoding=\"async\" width=\"1024\" height=\"631\" src=\"https:\/\/thebibleverses.org\/es\/wp-content\/uploads\/2022\/05\/Versiculos-Biblicos-sobre-la-Palabra-de-Dios-1024x631.webp\" alt=\"Vers\u00edculos de la Biblia sobre la Palabra de Dios\" class=\"wp-image-800\" srcset=\"https:\/\/thebibleverses.org\/es\/wp-content\/uploads\/2022\/05\/Versiculos-Biblicos-sobre-la-Palabra-de-Dios-1024x631.webp 1024w, https:\/\/thebibleverses.org\/es\/wp-content\/uploads\/2022\/05\/Versiculos-Biblicos-sobre-la-Palabra-de-Dios-300x185.webp 300w, https:\/\/thebibleverses.org\/es\/wp-content\/uploads\/2022\/05\/Versiculos-Biblicos-sobre-la-Palabra-de-Dios-768x474.webp 768w, https:\/\/thebibleverses.org\/es\/wp-content\/uploads\/2022\/05\/Versiculos-Biblicos-sobre-la-Palabra-de-Dios-320x197.webp 320w, https:\/\/thebibleverses.org\/es\/wp-content\/uploads\/2022\/05\/Versiculos-Biblicos-sobre-la-Palabra-de-Dios-450x278.webp 450w, https:\/\/thebibleverses.org\/es\/wp-content\/uploads\/2022\/05\/Versiculos-Biblicos-sobre-la-Palabra-de-Dios-720x444.webp 720w, https:\/\/thebibleverses.org\/es\/wp-content\/uploads\/2022\/05\/Versiculos-Biblicos-sobre-la-Palabra-de-Dios-scaled.webp 644w\" sizes=\"auto, (max-width: 1024px) 100vw, 1024px\" \/><figcaption>Vers\u00edculos de la Biblia sobre la Palabra de Dios &#8211; Reina Valera Contempor\u00e1nea (RVC).<\/figcaption><\/figure><\/div>\n\n\n\n<h2 class=\"wp-block-heading\">Josu\u00e9 1:8<\/h2>\n\n\n\n<p>Nunca se aparte de tu boca este libro de la Ley; m\u00e1s bien, medita en \u00e9l de d\u00eda y de noche, para que guardes y cumplas todo lo que est\u00e1 escrito en \u00e9l. As\u00ed tendr\u00e1s \u00e9xito y todo te saldr\u00e1 bien Jos 1:8).<\/p>\n\n\n\n<h2 class=\"wp-block-heading\">Deuteronomio 4:2<\/h2>\n\n\n\n<p>No a\u00f1adan ni quiten una sola palabra de lo que yo les mando, sino cumplan los mandamientos del Se\u00f1or su Dios, que yo les ordeno observar (Dt 4:2).<\/p>\n\n\n\n<h2 class=\"wp-block-heading\">Deuteronomio 11:18<\/h2>\n\n\n\n<p>Lleven estas palabras m\u00edas en su coraz\u00f3n y en su alma. \u00c1tenlas como se\u00f1al en su mano, y ll\u00e9venlas como frontales en medio de sus ojos (Dt 11:18).<\/p>\n\n\n\n<h2 class=\"wp-block-heading\">Deuteronomio 29:9<\/h2>\n\n\n\n<p>As\u00ed que ustedes deben cumplir con las palabras de este pacto, y ponerlas por obra, para que prosperen en todo lo que hagan (Dt 29:9).<\/p>\n\n\n\n<h2 class=\"wp-block-heading\">2 Samuel 22:31<\/h2>\n\n\n\n<p>El camino de Dios es perfecto; la palabra del Se\u00f1or, acrisolada; Dios es el escudo de los que en \u00e9l conf\u00edan (2 Sa 22:31).<\/p>\n\n\n\n<h2 class=\"wp-block-heading\">Salmos 1:1-2<\/h2>\n\n\n\n<p>Bienaventurado el hombre que no anda en compa\u00f1\u00eda de malvados, ni se detiene a hablar con pecadores, ni se sienta a conversar con blasfemos. Que, por el contrario, se deleita en la ley del Se\u00f1or, y d\u00eda y noche medita en ella (Sal 1:1-2).<\/p>\n\n\n\n<h2 class=\"wp-block-heading\">Salmos 12:6<\/h2>\n\n\n\n<p>Las palabras del Se\u00f1or son puras. Son perfectamente puras, como la plata refinada en el crisol! (Sal 12:6).<\/p>\n\n\n\n<h2 class=\"wp-block-heading\">Salmos 18:30<\/h2>\n\n\n\n<p>El camino de Dios es perfecto; la palabra del Se\u00f1or, acrisolada; Dios es el escudo de los que en \u00e9l conf\u00edan (Sal 18:30).<\/p>\n\n\n\n<h2 class=\"wp-block-heading\">Salmos 19:8<\/h2>\n\n\n\n<p>Los preceptos del Se\u00f1or son rectos: alegran el coraz\u00f3n. El mandamiento del Se\u00f1or es puro: da luz a los ojos (Sal 19:8).<\/p>\n\n\n\n<h2 class=\"wp-block-heading\">Salmos 78:1<\/h2>\n\n\n\n<p>Pueblo m\u00edo, escucha mis ense\u00f1anzas; inclina tu o\u00eddo a las palabras de mi boca (Sal 78:1).<\/p>\n\n\n\n<h2 class=\"wp-block-heading\">Salmos 119:9<\/h2>\n\n\n\n<p>\u00bfC\u00f3mo puede el joven limpiar su camino? \u00a1Obedeciendo tu palabra! (Sal 119:9).<\/p>\n\n\n\n<h2 class=\"wp-block-heading\">Salmos 119:11<\/h2>\n\n\n\n<p>En mi coraz\u00f3n he atesorado tus palabras, para no pecar contra ti (Sal 119:11).<\/p>\n\n\n\n<h2 class=\"wp-block-heading\">Salmos 119:97<\/h2>\n\n\n\n<p>\u00a1Cu\u00e1nto amo yo tus ense\u00f1anzas! \u00a1Todo el d\u00eda medito en ellas! (Sal 119:97).<\/p>\n\n\n\n<h2 class=\"wp-block-heading\">Salmos 119:103<\/h2>\n\n\n\n<p>\u00a1Cu\u00e1n dulces son tus palabras en mi boca! \u00a1Son m\u00e1s dulces que la miel en mis labios! (Sal 119:103).<\/p>\n\n\n\n<h2 class=\"wp-block-heading\">Salmos 119:105<\/h2>\n\n\n\n<p>Tu palabra es una l\u00e1mpara a mis pies; \u00a1es la luz que ilumina mi camino! (Sal 119:105).<\/p>\n\n\n\n<h2 class=\"wp-block-heading\">Proverbios 4:5<\/h2>\n\n\n\n<p>Adquiere sabidur\u00eda e inteligencia, y nunca te olvides ni te apartes de las palabras de mi boca (Pr 4:5).<\/p>\n\n\n\n<h2 class=\"wp-block-heading\">Isa\u00edas 40:8<\/h2>\n\n\n\n<p>S\u00ed, la hierba se seca, y la flor se marchita, pero la palabra de nuestro Dios permanece para siempre (Is 40:8).<\/p>\n\n\n\n<h2 class=\"wp-block-heading\">Jerem\u00edas 15:16<\/h2>\n\n\n\n<p>Se\u00f1or, Dios de los ej\u00e9rcitos, cuando hall\u00e9 tus palabras, literalmente las devor\u00e9; tus palabras son el gozo y la alegr\u00eda de mi coraz\u00f3n, porque tu nombre ha sido invocado sobre m\u00ed (Jr 15:16).<\/p>\n\n\n\n<h2 class=\"wp-block-heading\">Mateo 4:4<\/h2>\n\n\n\n<p>Jes\u00fas respondi\u00f3: \u00abEscrito est\u00e1: No s\u00f3lo de pan vive el hombre, sino de toda palabra que sale de la boca de Dios\u00bb (Mt 4:4).<\/p>\n\n\n\n<h2 class=\"wp-block-heading\">Lucas 11:28<\/h2>\n\n\n\n<p>Jes\u00fas respondi\u00f3: \u00abM\u00e1s bien, dichosos los que escuchan la palabra de Dios, y la obedecen\u00bb (Lc 11:28).<\/p>\n\n\n\n<h2 class=\"wp-block-heading\">Lucas 21:33<\/h2>\n\n\n\n<p>El cielo y la tierra pasar\u00e1n, pero mis palabras no pasar\u00e1n (Lc 21:33).<\/p>\n\n\n\n<h2 class=\"wp-block-heading\">Juan 1:1<\/h2>\n\n\n\n<p>En el principio ya exist\u00eda la Palabra. La Palabra estaba con Dios, y Dios mismo era la Palabra (Jn 1:1).<\/p>\n\n\n\n<h2 class=\"wp-block-heading\">Juan 5:24<\/h2>\n\n\n\n<p>De cierto, de cierto les digo: El que oye mi palabra, y cree al que me envi\u00f3, tiene vida eterna; y no ser\u00e1 condenado, sino que ha pasado de muerte a vida (Jn 5:24).<\/p>\n\n\n\n<h2 class=\"wp-block-heading\">Juan 15:3<\/h2>\n\n\n\n<p>Ustedes ya est\u00e1n limpios, por la palabra que les he hablado (Jn 15:3).<\/p>\n\n\n\n<h2 class=\"wp-block-heading\">Juan 17:17<\/h2>\n\n\n\n<p>Santif\u00edcalos en tu verdad; tu palabra es verdad (Jn 17:17).<\/p>\n\n\n\n<h2 class=\"wp-block-heading\">Efesios 6:17<\/h2>\n\n\n\n<p>C\u00fabranse con el casco de la salvaci\u00f3n, y esgriman la espada del Esp\u00edritu, que es la palabra de Dios (Ef 6:17).<\/p>\n\n\n\n<h2 class=\"wp-block-heading\">Colosenses 3:16<\/h2>\n\n\n\n<p>La palabra de Cristo habite ricamente en ustedes. Instr\u00fayanse y exh\u00f3rtense unos a otros con toda sabidur\u00eda; canten al Se\u00f1or salmos, himnos y c\u00e1nticos espirituales, con gratitud de coraz\u00f3n (Col 3:16).<\/p>\n\n\n\n<h2 class=\"wp-block-heading\">2 Timoteo 3:16<\/h2>\n\n\n\n<p>Toda la Escritura es inspirada por Dios, y \u00fatil para ense\u00f1ar, para redarg\u00fcir, para corregir, para instruir en justicia (2 Ti 3:16).<\/p>\n\n\n\n<h2 class=\"wp-block-heading\">Hebreos 4:12<\/h2>\n\n\n\n<p>La palabra de Dios es viva y eficaz, y m\u00e1s cortante que las espadas de dos filos, pues penetra hasta partir el alma y el esp\u00edritu, las coyunturas y los tu\u00e9tanos, y discierne los pensamientos y las intenciones del coraz\u00f3n (Heb 4:12).<\/p>\n\n\n\n<h2 class=\"wp-block-heading\">Santiago 1:22<\/h2>\n\n\n\n<p>Pero pongan en pr\u00e1ctica la palabra, y no se limiten s\u00f3lo a o\u00edrla, pues se estar\u00e1n enga\u00f1ando ustedes mismos (Stg 1:22).<\/p>\n\n\n\n<h2 class=\"wp-block-heading\">Lee Tambi\u00e9n:<\/h2>\n\n\n\n<ul class=\"wp-block-list\"><li><a href=\"https:\/\/thebibleverses.org\/es\/\">Vers\u00edculos por Tema<\/a><\/li><li><a href=\"https:\/\/thebibleverses.org\/es\/amor\/\">Vers\u00edculos B\u00edblicos sobre el Amor<\/a><\/li><li><a href=\"https:\/\/thebibleverses.org\/es\/fortaleza\/\">Vers\u00edculos B\u00edblicos de Fortaleza<\/a><\/li><li><a href=\"https:\/\/thebibleverses.org\/es\/fe\/\">Vers\u00edculos B\u00edblicos sobre la Fe<\/a><\/li><li><a href=\"https:\/\/thebibleverses.org\/es\/jovenes\/\">Vers\u00edculos B\u00edblicos para J\u00f3venes<\/a><\/li><li><a href=\"https:\/\/thebibleverses.org\/es\/amistad\/\">Vers\u00edculos B\u00edblicos sobre la Amistad<\/a><\/li><li><a href=\"https:\/\/thebibleverses.org\/es\/sanidad\/\">Vers\u00edculos B\u00edblicos sobre Sanidad<\/a><\/li><\/ul>\n","protected":false},"excerpt":{"rendered":"<p>Josu\u00e9 1:8 Nunca se aparte de tu boca este libro de la Ley; m\u00e1s bien, medita en \u00e9l de d\u00eda y de noche, para que guardes y cumplas todo lo que est\u00e1 escrito en \u00e9l. As\u00ed tendr\u00e1s \u00e9xito y todo te saldr\u00e1 bien Jos 1:8). Deuteronomio 4:2 No a\u00f1adan ni quiten una sola palabra de [&hellip;]<\/p>\n","protected":false},"author":1,"featured_media":800,"parent":0,"menu_order":0,"comment_status":"closed","ping_status":"closed","template":"","meta":{"footnotes":""},"class_list":["post-596","page","type-page","status-publish","has-post-thumbnail","hentry","entry","fw-tab-6 fw-tabr-4"],"_links":{"self":[{"href":"https:\/\/thebibleverses.org\/es\/wp-json\/wp\/v2\/pages\/596","targetHints":{"allow":["GET"]}}],"collection":[{"href":"https:\/\/thebibleverses.org\/es\/wp-json\/wp\/v2\/pages"}],"about":[{"href":"https:\/\/thebibleverses.org\/es\/wp-json\/wp\/v2\/types\/page"}],"author":[{"embeddable":true,"href":"https:\/\/thebibleverses.org\/es\/wp-json\/wp\/v2\/users\/1"}],"replies":[{"embeddable":true,"href":"https:\/\/thebibleverses.org\/es\/wp-json\/wp\/v2\/comments?post=596"}],"version-history":[{"count":0,"href":"https:\/\/thebibleverses.org\/es\/wp-json\/wp\/v2\/pages\/596\/revisions"}],"wp:featuredmedia":[{"embeddable":true,"href":"https:\/\/thebibleverses.org\/es\/wp-json\/wp\/v2\/media\/800"}],"wp:attachment":[{"href":"https:\/\/thebibleverses.org\/es\/wp-json\/wp\/v2\/media?parent=596"}],"curies":[{"name":"wp","href":"https:\/\/api.w.org\/{rel}","templated":true}]}}