{"id":592,"date":"2021-09-03T01:13:39","date_gmt":"2021-09-03T01:13:39","guid":{"rendered":"https:\/\/thebibleverses.org\/es\/?page_id=592"},"modified":"2022-11-16T01:05:57","modified_gmt":"2022-11-16T01:05:57","slug":"proteccion","status":"publish","type":"page","link":"https:\/\/thebibleverses.org\/es\/proteccion\/","title":{"rendered":"30 Vers\u00edculos de la Biblia de Protecci\u00f3n de Dios"},"content":{"rendered":"<div class=\"wp-block-image\">\n<figure class=\"aligncenter size-large\"><img loading=\"lazy\" decoding=\"async\" width=\"1024\" height=\"631\" src=\"https:\/\/thebibleverses.org\/es\/wp-content\/uploads\/2022\/05\/Versiculos-Biblicos-sobre-la-Proteccion-de-Dios-1024x631.webp\" alt=\"Vers\u00edculos de la Biblia de Protecci\u00f3n de Dios\" class=\"wp-image-821\" srcset=\"https:\/\/thebibleverses.org\/es\/wp-content\/uploads\/2022\/05\/Versiculos-Biblicos-sobre-la-Proteccion-de-Dios-1024x631.webp 1024w, https:\/\/thebibleverses.org\/es\/wp-content\/uploads\/2022\/05\/Versiculos-Biblicos-sobre-la-Proteccion-de-Dios-300x185.webp 300w, https:\/\/thebibleverses.org\/es\/wp-content\/uploads\/2022\/05\/Versiculos-Biblicos-sobre-la-Proteccion-de-Dios-768x474.webp 768w, https:\/\/thebibleverses.org\/es\/wp-content\/uploads\/2022\/05\/Versiculos-Biblicos-sobre-la-Proteccion-de-Dios-320x197.webp 320w, https:\/\/thebibleverses.org\/es\/wp-content\/uploads\/2022\/05\/Versiculos-Biblicos-sobre-la-Proteccion-de-Dios-450x278.webp 450w, https:\/\/thebibleverses.org\/es\/wp-content\/uploads\/2022\/05\/Versiculos-Biblicos-sobre-la-Proteccion-de-Dios-720x444.webp 720w, https:\/\/thebibleverses.org\/es\/wp-content\/uploads\/2022\/05\/Versiculos-Biblicos-sobre-la-Proteccion-de-Dios-scaled.webp 644w\" sizes=\"auto, (max-width: 1024px) 100vw, 1024px\" \/><figcaption class=\"wp-element-caption\">Vers\u00edculos de la Biblia de Protecci\u00f3n de Dios &#8211; Reina Valera Contempor\u00e1nea (RVC).<\/figcaption><\/figure><\/div>\n\n\n<h2 class=\"wp-block-heading\">G\u00e9nesis 28:15<\/h2>\n\n\n\n<p>Date cuenta de que yo estoy contigo. Yo te proteger\u00e9 por dondequiera que vayas, y volver\u00e9 a traerte a esta tierra. No te dejar\u00e9 ni un momento, hasta que haya hecho lo que te he dicho\u00bb (G\u00e9 28:15).<\/p>\n\n\n\n<h2 class=\"wp-block-heading\">\u00c9xodo 14:14<\/h2>\n\n\n\n<p>Qu\u00e9dense tranquilos, que el Se\u00f1or pelear\u00e1 por ustedes (\u00c9x 14:14).<\/p>\n\n\n\n<h2 class=\"wp-block-heading\">Deuteronomio 1:30<\/h2>\n\n\n\n<p>El Se\u00f1or su Dios va delante de ustedes, y \u00e9l pelear\u00e1 por ustedes, como antes vieron que lo hizo por ustedes en Egipto (Dt 1:30).<\/p>\n\n\n\n<h2 class=\"wp-block-heading\">Deuteronomio 3:22<\/h2>\n\n\n\n<p>No les tengan miedo, porque el Se\u00f1or su Dios es quien pelea por ustedes (Dt 3:22).<\/p>\n\n\n\n<h2 class=\"wp-block-heading\">Deuteronomio 33:29<\/h2>\n\n\n\n<p>\u00a1Bienaventurado t\u00fa, Israel! \u00bfQui\u00e9n como t\u00fa, pueblo que el Se\u00f1or ha rescatado? El Se\u00f1or es tu escudo y tu socorro; \u00a1es la espada de tu triunfo! Tus enemigos ser\u00e1n humillados; \u00a1t\u00fa aplastar\u00e1s sus lugares altos! (Dt 33:29).<\/p>\n\n\n\n<h2 class=\"wp-block-heading\">Salmos 3:3<\/h2>\n\n\n\n<p>Pero t\u00fa, Se\u00f1or, me rodeas como un escudo; eres mi orgullo, el que sostiene mi vida (Sal 3:3).<\/p>\n\n\n\n<h2 class=\"wp-block-heading\">Salmos 7:10<\/h2>\n\n\n\n<p>Dios es mi escudo; \u00e9l salva a los rectos de coraz\u00f3n (Sal 7:10).<\/p>\n\n\n\n<h2 class=\"wp-block-heading\">Salmos 16:1<\/h2>\n\n\n\n<p>Cu\u00eddame, oh Dios, porque en ti conf\u00edo (Sal 16:1).<\/p>\n\n\n\n<h2 class=\"wp-block-heading\">Salmos 17:8<\/h2>\n\n\n\n<p>\u00a1Cu\u00eddame como a la ni\u00f1a de tus ojos! \u00a1Esc\u00f3ndeme bajo la sombra de tus alas! (Sal 17:8).<\/p>\n\n\n\n<h2 class=\"wp-block-heading\">Salmos 18:2<\/h2>\n\n\n\n<p>Mi Se\u00f1or y Dios, t\u00fa eres mi roca, mi defensor, \u00a1mi libertador! T\u00fa eres mi fuerza y mi escudo, mi poderosa salvaci\u00f3n, mi alto refugio. \u00a1En ti conf\u00edo! (Sal 18:2).<\/p>\n\n\n\n<h2 class=\"wp-block-heading\">Salmos 27:1<\/h2>\n\n\n\n<p>El Se\u00f1or es mi luz y mi salvaci\u00f3n; \u00bfa qui\u00e9n podr\u00eda yo temer? El Se\u00f1or es la fortaleza de mi vida; \u00bfqui\u00e9n podr\u00eda infundirme miedo? (Sal 27:1).<\/p>\n\n\n\n<h2 class=\"wp-block-heading\">Salmos 31:3<\/h2>\n\n\n\n<p>Ciertamente, t\u00fa eres mi roca y mi castillo; gu\u00edame; encam\u00edname por causa de tu nombre (Sal 31:3).<\/p>\n\n\n\n<h2 class=\"wp-block-heading\">Salmos 32:7<\/h2>\n\n\n\n<p>\u00a1T\u00fa eres mi refugio! \u00a1T\u00fa me libras de la angustia! \u00a1T\u00fa me rodeas con c\u00e1nticos de libertad! (Sal 32:7).<\/p>\n\n\n\n<h2 class=\"wp-block-heading\">Salmos 46:1<\/h2>\n\n\n\n<p>Dios es nuestro amparo y fortaleza, Nuestro pronto auxilio en todos los problemas (Sal 46:1).<\/p>\n\n\n\n<h2 class=\"wp-block-heading\">Salmos 46:11<\/h2>\n\n\n\n<p>\u00a1Con nosotros est\u00e1 el Se\u00f1or de los ej\u00e9rcitos! \u00a1Nuestro refugio es el Dios de Jacob! (Sal 46:11).<\/p>\n\n\n\n<h2 class=\"wp-block-heading\">Salmos 61:3<\/h2>\n\n\n\n<p>Porque t\u00fa eres mi refugio, \u00a1eres fuerte torre que me protege del enemigo! (Sal 61:3).<\/p>\n\n\n\n<h2 class=\"wp-block-heading\">Salmos 62:6<\/h2>\n\n\n\n<p>S\u00f3lo Dios es mi salvaci\u00f3n y mi roca; porque \u00e9l es mi refugio, no resbalar\u00e9 (Sal 62:6).<\/p>\n\n\n\n<h2 class=\"wp-block-heading\">Salmos 71:3<\/h2>\n\n\n\n<p>\u00a1S\u00e9 para m\u00ed una roca de refugio, en donde siempre pueda resguardarme! S\u00f3lo t\u00fa puedes decretar mi salvaci\u00f3n, porque t\u00fa eres mi roca y mi fortaleza (Sal 71:3).<\/p>\n\n\n\n<h2 class=\"wp-block-heading\">Salmos 91:4<\/h2>\n\n\n\n<p>El Se\u00f1or te cubrir\u00e1 con sus plumas, y vivir\u00e1s seguro debajo de sus alas.\u00a1Su verdad es un escudo protector! (Sal 91:4).<\/p>\n\n\n\n<h2 class=\"wp-block-heading\">Salmos 91:7<\/h2>\n\n\n\n<p>A tu izquierda caer\u00e1n mil, y a tu derecha caer\u00e1n diez mil, pero a ti no te alcanzar\u00e1 la mortandad (Sal 91:7).<\/p>\n\n\n\n<h2 class=\"wp-block-heading\">Salmos 94:22<\/h2>\n\n\n\n<p>Pero t\u00fa, Se\u00f1or, eres mi refugio; eres mi Dios y la roca en que conf\u00edo (Sal 94:22).<\/p>\n\n\n\n<h2 class=\"wp-block-heading\">Salmos 119:114<\/h2>\n\n\n\n<p>T\u00fa eres mi escondite; eres mi escudo; en tu palabra he puesto mi esperanza (Sal 119:114).<\/p>\n\n\n\n<h2 class=\"wp-block-heading\">Salmos 121:3<\/h2>\n\n\n\n<p>El Se\u00f1or no dejar\u00e1 que resbales; el que te cuida jam\u00e1s duerme (Sal 121:3).<\/p>\n\n\n\n<h2 class=\"wp-block-heading\">Salmos 121:5<\/h2>\n\n\n\n<p>El Se\u00f1or es tu protector;el Se\u00f1or es como tu sombra: \u00a1siempre est\u00e1 a tu mano derecha! (Sal 121:5).<\/p>\n\n\n\n<h2 class=\"wp-block-heading\">Salmos 121:7<\/h2>\n\n\n\n<p>El Se\u00f1or te librar\u00e1 de todo mal; el Se\u00f1or proteger\u00e1 tu vida (Sal 121:7).<\/p>\n\n\n\n<h2 class=\"wp-block-heading\">Proverbios 18:10<\/h2>\n\n\n\n<p>El nombre del Se\u00f1or es una fortaleza a la que el justo acude en busca de ayuda (Pr 18:10).<\/p>\n\n\n\n<h2 class=\"wp-block-heading\">Proverbios 30:5<\/h2>\n\n\n\n<p>Las palabras de Dios son todas puras; Dios es el escudo de quienes en \u00e9l conf\u00edan (Pr 30:5).<\/p>\n\n\n\n<h2 class=\"wp-block-heading\">Romanos 8:38-39<\/h2>\n\n\n\n<p>Por lo cual estoy seguro de que ni la muerte, ni la vida, ni los \u00e1ngeles, ni los principados, ni las potestades, ni lo presente, ni lo por venir, ni lo alto, ni lo profundo, ni ninguna otra cosa creada nos podr\u00e1 separar del amor que Dios nos ha mostrado en Cristo Jes\u00fas nuestro Se\u00f1or (Ro 8:38-39).<\/p>\n\n\n\n<h2 class=\"wp-block-heading\">2 Tesalonicenses 3:3<\/h2>\n\n\n\n<p>Pero el Se\u00f1or es fiel, y \u00e9l los fortalecer\u00e1 y guardar\u00e1 del mal (2 Tes 3:3).<\/p>\n\n\n\n<h2 class=\"wp-block-heading\">2 Timoteo 4:18<\/h2>\n\n\n\n<p>Y el Se\u00f1or me librar\u00e1 de toda obra mala, y me preservar\u00e1 para su reino celestial. A \u00e9l sea la gloria por los siglos de los siglos. Am\u00e9n (2 Tim 4:18).<\/p>\n\n\n\n<h2 class=\"wp-block-heading\">Lee Tambi\u00e9n:<\/h2>\n\n\n\n<ul class=\"wp-block-list\">\n<li><a href=\"https:\/\/thebibleverses.org\/es\/\">Vers\u00edculos por Tema<\/a><\/li>\n\n\n\n<li><a href=\"https:\/\/thebibleverses.org\/es\/confianza-en-dios\/\">Vers\u00edculos B\u00edblicos de Confianza en Dios<\/a><\/li>\n\n\n\n<li><a href=\"https:\/\/thebibleverses.org\/es\/amor\/\">Vers\u00edculos B\u00edblicos sobre el Amor<\/a><\/li>\n\n\n\n<li><a href=\"https:\/\/thebibleverses.org\/es\/fortaleza\/\">Vers\u00edculos B\u00edblicos de Fortaleza<\/a><\/li>\n\n\n\n<li><a href=\"https:\/\/thebibleverses.org\/es\/fe\/\">Vers\u00edculos B\u00edblicos sobre la Fe<\/a><\/li>\n\n\n\n<li><a href=\"https:\/\/thebibleverses.org\/es\/jovenes\/\">Vers\u00edculos B\u00edblicos para J\u00f3venes<\/a><\/li>\n\n\n\n<li><a href=\"https:\/\/thebibleverses.org\/es\/amistad\/\">Vers\u00edculos B\u00edblicos sobre la Amistad<\/a><\/li>\n\n\n\n<li><a href=\"https:\/\/thebibleverses.org\/es\/sanidad\/\">Vers\u00edculos B\u00edblicos sobre Sanidad<\/a><\/li>\n<\/ul>\n","protected":false},"excerpt":{"rendered":"<p>G\u00e9nesis 28:15 Date cuenta de que yo estoy contigo. Yo te proteger\u00e9 por dondequiera que vayas, y volver\u00e9 a traerte a esta tierra. No te dejar\u00e9 ni un momento, hasta que haya hecho lo que te he dicho\u00bb (G\u00e9 28:15). \u00c9xodo 14:14 Qu\u00e9dense tranquilos, que el Se\u00f1or pelear\u00e1 por ustedes (\u00c9x 14:14). Deuteronomio 1:30 El [&hellip;]<\/p>\n","protected":false},"author":1,"featured_media":821,"parent":0,"menu_order":0,"comment_status":"closed","ping_status":"closed","template":"","meta":{"footnotes":""},"class_list":["post-592","page","type-page","status-publish","has-post-thumbnail","hentry","entry","fw-tab-6 fw-tabr-4"],"_links":{"self":[{"href":"https:\/\/thebibleverses.org\/es\/wp-json\/wp\/v2\/pages\/592","targetHints":{"allow":["GET"]}}],"collection":[{"href":"https:\/\/thebibleverses.org\/es\/wp-json\/wp\/v2\/pages"}],"about":[{"href":"https:\/\/thebibleverses.org\/es\/wp-json\/wp\/v2\/types\/page"}],"author":[{"embeddable":true,"href":"https:\/\/thebibleverses.org\/es\/wp-json\/wp\/v2\/users\/1"}],"replies":[{"embeddable":true,"href":"https:\/\/thebibleverses.org\/es\/wp-json\/wp\/v2\/comments?post=592"}],"version-history":[{"count":0,"href":"https:\/\/thebibleverses.org\/es\/wp-json\/wp\/v2\/pages\/592\/revisions"}],"wp:featuredmedia":[{"embeddable":true,"href":"https:\/\/thebibleverses.org\/es\/wp-json\/wp\/v2\/media\/821"}],"wp:attachment":[{"href":"https:\/\/thebibleverses.org\/es\/wp-json\/wp\/v2\/media?parent=592"}],"curies":[{"name":"wp","href":"https:\/\/api.w.org\/{rel}","templated":true}]}}