{"id":589,"date":"2021-09-03T01:04:48","date_gmt":"2021-09-03T01:04:48","guid":{"rendered":"https:\/\/thebibleverses.org\/es\/?page_id=589"},"modified":"2022-05-17T01:27:58","modified_gmt":"2022-05-17T01:27:58","slug":"perseverancia","status":"publish","type":"page","link":"https:\/\/thebibleverses.org\/es\/perseverancia\/","title":{"rendered":"23 Vers\u00edculos de la Biblia sobre Perseverancia"},"content":{"rendered":"\n<div class=\"wp-block-image\"><figure class=\"aligncenter size-large\"><img loading=\"lazy\" decoding=\"async\" width=\"1024\" height=\"631\" src=\"https:\/\/thebibleverses.org\/es\/wp-content\/uploads\/2022\/05\/Versiculos-Biblicos-sobre-la-Perseverancia-1024x631.webp\" alt=\"Vers\u00edculos de la Biblia de Perseverancia y Esfuerzo\" class=\"wp-image-809\" srcset=\"https:\/\/thebibleverses.org\/es\/wp-content\/uploads\/2022\/05\/Versiculos-Biblicos-sobre-la-Perseverancia-1024x631.webp 1024w, https:\/\/thebibleverses.org\/es\/wp-content\/uploads\/2022\/05\/Versiculos-Biblicos-sobre-la-Perseverancia-300x185.webp 300w, https:\/\/thebibleverses.org\/es\/wp-content\/uploads\/2022\/05\/Versiculos-Biblicos-sobre-la-Perseverancia-768x474.webp 768w, https:\/\/thebibleverses.org\/es\/wp-content\/uploads\/2022\/05\/Versiculos-Biblicos-sobre-la-Perseverancia-320x197.webp 320w, https:\/\/thebibleverses.org\/es\/wp-content\/uploads\/2022\/05\/Versiculos-Biblicos-sobre-la-Perseverancia-450x278.webp 450w, https:\/\/thebibleverses.org\/es\/wp-content\/uploads\/2022\/05\/Versiculos-Biblicos-sobre-la-Perseverancia-720x444.webp 720w, https:\/\/thebibleverses.org\/es\/wp-content\/uploads\/2022\/05\/Versiculos-Biblicos-sobre-la-Perseverancia-scaled.webp 644w\" sizes=\"auto, (max-width: 1024px) 100vw, 1024px\" \/><figcaption>Vers\u00edculos de la Biblia de Perseverancia y Esfuerzo &#8211; Reina Valera Contempor\u00e1nea (RVC).<\/figcaption><\/figure><\/div>\n\n\n\n<h2 class=\"wp-block-heading\">Deuteronomio 5:32<\/h2>\n\n\n\n<p>Aseg\u00farense, pues, de hacer lo que el Se\u00f1or su Dios les ha ordenado. No se aparten ni a la derecha ni a la izquierda (Dt 5:32).<\/p>\n\n\n\n<h2 class=\"wp-block-heading\">Josu\u00e9 1:7<\/h2>\n\n\n\n<p>Pero tienes qu\u00e9 esforzarte y ser muy valiente. Pon mucho cuidado y act\u00faa de acuerdo con las leyes que te dio mi siervo Mois\u00e9s. Nunca te apartes de ellas, ni a la derecha ni a la izquierda, y as\u00ed tendr\u00e1s \u00e9xito en todo lo que emprendas (Jos 1:7).<\/p>\n\n\n\n<h2 class=\"wp-block-heading\">Proverbios 4:27<\/h2>\n\n\n\n<p>Ap\u00e1rtate del mal. No te desv\u00edes ni a la derecha ni a la izquierda (Pr 4:27).<\/p>\n\n\n\n<h2 class=\"wp-block-heading\">Proverbios 23:17<\/h2>\n\n\n\n<p>No abrigues en ti envidia por los pecadores, sino mant\u00e9nte siempre en el temor del Se\u00f1or (Pr 23:17).<\/p>\n\n\n\n<h2 class=\"wp-block-heading\">Isa\u00edas 26:3<\/h2>\n\n\n\n<p>T\u00fa guardas en completa paz a quien siempre piensa en ti y pone en ti su confianza (Is 26:3).<\/p>\n\n\n\n<h2 class=\"wp-block-heading\">Mateo 10:22<\/h2>\n\n\n\n<p>Por causa de mi nombre todo el mundo los odiar\u00e1, pero el que resista hasta el fin ser\u00e1 salvado (Mt 10:22).<\/p>\n\n\n\n<h2 class=\"wp-block-heading\">Mateo 26:41<\/h2>\n\n\n\n<p>Mant\u00e9nganse despiertos, y oren, para que no caigan en tentaci\u00f3n. A decir verdad, el esp\u00edritu est\u00e1 dispuesto, pero la carne es d\u00e9bil (Mt 26:41).<\/p>\n\n\n\n<h2 class=\"wp-block-heading\">Lucas 8:15<\/h2>\n\n\n\n<p>Pero la semilla que cay\u00f3 en buena tierra representa a los que con coraz\u00f3n bueno y recto retienen la palabra o\u00edda, y dan una buena cosecha porque permanecen firmes (Lc 8:15).<\/p>\n\n\n\n<h2 class=\"wp-block-heading\">Lucas 9:62<\/h2>\n\n\n\n<p>Jes\u00fas le dijo: \u00abNadie que mire hacia atr\u00e1s, despu\u00e9s de poner la mano en el arado, es apto para el reino de Dios\u00bb (Lc 9:62).<\/p>\n\n\n\n<h2 class=\"wp-block-heading\">Lucas 21:19<\/h2>\n\n\n\n<p>Tengan paciencia, que as\u00ed ganar\u00e1n sus almas (Lc 21:19).<\/p>\n\n\n\n<h2 class=\"wp-block-heading\">Juan 15:9<\/h2>\n\n\n\n<p>As\u00ed como el Padre me ha amado, as\u00ed tambi\u00e9n yo los he amado a ustedes; permanezcan en mi amor (Jn 15:9).<\/p>\n\n\n\n<h2 class=\"wp-block-heading\">Hechos 1:14<\/h2>\n\n\n\n<p>Todos ellos oraban y rogaban a Dios continuamente, en uni\u00f3n de las mujeres, de Mar\u00eda la madre de Jes\u00fas, y de sus hermanos (Hch 1:14).<\/p>\n\n\n\n<h2 class=\"wp-block-heading\">Romanos 2:6-7<\/h2>\n\n\n\n<p>En el cual pagar\u00e1 a cada uno conforme a sus obras. Dios dar\u00e1 vida eterna a los que, perseverando en hacer el bien, buscan gloria, honra e inmortalidad (Ro 2:6-7).<\/p>\n\n\n\n<h2 class=\"wp-block-heading\">G\u00e1latas 6:9<\/h2>\n\n\n\n<p>No nos cansemos, pues, de hacer el bien; porque a su tiempo cosecharemos, si no nos desanimamos (G\u00e1 6:9).<\/p>\n\n\n\n<h2 class=\"wp-block-heading\">Efesios 6:18<\/h2>\n\n\n\n<p>Oren en todo tiempo con toda oraci\u00f3n y s\u00faplica en el Esp\u00edritu, y mant\u00e9nganse atentos, siempre orando por todos los santos (Ef 6:18).<\/p>\n\n\n\n<h2 class=\"wp-block-heading\">Colosenses 4:2<\/h2>\n\n\n\n<p>Ded\u00edquense a la oraci\u00f3n, y sean constantes en sus acciones de gracias (Col 4:2).<\/p>\n\n\n\n<h2 class=\"wp-block-heading\">1 Tesalonicenses 5:17<\/h2>\n\n\n\n<p>Oren sin cesar ( Tes 5:17).<\/p>\n\n\n\n<h2 class=\"wp-block-heading\">2 Tesalonicenses 3:13<\/h2>\n\n\n\n<p>Y ustedes, hermanos, no se cansen de hacer el bien (2 Tes 3:13).<\/p>\n\n\n\n<h2 class=\"wp-block-heading\">2 Timoteo 2:12<\/h2>\n\n\n\n<p>Si sufrimos, tambi\u00e9n reinaremos con \u00e9l; Si lo negamos, tambi\u00e9n \u00e9l nos negar\u00e1 (2 Ti 2:12).<\/p>\n\n\n\n<h2 class=\"wp-block-heading\">Hebreos 12:1<\/h2>\n\n\n\n<p>Por lo tanto, tambi\u00e9n nosotros, que tenemos tan grande nube de testigos a nuestro alrededor, liber\u00e9monos de todo peso y del pecado que nos asedia, y corramos con paciencia la carrera que tenemos por delante (Heb 12:1).<\/p>\n\n\n\n<h2 class=\"wp-block-heading\">Santiago 1:12<\/h2>\n\n\n\n<p>Dichoso el que hace frente a la tentaci\u00f3n; porque, pasada la prueba, se hace acreedor a la corona de vida, la cual Dios ha prometido dar a quienes lo aman (Stg 1:12).<\/p>\n\n\n\n<h2 class=\"wp-block-heading\">2 Juan 1:9<\/h2>\n\n\n\n<p>Cualquiera que se extrav\u00eda, y que no persevera en la ense\u00f1anza de Cristo, no tiene a Dios, pero el que persevera en la ense\u00f1anza de Cristo s\u00ed tiene al Padre y al Hijo (2 Jn 1:9).<\/p>\n\n\n\n<h2 class=\"wp-block-heading\">Apocalipsis 3:11<\/h2>\n\n\n\n<p>Ya pronto vengo. Lo que tienes, no lo sueltes, y nadie te quitar\u00e1 tu corona (Ap 3:11).<\/p>\n\n\n\n<h2 class=\"wp-block-heading\">Lee Tambi\u00e9n:<\/h2>\n\n\n\n<ul class=\"wp-block-list\"><li><a href=\"https:\/\/thebibleverses.org\/es\/\">Vers\u00edculos por Tema<\/a><\/li><li><a href=\"https:\/\/thebibleverses.org\/es\/amor\/\">Vers\u00edculos B\u00edblicos sobre el Amor<\/a><\/li><li><a href=\"https:\/\/thebibleverses.org\/es\/fortaleza\/\">Vers\u00edculos B\u00edblicos de Fortaleza<\/a><\/li><li><a href=\"https:\/\/thebibleverses.org\/es\/fe\/\">Vers\u00edculos B\u00edblicos sobre la Fe<\/a><\/li><li><a href=\"https:\/\/thebibleverses.org\/es\/jovenes\/\">Vers\u00edculos B\u00edblicos para J\u00f3venes<\/a><\/li><li><a href=\"https:\/\/thebibleverses.org\/es\/amistad\/\">Vers\u00edculos B\u00edblicos sobre la Amistad<\/a><\/li><li><a href=\"https:\/\/thebibleverses.org\/es\/sanidad\/\">Vers\u00edculos B\u00edblicos sobre Sanidad<\/a><\/li><\/ul>\n","protected":false},"excerpt":{"rendered":"<p>Deuteronomio 5:32 Aseg\u00farense, pues, de hacer lo que el Se\u00f1or su Dios les ha ordenado. No se aparten ni a la derecha ni a la izquierda (Dt 5:32). Josu\u00e9 1:7 Pero tienes qu\u00e9 esforzarte y ser muy valiente. Pon mucho cuidado y act\u00faa de acuerdo con las leyes que te dio mi siervo Mois\u00e9s. Nunca [&hellip;]<\/p>\n","protected":false},"author":1,"featured_media":809,"parent":0,"menu_order":0,"comment_status":"closed","ping_status":"closed","template":"","meta":{"footnotes":""},"class_list":["post-589","page","type-page","status-publish","has-post-thumbnail","hentry","entry","fw-tab-6 fw-tabr-4"],"_links":{"self":[{"href":"https:\/\/thebibleverses.org\/es\/wp-json\/wp\/v2\/pages\/589","targetHints":{"allow":["GET"]}}],"collection":[{"href":"https:\/\/thebibleverses.org\/es\/wp-json\/wp\/v2\/pages"}],"about":[{"href":"https:\/\/thebibleverses.org\/es\/wp-json\/wp\/v2\/types\/page"}],"author":[{"embeddable":true,"href":"https:\/\/thebibleverses.org\/es\/wp-json\/wp\/v2\/users\/1"}],"replies":[{"embeddable":true,"href":"https:\/\/thebibleverses.org\/es\/wp-json\/wp\/v2\/comments?post=589"}],"version-history":[{"count":0,"href":"https:\/\/thebibleverses.org\/es\/wp-json\/wp\/v2\/pages\/589\/revisions"}],"wp:featuredmedia":[{"embeddable":true,"href":"https:\/\/thebibleverses.org\/es\/wp-json\/wp\/v2\/media\/809"}],"wp:attachment":[{"href":"https:\/\/thebibleverses.org\/es\/wp-json\/wp\/v2\/media?parent=589"}],"curies":[{"name":"wp","href":"https:\/\/api.w.org\/{rel}","templated":true}]}}