{"id":54,"date":"2019-01-19T04:33:41","date_gmt":"2019-01-19T04:33:41","guid":{"rendered":"https:\/\/thebibleverses.org\/es\/?page_id=54"},"modified":"2022-05-15T21:50:50","modified_gmt":"2022-05-15T21:50:50","slug":"matrimonio","status":"publish","type":"page","link":"https:\/\/thebibleverses.org\/es\/matrimonio\/","title":{"rendered":"25 Vers\u00edculos de la Biblia sobre el Matrimonio"},"content":{"rendered":"\n<div class=\"wp-block-image\"><figure class=\"aligncenter size-large\"><img loading=\"lazy\" decoding=\"async\" width=\"1024\" height=\"631\" src=\"https:\/\/thebibleverses.org\/es\/wp-content\/uploads\/2022\/05\/Versiculos-Biblicos-sobre-el-Matrimonio-1024x631.webp\" alt=\"Vers\u00edculos B\u00edblicos sobre el Matrimonio\" class=\"wp-image-773\" srcset=\"https:\/\/thebibleverses.org\/es\/wp-content\/uploads\/2022\/05\/Versiculos-Biblicos-sobre-el-Matrimonio-1024x631.webp 1024w, https:\/\/thebibleverses.org\/es\/wp-content\/uploads\/2022\/05\/Versiculos-Biblicos-sobre-el-Matrimonio-300x185.webp 300w, https:\/\/thebibleverses.org\/es\/wp-content\/uploads\/2022\/05\/Versiculos-Biblicos-sobre-el-Matrimonio-768x474.webp 768w, https:\/\/thebibleverses.org\/es\/wp-content\/uploads\/2022\/05\/Versiculos-Biblicos-sobre-el-Matrimonio-320x197.webp 320w, https:\/\/thebibleverses.org\/es\/wp-content\/uploads\/2022\/05\/Versiculos-Biblicos-sobre-el-Matrimonio-450x278.webp 450w, https:\/\/thebibleverses.org\/es\/wp-content\/uploads\/2022\/05\/Versiculos-Biblicos-sobre-el-Matrimonio-720x444.webp 720w, https:\/\/thebibleverses.org\/es\/wp-content\/uploads\/2022\/05\/Versiculos-Biblicos-sobre-el-Matrimonio-scaled.webp 644w\" sizes=\"auto, (max-width: 1024px) 100vw, 1024px\" \/><figcaption>Vers\u00edculos B\u00edblicos sobre el Matrimonio &#8211; Reina Valera Contempor\u00e1nea (RVC).<\/figcaption><\/figure><\/div>\n\n\n\n<h2 class=\"wp-block-heading\">G\u00e9nesis 2:18 <\/h2>\n\n\n\n<p>Dijo adem\u00e1s el SE\u00d1OR Dios: \u201cNo es bueno que el hombre est\u00e9 solo; le har\u00e9 una ayuda id\u00f3nea\u201d (Ge 2:18).<\/p>\n\n\n\n<h2 class=\"wp-block-heading\">G\u00e9nesis 2:21-23 <\/h2>\n\n\n\n<p>Entonces Dios el Se\u00f1or hizo que Ad\u00e1n cayera en un sue\u00f1o profundo y, mientras \u00e9ste dorm\u00eda, le sac\u00f3 una de sus costillas, y luego cerr\u00f3 esa parte de su cuerpo. Con la costilla que sac\u00f3 del hombre, Dios el Se\u00f1or hizo una mujer, y se la llev\u00f3 al hombre. Entonces Ad\u00e1n dijo: \u00ab\u00c9sta es ahora carne de mi carne y hueso de mis huesos; ser\u00e1 llamada \u201cmujer\u201d, porque fue sacada del hombre\u00bb (Ge 2:21-23).<\/p>\n\n\n\n<h2 class=\"wp-block-heading\">G\u00e9nesis 2:24 <\/h2>\n\n\n\n<p>Por eso el hombre dejar\u00e1 a su padre y a su madre, y se unir\u00e1 a su mujer, y ser\u00e1n un solo ser (G\u00e9nesis 2:24).<\/p>\n\n\n\n<h2 class=\"wp-block-heading\">\u00c9xodo 20:14 <\/h2>\n\n\n\n<p>No cometer\u00e1s adulterio (Ex 20:14).<\/p>\n\n\n\n<h2 class=\"wp-block-heading\">Proverbios 5:15 <\/h2>\n\n\n\n<p>Bebe el agua de tu propio pozo, el raudal que mana de tu propia cisterna (Pr 5:15).<\/p>\n\n\n\n<h2 class=\"wp-block-heading\">Proverbios 5:18 <\/h2>\n\n\n\n<p>\u00a1Bendito sea tu manantial! \u00a1Al\u00e9grate con la mujer de tu juventud (Pr 5:18).<\/p>\n\n\n\n<h2 class=\"wp-block-heading\">Proverbios 18:22 <\/h2>\n\n\n\n<p>\u00bfHallaste esposa? \u00a1Has hallado el bien! \u00a1Has alcanzado el favor del Se\u00f1or! (Pr 18:22).<\/p>\n\n\n\n<h2 class=\"wp-block-heading\">Proverbios 31:10 <\/h2>\n\n\n\n<p>Mujer ejemplar, \u00bfqui\u00e9n dar\u00e1 con ella? Su valor excede al de las piedras preciosas (Pr 31:10).<\/p>\n\n\n\n<h2 class=\"wp-block-heading\">Jerem\u00edas 29:6 <\/h2>\n\n\n\n<p>C\u00e1sense, y tengan hijos e hijas; den mujeres a sus hijos, y maridos a sus hijas, para que tengan hijos e hijas; y multipl\u00edquense all\u00e1. \u00a1No se reduzcan en n\u00famero! (Jr 29:6).<\/p>\n\n\n\n<h2 class=\"wp-block-heading\">Malaqu\u00edas 2:15 <\/h2>\n\n\n\n<p>\u00bfAcaso Dios no los hizo un solo ser, en el que abundaba el esp\u00edritu? \u00bfY por qu\u00e9 un solo ser? Pues porque buscaba obtener una descendencia para Dios. As\u00ed que tengan cuidado con su propio esp\u00edritu, y no sean desleales con la mujer de su juventud (Mal 2:15).<\/p>\n\n\n\n<h2 class=\"wp-block-heading\">Marcos 10:9 <\/h2>\n\n\n\n<p>Por tanto, lo que Dios ha unido, que no lo separe nadie (Mr 10:9).<\/p>\n\n\n\n<h2 class=\"wp-block-heading\">Marcos 10:11 <\/h2>\n\n\n\n<p>Y Jes\u00fas les dijo: Quien se divorcia de su mujer y se casa con otra, comete adulterio contra la primera (Mr 10:11).<\/p>\n\n\n\n<h2 class=\"wp-block-heading\">Romanos 7:2 <\/h2>\n\n\n\n<p>Por ejemplo, por la ley una mujer casada est\u00e1 sujeta a su marido mientras \u00e9ste vive; pero si el marido muere, ella queda libre de la ley que la sujetaba a \u00e9l (Ro 7:2).<\/p>\n\n\n\n<h2 class=\"wp-block-heading\">1 Corintios 7:2 <\/h2>\n\n\n\n<p>Pero por causa de la inmoralidad sexual, cada hombre debe tener su propia esposa y cada mujer su propio esposo (1 Co 7:2).<\/p>\n\n\n\n<h2 class=\"wp-block-heading\">1 Corintios 7:10-11 <\/h2>\n\n\n\n<p>Pero a los que est\u00e1n unidos en matrimonio les doy este mandato (que en realidad no es m\u00edo sino del Se\u00f1or): Que la esposa no se separe del esposo; pero en caso de separarse, que no se vuelva a casar, o que se reconcilie con su esposo. De la misma manera, que el esposo no abandone a su mujer (1 Co 7:10-11).<\/p>\n\n\n\n<h2 class=\"wp-block-heading\">1 Corintios 7:39 <\/h2>\n\n\n\n<p>De acuerdo con la ley, la mujer casada est\u00e1 ligada a su esposo mientras \u00e9ste vive; pero si su esposo muere, queda en libertad de casarse con quien quiera, con tal de que sea en el Se\u00f1or (1 Co 7:39).<\/p>\n\n\n\n<h2 class=\"wp-block-heading\">Efesios 5:22 <\/h2>\n\n\n\n<p>Ustedes, las casadas, honren a sus propios esposos, como honran al Se\u00f1or (Ef 5:22).<\/p>\n\n\n\n<h2 class=\"wp-block-heading\">Efesios 5:24 <\/h2>\n\n\n\n<p>As\u00ed como la iglesia honra a Cristo, as\u00ed tambi\u00e9n las casadas deben honrar a sus esposos en todo (Ef 5:24).<\/p>\n\n\n\n<h2 class=\"wp-block-heading\">Efesios 5:25 <\/h2>\n\n\n\n<p>Esposos, amen a sus esposas, as\u00ed como Cristo am\u00f3 a la iglesia, y se entreg\u00f3 a s\u00ed mismo por ella (Ef 5:25).<\/p>\n\n\n\n<h2 class=\"wp-block-heading\">Efesios 5:28-29 <\/h2>\n\n\n\n<p>As\u00ed tambi\u00e9n los esposos deben amar a sus esposas como a su propio cuerpo. El que ama a su esposa, se ama a s\u00ed mismo. Nadie ha odiado jam\u00e1s a su propio cuerpo, sino que lo sustenta y lo cuida, como lo hace Cristo con la iglesia (Ef 5:28-29).<\/p>\n\n\n\n<h2 class=\"wp-block-heading\">Efesios 5:33 <\/h2>\n\n\n\n<p>Por lo dem\u00e1s, cada uno de ustedes ame tambi\u00e9n a su esposa como a s\u00ed mismo; y ustedes, las esposas, honren a sus esposos (Ef 5:33).<\/p>\n\n\n\n<h2 class=\"wp-block-heading\">Colosenses 3:18 <\/h2>\n\n\n\n<p>Ustedes las esposas, respeten a sus esposos, como conviene en el Se\u00f1or (Col 3:18).<\/p>\n\n\n\n<h2 class=\"wp-block-heading\">Colosenses 3:19 <\/h2>\n\n\n\n<p>Ustedes los esposos, amen a sus esposas, y no las traten con dureza (Col 3:19).<\/p>\n\n\n\n<h2 class=\"wp-block-heading\">1 Timoteo 3:2 <\/h2>\n\n\n\n<p>Pero es necesario que el obispo sea irreprensible y que tenga una sola esposa; que sea sobrio, prudente, decoroso, hospedador, apto para ense\u00f1ar (1 Ti 3:2).<\/p>\n\n\n\n<h2 class=\"wp-block-heading\">1 Pedro 3:7 <\/h2>\n\n\n\n<p>De la misma manera, ustedes, los esposos, sean comprensivos con ellas en su vida matrimonial. H\u00f3nrenlas, pues como mujeres son m\u00e1s delicadas, y adem\u00e1s, son coherederas con ustedes del don de la vida. As\u00ed las oraciones de ustedes no encontrar\u00e1n ning\u00fan estorbo (1 Pe 3:7).<\/p>\n\n\n\n<h2 class=\"wp-block-heading\">Lee Tambi\u00e9n:<\/h2>\n\n\n\n<ul class=\"wp-block-list\"><li><a href=\"https:\/\/thebibleverses.org\/es\/\">Vers\u00edculos por Tema<\/a><\/li><li><a href=\"https:\/\/thebibleverses.org\/es\/amor\/\">Vers\u00edculos B\u00edblicos sobre el Amor<\/a><\/li><li><a href=\"https:\/\/thebibleverses.org\/es\/fortaleza\/\">Vers\u00edculos B\u00edblicos de Fortaleza<\/a><\/li><li><a href=\"https:\/\/thebibleverses.org\/es\/fe\/\">Vers\u00edculos B\u00edblicos sobre la Fe<\/a><\/li><li><a href=\"https:\/\/thebibleverses.org\/es\/jovenes\/\">Vers\u00edculos B\u00edblicos para J\u00f3venes<\/a><\/li><li><a href=\"https:\/\/thebibleverses.org\/es\/amistad\/\">Vers\u00edculos B\u00edblicos sobre la Amistad<\/a><\/li><li><a href=\"https:\/\/thebibleverses.org\/es\/sanidad\/\">Vers\u00edculos B\u00edblicos sobre Sanidad<\/a><\/li><\/ul>\n","protected":false},"excerpt":{"rendered":"<p>G\u00e9nesis 2:18 Dijo adem\u00e1s el SE\u00d1OR Dios: \u201cNo es bueno que el hombre est\u00e9 solo; le har\u00e9 una ayuda id\u00f3nea\u201d (Ge 2:18). G\u00e9nesis 2:21-23 Entonces Dios el Se\u00f1or hizo que Ad\u00e1n cayera en un sue\u00f1o profundo y, mientras \u00e9ste dorm\u00eda, le sac\u00f3 una de sus costillas, y luego cerr\u00f3 esa parte de su cuerpo. Con [&hellip;]<\/p>\n","protected":false},"author":1,"featured_media":773,"parent":0,"menu_order":0,"comment_status":"open","ping_status":"closed","template":"","meta":{"footnotes":""},"class_list":["post-54","page","type-page","status-publish","has-post-thumbnail","hentry","entry","fw-tab-6 fw-tabr-4"],"_links":{"self":[{"href":"https:\/\/thebibleverses.org\/es\/wp-json\/wp\/v2\/pages\/54","targetHints":{"allow":["GET"]}}],"collection":[{"href":"https:\/\/thebibleverses.org\/es\/wp-json\/wp\/v2\/pages"}],"about":[{"href":"https:\/\/thebibleverses.org\/es\/wp-json\/wp\/v2\/types\/page"}],"author":[{"embeddable":true,"href":"https:\/\/thebibleverses.org\/es\/wp-json\/wp\/v2\/users\/1"}],"replies":[{"embeddable":true,"href":"https:\/\/thebibleverses.org\/es\/wp-json\/wp\/v2\/comments?post=54"}],"version-history":[{"count":0,"href":"https:\/\/thebibleverses.org\/es\/wp-json\/wp\/v2\/pages\/54\/revisions"}],"wp:featuredmedia":[{"embeddable":true,"href":"https:\/\/thebibleverses.org\/es\/wp-json\/wp\/v2\/media\/773"}],"wp:attachment":[{"href":"https:\/\/thebibleverses.org\/es\/wp-json\/wp\/v2\/media?parent=54"}],"curies":[{"name":"wp","href":"https:\/\/api.w.org\/{rel}","templated":true}]}}