{"id":51,"date":"2019-01-19T04:45:22","date_gmt":"2019-01-19T04:45:22","guid":{"rendered":"https:\/\/thebibleverses.org\/es\/?page_id=51"},"modified":"2023-06-05T23:56:50","modified_gmt":"2023-06-05T23:56:50","slug":"esperanza","status":"publish","type":"page","link":"https:\/\/thebibleverses.org\/es\/esperanza\/","title":{"rendered":"50 Vers\u00edculos de la Biblia Sobre la Esperanza"},"content":{"rendered":"<div class=\"wp-block-image\">\n<figure class=\"aligncenter size-large\"><img loading=\"lazy\" decoding=\"async\" width=\"1024\" height=\"631\" src=\"https:\/\/thebibleverses.org\/es\/wp-content\/uploads\/2022\/05\/Versiculos-Biblicos-sobre-la-Esperanza-1024x631.webp\" alt=\"Vers\u00edculos B\u00edblicos sobre la Esperanza\" class=\"wp-image-749\" srcset=\"https:\/\/thebibleverses.org\/es\/wp-content\/uploads\/2022\/05\/Versiculos-Biblicos-sobre-la-Esperanza-1024x631.webp 1024w, https:\/\/thebibleverses.org\/es\/wp-content\/uploads\/2022\/05\/Versiculos-Biblicos-sobre-la-Esperanza-300x185.webp 300w, https:\/\/thebibleverses.org\/es\/wp-content\/uploads\/2022\/05\/Versiculos-Biblicos-sobre-la-Esperanza-768x474.webp 768w, https:\/\/thebibleverses.org\/es\/wp-content\/uploads\/2022\/05\/Versiculos-Biblicos-sobre-la-Esperanza-320x197.webp 320w, https:\/\/thebibleverses.org\/es\/wp-content\/uploads\/2022\/05\/Versiculos-Biblicos-sobre-la-Esperanza-450x278.webp 450w, https:\/\/thebibleverses.org\/es\/wp-content\/uploads\/2022\/05\/Versiculos-Biblicos-sobre-la-Esperanza-720x444.webp 720w, https:\/\/thebibleverses.org\/es\/wp-content\/uploads\/2022\/05\/Versiculos-Biblicos-sobre-la-Esperanza-scaled.webp 644w\" sizes=\"auto, (max-width: 1024px) 100vw, 1024px\" \/><figcaption class=\"wp-element-caption\">Vers\u00edculos B\u00edblicos sobre la Esperanza &#8211; Reina Valera Contempor\u00e1nea (RVC).<\/figcaption><\/figure><\/div>\n\n\n<h2 class=\"wp-block-heading\">Vers\u00edculos B\u00edblicos sobre la Esperanza en Dios<\/h2>\n\n\n\n<p>Descubre una fuente inagotable de esperanza en Dios a trav\u00e9s de nuestros inspiradores vers\u00edculos b\u00edblicos. Encuentra consuelo y fortaleza en la palabra divina mientras exploras mensajes de confianza, renovaci\u00f3n y promesas de un futuro brillante. <strong>Deja que la esperanza gu\u00ede tu camino y descubre c\u00f3mo la fe en Dios puede iluminar cada paso de tu vid<\/strong>a. \u00a1Explora ahora nuestros vers\u00edculos b\u00edblicos de esperanza y comienza a experimentar la plenitud de su amor y gracia!<\/p>\n\n\n\n<h3 class=\"wp-block-heading\">G\u00e9nesis 49:18<\/h3>\n\n\n\n<p>\u00a1Tu salvaci\u00f3n espero, oh Se\u00f1or! (Ge 49:18).<\/p>\n\n\n\n<h3 class=\"wp-block-heading\">Isa\u00edas 25:9<\/h3>\n\n\n\n<p>\u00a1\u00c9ste es nuestro Dios! \u00a1\u00c9ste es el Se\u00f1or, a quien hemos esperado! \u00a1\u00c9l nos salvar\u00e1! \u00a1Nos regocijaremos y nos alegraremos en su salvaci\u00f3n! (Is 25:9).<\/p>\n\n\n\n<h3 class=\"wp-block-heading\">Salmos 31:24<\/h3>\n\n\n\n<p>Ustedes, los que esperan en el Se\u00f1or, \u00a1esfu\u00e9rcense, y cobren \u00e1nimo! (Sal 31:24).<\/p>\n\n\n\n<h3 class=\"wp-block-heading\">Isa\u00edas 30:18<\/h3>\n\n\n\n<p>Por lo tanto, el Se\u00f1or esperar\u00e1 un poco y tendr\u00e1 piedad de ustedes, y por eso ser\u00e1 exaltado por la misericordia que tendr\u00e1 de ustedes. Ciertamente el Se\u00f1or es un Dios justo; \u00a1dichosos todos los que conf\u00edan en \u00e9l! (Is 30:18).<\/p>\n\n\n\n<h3 class=\"wp-block-heading\">Salmos 33:18<\/h3>\n\n\n\n<p>El ojo del SE\u00d1OR est\u00e1 sobre los que le temen, sobre los que esperan en su misericordia (Sal 33:18).<\/p>\n\n\n\n<h3 class=\"wp-block-heading\">Isa\u00edas 40:31<\/h3>\n\n\n\n<p>Pero los que esperan en el SE\u00d1OR renovar\u00e1n sus fuerzas; levantar\u00e1n las alas como \u00e1guilas. Correr\u00e1n y no se cansar\u00e1n; caminar\u00e1n y no se fatigar\u00e1n (Is 40:31).<\/p>\n\n\n\n<h3 class=\"wp-block-heading\">Jerem\u00edas 14:8<\/h3>\n\n\n\n<p>\u00a1T\u00fa eres la esperanza de Israel! \u00a1T\u00fa eres su protector en momentos de angustia! \u00bfPor qu\u00e9 act\u00faas como si fueras un extra\u00f1o en la tierra, como un caminante que se retira para pasar la noche? (Jr 14:8).<\/p>\n\n\n\n<h3 class=\"wp-block-heading\">Jerem\u00edas 14:22<\/h3>\n\n\n\n<p>No hay entre los \u00eddolos de las naciones uno solo que haga llover. \u00a1Pero t\u00fa, Se\u00f1or, eres nuestro Dios! \u00a1T\u00fa eres quien nos manda del cielo las lluvias! Por eso esperamos en ti, pues t\u00fa haces todas estas cosas (Jr 14:22).<\/p>\n\n\n\n<h3 class=\"wp-block-heading\">Salmos 38:15<\/h3>\n\n\n\n<p>Pues en ti, oh SE\u00d1OR, he esperado; t\u00fa responder\u00e1s, oh SE\u00d1OR, Dios m\u00edo (Sal 38:15).<\/p>\n\n\n\n<h3 class=\"wp-block-heading\">Jerem\u00edas 29:11<\/h3>\n\n\n\n<p>S\u00f3lo yo s\u00e9 los planes que tengo para ustedes. Son planes para su bien, y no para su mal, para que tengan un futuro lleno de esperanza. Dice el SE\u00d1OR.<\/p>\n\n\n\n<h3 class=\"wp-block-heading\">Lamentaciones 3:24<\/h3>\n\n\n\n<p>\u201cEl SE\u00d1OR es mi porci\u00f3n\u201d, ha dicho mi alma; \u201cpor eso, en \u00e9l esperar\u00e9\u201d (Lm 3:24).<\/p>\n\n\n\n<h3 class=\"wp-block-heading\">Salmos 39:7<\/h3>\n\n\n\n<p>Se\u00f1or, \u00bfqu\u00e9 puedo esperar, si en ti he puesto mi esperanza? (Sal 39:7).<\/p>\n\n\n\n<h3 class=\"wp-block-heading\">Oseas 12:6<\/h3>\n\n\n\n<p>T\u00fa, pues, vu\u00e9lvete a tu Dios; practica la lealtad y el derecho, y espera siempre en tu Dios (Os 12:6).<\/p>\n\n\n\n<h3 class=\"wp-block-heading\">Miqueas 7:7<\/h3>\n\n\n\n<p>Yo, por mi parte, pondr\u00e9 la mirada en el Se\u00f1or, y esperar\u00e9 en el Dios de mi salvaci\u00f3n. \u00a1Mi Dios habr\u00e1 de escucharme! (Mi 7:7).<\/p>\n\n\n\n<h3 class=\"wp-block-heading\">Salmos 40:1<\/h3>\n\n\n\n<p>Yo puse mi esperanza en el Se\u00f1or, y \u00e9l inclin\u00f3 su o\u00eddo y escuch\u00f3 mi clamor (Sal 40:1).<\/p>\n\n\n\n<h3 class=\"wp-block-heading\">Zacar\u00edas 9:12<\/h3>\n\n\n\n<p>\u00a1Vuelvan, pues, a la fortaleza, prisioneros de esperanza! En este preciso d\u00eda yo les hago saber que les devolver\u00e9 el doble de lo que perdieron (Zac 9:12).<\/p>\n\n\n\n<h3 class=\"wp-block-heading\">Mateo 12:21<\/h3>\n\n\n\n<p>En su nombre esperar\u00e1n las naciones (Mt 12:21).<\/p>\n\n\n\n<h3 class=\"wp-block-heading\">Salmos 42:5<\/h3>\n\n\n\n<p>\u00bfPor qu\u00e9 te desanimas, alma m\u00eda? \u00bfPor qu\u00e9 te inquietas dentro de m\u00ed? Espera en Dios, porque a\u00fan debo alabarlo. \u00a1\u00c9l es mi Dios! \u00a1\u00c9l es mi salvador! (Sal 42:5).<\/p>\n\n\n\n<h3 class=\"wp-block-heading\">Hechos 24:15<\/h3>\n\n\n\n<p>Y tengo, como ellos, la misma esperanza en Dios de que habr\u00e1n de resucitar los justos y los injustos (Hch 24:15).<\/p>\n\n\n\n<h3 class=\"wp-block-heading\">Romanos 5:2<\/h3>\n\n\n\n<p>Por quien tenemos tambi\u00e9n, por la fe, acceso a esta gracia en la cual estamos firmes, y nos regocijamos en la esperanza de la gloria de Dios (Ro 5:2).<\/p>\n\n\n\n<h3 class=\"wp-block-heading\">Romanos 5:3-4<\/h3>\n\n\n\n<p>Y no solo esto, sino que tambi\u00e9n nos gloriamos en las tribulaciones, sabiendo que la tribulaci\u00f3n produce perseverancia, y la perseverancia produce car\u00e1cter probado, y el car\u00e1cter probado produce esperanza (Ro 5:3-4).<\/p>\n\n\n\n<h3 class=\"wp-block-heading\">Salmos 62:5<\/h3>\n\n\n\n<p>S\u00f3lo en Dios halla tranquilidad mi alma; s\u00f3lo en \u00e9l he puesto mi esperanza (Sal 62:5).<\/p>\n\n\n\n<h3 class=\"wp-block-heading\">Romanos 15:12<\/h3>\n\n\n\n<p>Se alzar\u00e1 la ra\u00edz de Isa\u00ed; se levantar\u00e1 a gobernar a las naciones, las cuales pondr\u00e1n en \u00e9l su esperanza (Ro 15:12).<\/p>\n\n\n\n<h3 class=\"wp-block-heading\">Romanos 15:13<\/h3>\n\n\n\n<p>\u00a1Que el Dios de la esperanza los llene de todo gozo y paz en la fe, para que rebosen de esperanza por el poder del Esp\u00edritu Santo! (Ro 15:13).<\/p>\n\n\n\n<h3 class=\"wp-block-heading\">Salmos 71:14<\/h3>\n\n\n\n<p>Pero yo siempre esperar\u00e9; te alabar\u00e9 m\u00e1s y m\u00e1s (Sal 71:14).<\/p>\n\n\n\n<h3 class=\"wp-block-heading\">1 Corintios 15:19<\/h3>\n\n\n\n<p>Si nuestra esperanza en Cristo fuera \u00fanicamente para esta vida, ser\u00edamos los m\u00e1s desdichados de todos los hombres (1 Co 15:19).<\/p>\n\n\n\n<h3 class=\"wp-block-heading\">2 Corintios 1:9-10<\/h3>\n\n\n\n<p>Pero la sentencia de muerte que pend\u00eda sobre nosotros fue para que no confi\u00e1ramos en nosotros mismos, sino en Dios que resucita a los muertos; y \u00e9l nos libr\u00f3, y nos libra, y a\u00fan tenemos la esperanza de que \u00e9l seguir\u00e1 libr\u00e1ndonos de tal peligro de muerte (2 Co 1:9-10).<\/p>\n\n\n\n<h3 class=\"wp-block-heading\">Salmos 119:166<\/h3>\n\n\n\n<p>Tu salvaci\u00f3n he esperado, oh SE\u00d1OR, y tus mandamientos he puesto por obra (Sal 119:166).<\/p>\n\n\n\n<h3 class=\"wp-block-heading\">G\u00e1latas 5:5<\/h3>\n\n\n\n<p>Pues nosotros por el Esp\u00edritu aguardamos, por fe, la esperanza de la justicia (Ga 5:5).<\/p>\n\n\n\n<h3 class=\"wp-block-heading\">Efesios 1:18<\/h3>\n\n\n\n<p>Pido tambi\u00e9n que Dios les d\u00e9 la luz necesaria para que sepan cu\u00e1l es la esperanza a la cual los ha llamado, cu\u00e1les son las riquezas de la gloria de su herencia en los santos (Ef 1:18).<\/p>\n\n\n\n<h3 class=\"wp-block-heading\">Salmos 130:5<\/h3>\n\n\n\n<p>Se\u00f1or, toda mi vida he esperado en ti, y he confiado en tus promesas (Sal 130:5).<\/p>\n\n\n\n<h3 class=\"wp-block-heading\">1 Timoteo 4:10<\/h3>\n\n\n\n<p>Y por esto mismo trabajamos y sufrimos oprobios, porque hemos puesto nuestra esperanza en el Dios vivo, que es el Salvador de todos los hombres, y mayormente de los que creen (1 Ti 4:10).<\/p>\n\n\n\n<h3 class=\"wp-block-heading\">1 Timoteo 6:17<\/h3>\n\n\n\n<p>A los ricos de este siglo m\u00e1ndales que no sean altivos, ni pongan su esperanza en las riquezas, las cuales son inciertas, sino en el Dios vivo, que nos da todas las cosas en abundancia para que las disfrutemos (1 Ti 6:17).<\/p>\n\n\n\n<h3 class=\"wp-block-heading\">Salmos 131:3<\/h3>\n\n\n\n<p>Espera, oh Israel, en el SE\u00d1OR desde ahora y para siempre (Sal 131:3).<\/p>\n\n\n\n<h3 class=\"wp-block-heading\">Hebreos 11:1<\/h3>\n\n\n\n<p>Ahora bien, tener fe es estar seguro de lo que se espera; es estar convencido de lo que no se ve (He 11:1).<\/p>\n\n\n\n<h3 class=\"wp-block-heading\">1 Pedro 1:3<\/h3>\n\n\n\n<p>Bendito sea el Dios y Padre de nuestro Se\u00f1or Jesucristo, que por su gran misericordia y mediante la resurreci\u00f3n de Jesucristo nos ha hecho nacer de nuevo a una esperanza viva (1 Pe 1:3).<\/p>\n\n\n\n<h3 class=\"wp-block-heading\">1 Juan 3:3<\/h3>\n\n\n\n<p>Y todo aquel que tiene esta esperanza en \u00e9l, se purifica a s\u00ed mismo, as\u00ed como \u00e9l es puro (1 Jn 3:3).<\/p>\n\n\n\n<h3 class=\"wp-block-heading\">Isa\u00edas 8:17<\/h3>\n\n\n\n<p>Yo esperar\u00e9 al Se\u00f1or, que escondi\u00f3 su rostro de la casa de Jacob. En \u00e9l confiar\u00e9.<\/p>\n\n\n\n<h3 class=\"wp-block-heading\">Jerem\u00edas 17:7<\/h3>\n\n\n\n<p>Pero bendito el hombre que conf\u00eda en m\u00ed, que soy el Se\u00f1or, y que en m\u00ed pone su confianza.<\/p>\n\n\n\n<h3 class=\"wp-block-heading\">Salmos 27:14<\/h3>\n\n\n\n<p>\u00a1Espera en el Se\u00f1or! \u00a1Infunde a tu coraz\u00f3n \u00e1nimo y aliento! \u00a1S\u00ed, espera en el Se\u00f1or!<\/p>\n\n\n\n<h3 class=\"wp-block-heading\">Romanos 12:12<\/h3>\n\n\n\n<p>Goc\u00e9monos en la esperanza, soportemos el sufrimiento, seamos constantes en la oraci\u00f3n.<\/p>\n\n\n\n<h3 class=\"wp-block-heading\">Salmos 16:9<\/h3>\n\n\n\n<p>Gran regocijo hay en mi coraz\u00f3n y en mi alma; todo mi ser siente una gran confianza,<\/p>\n\n\n\n<h3 class=\"wp-block-heading\">Isa\u00edas 40:31<\/h3>\n\n\n\n<p>Pero los que conf\u00edan en el Se\u00f1or recobran las fuerzas y levantan el vuelo, como las \u00e1guilas; corren, y no se cansan; caminan, y no se fatigan.<\/p>\n\n\n\n<h3 class=\"wp-block-heading\">Salmos 131:3<\/h3>\n\n\n\n<p>Israel, \u00a1conf\u00eda en el Se\u00f1or desde ahora y para siempre!<\/p>\n\n\n\n<h3 class=\"wp-block-heading\">Romanos 8:25<\/h3>\n\n\n\n<p>Pero si lo que esperamos es algo que todav\u00eda no vemos, tenemos que esperarlo con paciencia.<\/p>\n\n\n\n<h3 class=\"wp-block-heading\">Salmos 18:30<\/h3>\n\n\n\n<p>El camino de Dios es perfecto; la palabra del Se\u00f1or, acrisolada; Dios es el escudo de los que en \u00e9l conf\u00edan.<\/p>\n\n\n\n<h3 class=\"wp-block-heading\">Salmos 25:5<\/h3>\n\n\n\n<p>Todo el d\u00eda espero en ti; \u00a1ens\u00e9\u00f1ame a caminar en tu verdad, pues t\u00fa eres mi Dios y salvador!<\/p>\n\n\n\n<h3 class=\"wp-block-heading\">Salmos 71:5<\/h3>\n\n\n\n<p>T\u00fa, Se\u00f1or mi Dios, eres mi esperanza; t\u00fa me has dado seguridad desde mi juventud.<\/p>\n\n\n\n<h3 class=\"wp-block-heading\">Romanos 5:5<\/h3>\n\n\n\n<p>Y esta esperanza no nos defrauda, porque Dios ha derramado su amor en nuestro coraz\u00f3n por el Esp\u00edritu Santo que nos ha dado.<\/p>\n\n\n\n<h3 class=\"wp-block-heading\">2 Tesalonicenses 2:16<\/h3>\n\n\n\n<p>Que nuestro Se\u00f1or Jesucristo mismo, y nuestro Dios y Padre, que nos am\u00f3 y nos dio consuelo eterno y buena esperanza por gracia.<\/p>\n\n\n\n<h2 class=\"wp-block-heading\">Lee Tambi\u00e9n:<\/h2>\n\n\n\n<ul class=\"wp-block-list\">\n<li><a href=\"https:\/\/thebibleverses.org\/es\/\">Vers\u00edculos por Tema<\/a><\/li>\n\n\n\n<li><a href=\"https:\/\/thebibleverses.org\/es\/amor\/\">Vers\u00edculos B\u00edblicos sobre el Amor<\/a><\/li>\n\n\n\n<li><a href=\"https:\/\/thebibleverses.org\/es\/fortaleza\/\">Vers\u00edculos B\u00edblicos de Fortaleza<\/a><\/li>\n\n\n\n<li><a href=\"https:\/\/thebibleverses.org\/es\/fe\/\">Vers\u00edculos B\u00edblicos sobre la Fe<\/a><\/li>\n\n\n\n<li><a href=\"https:\/\/thebibleverses.org\/es\/jovenes\/\">Vers\u00edculos B\u00edblicos para J\u00f3venes<\/a><\/li>\n\n\n\n<li><a href=\"https:\/\/thebibleverses.org\/es\/amistad\/\">Vers\u00edculos B\u00edblicos sobre la Amistad<\/a><\/li>\n\n\n\n<li><a href=\"https:\/\/thebibleverses.org\/es\/sanidad\/\">Vers\u00edculos B\u00edblicos sobre Sanidad<\/a><\/li>\n<\/ul>\n","protected":false},"excerpt":{"rendered":"<p>Vers\u00edculos B\u00edblicos sobre la Esperanza en Dios Descubre una fuente inagotable de esperanza en Dios a trav\u00e9s de nuestros inspiradores vers\u00edculos b\u00edblicos. Encuentra consuelo y fortaleza en la palabra divina mientras exploras mensajes de confianza, renovaci\u00f3n y promesas de un futuro brillante. Deja que la esperanza gu\u00ede tu camino y descubre c\u00f3mo la fe en [&hellip;]<\/p>\n","protected":false},"author":1,"featured_media":749,"parent":0,"menu_order":0,"comment_status":"open","ping_status":"closed","template":"","meta":{"footnotes":""},"class_list":["post-51","page","type-page","status-publish","has-post-thumbnail","hentry","entry","fw-tab-6 fw-tabr-4"],"_links":{"self":[{"href":"https:\/\/thebibleverses.org\/es\/wp-json\/wp\/v2\/pages\/51","targetHints":{"allow":["GET"]}}],"collection":[{"href":"https:\/\/thebibleverses.org\/es\/wp-json\/wp\/v2\/pages"}],"about":[{"href":"https:\/\/thebibleverses.org\/es\/wp-json\/wp\/v2\/types\/page"}],"author":[{"embeddable":true,"href":"https:\/\/thebibleverses.org\/es\/wp-json\/wp\/v2\/users\/1"}],"replies":[{"embeddable":true,"href":"https:\/\/thebibleverses.org\/es\/wp-json\/wp\/v2\/comments?post=51"}],"version-history":[{"count":0,"href":"https:\/\/thebibleverses.org\/es\/wp-json\/wp\/v2\/pages\/51\/revisions"}],"wp:featuredmedia":[{"embeddable":true,"href":"https:\/\/thebibleverses.org\/es\/wp-json\/wp\/v2\/media\/749"}],"wp:attachment":[{"href":"https:\/\/thebibleverses.org\/es\/wp-json\/wp\/v2\/media?parent=51"}],"curies":[{"name":"wp","href":"https:\/\/api.w.org\/{rel}","templated":true}]}}