{"id":49,"date":"2019-01-19T04:27:44","date_gmt":"2019-01-19T04:27:44","guid":{"rendered":"https:\/\/thebibleverses.org\/es\/?page_id=49"},"modified":"2023-06-06T00:45:11","modified_gmt":"2023-06-06T00:45:11","slug":"sanidad","status":"publish","type":"page","link":"https:\/\/thebibleverses.org\/es\/sanidad\/","title":{"rendered":"30 Vers\u00edculos de la Biblia sobre Sanidad"},"content":{"rendered":"<div class=\"wp-block-image\">\n<figure class=\"aligncenter size-large\"><img loading=\"lazy\" decoding=\"async\" width=\"1024\" height=\"631\" src=\"https:\/\/thebibleverses.org\/es\/wp-content\/uploads\/2022\/05\/Versiculos-Biblicos-sobre-Sanidad-1024x631.webp\" alt=\"Vers\u00edculos B\u00edblicos de Sanidad\" class=\"wp-image-842\" srcset=\"https:\/\/thebibleverses.org\/es\/wp-content\/uploads\/2022\/05\/Versiculos-Biblicos-sobre-Sanidad-1024x631.webp 1024w, https:\/\/thebibleverses.org\/es\/wp-content\/uploads\/2022\/05\/Versiculos-Biblicos-sobre-Sanidad-300x185.webp 300w, https:\/\/thebibleverses.org\/es\/wp-content\/uploads\/2022\/05\/Versiculos-Biblicos-sobre-Sanidad-768x474.webp 768w, https:\/\/thebibleverses.org\/es\/wp-content\/uploads\/2022\/05\/Versiculos-Biblicos-sobre-Sanidad-320x197.webp 320w, https:\/\/thebibleverses.org\/es\/wp-content\/uploads\/2022\/05\/Versiculos-Biblicos-sobre-Sanidad-450x278.webp 450w, https:\/\/thebibleverses.org\/es\/wp-content\/uploads\/2022\/05\/Versiculos-Biblicos-sobre-Sanidad-720x444.webp 720w, https:\/\/thebibleverses.org\/es\/wp-content\/uploads\/2022\/05\/Versiculos-Biblicos-sobre-Sanidad-scaled.webp 644w\" sizes=\"auto, (max-width: 1024px) 100vw, 1024px\" \/><figcaption class=\"wp-element-caption\">Vers\u00edculos B\u00edblicos de Sanidad &#8211; Reina Valera Contempor\u00e1nea (RVC).<\/figcaption><\/figure><\/div>\n\n\n<h2 class=\"wp-block-heading\">Vers\u00edculos B\u00edblicos sobre Sanidad F\u00edsica y Liberaci\u00f3n<\/h2>\n\n\n\n<p>Encuentra esperanza y libertad en los vers\u00edculos b\u00edblicos que hablan sobre la sanidad f\u00edsica y liberaci\u00f3n. <strong>Explora las poderosas promesas de Dios para la restauraci\u00f3n del cuerpo y la liberaci\u00f3n de aflicciones<\/strong>. Descubre c\u00f3mo su amor inquebrantable puede traer sanidad a trav\u00e9s de mensajes de curaci\u00f3n divina y liberaci\u00f3n de cargas pesadas.<\/p>\n\n\n\n<p><strong>Explora nuestra colecci\u00f3n de vers\u00edculos b\u00edblicos de sanidad f\u00edsica y liberaci\u00f3n y d\u00e9jate inspirar para experimentar el poder transformador de la fe en la vida cotidiana<\/strong>. \u00a1Emprende un viaje hacia la sanidad y la liberaci\u00f3n hoy mismo y experimenta la plenitud de la vida que Dios tiene para ti!<\/p>\n\n\n\n<h3 class=\"wp-block-heading\">\u00c9xodo 15:26<\/h3>\n\n\n\n<p>Si escuchas con atenci\u00f3n la voz del Se\u00f1or tu Dios, y haces lo que es recto delante de sus ojos, y prestas o\u00eddo a sus mandamientos y cumples todos sus estatutos, jam\u00e1s te enviar\u00e9 ninguna de las enfermedades que les envi\u00e9 a los egipcios. Yo soy el Se\u00f1or, tu sanador (Ex 15:26).<\/p>\n\n\n\n<h3 class=\"wp-block-heading\">\u00c9xodo 23:25<\/h3>\n\n\n\n<p>Pero me servir\u00e1n a m\u00ed, el Se\u00f1or su Dios, y yo bendecir\u00e9 tu pan y tus aguas, y quitar\u00e9 de en medio de ti toda enfermedad (Ex 23:25).<\/p>\n\n\n\n<h3 class=\"wp-block-heading\">Deuteronomio 7:15<\/h3>\n\n\n\n<p>El Se\u00f1or alejar\u00e1 de ti toda enfermedad. No enviar\u00e1 sobre ti ninguna de las plagas malignas que envi\u00f3 sobre Egipto, y que t\u00fa conoces, aunque s\u00ed las enviar\u00e1 sobre todos los que te aborrezcan (Dt 7:15).<\/p>\n\n\n\n<h3 class=\"wp-block-heading\">2 Reyes 20:5<\/h3>\n\n\n\n<p>Regresa y dile a Ezequ\u00edas, pr\u00edncipe de mi pueblo, que yo, el Se\u00f1or, Dios de su antepasado David, he dicho: He escuchado tu oraci\u00f3n, y he visto tus l\u00e1grimas. Te voy a devolver la salud, y dentro de tres d\u00edas vas a ir a mi templo (2 Re 20:5).<\/p>\n\n\n\n<h3 class=\"wp-block-heading\">Salmos 41:3-4<\/h3>\n\n\n\n<p>Cuando est\u00e9 enfermo, el Se\u00f1or lo sustentar\u00e1; suavizar\u00e1 sus males mientras recobra la salud. Yo le pido al Se\u00f1or que me tenga compasi\u00f3n, que me sane, pues he pecado contra \u00e9l (Sal 41:3-4).<\/p>\n\n\n\n<h3 class=\"wp-block-heading\">Salmos 147:3<\/h3>\n\n\n\n<p>El Se\u00f1or reanima a los descorazonados, y sana sus heridas (Sal 147:3).<\/p>\n\n\n\n<h3 class=\"wp-block-heading\">Isa\u00edas 53:5<\/h3>\n\n\n\n<p>Pero \u00e9l ser\u00e1 herido por nuestros pecados; \u00a1molido por nuestras rebeliones! Sobre \u00e9l vendr\u00e1 el castigo de nuestra paz, y por su llaga seremos sanados (Is 53:5).<\/p>\n\n\n\n<h3 class=\"wp-block-heading\">Salmos 103:3-4<\/h3>\n\n\n\n<p>El Se\u00f1or perdona todas tus maldades, y sana todas tus dolencias. El Se\u00f1or te rescata de la muerte, y te colma de favores y de su misericordia (Sal 103:3-4).<\/p>\n\n\n\n<h3 class=\"wp-block-heading\">Isa\u00edas 57:18<\/h3>\n\n\n\n<p>Ya he visto el camino que siguen, pero a pesar de eso los sanar\u00e9 y los consolar\u00e9; a ellos y a los que lloran los dirigir\u00e9 (Is 57:18).<\/p>\n\n\n\n<h3 class=\"wp-block-heading\">Jerem\u00edas 30:17<\/h3>\n\n\n\n<p>Aunque te han llamado \u2018la despreciada\u2019, y aunque dicen: \u2018\u00c9sta es Si\u00f3n, de la que nadie se acuerda\u2019, yo te devolver\u00e9 la salud y sanar\u00e9 tus heridas (Jr 30:17).<\/p>\n\n\n\n<h3 class=\"wp-block-heading\">Jerem\u00edas 33:6<\/h3>\n\n\n\n<p>Pero les traer\u00e9 salud y medicamentos, y los sanar\u00e9, y les har\u00e9 experimentar una paz abundante y duradera (Jr 33:6).<\/p>\n\n\n\n<h3 class=\"wp-block-heading\">Salmos 30:2<\/h3>\n\n\n\n<p>Mi Se\u00f1or y Dios, te ped\u00ed ayuda, y t\u00fa me sanaste Sal 30:2).<\/p>\n\n\n\n<h3 class=\"wp-block-heading\">Oseas 6:1<\/h3>\n\n\n\n<p>\u00a1Vengan, volvamos nuestros ojos al Se\u00f1or! Ciertamente \u00e9l nos arrebat\u00f3, pero nos sanar\u00e1; nos hiri\u00f3, pero vendar\u00e1 nuestras heridas (Os 6:1).<\/p>\n\n\n\n<h3 class=\"wp-block-heading\">Mateo 8:7<\/h3>\n\n\n\n<p>Jes\u00fas le dijo: \u00abIr\u00e9 a sanarlo\u00bb (Mt 8:7).<\/p>\n\n\n\n<h3 class=\"wp-block-heading\">Santiago 5:14-15<\/h3>\n\n\n\n<p>\u00bfHay entre ustedes alg\u00fan enfermo? Que se llame a los ancianos de la iglesia, para que oren por \u00e9l y lo unjan con aceite en el nombre del Se\u00f1or. La oraci\u00f3n de fe sanar\u00e1 al enfermo, y el Se\u00f1or lo levantar\u00e1 de su lecho. Si acaso ha pecado, sus pecados le ser\u00e1n perdonados (Stg 5:14-15).<\/p>\n\n\n\n<h3 class=\"wp-block-heading\">1 Pedro 2:24<\/h3>\n\n\n\n<p>\u00c9l mismo llev\u00f3 en su cuerpo nuestros pecados al madero, para que nosotros, muertos ya al pecado, vivamos para la justicia. Por sus heridas fueron ustedes sanados (1 Pe 2:24).<\/p>\n\n\n\n<h3 class=\"wp-block-heading\">3 Juan 2<\/h3>\n\n\n\n<p>Amado, deseo que seas prosperado en todo, y que tengas salud, a la vez que tu alma prospera (3 Jn 2).<\/p>\n\n\n\n<h3 class=\"wp-block-heading\">Proverbios 4:20-22<\/h3>\n\n\n\n<p>Hijo m\u00edo, presta atenci\u00f3n a mis palabras; Inclina tu o\u00eddo para escuchar mis razones. No las pierdas de vista; gu\u00e1rdalas en lo m\u00e1s profundo de tu coraz\u00f3n. Ellas son vida para quienes las hallan; son la medicina para todo su cuerpo.<\/p>\n\n\n\n<h3 class=\"wp-block-heading\">Isa\u00edas 58:8<\/h3>\n\n\n\n<p>Si act\u00faas as\u00ed, entonces tu luz brillar\u00e1 como el alba, y muy pronto tus heridas sanar\u00e1n; la justicia ser\u00e1 tu vanguardia, y la gloria del Se\u00f1or ser\u00e1 tu retaguardia.<\/p>\n\n\n\n<h3 class=\"wp-block-heading\">Jerem\u00edas 17:14<\/h3>\n\n\n\n<p>\u00a1S\u00e1name, Se\u00f1or, y recobrar\u00e9 la salud! \u00a1S\u00e1lvame, y quedar\u00e9 a salvo! \u00a1T\u00fa eres la raz\u00f3n de mi alabanza!<\/p>\n\n\n\n<h3 class=\"wp-block-heading\">Mateo 4:23<\/h3>\n\n\n\n<p>Jes\u00fas recorr\u00eda toda Galilea. Ense\u00f1aba en las sinagogas de ellos, predicaba el evangelio del reino, y sanaba toda enfermedad y toda dolencia en el pueblo.<\/p>\n\n\n\n<h3 class=\"wp-block-heading\">Romanos 8:11<\/h3>\n\n\n\n<p>Y si el Esp\u00edritu de aquel que levant\u00f3 de los muertos a Jes\u00fas vive en ustedes, el que levant\u00f3 de los muertos a Cristo Jes\u00fas tambi\u00e9n dar\u00e1 vida a sus cuerpos mortales por medio de su Esp\u00edritu que vive en ustedes.<\/p>\n\n\n\n<h3 class=\"wp-block-heading\">2 Corintios 12:9<\/h3>\n\n\n\n<p>Pero \u00e9l me ha dicho: \u00abCon mi gracia tienes m\u00e1s que suficiente, porque mi poder se perfecciona en la debilidad.\u00bb Por eso, con mucho gusto habr\u00e9 de jactarme en mis debilidades, para que el poder de Cristo repose en m\u00ed.<\/p>\n\n\n\n<h3 class=\"wp-block-heading\">Lucas 9:11<\/h3>\n\n\n\n<p>Pero la gente lo supo y lo sigui\u00f3, y \u00e9l los recibi\u00f3 y les hablaba del reino de Dios, y sanaba a los que necesitaban ser sanados.<\/p>\n\n\n\n<h3 class=\"wp-block-heading\">Santiago 5:16<\/h3>\n\n\n\n<p>Confiesen sus pecados unos a otros, y oren unos por otros, para que sean sanados. La oraci\u00f3n del justo es muy poderosa y efectiva.<\/p>\n\n\n\n<h3 class=\"wp-block-heading\">Salmos 107:19-20<\/h3>\n\n\n\n<p>Pero en su angustia clamaron al Se\u00f1or, Y \u00e9l los libr\u00f3 de su aflicci\u00f3n. Con el poder de su palabra los san\u00f3, y los libr\u00f3 de caer en el sepulcro.<\/p>\n\n\n\n<h3 class=\"wp-block-heading\">Proverbios 3:7-8<\/h3>\n\n\n\n<p>No seas sabio en tu propia opini\u00f3n; teme al Se\u00f1or y ap\u00e1rtate del mal. \u00c9l ser\u00e1 la medicina de tu cuerpo; \u00a1infundir\u00e1 alivio a tus huesos!<\/p>\n\n\n\n<h3 class=\"wp-block-heading\">Mateo 14:14<\/h3>\n\n\n\n<p>Cuando Jes\u00fas sali\u00f3 de la barca y vio a tanta gente, tuvo compasi\u00f3n de ellos y san\u00f3 a los que estaban enfermos.<\/p>\n\n\n\n<h3 class=\"wp-block-heading\">Salmos 30:10-11<\/h3>\n\n\n\n<p>Esc\u00fachame, Se\u00f1or, y tenme compasi\u00f3n! \u00a1Nunca dejes, Se\u00f1or, de ayudarme! T\u00fa cambias mis l\u00e1grimas en danza; me quitas la tristeza y me rodeas de alegr\u00eda,<\/p>\n\n\n\n<h3 class=\"wp-block-heading\">Hechos 9:34<\/h3>\n\n\n\n<p>Cuando Pedro lo vio, le dijo: \u00abEneas, Jesucristo te ha sanado. Lev\u00e1ntate y arr\u00e9glate.\u00bb Y Eneas se levant\u00f3 enseguida.<\/p>\n\n\n\n<h2 class=\"wp-block-heading\">Lee Tambi\u00e9n:<\/h2>\n\n\n\n<ul class=\"wp-block-list\">\n<li><a href=\"https:\/\/thebibleverses.org\/es\/\">Vers\u00edculos por Tema<\/a><\/li>\n\n\n\n<li><a href=\"https:\/\/thebibleverses.org\/es\/amor\/\">Vers\u00edculos B\u00edblicos sobre el Amor<\/a><\/li>\n\n\n\n<li><a href=\"https:\/\/thebibleverses.org\/es\/fortaleza\/\">Vers\u00edculos B\u00edblicos de Fortaleza<\/a><\/li>\n\n\n\n<li><a href=\"https:\/\/thebibleverses.org\/es\/fe\/\">Vers\u00edculos B\u00edblicos sobre la Fe<\/a><\/li>\n\n\n\n<li><a href=\"https:\/\/thebibleverses.org\/es\/jovenes\/\">Vers\u00edculos B\u00edblicos para J\u00f3venes<\/a><\/li>\n\n\n\n<li><a href=\"https:\/\/thebibleverses.org\/es\/amistad\/\">Vers\u00edculos B\u00edblicos sobre la Amistad<\/a><\/li>\n\n\n\n<li><a href=\"https:\/\/thebibleverses.org\/es\/agradecimiento\/\">Vers\u00edculos B\u00edblicos de Agradecimiento<\/a><\/li>\n<\/ul>\n","protected":false},"excerpt":{"rendered":"<p>Vers\u00edculos B\u00edblicos sobre Sanidad F\u00edsica y Liberaci\u00f3n Encuentra esperanza y libertad en los vers\u00edculos b\u00edblicos que hablan sobre la sanidad f\u00edsica y liberaci\u00f3n. Explora las poderosas promesas de Dios para la restauraci\u00f3n del cuerpo y la liberaci\u00f3n de aflicciones. Descubre c\u00f3mo su amor inquebrantable puede traer sanidad a trav\u00e9s de mensajes de curaci\u00f3n divina y [&hellip;]<\/p>\n","protected":false},"author":1,"featured_media":842,"parent":0,"menu_order":0,"comment_status":"open","ping_status":"closed","template":"","meta":{"footnotes":""},"class_list":["post-49","page","type-page","status-publish","has-post-thumbnail","hentry","entry","fw-tab-6 fw-tabr-4"],"_links":{"self":[{"href":"https:\/\/thebibleverses.org\/es\/wp-json\/wp\/v2\/pages\/49","targetHints":{"allow":["GET"]}}],"collection":[{"href":"https:\/\/thebibleverses.org\/es\/wp-json\/wp\/v2\/pages"}],"about":[{"href":"https:\/\/thebibleverses.org\/es\/wp-json\/wp\/v2\/types\/page"}],"author":[{"embeddable":true,"href":"https:\/\/thebibleverses.org\/es\/wp-json\/wp\/v2\/users\/1"}],"replies":[{"embeddable":true,"href":"https:\/\/thebibleverses.org\/es\/wp-json\/wp\/v2\/comments?post=49"}],"version-history":[{"count":0,"href":"https:\/\/thebibleverses.org\/es\/wp-json\/wp\/v2\/pages\/49\/revisions"}],"wp:featuredmedia":[{"embeddable":true,"href":"https:\/\/thebibleverses.org\/es\/wp-json\/wp\/v2\/media\/842"}],"wp:attachment":[{"href":"https:\/\/thebibleverses.org\/es\/wp-json\/wp\/v2\/media?parent=49"}],"curies":[{"name":"wp","href":"https:\/\/api.w.org\/{rel}","templated":true}]}}