{"id":46,"date":"2019-01-19T04:38:55","date_gmt":"2019-01-19T04:38:55","guid":{"rendered":"https:\/\/thebibleverses.org\/es\/?page_id=46"},"modified":"2022-05-13T21:33:30","modified_gmt":"2022-05-13T21:33:30","slug":"amor-de-dios","status":"publish","type":"page","link":"https:\/\/thebibleverses.org\/es\/amor-de-dios\/","title":{"rendered":"30 Vers\u00edculos de la Biblia sobre el Amor de Dios"},"content":{"rendered":"\n<div class=\"wp-block-image\"><figure class=\"aligncenter size-large\"><img loading=\"lazy\" decoding=\"async\" width=\"1024\" height=\"631\" src=\"https:\/\/thebibleverses.org\/es\/wp-content\/uploads\/2022\/05\/Versiculos-Biblicos-de-Amor-de-Dios-1024x631.webp\" alt=\"Vers\u00edculos B\u00edblicos sobre el Amor de Dios\" class=\"wp-image-709\" srcset=\"https:\/\/thebibleverses.org\/es\/wp-content\/uploads\/2022\/05\/Versiculos-Biblicos-de-Amor-de-Dios-1024x631.webp 1024w, https:\/\/thebibleverses.org\/es\/wp-content\/uploads\/2022\/05\/Versiculos-Biblicos-de-Amor-de-Dios-300x185.webp 300w, https:\/\/thebibleverses.org\/es\/wp-content\/uploads\/2022\/05\/Versiculos-Biblicos-de-Amor-de-Dios-768x474.webp 768w, https:\/\/thebibleverses.org\/es\/wp-content\/uploads\/2022\/05\/Versiculos-Biblicos-de-Amor-de-Dios-320x197.webp 320w, https:\/\/thebibleverses.org\/es\/wp-content\/uploads\/2022\/05\/Versiculos-Biblicos-de-Amor-de-Dios-450x278.webp 450w, https:\/\/thebibleverses.org\/es\/wp-content\/uploads\/2022\/05\/Versiculos-Biblicos-de-Amor-de-Dios-720x444.webp 720w, https:\/\/thebibleverses.org\/es\/wp-content\/uploads\/2022\/05\/Versiculos-Biblicos-de-Amor-de-Dios-scaled.webp 644w\" sizes=\"auto, (max-width: 1024px) 100vw, 1024px\" \/><figcaption>Vers\u00edculos B\u00edblicos sobre el Amor de Dios &#8211; Reina Valera Contempor\u00e1nea (RVC).<\/figcaption><\/figure><\/div>\n\n\n\n<h2 class=\"wp-block-heading\">G\u00e9nesis 24:27 <\/h2>\n\n\n\n<p>Bendito sea el Se\u00f1or, el Dios de mi amo Abrah\u00e1n, que no le neg\u00f3 a mi amo su misericordia y su verdad, pues me puso el Se\u00f1or en el camino a la casa de los hermanos de mi amo (Ge 24:27).<\/p>\n\n\n\n<h2 class=\"wp-block-heading\">\u00c9xodo 34:6 <\/h2>\n\n\n\n<p>Luego el Se\u00f1or pas\u00f3 delante de Mois\u00e9s, y proclam\u00f3: \u00a1EL SE\u00d1OR! \u00a1EL SE\u00d1OR! \u00a1Dios misericordioso y clemente! \u00a1Lento para la ira, y grande en misericordia y verdad! (Ex 34:6).<\/p>\n\n\n\n<h2 class=\"wp-block-heading\">Deuteronomio 7:8 <\/h2>\n\n\n\n<p>Es porque el SE\u00d1OR los ama y guarda el juramento que hizo a sus padres, que los ha sacado de Egipto con mano poderosa y los ha rescatado de la casa de esclavitud, de mano del fara\u00f3n, rey de Egipto (Dt 7:8).<\/p>\n\n\n\n<h2 class=\"wp-block-heading\">Deuteronomio 7:9 <\/h2>\n\n\n\n<p>Reconoce, pues, que el SE\u00d1OR tu Dios es Dios: Dios fiel que guarda el pacto y la misericordia para con los que lo aman y guardan sus mandamientos, hasta mil generaciones (Dt 7:9).<\/p>\n\n\n\n<h2 class=\"wp-block-heading\">Deuteronomio 7:12 <\/h2>\n\n\n\n<p>Si despu\u00e9s de o\u00edr estos decretos, los cumples y los pones por obra, el Se\u00f1or tu Dios cumplir\u00e1 contigo el pacto que hizo con tus padres y te mostrar\u00e1 su misericordia (Dt 7:12).<\/p>\n\n\n\n<h2 class=\"wp-block-heading\">Salmos 36:7<\/h2>\n\n\n\n<p>Dios m\u00edo, \u00a1cu\u00e1n preciosa es tu misericordia! \u00a1La humanidad se acoge a la sombra de tus alas! (Sal 36:7).<\/p>\n\n\n\n<h2 class=\"wp-block-heading\">Salmos 48:9 <\/h2>\n\n\n\n<p>Dios nuestro, dentro de tu templo nos acordamos de tu misericordia (Sal 48:9).<\/p>\n\n\n\n<h2 class=\"wp-block-heading\">Salmos 51:1 <\/h2>\n\n\n\n<p>Dios m\u00edo, por tu gran misericordia, \u00a1ten piedad de m\u00ed!; por tu infinita bondad, \u00a1borra mis rebeliones! (Sal 51:1).<\/p>\n\n\n\n<h2 class=\"wp-block-heading\">Salmos 52:8 <\/h2>\n\n\n\n<p>\u00a1Pero m\u00edrenme a m\u00ed! \u00a1Soy como un verde olivo en la casa de Dios, y en su misericordia conf\u00edo ahora y siempre! (Sal 52:8).<\/p>\n\n\n\n<h2 class=\"wp-block-heading\">Salmos 59:10 <\/h2>\n\n\n\n<p>T\u00fa, Dios misericordioso, vienes a mi encuentro para hacerme ver derrotados a mis enemigos (Salmos 59:10).<\/p>\n\n\n\n<h2 class=\"wp-block-heading\">Salmos 66:20 <\/h2>\n\n\n\n<p>\u00a1Bendito sea Dios, que no rechaz\u00f3 mi oraci\u00f3n ni me escatim\u00f3 su misericordia! (Sal 66:20).<\/p>\n\n\n\n<h2 class=\"wp-block-heading\">Salmos 86:5 <\/h2>\n\n\n\n<p>T\u00fa, Se\u00f1or, eres bondadoso y sabes perdonar; \u00a1grande es tu misericordia para los que te invocan! (Sal 86:5).<\/p>\n\n\n\n<h2 class=\"wp-block-heading\">Salmos 136:2 <\/h2>\n\n\n\n<p>Alabemos al Dios de dioses; \u00a1su misericordia permanece para siempre! (Sal 136:2).<\/p>\n\n\n\n<h2 class=\"wp-block-heading\">Daniel 9:4 <\/h2>\n\n\n\n<p>Y \u00e9sta fue mi oraci\u00f3n al Se\u00f1or mi Dios; \u00e9sta fue mi confesi\u00f3n: Se\u00f1or, Dios grande y digno de ser temido, que cumples tu pacto y tu misericordia con los que te aman y cumplen tus mandamientos (Da 9:4).<\/p>\n\n\n\n<h2 class=\"wp-block-heading\">Miqueas 7:18 <\/h2>\n\n\n\n<p>\u00bfQu\u00e9 otro Dios hay como t\u00fa, que perdona la maldad y olvida el pecado del remanente de su pueblo? T\u00fa no guardas el enojo todo el tiempo, porque te deleitas en la misericordia (Mi 7:18).<\/p>\n\n\n\n<h2 class=\"wp-block-heading\">Sofon\u00edas 3:17 <\/h2>\n\n\n\n<p>El Se\u00f1or est\u00e1 en medio de ti, y te salvar\u00e1 con su poder; por ti se regocijar\u00e1 y se alegrar\u00e1; por amor guardar\u00e1 silencio, y con c\u00e1nticos se regocijar\u00e1 por ti (Sof 3:17).<\/p>\n\n\n\n<h2 class=\"wp-block-heading\">Juan 3:16 <\/h2>\n\n\n\n<p>Porque de tal manera am\u00f3 Dios al mundo, que ha dado a su Hijo unig\u00e9nito, para que todo aquel que en \u00e9l cree no se pierda, sino que tenga vida eterna (Jn 3:16).<\/p>\n\n\n\n<h2 class=\"wp-block-heading\">Romanos 5:5 <\/h2>\n\n\n\n<p>Y esta esperanza no nos defrauda, porque Dios ha derramado su amor en nuestro coraz\u00f3n por el Esp\u00edritu Santo que nos ha dado (Ro 5:5).<\/p>\n\n\n\n<h2 class=\"wp-block-heading\">Romanos 5:8 <\/h2>\n\n\n\n<p>Pero Dios muestra su amor por nosotros en que, cuando a\u00fan \u00e9ramos pecadores, Cristo muri\u00f3 por nosotros (Ro 5:8).<\/p>\n\n\n\n<h2 class=\"wp-block-heading\">Romanos 8:39 <\/h2>\n\n\n\n<p>Ni lo alto, ni lo profundo, ni ninguna otra cosa creada nos podr\u00e1 separar del amor que Dios nos ha mostrado en Cristo Jes\u00fas nuestro Se\u00f1or (Ro 8:39).<\/p>\n\n\n\n<h2 class=\"wp-block-heading\">Efesios 2:4 <\/h2>\n\n\n\n<p>Pero Dios, cuya misericordia es abundante, por el gran amor con que nos am\u00f3 (Ef 2:4).<\/p>\n\n\n\n<h2 class=\"wp-block-heading\">2 Tesalonicenses 2:16 <\/h2>\n\n\n\n<p>Que nuestro Se\u00f1or Jesucristo mismo, y nuestro Dios y Padre, que nos am\u00f3 y nos dio consuelo eterno y buena esperanza por gracia (2 Tes 2:16).<\/p>\n\n\n\n<h2 class=\"wp-block-heading\">2 Tesalonicenses 3:5 <\/h2>\n\n\n\n<p>Que el Se\u00f1or encamine el coraz\u00f3n de ustedes al amor de Dios y a la paciencia de Cristo (2 Tes 3:5).<\/p>\n\n\n\n<h2 class=\"wp-block-heading\">1 Juan 3:1 <\/h2>\n\n\n\n<p>Miren cu\u00e1nto nos ama el Padre, que nos ha concedido ser llamados hijos de Dios. Y lo somos. El mundo no nos conoce, porque no lo conoci\u00f3 a \u00e9l (1 Jn 3:1).<\/p>\n\n\n\n<h2 class=\"wp-block-heading\">1 Juan 4:7 <\/h2>\n\n\n\n<p>Amados, am\u00e9monos unos a otros, porque el amor es de Dios. Todo aquel que ama, ha nacido de Dios y conoce a Dios (1 Jn 4:7).<\/p>\n\n\n\n<h2 class=\"wp-block-heading\">1 Juan 4:8 <\/h2>\n\n\n\n<p>El que no ama, no ha conocido a Dios, porque Dios es amor (1 Jn 4:8).<\/p>\n\n\n\n<h2 class=\"wp-block-heading\">1 Juan 4:10 <\/h2>\n\n\n\n<p>En esto consiste el amor: no en que nosotros hayamos amado a Dios, sino en que \u00e9l nos am\u00f3 a nosotros, y envi\u00f3 a su Hijo en propiciaci\u00f3n por nuestros pecados (1 Jn 4:10).<\/p>\n\n\n\n<h2 class=\"wp-block-heading\">1 Juan 4:12 <\/h2>\n\n\n\n<p>Nadie ha visto jam\u00e1s a Dios. Si nos amamos unos a otros, Dios permanece en nosotros, y su amor se perfecciona en nosotros (1 Jn 4:12).<\/p>\n\n\n\n<h2 class=\"wp-block-heading\">1 Juan 4:16 <\/h2>\n\n\n\n<p>Y nosotros hemos conocido y cre\u00eddo el amor que Dios tiene para con nosotros. Dios es amor; y el que permanece en amor, permanece en Dios, y Dios en \u00e9l (1 Jn 4:16).<\/p>\n\n\n\n<h2 class=\"wp-block-heading\">1 Juan 5:3 <\/h2>\n\n\n\n<p>Pues \u00e9ste es el amor a Dios: que obedezcamos sus mandamientos. Y sus mandamientos no son dif\u00edciles de cumplir (1 Jn 5:3).<\/p>\n\n\n\n<h2 class=\"wp-block-heading\">Lee Tambi\u00e9n:<\/h2>\n\n\n\n<ul class=\"wp-block-list\"><li><a href=\"https:\/\/thebibleverses.org\/es\/\">Vers\u00edculos por Tema<\/a><\/li><li><a href=\"https:\/\/thebibleverses.org\/es\/amor\/\">Vers\u00edculos B\u00edblicos sobre el Amor<\/a><\/li><li><a href=\"https:\/\/thebibleverses.org\/es\/fortaleza\/\">Vers\u00edculos B\u00edblicos de Fortaleza<\/a><\/li><li><a href=\"https:\/\/thebibleverses.org\/es\/fe\/\">Vers\u00edculos B\u00edblicos sobre la Fe<\/a><\/li><li><a href=\"https:\/\/thebibleverses.org\/es\/jovenes\/\">Vers\u00edculos B\u00edblicos para J\u00f3venes<\/a><\/li><li><a href=\"https:\/\/thebibleverses.org\/es\/amistad\/\">Vers\u00edculos B\u00edblicos sobre la Amistad<\/a><\/li><li><a href=\"https:\/\/thebibleverses.org\/es\/sanidad\/\">Vers\u00edculos B\u00edblicos sobre Sanidad<\/a><\/li><\/ul>\n","protected":false},"excerpt":{"rendered":"<p>G\u00e9nesis 24:27 Bendito sea el Se\u00f1or, el Dios de mi amo Abrah\u00e1n, que no le neg\u00f3 a mi amo su misericordia y su verdad, pues me puso el Se\u00f1or en el camino a la casa de los hermanos de mi amo (Ge 24:27). \u00c9xodo 34:6 Luego el Se\u00f1or pas\u00f3 delante de Mois\u00e9s, y proclam\u00f3: \u00a1EL [&hellip;]<\/p>\n","protected":false},"author":1,"featured_media":709,"parent":0,"menu_order":0,"comment_status":"open","ping_status":"closed","template":"","meta":{"footnotes":""},"class_list":["post-46","page","type-page","status-publish","has-post-thumbnail","hentry","entry","fw-tab-6 fw-tabr-4"],"_links":{"self":[{"href":"https:\/\/thebibleverses.org\/es\/wp-json\/wp\/v2\/pages\/46","targetHints":{"allow":["GET"]}}],"collection":[{"href":"https:\/\/thebibleverses.org\/es\/wp-json\/wp\/v2\/pages"}],"about":[{"href":"https:\/\/thebibleverses.org\/es\/wp-json\/wp\/v2\/types\/page"}],"author":[{"embeddable":true,"href":"https:\/\/thebibleverses.org\/es\/wp-json\/wp\/v2\/users\/1"}],"replies":[{"embeddable":true,"href":"https:\/\/thebibleverses.org\/es\/wp-json\/wp\/v2\/comments?post=46"}],"version-history":[{"count":0,"href":"https:\/\/thebibleverses.org\/es\/wp-json\/wp\/v2\/pages\/46\/revisions"}],"wp:featuredmedia":[{"embeddable":true,"href":"https:\/\/thebibleverses.org\/es\/wp-json\/wp\/v2\/media\/709"}],"wp:attachment":[{"href":"https:\/\/thebibleverses.org\/es\/wp-json\/wp\/v2\/media?parent=46"}],"curies":[{"name":"wp","href":"https:\/\/api.w.org\/{rel}","templated":true}]}}