{"id":446,"date":"2020-03-27T22:49:33","date_gmt":"2020-03-27T22:49:33","guid":{"rendered":"https:\/\/thebibleverses.org\/es\/?page_id=446"},"modified":"2022-05-17T01:34:41","modified_gmt":"2022-05-17T01:34:41","slug":"primicias","status":"publish","type":"page","link":"https:\/\/thebibleverses.org\/es\/primicias\/","title":{"rendered":"10 Vers\u00edculos de la Biblia sobre Primicias"},"content":{"rendered":"\n<div class=\"wp-block-image\"><figure class=\"aligncenter size-large\"><img loading=\"lazy\" decoding=\"async\" width=\"1024\" height=\"631\" src=\"https:\/\/thebibleverses.org\/es\/wp-content\/uploads\/2022\/05\/Versiculos-Biblicos-sobre-Primicias-1024x631.webp\" alt=\"Vers\u00edculos B\u00edblicos sobre Las Primicias\" class=\"wp-image-815\" srcset=\"https:\/\/thebibleverses.org\/es\/wp-content\/uploads\/2022\/05\/Versiculos-Biblicos-sobre-Primicias-1024x631.webp 1024w, https:\/\/thebibleverses.org\/es\/wp-content\/uploads\/2022\/05\/Versiculos-Biblicos-sobre-Primicias-300x185.webp 300w, https:\/\/thebibleverses.org\/es\/wp-content\/uploads\/2022\/05\/Versiculos-Biblicos-sobre-Primicias-768x474.webp 768w, https:\/\/thebibleverses.org\/es\/wp-content\/uploads\/2022\/05\/Versiculos-Biblicos-sobre-Primicias-320x197.webp 320w, https:\/\/thebibleverses.org\/es\/wp-content\/uploads\/2022\/05\/Versiculos-Biblicos-sobre-Primicias-450x278.webp 450w, https:\/\/thebibleverses.org\/es\/wp-content\/uploads\/2022\/05\/Versiculos-Biblicos-sobre-Primicias-720x444.webp 720w, https:\/\/thebibleverses.org\/es\/wp-content\/uploads\/2022\/05\/Versiculos-Biblicos-sobre-Primicias-scaled.webp 644w\" sizes=\"auto, (max-width: 1024px) 100vw, 1024px\" \/><figcaption>Vers\u00edculos B\u00edblicos sobre Las Primicias &#8211; Reina Valera Contempor\u00e1nea (RVC).<\/figcaption><\/figure><\/div>\n\n\n\n<h2 class=\"wp-block-heading\">G\u00e9nesis 4:4 <\/h2>\n\n\n\n<p>Y Abel tambi\u00e9n llev\u00f3 algunos de los primog\u00e9nitos de sus ovejas, de los mejores entre ellas. Y el Se\u00f1or mir\u00f3 con agrado a Abel y a su ofrenda (G\u00e9 4:4).<\/p>\n\n\n\n<h2 class=\"wp-block-heading\">\u00c9xodo 13:2 <\/h2>\n\n\n\n<p>Cons\u00e1grame todo primog\u00e9nito. Todo el que abra matriz entre los hijos de Israel, lo mismo de los hombres como de los animales, me pertenece (\u00c9x 13:2).<\/p>\n\n\n\n<h2 class=\"wp-block-heading\">\u00c9xodo 22:29 <\/h2>\n\n\n\n<p>No retendr\u00e1s las primicias de tu cosecha ni de tu lagar. Me dar\u00e1s tu hijo primog\u00e9nito (\u00c9x 22:29).<\/p>\n\n\n\n<h2 class=\"wp-block-heading\">\u00c9xodo 23:19a<\/h2>\n\n\n\n<p>Traer\u00e1s a la casa del Se\u00f1or tu Dios los primeros frutos de tu tierra (\u00c9x 23:19).<\/p>\n\n\n\n<h2 class=\"wp-block-heading\">N\u00fameros 3:13 <\/h2>\n\n\n\n<p>De hecho, todo primog\u00e9nito es m\u00edo. Desde el d\u00eda en que les quit\u00e9 la vida a todos los primog\u00e9nitos egipcios, consagr\u00e9 para m\u00ed a todos los primog\u00e9nitos en Israel, y son m\u00edos, lo mismo hombres que animales. Yo soy el Se\u00f1or (N\u00fa 3:13).<\/p>\n\n\n\n<h2 class=\"wp-block-heading\">Deuteronomio 18:3-5 <\/h2>\n\n\n\n<p>A lo que tendr\u00e1n derecho los sacerdotes, por parte del pueblo, es a los bueyes o corderos que se ofrezcan en sacrificio, de los cuales se les dar\u00e1 la espaldilla, las quijadas y el cuajar. Tambi\u00e9n les dar\u00e1s las primicias de tu grano, de tu vino y de tu aceite, y las primicias de la lana de tus ovejas. El Se\u00f1or tu Dios los ha escogido de entre todas tus tribus, para que \u00e9l y sus hijos est\u00e9n siempre atentos a servir en su nombre (Dt 18:3-5).<\/p>\n\n\n\n<h2 class=\"wp-block-heading\">Nehem\u00edas 10:35 <\/h2>\n\n\n\n<p>Tambi\u00e9n nos comprometimos a llevar al templo, cada a\u00f1o, los primeros frutos de nuestras cosechas y de nuestros \u00e1rboles frutales (Neh 10:35).<\/p>\n\n\n\n<h2 class=\"wp-block-heading\">Proverbios 3:9-10 <\/h2>\n\n\n\n<p>Honra al Se\u00f1or con tus bienes y con las primicias de tus cosechas. Tus graneros se saturar\u00e1n de trigo, y tus lagares rebosar\u00e1n de vino (Pr 3:9-10).<\/p>\n\n\n\n<h2 class=\"wp-block-heading\">1 Corintios 15:20 <\/h2>\n\n\n\n<p>pero el hecho es que Cristo ha resucitado de entre los muertos, como primicias de los que murieron (1 Co 15:20).<\/p>\n\n\n\n<h2 class=\"wp-block-heading\">Santiago 1:18 <\/h2>\n\n\n\n<p>Por su propia voluntad, \u00e9l nos hizo nacer por la palabra de verdad para que fu\u00e9ramos como primicias de sus criaturas (Stg 1:18).<\/p>\n\n\n\n<h2 class=\"wp-block-heading\">Lee Tambi\u00e9n:<\/h2>\n\n\n\n<ul class=\"wp-block-list\"><li><a href=\"https:\/\/thebibleverses.org\/es\/\">Vers\u00edculos por Tema<\/a><\/li><li><a href=\"https:\/\/thebibleverses.org\/es\/amor\/\">Vers\u00edculos B\u00edblicos sobre el Amor<\/a><\/li><li><a href=\"https:\/\/thebibleverses.org\/es\/fortaleza\/\">Vers\u00edculos B\u00edblicos de Fortaleza<\/a><\/li><li><a href=\"https:\/\/thebibleverses.org\/es\/fe\/\">Vers\u00edculos B\u00edblicos sobre la Fe<\/a><\/li><li><a href=\"https:\/\/thebibleverses.org\/es\/jovenes\/\">Vers\u00edculos B\u00edblicos para J\u00f3venes<\/a><\/li><li><a href=\"https:\/\/thebibleverses.org\/es\/amistad\/\">Vers\u00edculos B\u00edblicos sobre la Amistad<\/a><\/li><li><a href=\"https:\/\/thebibleverses.org\/es\/sanidad\/\">Vers\u00edculos B\u00edblicos sobre Sanidad<\/a><\/li><\/ul>\n","protected":false},"excerpt":{"rendered":"<p>G\u00e9nesis 4:4 Y Abel tambi\u00e9n llev\u00f3 algunos de los primog\u00e9nitos de sus ovejas, de los mejores entre ellas. Y el Se\u00f1or mir\u00f3 con agrado a Abel y a su ofrenda (G\u00e9 4:4). \u00c9xodo 13:2 Cons\u00e1grame todo primog\u00e9nito. Todo el que abra matriz entre los hijos de Israel, lo mismo de los hombres como de los [&hellip;]<\/p>\n","protected":false},"author":1,"featured_media":815,"parent":0,"menu_order":0,"comment_status":"open","ping_status":"closed","template":"","meta":{"footnotes":""},"class_list":["post-446","page","type-page","status-publish","has-post-thumbnail","hentry","entry","fw-tab-6 fw-tabr-4"],"_links":{"self":[{"href":"https:\/\/thebibleverses.org\/es\/wp-json\/wp\/v2\/pages\/446","targetHints":{"allow":["GET"]}}],"collection":[{"href":"https:\/\/thebibleverses.org\/es\/wp-json\/wp\/v2\/pages"}],"about":[{"href":"https:\/\/thebibleverses.org\/es\/wp-json\/wp\/v2\/types\/page"}],"author":[{"embeddable":true,"href":"https:\/\/thebibleverses.org\/es\/wp-json\/wp\/v2\/users\/1"}],"replies":[{"embeddable":true,"href":"https:\/\/thebibleverses.org\/es\/wp-json\/wp\/v2\/comments?post=446"}],"version-history":[{"count":0,"href":"https:\/\/thebibleverses.org\/es\/wp-json\/wp\/v2\/pages\/446\/revisions"}],"wp:featuredmedia":[{"embeddable":true,"href":"https:\/\/thebibleverses.org\/es\/wp-json\/wp\/v2\/media\/815"}],"wp:attachment":[{"href":"https:\/\/thebibleverses.org\/es\/wp-json\/wp\/v2\/media?parent=446"}],"curies":[{"name":"wp","href":"https:\/\/api.w.org\/{rel}","templated":true}]}}