{"id":440,"date":"2020-03-12T23:09:40","date_gmt":"2020-03-12T23:09:40","guid":{"rendered":"https:\/\/thebibleverses.org\/es\/?page_id=440"},"modified":"2022-05-15T22:15:35","modified_gmt":"2022-05-15T22:15:35","slug":"ofrenda","status":"publish","type":"page","link":"https:\/\/thebibleverses.org\/es\/ofrenda\/","title":{"rendered":"20 Vers\u00edculos B\u00edblicos sobre La Ofrenda"},"content":{"rendered":"\n<div class=\"wp-block-image\"><figure class=\"aligncenter size-large\"><img loading=\"lazy\" decoding=\"async\" width=\"1024\" height=\"631\" src=\"https:\/\/thebibleverses.org\/es\/wp-content\/uploads\/2022\/05\/Versiculos-Biblicos-sobre-la-Ofrenda-1024x631.webp\" alt=\"Vers\u00edculos B\u00edblicos sobre La Ofrenda\" class=\"wp-image-784\" srcset=\"https:\/\/thebibleverses.org\/es\/wp-content\/uploads\/2022\/05\/Versiculos-Biblicos-sobre-la-Ofrenda-1024x631.webp 1024w, https:\/\/thebibleverses.org\/es\/wp-content\/uploads\/2022\/05\/Versiculos-Biblicos-sobre-la-Ofrenda-300x185.webp 300w, https:\/\/thebibleverses.org\/es\/wp-content\/uploads\/2022\/05\/Versiculos-Biblicos-sobre-la-Ofrenda-768x474.webp 768w, https:\/\/thebibleverses.org\/es\/wp-content\/uploads\/2022\/05\/Versiculos-Biblicos-sobre-la-Ofrenda-320x197.webp 320w, https:\/\/thebibleverses.org\/es\/wp-content\/uploads\/2022\/05\/Versiculos-Biblicos-sobre-la-Ofrenda-450x278.webp 450w, https:\/\/thebibleverses.org\/es\/wp-content\/uploads\/2022\/05\/Versiculos-Biblicos-sobre-la-Ofrenda-720x444.webp 720w, https:\/\/thebibleverses.org\/es\/wp-content\/uploads\/2022\/05\/Versiculos-Biblicos-sobre-la-Ofrenda-scaled.webp 644w\" sizes=\"auto, (max-width: 1024px) 100vw, 1024px\" \/><figcaption>Vers\u00edculos B\u00edblicos sobre La Ofrenda &#8211; Reina Valera Contempor\u00e1nea (RVC).<\/figcaption><\/figure><\/div>\n\n\n\n<h2 class=\"wp-block-heading\">G\u00e9nesis 4:3-5 <\/h2>\n\n\n\n<p>Andando el tiempo, sucedi\u00f3 que Ca\u00edn llev\u00f3 al Se\u00f1or una ofrenda del fruto de la tierra. Y Abel tambi\u00e9n llev\u00f3 algunos de los primog\u00e9nitos de sus ovejas, de los mejores entre ellas. Y el Se\u00f1or mir\u00f3 con agrado a Abel y a su ofrenda, pero no mir\u00f3 con agrado a Ca\u00edn ni a su ofrenda. Y Ca\u00edn se enoj\u00f3 mucho, y decay\u00f3 su semblante (G\u00e9 4:3-5).<\/p>\n\n\n\n<h2 class=\"wp-block-heading\">\u00c9xodo 25:2-7<\/h2>\n\n\n\n<p>Diles a los hijos de Israel que tomen una ofrenda para m\u00ed. La tomar\u00e1n de todo aquel que de voluntad y de coraz\u00f3n quiera darla. La ofrenda que recibir\u00e1n de ellos es la siguiente: oro, plata, cobre, azul, p\u00farpura, carmes\u00ed, lino fino, pelo de cabra, piel de carnero te\u00f1ida de rojo, piel de delf\u00edn, madera de acacia, aceite para las l\u00e1mparas, especias para el aceite de la unci\u00f3n y para el incienso arom\u00e1tico, piedras de \u00f3nice, y piedras de engaste para el efod y para el pectoral. (\u00c9x 25:2-7).<\/p>\n\n\n\n<h2 class=\"wp-block-heading\">Lev\u00edtico 19:5 <\/h2>\n\n\n\n<p>Cuando ustedes me ofrezcan como sacrificio una ofrenda de paz, ofr\u00e9zcanlo de tal manera que yo lo acepte (Lev 19:5).<\/p>\n\n\n\n<h2 class=\"wp-block-heading\">N\u00fameros 18:28 <\/h2>\n\n\n\n<p>As\u00ed que tambi\u00e9n ustedes me presentar\u00e1n una ofrenda de todos los diezmos que reciban de los hijos de Israel. De esos diezmos dar\u00e1n al sacerdote Aar\u00f3n la ofrenda que me corresponde (N\u00fam 18:28).<\/p>\n\n\n\n<h2 class=\"wp-block-heading\">Deuteronomio 16:10 <\/h2>\n\n\n\n<p>Para celebrar la fiesta solemne de las semanas en honor del Se\u00f1or tu Dios. Las ofrendas que presentes ser\u00e1n voluntarias, en la medida en que el Se\u00f1or tu Dios te haya bendecido (Dt 16:10).<\/p>\n\n\n\n<h2 class=\"wp-block-heading\">Deuteronomio 23:23 <\/h2>\n\n\n\n<p>Toda promesa que salga de tus labios deber\u00e1s cumplirla. Tal y como lo prometiste al Se\u00f1or tu Dios, cumplir\u00e1s con la ofrenda voluntaria que hiciste con tu propia boca.<\/p>\n\n\n\n<h2 class=\"wp-block-heading\">1 Cr\u00f3nicas 16:29 <\/h2>\n\n\n\n<p>\u00a1Tributen al Se\u00f1or la honra que merece su nombre! \u00a1Traigan sus ofrendas, y vengan a su presencia! \u00a1Adoren al Se\u00f1or en la hermosura de la santidad! (1 Cr\u00f3 16:29).<\/p>\n\n\n\n<h2 class=\"wp-block-heading\">1 Cr\u00f3nicas 29:1-5<\/h2>\n\n\n\n<p>El rey David le dijo a toda la asamblea: Dios ha escogido a mi hijo Salom\u00f3n, pero \u00e9l es todav\u00eda un ni\u00f1o tierno de edad, y la obra es demasiado grande. Esta casa no es para un hombre, sino para Dios el Se\u00f1or. Con todas mis fuerzas yo he preparado todo para la casa de mi Dios: oro para los objetos de oro, plata para los objetos de plata, bronce para los de bronce, hierro para los de hierro, y madera para los de madera; adem\u00e1s, piedras de \u00f3nice, piedras preciosas, piedras negras, piedras de diversos colores, toda clase de piedras preciosas, y piedras de m\u00e1rmol en abundancia. Adem\u00e1s de todo lo que he preparado para la casa del santuario, es tan grande mi afecto por la casa de mi Dios que, en mi tesoro particular, tengo guardado oro y plata, y lo voy a dar para la casa de mi Dios: cien mil kilos de oro, de oro de Ofir, y treinta mil kilos de plata refinada para recubrir las paredes de los edificios; oro para los objetos de oro, y plata para los objetos de plata y para toda obra que deban hacer los art\u00edfices. \u00bfQui\u00e9n m\u00e1s quiere presentar hoy una ofrenda voluntaria al Se\u00f1or? (1 Cr\u00f3 29:1-5).<\/p>\n\n\n\n<h2 class=\"wp-block-heading\">2 Cr\u00f3nicas 24:9-10 <\/h2>\n\n\n\n<p>Adem\u00e1s, mand\u00f3 pregonar por todo Jud\u00e1 y Jerusal\u00e9n que se presentara al Se\u00f1or la ofrenda que Mois\u00e9s, el siervo de Dios, hab\u00eda impuesto a Israel en el desierto. Con mucha alegr\u00eda, todos los jefes y todo el pueblo llegaron con sus ofrendas y las echaron en el cofre, hasta llenarlo (2 Cr\u00f3 24:9-10).<\/p>\n\n\n\n<h2 class=\"wp-block-heading\">2 Cr\u00f3nicas 31:14 <\/h2>\n\n\n\n<p>El levita Cor\u00e9 hijo de Imna qued\u00f3 a cargo de la puerta oriental, de las ofrendas voluntarias para Dios, de la distribuci\u00f3n de las ofrendas dedicadas al Se\u00f1or, y de los objetos consagrados (2 Cr 31:14).<\/p>\n\n\n\n<h2 class=\"wp-block-heading\">Esdras 1:4 <\/h2>\n\n\n\n<p>Todos los que se queden, sea cual sea el lugar donde residan, ayuden a los que se van y denles oro, plata, ganado y cualquier otro apoyo que puedan darles, adem\u00e1s de las ofrendas voluntarias para el templo del Se\u00f1or, que est\u00e1 en Jerusal\u00e9n (Esd 1:4).<\/p>\n\n\n\n<h2 class=\"wp-block-heading\">Esdras 7:16 <\/h2>\n\n\n\n<p>Llevar\u00e1s tambi\u00e9n toda la plata y el oro que logres recaudar en toda la provincia de Babilonia, lo mismo que las ofrendas voluntarias del pueblo y de los sacerdotes para el templo de Dios en Jerusal\u00e9n (Esd 7:16).<\/p>\n\n\n\n<h2 class=\"wp-block-heading\">Esdras 8:28 <\/h2>\n\n\n\n<p>Ustedes han sido consagrados para el servicio del Se\u00f1or, y los utensilios, la plata y el oro, tambi\u00e9n han sido consagrados como ofrenda voluntaria al Se\u00f1or, Dios de nuestros antepasados (Esd 8:28).<\/p>\n\n\n\n<h2 class=\"wp-block-heading\">Salmos 76:11 <\/h2>\n\n\n\n<p>\u00a1Cumplamos a Dios el Se\u00f1or nuestras promesas! Todos los que rodean al Dios temible, \u00a1tr\u00e1iganle ofrendas! (Sal 76:11).<\/p>\n\n\n\n<h2 class=\"wp-block-heading\">Salmos 96:8 <\/h2>\n\n\n\n<p>\u00a1Tributen al Se\u00f1or la honra que merece su nombre! \u00a1Traigan sus ofrendas, y vengan a sus atrios! (Sal 96:8).<\/p>\n\n\n\n<h2 class=\"wp-block-heading\">Proverbios 3:9-10 <\/h2>\n\n\n\n<p>Honra al Se\u00f1or con tus bienes y con las primicias de tus cosechas. Tus graneros se saturar\u00e1n de trigo, y tus lagares rebosar\u00e1n de vino (Pr 3:9-10).<\/p>\n\n\n\n<h2 class=\"wp-block-heading\">Malaqu\u00edas 3:8<\/h2>\n\n\n\n<p>\u00bfHabr\u00e1 quien pueda robarle a Dios? \u00a1Pues ustedes me han robado! Y sin embargo, dicen: \u201c\u00bfC\u00f3mo est\u00e1 eso de que te hemos robado?\u201d \u00a1Pues me han robado en sus diezmos y ofrendas! (Mal 3:8).<\/p>\n\n\n\n<h2 class=\"wp-block-heading\">Mateo 5:23-24 <\/h2>\n\n\n\n<p>Por tanto, si traes tu ofrenda al altar, y all\u00ed te acuerdas de que tu hermano tiene algo contra ti, deja all\u00ed tu ofrenda delante del altar, y ve y reconc\u00edliate primero con tu hermano, y despu\u00e9s de eso vuelve y presenta tu ofrenda (Mt 5:23-24).<\/p>\n\n\n\n<h2 class=\"wp-block-heading\">Marcos 12:41-44 <\/h2>\n\n\n\n<p>Jes\u00fas estaba sentado frente al arca de las ofrendas, y miraba c\u00f3mo la gente echaba sus monedas en el arca. Muchos ricos echaban mucho, pero una viuda pobre lleg\u00f3 y ech\u00f3 dos moneditas de muy poco valor. Entonces Jes\u00fas llam\u00f3 a sus disc\u00edpulos y les dijo: De cierto les digo que esta viuda pobre ech\u00f3 m\u00e1s que todos los que han echado en el arca, porque todos han echado de lo que les sobra, pero \u00e9sta, de su pobreza ech\u00f3 todo lo que ten\u00eda, \u00a1todo su sustento! (Mr 12:41-44).<\/p>\n\n\n\n<h2 class=\"wp-block-heading\">2 Corintios 9:7 <\/h2>\n\n\n\n<p>Cada uno debe dar seg\u00fan se lo haya propuesto en su coraz\u00f3n, y no debe dar con tristeza, ni por necesidad, porque Dios ama a quien da con alegr\u00eda (2 Co 9:7).<\/p>\n\n\n\n<h2 class=\"wp-block-heading\">Lee Tambi\u00e9n:<\/h2>\n\n\n\n<ul class=\"wp-block-list\"><li><a href=\"https:\/\/thebibleverses.org\/es\/\">Vers\u00edculos por Tema<\/a><\/li><li><a href=\"https:\/\/thebibleverses.org\/es\/amor\/\">Vers\u00edculos B\u00edblicos sobre el Amor<\/a><\/li><li><a href=\"https:\/\/thebibleverses.org\/es\/fortaleza\/\">Vers\u00edculos B\u00edblicos de Fortaleza<\/a><\/li><li><a href=\"https:\/\/thebibleverses.org\/es\/fe\/\">Vers\u00edculos B\u00edblicos sobre la Fe<\/a><\/li><li><a href=\"https:\/\/thebibleverses.org\/es\/jovenes\/\">Vers\u00edculos B\u00edblicos para J\u00f3venes<\/a><\/li><li><a href=\"https:\/\/thebibleverses.org\/es\/amistad\/\">Vers\u00edculos B\u00edblicos sobre la Amistad<\/a><\/li><li><a href=\"https:\/\/thebibleverses.org\/es\/sanidad\/\">Vers\u00edculos B\u00edblicos sobre Sanidad<\/a><\/li><\/ul>\n","protected":false},"excerpt":{"rendered":"<p>G\u00e9nesis 4:3-5 Andando el tiempo, sucedi\u00f3 que Ca\u00edn llev\u00f3 al Se\u00f1or una ofrenda del fruto de la tierra. Y Abel tambi\u00e9n llev\u00f3 algunos de los primog\u00e9nitos de sus ovejas, de los mejores entre ellas. Y el Se\u00f1or mir\u00f3 con agrado a Abel y a su ofrenda, pero no mir\u00f3 con agrado a Ca\u00edn ni a [&hellip;]<\/p>\n","protected":false},"author":1,"featured_media":784,"parent":0,"menu_order":0,"comment_status":"open","ping_status":"closed","template":"","meta":{"footnotes":""},"class_list":["post-440","page","type-page","status-publish","has-post-thumbnail","hentry","entry","fw-tab-6 fw-tabr-4"],"_links":{"self":[{"href":"https:\/\/thebibleverses.org\/es\/wp-json\/wp\/v2\/pages\/440","targetHints":{"allow":["GET"]}}],"collection":[{"href":"https:\/\/thebibleverses.org\/es\/wp-json\/wp\/v2\/pages"}],"about":[{"href":"https:\/\/thebibleverses.org\/es\/wp-json\/wp\/v2\/types\/page"}],"author":[{"embeddable":true,"href":"https:\/\/thebibleverses.org\/es\/wp-json\/wp\/v2\/users\/1"}],"replies":[{"embeddable":true,"href":"https:\/\/thebibleverses.org\/es\/wp-json\/wp\/v2\/comments?post=440"}],"version-history":[{"count":0,"href":"https:\/\/thebibleverses.org\/es\/wp-json\/wp\/v2\/pages\/440\/revisions"}],"wp:featuredmedia":[{"embeddable":true,"href":"https:\/\/thebibleverses.org\/es\/wp-json\/wp\/v2\/media\/784"}],"wp:attachment":[{"href":"https:\/\/thebibleverses.org\/es\/wp-json\/wp\/v2\/media?parent=440"}],"curies":[{"name":"wp","href":"https:\/\/api.w.org\/{rel}","templated":true}]}}