{"id":433,"date":"2020-03-11T20:28:05","date_gmt":"2020-03-11T20:28:05","guid":{"rendered":"https:\/\/thebibleverses.org\/es\/?page_id=433"},"modified":"2022-05-13T21:55:46","modified_gmt":"2022-05-13T21:55:46","slug":"diezmo","status":"publish","type":"page","link":"https:\/\/thebibleverses.org\/es\/diezmo\/","title":{"rendered":"15 Vers\u00edculos de la Biblia sobre el Diezmo"},"content":{"rendered":"\n<div class=\"wp-block-image\"><figure class=\"aligncenter size-large\"><img loading=\"lazy\" decoding=\"async\" width=\"1024\" height=\"631\" src=\"https:\/\/thebibleverses.org\/es\/wp-content\/uploads\/2022\/05\/Versiculos-Biblicos-sobre-el-Diezmo-1024x631.webp\" alt=\"Vers\u00edculos B\u00edblicos sobre el Diezmo \" class=\"wp-image-734\" srcset=\"https:\/\/thebibleverses.org\/es\/wp-content\/uploads\/2022\/05\/Versiculos-Biblicos-sobre-el-Diezmo-1024x631.webp 1024w, https:\/\/thebibleverses.org\/es\/wp-content\/uploads\/2022\/05\/Versiculos-Biblicos-sobre-el-Diezmo-300x185.webp 300w, https:\/\/thebibleverses.org\/es\/wp-content\/uploads\/2022\/05\/Versiculos-Biblicos-sobre-el-Diezmo-768x474.webp 768w, https:\/\/thebibleverses.org\/es\/wp-content\/uploads\/2022\/05\/Versiculos-Biblicos-sobre-el-Diezmo-320x197.webp 320w, https:\/\/thebibleverses.org\/es\/wp-content\/uploads\/2022\/05\/Versiculos-Biblicos-sobre-el-Diezmo-450x278.webp 450w, https:\/\/thebibleverses.org\/es\/wp-content\/uploads\/2022\/05\/Versiculos-Biblicos-sobre-el-Diezmo-720x444.webp 720w, https:\/\/thebibleverses.org\/es\/wp-content\/uploads\/2022\/05\/Versiculos-Biblicos-sobre-el-Diezmo-scaled.webp 644w\" sizes=\"auto, (max-width: 1024px) 100vw, 1024px\" \/><figcaption>Vers\u00edculos B\u00edblicos sobre el Diezmo &#8211; Reina Valera Contempor\u00e1nea (RVC).<\/figcaption><\/figure><\/div>\n\n\n\n<h2 class=\"wp-block-heading\">G\u00e9nesis 14:20 <\/h2>\n\n\n\n<p>Bendito sea el Dios Alt\u00edsimo, que entreg\u00f3 a tus enemigos en tus manos. Y Abram le dio a \u00e9l el diezmo de todo (G\u00e9 14:20).<\/p>\n\n\n\n<h2 class=\"wp-block-heading\">G\u00e9nesis 28:22 <\/h2>\n\n\n\n<p>Esta piedra, que he levantado como pilar, ser\u00e1 casa de Dios; y de todo lo que me des, apartar\u00e9 el diezmo para ti (G\u00e9 28:22).<\/p>\n\n\n\n<h2 class=\"wp-block-heading\">Lev\u00edtico 27:30 <\/h2>\n\n\n\n<p>El diezmo de la tierra es del Se\u00f1or, lo mismo de la simiente de la tierra como del fruto de los \u00e1rboles. Se trata de una ofrenda consagrada al Se\u00f1or (Lev 27:30).<\/p>\n\n\n\n<h2 class=\"wp-block-heading\">Lev\u00edtico 27:31 <\/h2>\n\n\n\n<p>Si alguien quiere rescatar algo del diezmo, deber\u00e1 para ello a\u00f1adir la quinta parte de su valor (Lev 27:31).<\/p>\n\n\n\n<h2 class=\"wp-block-heading\">N\u00fameros 18:21 <\/h2>\n\n\n\n<p>A los hijos de Lev\u00ed les he dado como herencia, por su ministerio, todos los diezmos de Israel, ya que ellos sirven en el ministerio del tabern\u00e1culo de reuni\u00f3n (N\u00fa 18:21).<\/p>\n\n\n\n<h2 class=\"wp-block-heading\">Deuteronomio 14:28-29 <\/h2>\n\n\n\n<p>Cada tres a\u00f1os cumplidos sacar\u00e1s todo el diezmo de tus productos de aquel a\u00f1o, y lo almacenar\u00e1s en tus ciudades. Como los levitas no comparten contigo ninguna propiedad, podr\u00e1n entonces venir y comer hasta quedar satisfechos, lo mismo que los extranjeros, los hu\u00e9rfanos y las viudas que haya en tus ciudades. As\u00ed el Se\u00f1or tu Dios te bendecir\u00e1 en todo lo que hagas (Dt 14:28-29).<\/p>\n\n\n\n<h2 class=\"wp-block-heading\">Deuteronomio 26:12 <\/h2>\n\n\n\n<p>Cuando en el a\u00f1o tercero, que es el a\u00f1o del diezmo, hayas apartado la d\u00e9cima parte de tus frutos, la repartir\u00e1s entre los levitas, extranjeros, hu\u00e9rfanos y viudas que haya en tus aldeas, para que coman hasta quedar satisfechos (Dt 26:12).<\/p>\n\n\n\n<h2 class=\"wp-block-heading\">2 Cr\u00f3nicas 31:5-6 <\/h2>\n\n\n\n<p>Cuando este edicto fue divulgado, los israelitas dieron muchas primicias de grano, vino, aceite y miel, y de todos los frutos de la tierra; y llevaron igualmente abundantes diezmos de todas las cosas. Tambi\u00e9n los israelitas y los habitantes de las ciudades de Jud\u00e1 dieron los diezmos de las vacas y de las ovejas, y presentaron los diezmos de lo santificado y de todo lo que hab\u00edan prometido al Se\u00f1or su Dios, y los depositaron en montones (2 Cr\u00f3 31:5-6).<\/p>\n\n\n\n<h2 class=\"wp-block-heading\">Nehem\u00edas 10:38-39 <\/h2>\n\n\n\n<p>Al momento de hacer la entrega a los levitas, un sacerdote descendiente de Aar\u00f3n deber\u00eda estar presente, y los levitas a su vez llevar\u00edan a los almacenes del templo la d\u00e9cima parte de esa d\u00e9cima parte recibida. Como es obligaci\u00f3n de todos los israelitas y los levitas llevar a los almacenes del templo las ofrendas de grano, vino y aceite, porque all\u00ed est\u00e1n los utensilios sagrados que usan los sacerdotes, los porteros y los cantores, nos comprometimos a no abandonar el templo de nuestro Dios (Neh 10:38-39).<\/p>\n\n\n\n<h2 class=\"wp-block-heading\">Nehem\u00edas 12:44 <\/h2>\n\n\n\n<p>Aquel d\u00eda varios hombres fueron elegidos para encargarse de los almacenes del templo, de las ofrendas, las primicias y los diezmos, y para que, de lo que llegaba de las diferentes ciudades, recogieran las porciones que les correspond\u00edan a los sacerdotes y los levitas. Y es que el pueblo de Jud\u00e1 estaba feliz por los sacerdotes y levitas que serv\u00edan en el templo (Neh 12:44).<\/p>\n\n\n\n<h2 class=\"wp-block-heading\">Nehem\u00edas 13:12 <\/h2>\n\n\n\n<p>Entonces el pueblo llev\u00f3 a los almacenes del templo los diezmos de cereales, de vino y de aceite (Neh 13:12).<\/p>\n\n\n\n<h2 class=\"wp-block-heading\">Malaqu\u00edas 3:8 <\/h2>\n\n\n\n<p>\u00bfHabr\u00e1 quien pueda robarle a Dios? \u00a1Pues ustedes me han robado! Y sin embargo, dicen: \u201c\u00bfC\u00f3mo est\u00e1 eso de que te hemos robado?\u201d \u00a1Pues me han robado en sus diezmos y ofrendas! (Mal 3:8).<\/p>\n\n\n\n<h2 class=\"wp-block-heading\">Malaqu\u00edas 3:10 <\/h2>\n\n\n\n<p>Traigan todo el diezmo al tesoro y haya alimento en mi casa. Pru\u00e9benme en esto, ha dicho el Se\u00f1or de los Ej\u00e9rcitos, si no les abrir\u00e9 las ventanas de los cielos y vaciar\u00e9 sobre ustedes bendici\u00f3n hasta que sobreabunde (Mal 3:10).<\/p>\n\n\n\n<h2 class=\"wp-block-heading\">Mateo 23:23 <\/h2>\n\n\n\n<p>Ay de ustedes, escribas y fariseos, hip\u00f3critas! Porque pagan el diezmo de la menta, del eneldo y del comino, y soslayan lo m\u00e1s importante de la ley, que es la justicia, la misericordia y la fe. Es necesario que hagan esto, pero sin dejar de hacer aquello (Mt 23:23).<\/p>\n\n\n\n<h2 class=\"wp-block-heading\">Hebreos 7:5-6 <\/h2>\n\n\n\n<p>Ahora bien, seg\u00fan la ley, los descendientes de Lev\u00ed, que reciben el sacerdocio, tienen el derecho de tomar los diezmos del pueblo, es decir, de sus propios hermanos, aun cuando \u00e9stos sean tambi\u00e9n descendientes de Abrah\u00e1n. Pero Melquisedec, aunque no era descendiente de Lev\u00ed, tom\u00f3 de Abrah\u00e1n los diezmos, y bendijo al que ten\u00eda las promesas (Heb 7:5-6).<\/p>\n\n\n\n<h2 class=\"wp-block-heading\">Lee Tambi\u00e9n:<\/h2>\n\n\n\n<ul class=\"wp-block-list\"><li><a href=\"https:\/\/thebibleverses.org\/es\/\">Vers\u00edculos por Tema<\/a><\/li><li><a href=\"https:\/\/thebibleverses.org\/es\/amor\/\">Vers\u00edculos B\u00edblicos sobre el Amor<\/a><\/li><li><a href=\"https:\/\/thebibleverses.org\/es\/fortaleza\/\">Vers\u00edculos B\u00edblicos de Fortaleza<\/a><\/li><li><a href=\"https:\/\/thebibleverses.org\/es\/fe\/\">Vers\u00edculos B\u00edblicos sobre la Fe<\/a><\/li><li><a href=\"https:\/\/thebibleverses.org\/es\/jovenes\/\">Vers\u00edculos B\u00edblicos para J\u00f3venes<\/a><\/li><li><a href=\"https:\/\/thebibleverses.org\/es\/amistad\/\">Vers\u00edculos B\u00edblicos sobre la Amistad<\/a><\/li><li><a href=\"https:\/\/thebibleverses.org\/es\/sanidad\/\">Vers\u00edculos B\u00edblicos sobre Sanidad<\/a><\/li><\/ul>\n\n\n\n<p><\/p>\n","protected":false},"excerpt":{"rendered":"<p>G\u00e9nesis 14:20 Bendito sea el Dios Alt\u00edsimo, que entreg\u00f3 a tus enemigos en tus manos. Y Abram le dio a \u00e9l el diezmo de todo (G\u00e9 14:20). G\u00e9nesis 28:22 Esta piedra, que he levantado como pilar, ser\u00e1 casa de Dios; y de todo lo que me des, apartar\u00e9 el diezmo para ti (G\u00e9 28:22). Lev\u00edtico [&hellip;]<\/p>\n","protected":false},"author":1,"featured_media":734,"parent":0,"menu_order":0,"comment_status":"open","ping_status":"closed","template":"","meta":{"footnotes":""},"class_list":["post-433","page","type-page","status-publish","has-post-thumbnail","hentry","entry","fw-tab-6 fw-tabr-4"],"_links":{"self":[{"href":"https:\/\/thebibleverses.org\/es\/wp-json\/wp\/v2\/pages\/433","targetHints":{"allow":["GET"]}}],"collection":[{"href":"https:\/\/thebibleverses.org\/es\/wp-json\/wp\/v2\/pages"}],"about":[{"href":"https:\/\/thebibleverses.org\/es\/wp-json\/wp\/v2\/types\/page"}],"author":[{"embeddable":true,"href":"https:\/\/thebibleverses.org\/es\/wp-json\/wp\/v2\/users\/1"}],"replies":[{"embeddable":true,"href":"https:\/\/thebibleverses.org\/es\/wp-json\/wp\/v2\/comments?post=433"}],"version-history":[{"count":0,"href":"https:\/\/thebibleverses.org\/es\/wp-json\/wp\/v2\/pages\/433\/revisions"}],"wp:featuredmedia":[{"embeddable":true,"href":"https:\/\/thebibleverses.org\/es\/wp-json\/wp\/v2\/media\/734"}],"wp:attachment":[{"href":"https:\/\/thebibleverses.org\/es\/wp-json\/wp\/v2\/media?parent=433"}],"curies":[{"name":"wp","href":"https:\/\/api.w.org\/{rel}","templated":true}]}}