{"id":43,"date":"2019-01-19T04:36:05","date_gmt":"2019-01-19T04:36:05","guid":{"rendered":"https:\/\/thebibleverses.org\/es\/?page_id=43"},"modified":"2023-06-03T21:51:48","modified_gmt":"2023-06-03T21:51:48","slug":"amistad","status":"publish","type":"page","link":"https:\/\/thebibleverses.org\/es\/amistad\/","title":{"rendered":"35 Vers\u00edculos de la Biblia sobre la Amistad"},"content":{"rendered":"<div class=\"wp-block-image\">\n<figure class=\"aligncenter size-large\"><img loading=\"lazy\" decoding=\"async\" width=\"1024\" height=\"631\" src=\"https:\/\/thebibleverses.org\/es\/wp-content\/uploads\/2022\/05\/Versiculos-Biblicos-sobre-Amistad-1024x631.webp\" alt=\"Vers\u00edculos B\u00edblicos sobre la Amistad\" class=\"wp-image-701\" srcset=\"https:\/\/thebibleverses.org\/es\/wp-content\/uploads\/2022\/05\/Versiculos-Biblicos-sobre-Amistad-1024x631.webp 1024w, https:\/\/thebibleverses.org\/es\/wp-content\/uploads\/2022\/05\/Versiculos-Biblicos-sobre-Amistad-300x185.webp 300w, https:\/\/thebibleverses.org\/es\/wp-content\/uploads\/2022\/05\/Versiculos-Biblicos-sobre-Amistad-768x474.webp 768w, https:\/\/thebibleverses.org\/es\/wp-content\/uploads\/2022\/05\/Versiculos-Biblicos-sobre-Amistad-320x197.webp 320w, https:\/\/thebibleverses.org\/es\/wp-content\/uploads\/2022\/05\/Versiculos-Biblicos-sobre-Amistad-450x278.webp 450w, https:\/\/thebibleverses.org\/es\/wp-content\/uploads\/2022\/05\/Versiculos-Biblicos-sobre-Amistad-720x444.webp 720w, https:\/\/thebibleverses.org\/es\/wp-content\/uploads\/2022\/05\/Versiculos-Biblicos-sobre-Amistad-scaled.webp 644w\" sizes=\"auto, (max-width: 1024px) 100vw, 1024px\" \/><figcaption class=\"wp-element-caption\">Vers\u00edculos B\u00edblicos sobre la Amistad &#8211; Reina Valera Contempor\u00e1nea (RVC).<\/figcaption><\/figure><\/div>\n\n\n<h2 class=\"wp-block-heading\">Textos B\u00edblicos sobre la Amistad y Relaci\u00f3n de Amigos<\/h2>\n\n\n\n<p>Descubre una colecci\u00f3n de vers\u00edculos b\u00edblicos que celebran el poder y la importancia de la amistad en tu vida. <strong>En este post, encontrar\u00e1s una cuidadosa selecci\u00f3n de vers\u00edculos que te inspirar\u00e1n a cultivar relaciones aut\u00e9nticas y significativas<\/strong>.<\/p>\n\n\n\n<p>Explora estas palabras sagradas llenas de sabidur\u00eda y amor, y aprende c\u00f3mo construir lazos fuertes basados en la confianza y la lealtad. Descubre c\u00f3mo la amistad puede enriquecer tu vida, brindarte apoyo en tiempos dif\u00edciles y ayudarte a crecer espiritualmente. No te pierdas esta oportunidad de explorar la belleza de la amistad seg\u00fan la Palabra de Dios y descubre c\u00f3mo puedes nutrir y valorar tus amistades de manera significativa.<\/p>\n\n\n\n<h3 class=\"wp-block-heading\">Proverbios 17:17<\/h3>\n\n\n\n<p>El amigo ama en todo momento; en tiempos de angustia es como un hermano (Pr 17:17).<\/p>\n\n\n\n<h3 class=\"wp-block-heading\">Juan 15:13<\/h3>\n\n\n\n<p>Nadie tiene mayor amor que \u00e9ste, que es el poner su vida por sus amigos (Jn 15:13).<\/p>\n\n\n\n<h3 class=\"wp-block-heading\">Juan 15:15<\/h3>\n\n\n\n<p>Ya no los llamar\u00e9 siervos, porque el siervo no sabe lo que hace su se\u00f1or; yo los he llamado amigos, porque todas las cosas que o\u00ed de mi Padre, se las he dado a conocer a ustedes (Jn 15:15).<\/p>\n\n\n\n<h3 class=\"wp-block-heading\">Proverbios 13:20<\/h3>\n\n\n\n<p>Quien se junta con sabios, sabio se vuelve; quien se junta con necios, acaba mal (Pr 13:20).<\/p>\n\n\n\n<h3 class=\"wp-block-heading\">Proverbios 16:28<\/h3>\n\n\n\n<p>El que es perverso provoca contiendas; el chismoso aparta a los mejores amigos (Pr 16:28).<\/p>\n\n\n\n<h3 class=\"wp-block-heading\">1 Samuel 18:1<\/h3>\n\n\n\n<p>Despu\u00e9s de que David termin\u00f3 de hablar con Sa\u00fal, sucedi\u00f3 que Jonat\u00e1n se encari\u00f1\u00f3 con David y lo quiso como a s\u00ed mismo (1 Sa 18:1).<\/p>\n\n\n\n<h3 class=\"wp-block-heading\">Job 6:14<\/h3>\n\n\n\n<p>Al amigo que sufre se le consuela, aunque se haya olvidado del Todopoderoso (Job 6:14).<\/p>\n\n\n\n<h3 class=\"wp-block-heading\">Job 17:5<\/h3>\n\n\n\n<p>El que traiciona a su amigo por ganancia, ver\u00e1 desfallecer de hambre a sus hijos (Job 17:5).<\/p>\n\n\n\n<h3 class=\"wp-block-heading\">Job 42:10<\/h3>\n\n\n\n<p>Despu\u00e9s de que Job rog\u00f3 por sus amigos, el Se\u00f1or san\u00f3 tambi\u00e9n la aflicci\u00f3n de Job y aument\u00f3 al doble todo lo que Job hab\u00eda tenido (Job 42:10).<\/p>\n\n\n\n<h3 class=\"wp-block-heading\">Salmos 133:1<\/h3>\n\n\n\n<p>\u00a1Qu\u00e9 bueno es, y qu\u00e9 agradable, que los hermanos convivan en armon\u00eda! (Sal 133:1).<\/p>\n\n\n\n<h3 class=\"wp-block-heading\">Proverbios 12:26<\/h3>\n\n\n\n<p>El justo sabe guiar a su pr\u00f3jimo; el imp\u00edo le hace perder el camino (Pr 12:26).<\/p>\n\n\n\n<h3 class=\"wp-block-heading\">Proverbios 18:24<\/h3>\n\n\n\n<p>Hay amigos que no son amigos, y hay amigos que son m\u00e1s que hermanos (18:24).<\/p>\n\n\n\n<h3 class=\"wp-block-heading\">Proverbios 19:4<\/h3>\n\n\n\n<p>Las riquezas atraen a muchos amigos, pero del pobre hasta sus amigos se apartan (Pr 19:4).<\/p>\n\n\n\n<h3 class=\"wp-block-heading\">Proverbios 19:6<\/h3>\n\n\n\n<p>Muchos imploran el favor del generoso; todos son amigos del hombre que da regalos (Pr 19:6).<\/p>\n\n\n\n<h3 class=\"wp-block-heading\">Proverbios 27:6<\/h3>\n\n\n\n<p>Son m\u00e1s confiables las heridas del que ama, que los falsos besos del que aborrece (Pr 27:6).<\/p>\n\n\n\n<h3 class=\"wp-block-heading\">2 Cr\u00f3nicas 20:7<\/h3>\n\n\n\n<p>T\u00fa, Dios nuestro, expulsaste de la presencia de tu pueblo Israel a los habitantes de esta tierra, y se la diste para siempre a los descendientes de Abrah\u00e1n, tu amigo (2 Cro 20:7).<\/p>\n\n\n\n<h3 class=\"wp-block-heading\">Proverbios 22:11<\/h3>\n\n\n\n<p>El rey ama y brinda su amistad al hombre de coraz\u00f3n puro y labios amables (Pr 22:11).<\/p>\n\n\n\n<h3 class=\"wp-block-heading\">Proverbios 27:9<\/h3>\n\n\n\n<p>El b\u00e1lsamo y el perfume alegran el coraz\u00f3n; los consejos del amigo alegran el alma (Pr 27:9).<\/p>\n\n\n\n<h3 class=\"wp-block-heading\">Eclesiast\u00e9s 4:10<\/h3>\n\n\n\n<p>Si uno de ellos se tropieza, el otro lo levanta. \u00a1Pero ay de aquel que tropieza y no hay quien lo levante! (Ec 4:10).<\/p>\n\n\n\n<h3 class=\"wp-block-heading\">Isa\u00edas 41:8<\/h3>\n\n\n\n<p>Pero t\u00fa, Israel, eres mi siervo; t\u00fa, Jacob, a quien yo escog\u00ed, desciendes de mi amigo Abrah\u00e1n (Is 41:8).<\/p>\n\n\n\n<h3 class=\"wp-block-heading\">Lucas 6:31<\/h3>\n\n\n\n<p>Traten a los dem\u00e1s como ustedes quieran ser tratados (Lc 6:31).<\/p>\n\n\n\n<h3 class=\"wp-block-heading\">Santiago 2:23<\/h3>\n\n\n\n<p>Y se cumpli\u00f3 la Escritura que dice: \u00abAbrah\u00e1n crey\u00f3 a Dios, y eso le fue contado por justicia\u00bb, por lo que fue llamado \u00abamigo de Dios\u00bb (Stg 2:23).<\/p>\n\n\n\n<h3 class=\"wp-block-heading\">Juan 15:14<\/h3>\n\n\n\n<p>Ustedes son mis amigos, si hacen lo que yo les mando (Jn 15:14).<\/p>\n\n\n\n<h3 class=\"wp-block-heading\">1 Corintios 15:33<\/h3>\n\n\n\n<p>No se dejen enga\u00f1ar: las malas compa\u00f1\u00edas corrompen las buenas costumbres (1 Co 15:33).<\/p>\n\n\n\n<h3 class=\"wp-block-heading\">\u00c9xodo 33:11<\/h3>\n\n\n\n<p>Entonces el SE\u00d1OR hablaba a Mois\u00e9s cara a cara, como habla un hombre con su amigo. Despu\u00e9s regresaba Mois\u00e9s al campamento; pero el joven Josu\u00e9 hijo de Nun, su ayudante, no se apartaba de la tienda (Ex 33:11).<\/p>\n\n\n\n<h3 class=\"wp-block-heading\">Santiago 4:4<\/h3>\n\n\n\n<p>\u00a1Ay, gente ad\u00faltera! \u00bfNo saben que la amistad con el mundo es enemistad con Dios? Todo aquel que quiera ser amigo del mundo, se declara enemigo de Dios (Stg 4:4).<\/p>\n\n\n\n<h3 class=\"wp-block-heading\">Zacar\u00edas 13:6<\/h3>\n\n\n\n<p>Le preguntar\u00e1n: \u2018\u00bfQu\u00e9 heridas son estas en tus manos?\u2019. Y \u00e9l responder\u00e1: \u2018Con ellas fui herido en la casa de mis amigos\u2019 (Zac 13:6).<\/p>\n\n\n\n<h3 class=\"wp-block-heading\">Proverbios 27:17<\/h3>\n\n\n\n<p>El hierro se pule con el hierro, y el hombre se pule en el trato con su pr\u00f3jimo.<\/p>\n\n\n\n<h3 class=\"wp-block-heading\">Eclesiast\u00e9s 4:9<\/h3>\n\n\n\n<p>Dos son mejor que uno, porque sacan m\u00e1s provecho de sus afanes.<\/p>\n\n\n\n<h3 class=\"wp-block-heading\">Proverbios 22:24-25<\/h3>\n\n\n\n<p>No tengas nada que ver con gente violenta, ni te hagas amigo de gente agresiva, para que no imites su conducta y t\u00fa mismo te tiendas una trampa.<\/p>\n\n\n\n<h3 class=\"wp-block-heading\">Proverbios 27:10<\/h3>\n\n\n\n<p>No dejes a tu amigo, ni al amigo de tu padre, ni visites a tu hermano cuando est\u00e9s afligido. Es mejor vecino cercano que hermano lejano.<\/p>\n\n\n\n<h3 class=\"wp-block-heading\">Santiago 5:16<\/h3>\n\n\n\n<p>Confiesen sus pecados unos a otros, y oren unos por otros, para que sean sanados. La oraci\u00f3n del justo es muy poderosa y efectiva.<\/p>\n\n\n\n<h3 class=\"wp-block-heading\">Proverbios 17:9<\/h3>\n\n\n\n<p>El que perdona el pecado, busca afecto; el que lo divulga, aleja al amigo.<\/p>\n\n\n\n<h3 class=\"wp-block-heading\">1 Juan 3:16<\/h3>\n\n\n\n<p>En esto hemos conocido el amor: en que \u00e9l dio su vida por nosotros. As\u00ed tambi\u00e9n nosotros debemos dar nuestra vida por los hermanos.<\/p>\n\n\n\n<h3 class=\"wp-block-heading\">1 Tesalonicenses 5:11<\/h3>\n\n\n\n<p>Por lo tanto, an\u00edmense y edif\u00edquense unos a otros, como en efecto ya lo hacen.<\/p>\n\n\n\n<h2 class=\"wp-block-heading\">Lee Tambi\u00e9n:<\/h2>\n\n\n\n<ul class=\"wp-block-list\">\n<li><a href=\"https:\/\/thebibleverses.org\/es\/\">Vers\u00edculos por Tema<\/a><\/li>\n\n\n\n<li><a href=\"https:\/\/thebibleverses.org\/es\/amor\/\">Vers\u00edculos B\u00edblicos sobre el Amor<\/a><\/li>\n\n\n\n<li><a href=\"https:\/\/thebibleverses.org\/es\/fortaleza\/\">Vers\u00edculos B\u00edblicos de Fortaleza<\/a><\/li>\n\n\n\n<li><a href=\"https:\/\/thebibleverses.org\/es\/fe\/\">Vers\u00edculos B\u00edblicos sobre la Fe<\/a><\/li>\n\n\n\n<li><a href=\"https:\/\/thebibleverses.org\/es\/proteccion\/\">Vers\u00edculos B\u00edblicos de Protecci\u00f3n<\/a><\/li>\n\n\n\n<li><a href=\"https:\/\/thebibleverses.org\/es\/jovenes\/\">Vers\u00edculos B\u00edblicos para J\u00f3venes<\/a><\/li>\n\n\n\n<li><a href=\"https:\/\/thebibleverses.org\/es\/agradecimiento\/\">Vers\u00edculos B\u00edblicos de Agradecimiento<\/a><\/li>\n\n\n\n<li><a href=\"https:\/\/thebibleverses.org\/es\/sanidad\/\">Vers\u00edculos B\u00edblicos sobre Sanidad<\/a><\/li>\n<\/ul>\n","protected":false},"excerpt":{"rendered":"<p>Textos B\u00edblicos sobre la Amistad y Relaci\u00f3n de Amigos Descubre una colecci\u00f3n de vers\u00edculos b\u00edblicos que celebran el poder y la importancia de la amistad en tu vida. En este post, encontrar\u00e1s una cuidadosa selecci\u00f3n de vers\u00edculos que te inspirar\u00e1n a cultivar relaciones aut\u00e9nticas y significativas. Explora estas palabras sagradas llenas de sabidur\u00eda y amor, [&hellip;]<\/p>\n","protected":false},"author":1,"featured_media":701,"parent":0,"menu_order":0,"comment_status":"open","ping_status":"closed","template":"","meta":{"footnotes":""},"class_list":["post-43","page","type-page","status-publish","has-post-thumbnail","hentry","entry","fw-tab-6 fw-tabr-4"],"_links":{"self":[{"href":"https:\/\/thebibleverses.org\/es\/wp-json\/wp\/v2\/pages\/43","targetHints":{"allow":["GET"]}}],"collection":[{"href":"https:\/\/thebibleverses.org\/es\/wp-json\/wp\/v2\/pages"}],"about":[{"href":"https:\/\/thebibleverses.org\/es\/wp-json\/wp\/v2\/types\/page"}],"author":[{"embeddable":true,"href":"https:\/\/thebibleverses.org\/es\/wp-json\/wp\/v2\/users\/1"}],"replies":[{"embeddable":true,"href":"https:\/\/thebibleverses.org\/es\/wp-json\/wp\/v2\/comments?post=43"}],"version-history":[{"count":0,"href":"https:\/\/thebibleverses.org\/es\/wp-json\/wp\/v2\/pages\/43\/revisions"}],"wp:featuredmedia":[{"embeddable":true,"href":"https:\/\/thebibleverses.org\/es\/wp-json\/wp\/v2\/media\/701"}],"wp:attachment":[{"href":"https:\/\/thebibleverses.org\/es\/wp-json\/wp\/v2\/media?parent=43"}],"curies":[{"name":"wp","href":"https:\/\/api.w.org\/{rel}","templated":true}]}}