{"id":426,"date":"2020-03-09T17:59:29","date_gmt":"2020-03-09T17:59:29","guid":{"rendered":"https:\/\/thebibleverses.org\/es\/?page_id=426"},"modified":"2022-05-17T02:08:22","modified_gmt":"2022-05-17T02:08:22","slug":"voluntad-de-dios","status":"publish","type":"page","link":"https:\/\/thebibleverses.org\/es\/voluntad-de-dios\/","title":{"rendered":"25 Vers\u00edculos B\u00edblicos sobre La Voluntad de Dios"},"content":{"rendered":"\n<div class=\"wp-block-image\"><figure class=\"aligncenter size-large\"><img loading=\"lazy\" decoding=\"async\" width=\"1024\" height=\"631\" src=\"https:\/\/thebibleverses.org\/es\/wp-content\/uploads\/2022\/05\/Versiculos-Biblicos-sobre-la-Voluntad-de-Dios-1024x631.webp\" alt=\"Vers\u00edculos B\u00edblicos sobre La Voluntad de Dios\" class=\"wp-image-861\" srcset=\"https:\/\/thebibleverses.org\/es\/wp-content\/uploads\/2022\/05\/Versiculos-Biblicos-sobre-la-Voluntad-de-Dios-1024x631.webp 1024w, https:\/\/thebibleverses.org\/es\/wp-content\/uploads\/2022\/05\/Versiculos-Biblicos-sobre-la-Voluntad-de-Dios-300x185.webp 300w, https:\/\/thebibleverses.org\/es\/wp-content\/uploads\/2022\/05\/Versiculos-Biblicos-sobre-la-Voluntad-de-Dios-768x474.webp 768w, https:\/\/thebibleverses.org\/es\/wp-content\/uploads\/2022\/05\/Versiculos-Biblicos-sobre-la-Voluntad-de-Dios-320x197.webp 320w, https:\/\/thebibleverses.org\/es\/wp-content\/uploads\/2022\/05\/Versiculos-Biblicos-sobre-la-Voluntad-de-Dios-450x278.webp 450w, https:\/\/thebibleverses.org\/es\/wp-content\/uploads\/2022\/05\/Versiculos-Biblicos-sobre-la-Voluntad-de-Dios-720x444.webp 720w, https:\/\/thebibleverses.org\/es\/wp-content\/uploads\/2022\/05\/Versiculos-Biblicos-sobre-la-Voluntad-de-Dios-scaled.webp 644w\" sizes=\"auto, (max-width: 1024px) 100vw, 1024px\" \/><figcaption>Vers\u00edculos B\u00edblicos sobre La Voluntad de Dios &#8211; Reina Valera Contempor\u00e1nea (RVC).<\/figcaption><\/figure><\/div>\n\n\n\n<h2 class=\"wp-block-heading\">Salmos 40:8 <\/h2>\n\n\n\n<p>Hacer tu voluntad, Dios m\u00edo, me agrada; tu ley la llevo dentro de m\u00ed (Sal 40:8).<\/p>\n\n\n\n<h2 class=\"wp-block-heading\">Salmos 103:21 <\/h2>\n\n\n\n<p>\u00a1Bendigan al Se\u00f1or todos sus ej\u00e9rcitos, todos ustedes, sus siervos, que cumplen su voluntad! (Sal 103:21).<\/p>\n\n\n\n<h2 class=\"wp-block-heading\">Salmos 143:10 <\/h2>\n\n\n\n<p>T\u00fa eres mi Dios; ens\u00e9\u00f1ame a hacer tu voluntad, y que tu buen esp\u00edritu me gu\u00ede por caminos rectos (Sal 143:10).<\/p>\n\n\n\n<h2 class=\"wp-block-heading\">Mateo 6:10 <\/h2>\n\n\n\n<p>Venga tu reino. H\u00e1gase tu voluntad, en la tierra como en el cielo (Mt 6:10).<\/p>\n\n\n\n<h2 class=\"wp-block-heading\">Mateo 7:21 <\/h2>\n\n\n\n<p>No todo el que me dice: \u201cSe\u00f1or, Se\u00f1or\u201d, entrar\u00e1 en el reino de los cielos, sino el que hace la voluntad de mi Padre que est\u00e1 en los cielos (Mt 7:21).<\/p>\n\n\n\n<h2 class=\"wp-block-heading\">Mateo 12:50<\/h2>\n\n\n\n<p>Porque todos los que hacen la voluntad de mi Padre que est\u00e1 en los cielos son mis hermanos, mis hermanas, y mi madre (Mt 12:50).<\/p>\n\n\n\n<h2 class=\"wp-block-heading\">Mateo 18:14 <\/h2>\n\n\n\n<p>As\u00ed que, no es la voluntad de su Padre que est\u00e1 en los cielos que se pierda ni uno de estos peque\u00f1os (Mt 18:14).<\/p>\n\n\n\n<h2 class=\"wp-block-heading\">Mateo 26:42 <\/h2>\n\n\n\n<p>Otra vez fue y or\u00f3 por segunda vez, y dijo: Padre m\u00edo, si esta copa no puede pasar de m\u00ed sin que yo la beba, que se haga tu voluntad (Mt 26:42).<\/p>\n\n\n\n<h2 class=\"wp-block-heading\">Marcos 3:35 <\/h2>\n\n\n\n<p>Porque todo el que hace la voluntad de Dios es mi hermano, y mi hermana, y mi madre (Mr 3:35).<\/p>\n\n\n\n<h2 class=\"wp-block-heading\">Juan 1:12-13 <\/h2>\n\n\n\n<p>Pero a todos los que la recibieron, a los que creen en su nombre, les dio la potestad de ser hechos hijos de Dios; los cuales no son engendrados de sangre, ni de voluntad de carne, ni de voluntad de var\u00f3n, sino de Dios (Jn 1:12-13).<\/p>\n\n\n\n<h2 class=\"wp-block-heading\">Juan 6:40 <\/h2>\n\n\n\n<p>Y \u00e9sta es la voluntad de mi Padre: Que todo aquel que ve al Hijo, y cree en \u00e9l, tenga vida eterna; y yo lo resucitar\u00e9 en el d\u00eda final (Jn 6:40).<\/p>\n\n\n\n<h2 class=\"wp-block-heading\">Juan 7:17 <\/h2>\n\n\n\n<p>El que quiera hacer la voluntad de Dios, sabr\u00e1 si la ense\u00f1anza es de Dios, o si yo hablo por mi propia cuenta (Jn 7:17).<\/p>\n\n\n\n<h2 class=\"wp-block-heading\">Juan 9:31 <\/h2>\n\n\n\n<p>Y sabemos que Dios no escucha a los pecadores, pero que si alguno es temeroso de Dios y hace su voluntad, a \u00e9se s\u00ed lo escucha (Jn 9:31).<\/p>\n\n\n\n<h2 class=\"wp-block-heading\">Romanos 8:27 <\/h2>\n\n\n\n<p>Pero el que examina los corazones sabe cu\u00e1l es la intenci\u00f3n del Esp\u00edritu, porque intercede por los santos conforme a la voluntad de Dios (Ro 8:27).<\/p>\n\n\n\n<h2 class=\"wp-block-heading\">Romanos 12:2 <\/h2>\n\n\n\n<p>Y no adopten las costumbres de este mundo, sino transf\u00f3rmense por medio de la renovaci\u00f3n de su mente, para que comprueben cu\u00e1l es la voluntad de Dios, lo que es bueno, agradable y perfecto (Ro 12:2).<\/p>\n\n\n\n<h2 class=\"wp-block-heading\">G\u00e1latas 1:3-4 <\/h2>\n\n\n\n<p>que tengan gracia y paz de Dios el Padre y de nuestro Se\u00f1or Jesucristo, el cual se dio a s\u00ed mismo por nuestros pecados para librarnos del presente siglo malo, conforme a la voluntad de nuestro Dios y Padre (Ga 1:3-4).<\/p>\n\n\n\n<h2 class=\"wp-block-heading\">Efesios 1:1 <\/h2>\n\n\n\n<p>Yo, Pablo, ap\u00f3stol de Jesucristo por la voluntad de Dios, saludo a los santos y fieles en Cristo Jes\u00fas que est\u00e1n en \u00c9feso (Ef 1:1).<\/p>\n\n\n\n<h2 class=\"wp-block-heading\">Efesios 6:6 <\/h2>\n\n\n\n<p>No act\u00faen as\u00ed s\u00f3lo cuando los est\u00e9n mirando, como los que quieren agradar a la gente, sino como siervos de Cristo que de coraz\u00f3n hacen la voluntad de Dios (Ef 6:6).<\/p>\n\n\n\n<h2 class=\"wp-block-heading\">1 Tesalonicenses 4:3 <\/h2>\n\n\n\n<p>La voluntad de Dios es que ustedes sean santificados, que se aparten de toda inmoralidad sexual (1 Tes 4:3).<\/p>\n\n\n\n<h2 class=\"wp-block-heading\">1 Tesalonicenses 5:18 <\/h2>\n\n\n\n<p>Den gracias a Dios en todo, porque \u00e9sta es su voluntad para ustedes en Cristo Jes\u00fas (1 Tes 5:18).<\/p>\n\n\n\n<h2 class=\"wp-block-heading\">1 Pedro 2:15 <\/h2>\n\n\n\n<p>La voluntad de Dios es que ustedes practiquen el bien, para que as\u00ed hagan callar la ignorancia de la gente insensata (1 Pe 2:15).<\/p>\n\n\n\n<h2 class=\"wp-block-heading\">1 Pedro 3:17 <\/h2>\n\n\n\n<p>Porque es mejor que padezcan haciendo el bien, si la voluntad de Dios as\u00ed lo quiere, que haciendo el mal (1 Pe 3:17).<\/p>\n\n\n\n<h2 class=\"wp-block-heading\">1 Pedro 4:1-2 <\/h2>\n\n\n\n<p>Puesto que Cristo sufri\u00f3 por nosotros en su cuerpo, tambi\u00e9n ustedes deben adoptar esa misma actitud, porque quien sufre en su cuerpo pone fin al pecado, para que el tiempo que le queda de vida en este mundo lo viva conforme a la voluntad de Dios y no conforme a los deseos humanos (1 Pe 4:1-2).<\/p>\n\n\n\n<h2 class=\"wp-block-heading\">1 Pedro 4:19 <\/h2>\n\n\n\n<p>As\u00ed que aquellos que sufren por cumplir la voluntad de Dios, encomienden su alma al fiel Creador, y hagan el bien (1 Pe 4:19).<\/p>\n\n\n\n<h2 class=\"wp-block-heading\">1 Juan 2:17 <\/h2>\n\n\n\n<p>El mundo y sus deseos pasan; pero el que hace la voluntad de Dios permanece para siempre (1 Jn 2:17).<\/p>\n\n\n\n<h2 class=\"wp-block-heading\">Lee Tambi\u00e9n:<\/h2>\n\n\n\n<ul class=\"wp-block-list\"><li><a href=\"https:\/\/thebibleverses.org\/es\/\">Vers\u00edculos por Tema<\/a><\/li><li><a href=\"https:\/\/thebibleverses.org\/es\/amor\/\">Vers\u00edculos B\u00edblicos sobre el Amor<\/a><\/li><li><a href=\"https:\/\/thebibleverses.org\/es\/fortaleza\/\">Vers\u00edculos B\u00edblicos de Fortaleza<\/a><\/li><li><a href=\"https:\/\/thebibleverses.org\/es\/fe\/\">Vers\u00edculos B\u00edblicos sobre la Fe<\/a><\/li><li><a href=\"https:\/\/thebibleverses.org\/es\/jovenes\/\">Vers\u00edculos B\u00edblicos para J\u00f3venes<\/a><\/li><li><a href=\"https:\/\/thebibleverses.org\/es\/amistad\/\">Vers\u00edculos B\u00edblicos sobre la Amistad<\/a><\/li><li><a href=\"https:\/\/thebibleverses.org\/es\/sanidad\/\">Vers\u00edculos B\u00edblicos sobre Sanidad<\/a><\/li><\/ul>\n","protected":false},"excerpt":{"rendered":"<p>Salmos 40:8 Hacer tu voluntad, Dios m\u00edo, me agrada; tu ley la llevo dentro de m\u00ed (Sal 40:8). Salmos 103:21 \u00a1Bendigan al Se\u00f1or todos sus ej\u00e9rcitos, todos ustedes, sus siervos, que cumplen su voluntad! (Sal 103:21). Salmos 143:10 T\u00fa eres mi Dios; ens\u00e9\u00f1ame a hacer tu voluntad, y que tu buen esp\u00edritu me gu\u00ede por [&hellip;]<\/p>\n","protected":false},"author":1,"featured_media":861,"parent":0,"menu_order":0,"comment_status":"open","ping_status":"closed","template":"","meta":{"footnotes":""},"class_list":["post-426","page","type-page","status-publish","has-post-thumbnail","hentry","entry","fw-tab-6 fw-tabr-4"],"_links":{"self":[{"href":"https:\/\/thebibleverses.org\/es\/wp-json\/wp\/v2\/pages\/426","targetHints":{"allow":["GET"]}}],"collection":[{"href":"https:\/\/thebibleverses.org\/es\/wp-json\/wp\/v2\/pages"}],"about":[{"href":"https:\/\/thebibleverses.org\/es\/wp-json\/wp\/v2\/types\/page"}],"author":[{"embeddable":true,"href":"https:\/\/thebibleverses.org\/es\/wp-json\/wp\/v2\/users\/1"}],"replies":[{"embeddable":true,"href":"https:\/\/thebibleverses.org\/es\/wp-json\/wp\/v2\/comments?post=426"}],"version-history":[{"count":0,"href":"https:\/\/thebibleverses.org\/es\/wp-json\/wp\/v2\/pages\/426\/revisions"}],"wp:featuredmedia":[{"embeddable":true,"href":"https:\/\/thebibleverses.org\/es\/wp-json\/wp\/v2\/media\/861"}],"wp:attachment":[{"href":"https:\/\/thebibleverses.org\/es\/wp-json\/wp\/v2\/media?parent=426"}],"curies":[{"name":"wp","href":"https:\/\/api.w.org\/{rel}","templated":true}]}}