{"id":418,"date":"2020-03-09T02:18:40","date_gmt":"2020-03-09T02:18:40","guid":{"rendered":"https:\/\/thebibleverses.org\/es\/?page_id=418"},"modified":"2022-05-15T22:20:20","modified_gmt":"2022-05-15T22:20:20","slug":"obediencia","status":"publish","type":"page","link":"https:\/\/thebibleverses.org\/es\/obediencia\/","title":{"rendered":"25 Vers\u00edculos de la Biblia sobre la Obediencia"},"content":{"rendered":"\n<div class=\"wp-block-image\"><figure class=\"aligncenter size-large\"><img loading=\"lazy\" decoding=\"async\" width=\"1024\" height=\"631\" src=\"https:\/\/thebibleverses.org\/es\/wp-content\/uploads\/2022\/05\/Versiculos-Biblicos-sobre-Obediencia-1024x631.webp\" alt=\"Vers\u00edculos B\u00edblicos sobre la Obediencia\" class=\"wp-image-790\" srcset=\"https:\/\/thebibleverses.org\/es\/wp-content\/uploads\/2022\/05\/Versiculos-Biblicos-sobre-Obediencia-1024x631.webp 1024w, https:\/\/thebibleverses.org\/es\/wp-content\/uploads\/2022\/05\/Versiculos-Biblicos-sobre-Obediencia-300x185.webp 300w, https:\/\/thebibleverses.org\/es\/wp-content\/uploads\/2022\/05\/Versiculos-Biblicos-sobre-Obediencia-768x474.webp 768w, https:\/\/thebibleverses.org\/es\/wp-content\/uploads\/2022\/05\/Versiculos-Biblicos-sobre-Obediencia-320x197.webp 320w, https:\/\/thebibleverses.org\/es\/wp-content\/uploads\/2022\/05\/Versiculos-Biblicos-sobre-Obediencia-450x278.webp 450w, https:\/\/thebibleverses.org\/es\/wp-content\/uploads\/2022\/05\/Versiculos-Biblicos-sobre-Obediencia-720x444.webp 720w, https:\/\/thebibleverses.org\/es\/wp-content\/uploads\/2022\/05\/Versiculos-Biblicos-sobre-Obediencia-scaled.webp 644w\" sizes=\"auto, (max-width: 1024px) 100vw, 1024px\" \/><figcaption>Vers\u00edculos B\u00edblicos sobre la Obediencia &#8211; Reina Valera Contempor\u00e1nea (RVC).<\/figcaption><\/figure><\/div>\n\n\n\n<h2 class=\"wp-block-heading\">\u00c9xodo 19:5 <\/h2>\n\n\n\n<p>Si ahora ustedes prestan o\u00eddo a mi voz, y cumplen mi pacto, ser\u00e1n mi tesoro especial por encima de todos los pueblos, porque toda la tierra me pertenece (\u00c9x 19:5).<\/p>\n\n\n\n<h2 class=\"wp-block-heading\">Lev\u00edtico 22:31 <\/h2>\n\n\n\n<p>Cumplan mis mandamientos. P\u00f3nganlos en pr\u00e1ctica. Yo soy el Se\u00f1or (Lev 22:31).<\/p>\n\n\n\n<h2 class=\"wp-block-heading\">Deuteronomio 7:12 <\/h2>\n\n\n\n<p>Si despu\u00e9s de o\u00edr estos decretos, los cumples y los pones por obra, el Se\u00f1or tu Dios cumplir\u00e1 contigo el pacto que hizo con tus padres y te mostrar\u00e1 su misericordia (Dt 7:12).<\/p>\n\n\n\n<h2 class=\"wp-block-heading\">Deuteronomio 26:16 <\/h2>\n\n\n\n<p>Este d\u00eda el Se\u00f1or tu Dios te manda que cumplas estos estatutos y decretos. Ten cuidado de ponerlos por obra con todo tu coraz\u00f3n y con toda tu alma (Dt 26:16).<\/p>\n\n\n\n<h2 class=\"wp-block-heading\">Deuteronomio 28:1 <\/h2>\n\n\n\n<p>Si t\u00fa escuchas con atenci\u00f3n la voz del Se\u00f1or tu Dios, y cumples y pones en pr\u00e1ctica todos los mandamientos que hoy te mando cumplir, el Se\u00f1or tu Dios te exaltar\u00e1 sobre todas las naciones de la tierra (Dt 28:1).<\/p>\n\n\n\n<h2 class=\"wp-block-heading\">Josu\u00e9 1:8 <\/h2>\n\n\n\n<p>Procura que nunca se aparte de tus labios este libro de la ley. Medita en \u00e9l de d\u00eda y de noche, para que act\u00faes de acuerdo con todo lo que est\u00e1 escrito en \u00e9l. As\u00ed har\u00e1s que prospere tu camino, y todo te saldr\u00e1 bien (Jos 1:8).<\/p>\n\n\n\n<h2 class=\"wp-block-heading\">1 Samuel 15:22 <\/h2>\n\n\n\n<p>Y Samuel dijo: \u00bfSe complace el Se\u00f1or tanto en los holocaustos y v\u00edctimas, como en que se obedezca a las palabras de Se\u00f1or? Ciertamente el obedecer es mejor que los sacrificios, y el prestar atenci\u00f3n que la grosura de los carneros (1 Sa 15:22).<\/p>\n\n\n\n<h2 class=\"wp-block-heading\">1 Reyes 2:3 <\/h2>\n\n\n\n<p>Cumple los mandamientos del Se\u00f1or tu Dios, y no te apartes de sus caminos; sigue sus sendas y cumple con sus leyes y preceptos, tal y como est\u00e1n escritos en la ley de Mois\u00e9s. As\u00ed prosperar\u00e1s en todo lo que hagas y en todo lo que emprendas (1 Re 2:3).<\/p>\n\n\n\n<h2 class=\"wp-block-heading\">1 Reyes 3:14 <\/h2>\n\n\n\n<p>Y si caminas por mis sendas, y cumples mis estatutos y mandamientos, como lo hizo David tu padre, yo te conceder\u00e9 una larga vida (1 Re 3:14 ).<\/p>\n\n\n\n<h2 class=\"wp-block-heading\">Job 36:11 <\/h2>\n\n\n\n<p>Si obedecen a Dios y le sirven, Dios les concede d\u00edas de paz y bienestar (Job 36:11).<\/p>\n\n\n\n<h2 class=\"wp-block-heading\">Proverbios 6:20 <\/h2>\n\n\n\n<p>Guarda, hijo m\u00edo, el mandamiento de tu padre y no abandones la instrucci\u00f3n de tu madre (Pr 6:20).<\/p>\n\n\n\n<h2 class=\"wp-block-heading\">Proverbios 10:17 <\/h2>\n\n\n\n<p>El que guarda la disciplina est\u00e1 en el camino de la vida, pero el que descuida la reprensi\u00f3n hace errar (Pr 10:17).<\/p>\n\n\n\n<h2 class=\"wp-block-heading\">Zacar\u00edas 3:7 <\/h2>\n\n\n\n<p>As\u00ed dice el Se\u00f1or de los ej\u00e9rcitos: Si andas por mis caminos, y cumples con mis ordenanzas, tambi\u00e9n t\u00fa gobernar\u00e1s mi casa y quedar\u00e1s a cargo de mis atrios, y te dar\u00e9 un lugar entre los que est\u00e1n aqu\u00ed (Zac 3:7).<\/p>\n\n\n\n<h2 class=\"wp-block-heading\">Mateo 7:21 <\/h2>\n\n\n\n<p>No todo el que me dice: \u201cSe\u00f1or, Se\u00f1or\u201d, entrar\u00e1 en el reino de los cielos, sino el que hace la voluntad de mi Padre que est\u00e1 en los cielos (Mt 7:21).<\/p>\n\n\n\n<h2 class=\"wp-block-heading\">Mateo 7:24 <\/h2>\n\n\n\n<p>A cualquiera que me oye estas palabras, y las pone en pr\u00e1ctica, lo comparar\u00e9 a un hombre prudente, que edific\u00f3 su casa sobre la roca (Mt 7:24).<\/p>\n\n\n\n<h2 class=\"wp-block-heading\">Mateo 12:50 <\/h2>\n\n\n\n<p>Porque todos los que hacen la voluntad de mi Padre que est\u00e1 en los cielos son mis hermanos, mis hermanas, y mi madre (Mt 12:50).<\/p>\n\n\n\n<h2 class=\"wp-block-heading\">Lucas 8:21 <\/h2>\n\n\n\n<p>Pero \u00e9l respondi\u00f3: Mi madre y mis hermanos son los que oyen la palabra de Dios y la ponen en pr\u00e1ctica (Lc 8:21).<\/p>\n\n\n\n<h2 class=\"wp-block-heading\">Juan 14:23<\/h2>\n\n\n\n<p>Jes\u00fas le respondi\u00f3: El que me ama, obedecer\u00e1 mi palabra; y mi Padre lo amar\u00e1, y vendremos a \u00e9l, y con \u00e9l nos quedaremos a vivir (Jn 14:23).<\/p>\n\n\n\n<h2 class=\"wp-block-heading\">Juan 15:10 <\/h2>\n\n\n\n<p>Si obedecen mis mandamientos, permanecer\u00e1n en mi amor; as\u00ed como yo he obedecido los mandamientos de mi Padre, y permanezco en su amor (Jn 15:10).<\/p>\n\n\n\n<h2 class=\"wp-block-heading\">Hechos 5:29 <\/h2>\n\n\n\n<p>Pedro y los ap\u00f3stoles respondieron: Es necesario obedecer a Dios antes que a los hombres (Hch 5:29).<\/p>\n\n\n\n<h2 class=\"wp-block-heading\">Romanos 5:19<\/h2>\n\n\n\n<p>Porque as\u00ed como por la desobediencia de un solo hombre muchos fueron constituidos pecadores, as\u00ed tambi\u00e9n por la obediencia de uno solo muchos ser\u00e1n constituidos justos (Ro 5:19).<\/p>\n\n\n\n<h2 class=\"wp-block-heading\">Filipenses 2:8 <\/h2>\n\n\n\n<p>y estando en la condici\u00f3n de hombre, se humill\u00f3 a s\u00ed mismo y se hizo obediente hasta la muerte, y muerte de cruz (Filip 2:8).<\/p>\n\n\n\n<h2 class=\"wp-block-heading\">Hebreos 5:8 <\/h2>\n\n\n\n<p>Aunque era Hijo, aprendi\u00f3 a obedecer mediante el sufrimiento (Heb 5:8).<\/p>\n\n\n\n<h2 class=\"wp-block-heading\">Santiago 4:7 <\/h2>\n\n\n\n<p>Som\u00e9tanse, pues, a Dios. Resistan al diablo, y \u00e9l huir\u00e1 de ustedes (Stg4:7).<\/p>\n\n\n\n<h2 class=\"wp-block-heading\">1 Juan 3:22 <\/h2>\n\n\n\n<p>Y recibiremos de \u00e9l todo lo que le pidamos, porque obedecemos sus mandamientos, y hacemos las cosas que le son agradables (1 Jn 3:22).<\/p>\n\n\n\n<h2 class=\"wp-block-heading\">Lee Tambi\u00e9n:<\/h2>\n\n\n\n<ul class=\"wp-block-list\"><li><a href=\"https:\/\/thebibleverses.org\/es\/\">Vers\u00edculos por Tema<\/a><\/li><li><a href=\"https:\/\/thebibleverses.org\/es\/amor\/\">Vers\u00edculos B\u00edblicos sobre el Amor<\/a><\/li><li><a href=\"https:\/\/thebibleverses.org\/es\/fortaleza\/\">Vers\u00edculos B\u00edblicos de Fortaleza<\/a><\/li><li><a href=\"https:\/\/thebibleverses.org\/es\/fe\/\">Vers\u00edculos B\u00edblicos sobre la Fe<\/a><\/li><li><a href=\"https:\/\/thebibleverses.org\/es\/jovenes\/\">Vers\u00edculos B\u00edblicos para J\u00f3venes<\/a><\/li><li><a href=\"https:\/\/thebibleverses.org\/es\/amistad\/\">Vers\u00edculos B\u00edblicos sobre la Amistad<\/a><\/li><li><a href=\"https:\/\/thebibleverses.org\/es\/sanidad\/\">Vers\u00edculos B\u00edblicos sobre Sanidad<\/a><\/li><\/ul>\n","protected":false},"excerpt":{"rendered":"<p>\u00c9xodo 19:5 Si ahora ustedes prestan o\u00eddo a mi voz, y cumplen mi pacto, ser\u00e1n mi tesoro especial por encima de todos los pueblos, porque toda la tierra me pertenece (\u00c9x 19:5). Lev\u00edtico 22:31 Cumplan mis mandamientos. P\u00f3nganlos en pr\u00e1ctica. Yo soy el Se\u00f1or (Lev 22:31). Deuteronomio 7:12 Si despu\u00e9s de o\u00edr estos decretos, los [&hellip;]<\/p>\n","protected":false},"author":1,"featured_media":790,"parent":0,"menu_order":0,"comment_status":"open","ping_status":"closed","template":"","meta":{"footnotes":""},"class_list":["post-418","page","type-page","status-publish","has-post-thumbnail","hentry","entry","fw-tab-6 fw-tabr-4"],"_links":{"self":[{"href":"https:\/\/thebibleverses.org\/es\/wp-json\/wp\/v2\/pages\/418","targetHints":{"allow":["GET"]}}],"collection":[{"href":"https:\/\/thebibleverses.org\/es\/wp-json\/wp\/v2\/pages"}],"about":[{"href":"https:\/\/thebibleverses.org\/es\/wp-json\/wp\/v2\/types\/page"}],"author":[{"embeddable":true,"href":"https:\/\/thebibleverses.org\/es\/wp-json\/wp\/v2\/users\/1"}],"replies":[{"embeddable":true,"href":"https:\/\/thebibleverses.org\/es\/wp-json\/wp\/v2\/comments?post=418"}],"version-history":[{"count":0,"href":"https:\/\/thebibleverses.org\/es\/wp-json\/wp\/v2\/pages\/418\/revisions"}],"wp:featuredmedia":[{"embeddable":true,"href":"https:\/\/thebibleverses.org\/es\/wp-json\/wp\/v2\/media\/790"}],"wp:attachment":[{"href":"https:\/\/thebibleverses.org\/es\/wp-json\/wp\/v2\/media?parent=418"}],"curies":[{"name":"wp","href":"https:\/\/api.w.org\/{rel}","templated":true}]}}