{"id":413,"date":"2020-03-09T00:35:13","date_gmt":"2020-03-09T00:35:13","guid":{"rendered":"https:\/\/thebibleverses.org\/es\/?page_id=413"},"modified":"2022-05-15T22:18:48","modified_gmt":"2022-05-15T22:18:48","slug":"oracion","status":"publish","type":"page","link":"https:\/\/thebibleverses.org\/es\/oracion\/","title":{"rendered":"30 Vers\u00edculos de la Biblia sobre la Oraci\u00f3n"},"content":{"rendered":"\n<div class=\"wp-block-image\"><figure class=\"aligncenter size-large\"><img loading=\"lazy\" decoding=\"async\" width=\"1024\" height=\"631\" src=\"https:\/\/thebibleverses.org\/es\/wp-content\/uploads\/2022\/05\/Versiculos-Biblicos-sobre-Oracion-1024x631.webp\" alt=\"Vers\u00edculos B\u00edblicos sobre la Oraci\u00f3n \" class=\"wp-image-788\" srcset=\"https:\/\/thebibleverses.org\/es\/wp-content\/uploads\/2022\/05\/Versiculos-Biblicos-sobre-Oracion-1024x631.webp 1024w, https:\/\/thebibleverses.org\/es\/wp-content\/uploads\/2022\/05\/Versiculos-Biblicos-sobre-Oracion-300x185.webp 300w, https:\/\/thebibleverses.org\/es\/wp-content\/uploads\/2022\/05\/Versiculos-Biblicos-sobre-Oracion-768x474.webp 768w, https:\/\/thebibleverses.org\/es\/wp-content\/uploads\/2022\/05\/Versiculos-Biblicos-sobre-Oracion-320x197.webp 320w, https:\/\/thebibleverses.org\/es\/wp-content\/uploads\/2022\/05\/Versiculos-Biblicos-sobre-Oracion-450x278.webp 450w, https:\/\/thebibleverses.org\/es\/wp-content\/uploads\/2022\/05\/Versiculos-Biblicos-sobre-Oracion-720x444.webp 720w, https:\/\/thebibleverses.org\/es\/wp-content\/uploads\/2022\/05\/Versiculos-Biblicos-sobre-Oracion-scaled.webp 644w\" sizes=\"auto, (max-width: 1024px) 100vw, 1024px\" \/><figcaption>Vers\u00edculos B\u00edblicos sobre la Oraci\u00f3n &#8211; Reina Valera Contempor\u00e1nea (RVC).<\/figcaption><\/figure><\/div>\n\n\n\n<h2 class=\"wp-block-heading\">2 Samuel 22:7 <\/h2>\n\n\n\n<p>Pero en mi angustia, Se\u00f1or, a ti clam\u00e9; a ti, mi Dios, pedi ayuda, y desde tu templo me escuchaste; \u00a1mis gemidos llegaron a tus o\u00eddos! (2 Sa 22:7).<\/p>\n\n\n\n<h2 class=\"wp-block-heading\">2 Cr\u00f3nicas 7:14 <\/h2>\n\n\n\n<p>Si mi pueblo, sobre el cual se invoca mi nombre, se humilla y ora, y busca mi rostro, y se aparta de sus malos caminos, yo lo escuchar\u00e9 desde los cielos, perdonar\u00e9 sus pecados y sanar\u00e9 su tierra (2 Cro 7:14).<\/p>\n\n\n\n<h2 class=\"wp-block-heading\">Salmos 31:22 <\/h2>\n\n\n\n<p>En mi angustia llegu\u00e9 a pensar que me hab\u00edas apartado de tu vista, pero t\u00fa escuchaste mi voz suplicante en el momento en que a ti clam\u00e9 (Sal 31:22).<\/p>\n\n\n\n<h2 class=\"wp-block-heading\">Salmos 34:17 <\/h2>\n\n\n\n<p>Clamaron los justos, y el Se\u00f1or los oy\u00f3; los libr\u00f3 de todas sus angustias (Sal 34:17).<\/p>\n\n\n\n<h2 class=\"wp-block-heading\">Salmos 118:5 <\/h2>\n\n\n\n<p>En medio de la angustia clam\u00e9 al Se\u00f1or, y \u00e9l me respondi\u00f3 y me dio libertad (Sal 118:5).<\/p>\n\n\n\n<h2 class=\"wp-block-heading\">Proverbios 15:29 <\/h2>\n\n\n\n<p>El Se\u00f1or est\u00e1 lejos de los imp\u00edos, pero oye la oraci\u00f3n de los justos (Pr 15:29).<\/p>\n\n\n\n<h2 class=\"wp-block-heading\">Isa\u00edas 55:6 <\/h2>\n\n\n\n<p>Busquen al Se\u00f1or mientras pueda ser hallado; ll\u00e1menlo mientras se encuentre cerca (Is 55:6).<\/p>\n\n\n\n<h2 class=\"wp-block-heading\">Jerem\u00edas 29:12-13 <\/h2>\n\n\n\n<p>Entonces ustedes me pedir\u00e1n en oraci\u00f3n que los ayude, y yo atender\u00e9 sus peticiones. Cuando ustedes me busquen, me hallar\u00e1n, si me buscan de todo coraz\u00f3n (Jerem\u00edas 29:12-13).<\/p>\n\n\n\n<h2 class=\"wp-block-heading\">Jerem\u00edas 33:3 <\/h2>\n\n\n\n<p>Clama a m\u00ed, y yo te responder\u00e9; te dar\u00e9 a conocer cosas grandes y maravillosas que t\u00fa no conoces (Jr 33:3).<\/p>\n\n\n\n<h2 class=\"wp-block-heading\">Jon\u00e1s 2:2 <\/h2>\n\n\n\n<p>Se\u00f1or, en mi angustia te invoqu\u00e9, y t\u00fa me o\u00edste. Desde el fondo del abismo clam\u00e9 a ti, y t\u00fa escuchaste mi voz (Jon 2:2).<\/p>\n\n\n\n<h2 class=\"wp-block-heading\">Mateo 6:5-6 <\/h2>\n\n\n\n<p>Cuando ores, no seas como los hip\u00f3critas, porque a ellos les encanta orar en pie en las sinagogas y en las esquinas de las calles, para que la gente los vea; de cierto les digo que con eso ya se han ganado su recompensa. Pero t\u00fa, cuando ores, entra en tu aposento, y con la puerta cerrada ora a tu Padre que est\u00e1 en secreto, y tu Padre que ve en lo secreto te recompensar\u00e1 en p\u00fablico (Mt 6:5-6).<\/p>\n\n\n\n<h2 class=\"wp-block-heading\">Mateo 7:7 <\/h2>\n\n\n\n<p>Pidan, y se les dar\u00e1, busquen, y encontrar\u00e1n, llamen, y se les abrir\u00e1 (Mt 7:7).<\/p>\n\n\n\n<h2 class=\"wp-block-heading\">Mateo 7:11 <\/h2>\n\n\n\n<p>Pues si ustedes, que son malos, saben dar cosas buenas a sus hijos, \u00a1cu\u00e1nto m\u00e1s su Padre que est\u00e1 en los cielos dar\u00e1 buenas cosas a los que le pidan! (Mt 7:11).<\/p>\n\n\n\n<h2 class=\"wp-block-heading\">Mateo 21:22 <\/h2>\n\n\n\n<p>Si ustedes creen, todo lo que pidan en oraci\u00f3n lo recibir\u00e1n (Mt 21:22).<\/p>\n\n\n\n<h2 class=\"wp-block-heading\">Mateo 26:41 <\/h2>\n\n\n\n<p>Mant\u00e9nganse despiertos, y oren, para que no caigan en tentaci\u00f3n. A decir verdad, el esp\u00edritu est\u00e1 dispuesto, pero la carne es d\u00e9bil (Mt 26:41).<\/p>\n\n\n\n<h2 class=\"wp-block-heading\">Lucas 6:12 <\/h2>\n\n\n\n<p>Por esos d\u00edas Jes\u00fas fue al monte a orar, y pas\u00f3 la noche orando a Dios (Lc 6:12).<\/p>\n\n\n\n<h2 class=\"wp-block-heading\">Lucas 22:46 <\/h2>\n\n\n\n<p>Les dijo: \u00bfPor qu\u00e9 duermen? \u00a1Lev\u00e1ntense y oren para que no caigan en tentaci\u00f3n! (Lc 22:46).<\/p>\n\n\n\n<h2 class=\"wp-block-heading\">Juan 14:13-14 <\/h2>\n\n\n\n<p>Y todo lo que pidan al Padre en mi nombre, lo har\u00e9, para que el Padre sea glorificado en el Hijo. Si algo piden en mi nombre, yo lo har\u00e9 (Jn 14:13-14).<\/p>\n\n\n\n<h2 class=\"wp-block-heading\">Juan 15:7 <\/h2>\n\n\n\n<p>Si permanecen en m\u00ed, y mis palabras permanecen en ustedes, pidan todo lo que quieran, y se les conceder\u00e1 (Jn 15:7).<\/p>\n\n\n\n<h2 class=\"wp-block-heading\">1 Corintios 14:13 <\/h2>\n\n\n\n<p>Por lo tanto, el que hable en una lengua extra\u00f1a, pida en oraci\u00f3n poder interpretarla (1 Co 14:13).<\/p>\n\n\n\n<h2 class=\"wp-block-heading\">Romanos 10:13 <\/h2>\n\n\n\n<p>Porque todo el que invoque el nombre del Se\u00f1or ser\u00e1 salvo (Ro 10:13).<\/p>\n\n\n\n<h2 class=\"wp-block-heading\">Efesios 6:18 <\/h2>\n\n\n\n<p>Oren en todo tiempo con toda oraci\u00f3n y s\u00faplica en el Esp\u00edritu, y mant\u00e9nganse atentos, siempre orando por todos los santos (Ef 6:18).<\/p>\n\n\n\n<h2 class=\"wp-block-heading\">Filipenses 4:6 <\/h2>\n\n\n\n<p>No se preocupen por nada. Que sus peticiones sean conocidas delante de Dios en toda oraci\u00f3n y ruego, con acci\u00f3n de gracias (Filip 4:6).<\/p>\n\n\n\n<h2 class=\"wp-block-heading\">Colosenses 4:2 <\/h2>\n\n\n\n<p>Ded\u00edquense a la oraci\u00f3n, y sean constantes en sus acciones de gracias (Col 4:2).<\/p>\n\n\n\n<h2 class=\"wp-block-heading\">1 Tesalonicenses 5:17 <\/h2>\n\n\n\n<p>Oren sin cesar (1 Tes 5:17).<\/p>\n\n\n\n<h2 class=\"wp-block-heading\">Santiago 4:3<\/h2>\n\n\n\n<p>Y cuando piden algo, no lo reciben porque lo piden con malas intenciones, para gastarlo en sus propios placeres (Stg 4:3).<\/p>\n\n\n\n<h2 class=\"wp-block-heading\">Santiago 5:16 <\/h2>\n\n\n\n<p>Confiesen sus pecados unos a otros, y oren unos por otros, para que sean sanados. La oraci\u00f3n del justo es muy poderosa y efectiva (Stg 5:16).<\/p>\n\n\n\n<h2 class=\"wp-block-heading\">1 Pedro 4:7 <\/h2>\n\n\n\n<p>El fin de todo se acerca. Por lo tanto, p\u00f3rtense juiciosamente y no dejen de orar (1 Pe 4:7).<\/p>\n\n\n\n<h2 class=\"wp-block-heading\">1 Juan 3:22 <\/h2>\n\n\n\n<p>y recibiremos de \u00e9l todo lo que le pidamos, porque obedecemos sus mandamientos, y hacemos las cosas que le son agradables (1 Jn 3:22).<\/p>\n\n\n\n<h2 class=\"wp-block-heading\">1 Juan 5:14 <\/h2>\n\n\n\n<p>Y \u00e9sta es la confianza que tenemos en \u00e9l: si pedimos algo seg\u00fan su voluntad, \u00e9l nos oye (1 Jn 5:14).<\/p>\n\n\n\n<h2 class=\"wp-block-heading\">Lee Tambi\u00e9n:<\/h2>\n\n\n\n<ul class=\"wp-block-list\"><li><a href=\"https:\/\/thebibleverses.org\/es\/\">Vers\u00edculos por Tema<\/a><\/li><li><a href=\"https:\/\/thebibleverses.org\/es\/amor\/\">Vers\u00edculos B\u00edblicos sobre el Amor<\/a><\/li><li><a href=\"https:\/\/thebibleverses.org\/es\/fortaleza\/\">Vers\u00edculos B\u00edblicos de Fortaleza<\/a><\/li><li><a href=\"https:\/\/thebibleverses.org\/es\/fe\/\">Vers\u00edculos B\u00edblicos sobre la Fe<\/a><\/li><li><a href=\"https:\/\/thebibleverses.org\/es\/jovenes\/\">Vers\u00edculos B\u00edblicos para J\u00f3venes<\/a><\/li><li><a href=\"https:\/\/thebibleverses.org\/es\/amistad\/\">Vers\u00edculos B\u00edblicos sobre la Amistad<\/a><\/li><li><a href=\"https:\/\/thebibleverses.org\/es\/sanidad\/\">Vers\u00edculos B\u00edblicos sobre Sanidad<\/a><\/li><\/ul>\n\n\n\n<p><\/p>\n","protected":false},"excerpt":{"rendered":"<p>2 Samuel 22:7 Pero en mi angustia, Se\u00f1or, a ti clam\u00e9; a ti, mi Dios, pedi ayuda, y desde tu templo me escuchaste; \u00a1mis gemidos llegaron a tus o\u00eddos! (2 Sa 22:7). 2 Cr\u00f3nicas 7:14 Si mi pueblo, sobre el cual se invoca mi nombre, se humilla y ora, y busca mi rostro, y se [&hellip;]<\/p>\n","protected":false},"author":1,"featured_media":788,"parent":0,"menu_order":0,"comment_status":"open","ping_status":"closed","template":"","meta":{"footnotes":""},"class_list":["post-413","page","type-page","status-publish","has-post-thumbnail","hentry","entry","fw-tab-6 fw-tabr-4"],"_links":{"self":[{"href":"https:\/\/thebibleverses.org\/es\/wp-json\/wp\/v2\/pages\/413","targetHints":{"allow":["GET"]}}],"collection":[{"href":"https:\/\/thebibleverses.org\/es\/wp-json\/wp\/v2\/pages"}],"about":[{"href":"https:\/\/thebibleverses.org\/es\/wp-json\/wp\/v2\/types\/page"}],"author":[{"embeddable":true,"href":"https:\/\/thebibleverses.org\/es\/wp-json\/wp\/v2\/users\/1"}],"replies":[{"embeddable":true,"href":"https:\/\/thebibleverses.org\/es\/wp-json\/wp\/v2\/comments?post=413"}],"version-history":[{"count":0,"href":"https:\/\/thebibleverses.org\/es\/wp-json\/wp\/v2\/pages\/413\/revisions"}],"wp:featuredmedia":[{"embeddable":true,"href":"https:\/\/thebibleverses.org\/es\/wp-json\/wp\/v2\/media\/788"}],"wp:attachment":[{"href":"https:\/\/thebibleverses.org\/es\/wp-json\/wp\/v2\/media?parent=413"}],"curies":[{"name":"wp","href":"https:\/\/api.w.org\/{rel}","templated":true}]}}