{"id":40,"date":"2019-01-19T04:43:14","date_gmt":"2019-01-19T04:43:14","guid":{"rendered":"https:\/\/thebibleverses.org\/es\/?page_id=40"},"modified":"2022-05-15T22:27:31","modified_gmt":"2022-05-15T22:27:31","slug":"perdon","status":"publish","type":"page","link":"https:\/\/thebibleverses.org\/es\/perdon\/","title":{"rendered":"33 Vers\u00edculos de la Biblia sobre el Perd\u00f3n"},"content":{"rendered":"\n<div class=\"wp-block-image\"><figure class=\"aligncenter size-large\"><img loading=\"lazy\" decoding=\"async\" width=\"1024\" height=\"631\" src=\"https:\/\/thebibleverses.org\/es\/wp-content\/uploads\/2022\/05\/Versiculos-Biblicos-sobre-el-Perdon-1024x631.webp\" alt=\"Vers\u00edculos B\u00edblicos sobre el Perd\u00f3n\" class=\"wp-image-802\" srcset=\"https:\/\/thebibleverses.org\/es\/wp-content\/uploads\/2022\/05\/Versiculos-Biblicos-sobre-el-Perdon-1024x631.webp 1024w, https:\/\/thebibleverses.org\/es\/wp-content\/uploads\/2022\/05\/Versiculos-Biblicos-sobre-el-Perdon-300x185.webp 300w, https:\/\/thebibleverses.org\/es\/wp-content\/uploads\/2022\/05\/Versiculos-Biblicos-sobre-el-Perdon-768x474.webp 768w, https:\/\/thebibleverses.org\/es\/wp-content\/uploads\/2022\/05\/Versiculos-Biblicos-sobre-el-Perdon-320x197.webp 320w, https:\/\/thebibleverses.org\/es\/wp-content\/uploads\/2022\/05\/Versiculos-Biblicos-sobre-el-Perdon-450x278.webp 450w, https:\/\/thebibleverses.org\/es\/wp-content\/uploads\/2022\/05\/Versiculos-Biblicos-sobre-el-Perdon-720x444.webp 720w, https:\/\/thebibleverses.org\/es\/wp-content\/uploads\/2022\/05\/Versiculos-Biblicos-sobre-el-Perdon-scaled.webp 644w\" sizes=\"auto, (max-width: 1024px) 100vw, 1024px\" \/><figcaption>Vers\u00edculos B\u00edblicos sobre el Perd\u00f3n &#8211; Reina Valera Contempor\u00e1nea (RVC).<\/figcaption><\/figure><\/div>\n\n\n\n<h2 class=\"wp-block-heading\">Mateo 6:14-15 <\/h2>\n\n\n\n<p>Si ustedes perdonan a los otros sus ofensas, tambi\u00e9n su Padre celestial los perdonar\u00e1 a ustedes. Pero si ustedes no perdonan a los otros sus ofensas, tampoco el Padre de ustedes les perdonar\u00e1 sus ofensas (Mt 6:14-15).<\/p>\n\n\n\n<h2 class=\"wp-block-heading\">Mateo 9:6 <\/h2>\n\n\n\n<p>Pues para que ustedes sepan que el Hijo del Hombre tiene autoridad en la tierra para perdonar pecados, entonces \u00e9ste le dice al paral\u00edtico: \u201cLev\u00e1ntate, toma tu camilla, y vete a tu casa\u201d (Mt 9:6).<\/p>\n\n\n\n<h2 class=\"wp-block-heading\">Mateo 12:31 <\/h2>\n\n\n\n<p>Por tanto, les digo: A ustedes se les perdonar\u00e1 todo pecado y blasfemia, excepto la blasfemia contra el Esp\u00edritu (Mt 12:31).<\/p>\n\n\n\n<h2 class=\"wp-block-heading\">Mateo 12:32 <\/h2>\n\n\n\n<p>Cualquiera que hable mal del Hijo del Hombre, ser\u00e1 perdonado; pero el que hable contra el Esp\u00edritu Santo no ser\u00e1 perdonado, ni en este tiempo ni en el venidero (Mt 12:32).<\/p>\n\n\n\n<h2 class=\"wp-block-heading\">Mateo 18:21-22 <\/h2>\n\n\n\n<p>Entonces se le acerc\u00f3 Pedro y le dijo: \u00abSe\u00f1or, si mi hermano peca contra m\u00ed, \u00bfcu\u00e1ntas veces debo perdonarlo? \u00bfHasta siete veces?\u00bb Jes\u00fas le dijo: \u00abNo te digo que hasta siete veces, sino hasta setenta veces siete\u00bb (Mt 18:21-22).<\/p>\n\n\n\n<h2 class=\"wp-block-heading\">Proverbios 17:9 <\/h2>\n\n\n\n<p>El que perdona el pecado, busca afecto; el que lo divulga, aleja al amigo (Pr 17:9).<\/p>\n\n\n\n<h2 class=\"wp-block-heading\">Marcos 11:25-26 <\/h2>\n\n\n\n<p>Y cuando oren, si tienen algo contra alguien, perd\u00f3nenlo, para que tambi\u00e9n su Padre que est\u00e1 en los cielos les perdone a ustedes sus ofensas. Porque si ustedes no perdonan, tampoco su Padre que est\u00e1 en los cielos les perdonar\u00e1 a ustedes sus ofensas (Mr 11:25-26).<\/p>\n\n\n\n<h2 class=\"wp-block-heading\">Lucas 6:37 <\/h2>\n\n\n\n<p>No juzguen, y no ser\u00e1n juzgados. No condenen, y no ser\u00e1n condenados. Perdonen, y ser\u00e1n perdonados (Lc 6:37).<\/p>\n\n\n\n<h2 class=\"wp-block-heading\">Lucas 17:3-4 <\/h2>\n\n\n\n<p>As\u00ed que, \u00a1tengan cuidado! Si tu hermano peca contra ti, repr\u00e9ndelo; y si se arrepiente, perd\u00f3nalo. Si en un solo d\u00eda peca siete veces contra ti, y siete veces vuelve a ti el mismo d\u00eda y te dice: \u201cMe arrepiento\u201d, perd\u00f3nalo (Lc 17:3-4).<\/p>\n\n\n\n<h2 class=\"wp-block-heading\">Lucas 23:34 <\/h2>\n\n\n\n<p>Jes\u00fas dec\u00eda: \u00abPadre, perd\u00f3nalos, porque no saben lo que hacen.\u00bb Y los soldados echaron suertes para repartirse entre ellos sus vestidos (lc 23:34).<\/p>\n\n\n\n<h2 class=\"wp-block-heading\">Efesios 4:32 <\/h2>\n\n\n\n<p>En vez de eso, sean bondadosos y misericordiosos, y perd\u00f3nense unos a otros, as\u00ed como tambi\u00e9n Dios los perdon\u00f3 a ustedes en Cristo (Ef 4:32).<\/p>\n\n\n\n<h2 class=\"wp-block-heading\">Colosenses 3:13 <\/h2>\n\n\n\n<p>Sean mutuamente tolerantes. Si alguno tiene una queja contra otro, perd\u00f3nense de la misma manera que Cristo los perdon\u00f3 (Col 3:13).<\/p>\n\n\n\n<h2 class=\"wp-block-heading\">1 Juan 1:9 <\/h2>\n\n\n\n<p>Si confesamos nuestros pecados, \u00e9l es fiel y justo para perdonar nuestros pecados y limpiarnos de toda maldad (1 Jn 1:9).<\/p>\n\n\n\n<h2 class=\"wp-block-heading\">Salmos 25:11 <\/h2>\n\n\n\n<p>Se\u00f1or, muy grande es mi pecado, pero haz honor a tu nombre, y perd\u00f3name (Sal 25:11).<\/p>\n\n\n\n<h2 class=\"wp-block-heading\">Salmos 32:1 <\/h2>\n\n\n\n<p>Dichoso aqu\u00e9l cuyo pecado es perdonado, y cuya maldad queda absuelta (Sal 32:1).<\/p>\n\n\n\n<h2 class=\"wp-block-heading\">Psalm 32:5<\/h2>\n\n\n\n<p>Te confes\u00e9 mi pecado; no ocult\u00e9 mi maldad. Me dije: \u00abConfesar\u00e9 al Se\u00f1or mi rebeld\u00eda\u00bb, y t\u00fa perdonaste la maldad de mi pecado (Sal 32:5).<\/p>\n\n\n\n<h2 class=\"wp-block-heading\">Salmos 79:9 <\/h2>\n\n\n\n<p>Por la gloria de tu nombre, \u00a1ay\u00fadanos, Dios de nuestra salvaci\u00f3n! Por causa de tu nombre, \u00a1l\u00edbranos y perdona nuestros pecados! (Sal 79:9).<\/p>\n\n\n\n<h2 class=\"wp-block-heading\">Salmos 85:2 <\/h2>\n\n\n\n<p>Has perdonado la iniquidad de tu pueblo, has perdonado todos sus pecados (Sal 85:2).<\/p>\n\n\n\n<h2 class=\"wp-block-heading\">Salmos 86:5 <\/h2>\n\n\n\n<p>T\u00fa, Se\u00f1or, eres bondadoso y sabes perdonar; \u00a1grande es tu misericordia para los que te invocan! (Sal 86:5).<\/p>\n\n\n\n<h2 class=\"wp-block-heading\">Salmos 103:3 <\/h2>\n\n\n\n<p>El Se\u00f1or perdona todas tus maldades, y sana todas tus dolencias (Sal 103:3).<\/p>\n\n\n\n<h2 class=\"wp-block-heading\">Salmos 130:4 <\/h2>\n\n\n\n<p>Pero en ti hallamos perd\u00f3n, para que seas reverenciado (Sal 130:4).<\/p>\n\n\n\n<h2 class=\"wp-block-heading\">Isa\u00edas 40:2 <\/h2>\n\n\n\n<p>\u00a1Hablen al coraz\u00f3n de Jerusal\u00e9n! \u00a1D\u00edganle a voz en cuello que ya se ha cumplido su tiempo, que su pecado ya ha sido perdonado; que ya ha recibido de manos del Se\u00f1or el doble por todos sus pecados (Is 40:2).<\/p>\n\n\n\n<h2 class=\"wp-block-heading\">Isa\u00edas 55:7 <\/h2>\n\n\n\n<p>\u00a1Que dejen los imp\u00edos su camino, y los malvados sus malos pensamientos! \u00a1Que se vuelvan al Se\u00f1or, nuestro Dios, y \u00e9l tendr\u00e1 misericordia de ellos, pues \u00e9l sabe perdonar con generosidad (Is 55:7).<\/p>\n\n\n\n<h2 class=\"wp-block-heading\">Jerem\u00edas 33:8 <\/h2>\n\n\n\n<p>Los limpiar\u00e9 de toda la maldad que los llev\u00f3 a pecar contra m\u00ed, y les perdonar\u00e9 todos los pecados que cometieron contra m\u00ed, y tambi\u00e9n sus rebeld\u00edas (Jr 33:8).<\/p>\n\n\n\n<h2 class=\"wp-block-heading\">Daniel 9:9 <\/h2>\n\n\n\n<p>Pero t\u00fa, Se\u00f1or y Dios nuestro, eres un Dios misericordioso, que sabe perdonar, a pesar de que nos hemos rebelado contra ti (Da 9:9).<\/p>\n\n\n\n<h2 class=\"wp-block-heading\">Daniel 9:19 <\/h2>\n\n\n\n<p>\u00a1Se\u00f1or, Se\u00f1or, \u00f3yenos y perd\u00f3nanos! \u00a1Pr\u00e9stanos atenci\u00f3n, Se\u00f1or, y act\u00faa! Por amor a ti mismo, Dios m\u00edo, \u00a1no tardes!, que tu nombre se invoca sobre tu ciudad y tu pueblo (Da 9:19).<\/p>\n\n\n\n<h2 class=\"wp-block-heading\">Joel 2:17 <\/h2>\n\n\n\n<p>Y ustedes los sacerdotes, ministros del Se\u00f1or, lloren entre la entrada y el altar, y digan: \u00abSe\u00f1or, \u00a1perdona a tu pueblo! No los entregues al oprobio, ni dejes que las naciones los dominen! \u00a1No permitas que entre los pueblos se diga que nuestro Dios nos ha abandonado!\u00bb (Jl 2:17).<\/p>\n\n\n\n<h2 class=\"wp-block-heading\">Miqueas 7:18 <\/h2>\n\n\n\n<p>\u00bfQu\u00e9 otro Dios hay como t\u00fa, que perdona la maldad y olvida el pecado del remanente de su pueblo? T\u00fa no guardas el enojo todo el tiempo, porque te deleitas en la misericordia (Mi 7:18).<\/p>\n\n\n\n<h2 class=\"wp-block-heading\">Malaqu\u00edas 3:17 <\/h2>\n\n\n\n<p>Dijo entonces el Se\u00f1or: \u00abEllos ser\u00e1n para m\u00ed un tesoro muy especial. Cuando llegue el d\u00eda en que yo act\u00fae, los perdonar\u00e9, como perdona un padre al hijo que le sirve (Mal 3:17).<\/p>\n\n\n\n<h2 class=\"wp-block-heading\">Hechos 2:38 <\/h2>\n\n\n\n<p>Y Pedro les dijo: Arrepi\u00e9ntanse, y baut\u00edcense todos ustedes en el nombre de Jesucristo, para que sus pecados les sean perdonados. Entonces recibir\u00e1n el don del Esp\u00edritu Santo (Hch 2:38).<\/p>\n\n\n\n<h2 class=\"wp-block-heading\">Hechos 13:38 <\/h2>\n\n\n\n<p>Hermanos, quiero que sepan que les estamos anunciando el perd\u00f3n de sus pecados por medio de Jes\u00fas (Hch 13:38).<\/p>\n\n\n\n<h2 class=\"wp-block-heading\">Efesios 1:7 <\/h2>\n\n\n\n<p>En \u00e9l tenemos la redenci\u00f3n por medio de su sangre, el perd\u00f3n de los pecados seg\u00fan las riquezas de su gracia (Ef 1:7).<\/p>\n\n\n\n<h2 class=\"wp-block-heading\">Colosenses 2:13 <\/h2>\n\n\n\n<p>Antes, ustedes estaban muertos en sus pecados; a\u00fan no se hab\u00edan despojado de su naturaleza pecaminosa. Pero ahora, Dios les ha dado vida juntamente con \u00e9l, y les ha perdonado todos sus pecados (Col 2:13).<\/p>\n\n\n\n<h2 class=\"wp-block-heading\">Lee Tambi\u00e9n:<\/h2>\n\n\n\n<ul class=\"wp-block-list\"><li><a href=\"https:\/\/thebibleverses.org\/es\/\">Vers\u00edculos por Tema<\/a><\/li><li><a href=\"https:\/\/thebibleverses.org\/es\/amor\/\">Vers\u00edculos B\u00edblicos sobre el Amor<\/a><\/li><li><a href=\"https:\/\/thebibleverses.org\/es\/fortaleza\/\">Vers\u00edculos B\u00edblicos de Fortaleza<\/a><\/li><li><a href=\"https:\/\/thebibleverses.org\/es\/fe\/\">Vers\u00edculos B\u00edblicos sobre la Fe<\/a><\/li><li><a href=\"https:\/\/thebibleverses.org\/es\/jovenes\/\">Vers\u00edculos B\u00edblicos para J\u00f3venes<\/a><\/li><li><a href=\"https:\/\/thebibleverses.org\/es\/amistad\/\">Vers\u00edculos B\u00edblicos sobre la Amistad<\/a><\/li><li><a href=\"https:\/\/thebibleverses.org\/es\/sanidad\/\">Vers\u00edculos B\u00edblicos sobre Sanidad<\/a><\/li><\/ul>\n","protected":false},"excerpt":{"rendered":"<p>Mateo 6:14-15 Si ustedes perdonan a los otros sus ofensas, tambi\u00e9n su Padre celestial los perdonar\u00e1 a ustedes. Pero si ustedes no perdonan a los otros sus ofensas, tampoco el Padre de ustedes les perdonar\u00e1 sus ofensas (Mt 6:14-15). Mateo 9:6 Pues para que ustedes sepan que el Hijo del Hombre tiene autoridad en la [&hellip;]<\/p>\n","protected":false},"author":1,"featured_media":802,"parent":0,"menu_order":0,"comment_status":"open","ping_status":"closed","template":"","meta":{"footnotes":""},"class_list":["post-40","page","type-page","status-publish","has-post-thumbnail","hentry","entry","fw-tab-6 fw-tabr-4"],"_links":{"self":[{"href":"https:\/\/thebibleverses.org\/es\/wp-json\/wp\/v2\/pages\/40","targetHints":{"allow":["GET"]}}],"collection":[{"href":"https:\/\/thebibleverses.org\/es\/wp-json\/wp\/v2\/pages"}],"about":[{"href":"https:\/\/thebibleverses.org\/es\/wp-json\/wp\/v2\/types\/page"}],"author":[{"embeddable":true,"href":"https:\/\/thebibleverses.org\/es\/wp-json\/wp\/v2\/users\/1"}],"replies":[{"embeddable":true,"href":"https:\/\/thebibleverses.org\/es\/wp-json\/wp\/v2\/comments?post=40"}],"version-history":[{"count":0,"href":"https:\/\/thebibleverses.org\/es\/wp-json\/wp\/v2\/pages\/40\/revisions"}],"wp:featuredmedia":[{"embeddable":true,"href":"https:\/\/thebibleverses.org\/es\/wp-json\/wp\/v2\/media\/802"}],"wp:attachment":[{"href":"https:\/\/thebibleverses.org\/es\/wp-json\/wp\/v2\/media?parent=40"}],"curies":[{"name":"wp","href":"https:\/\/api.w.org\/{rel}","templated":true}]}}