{"id":377,"date":"2019-09-04T19:14:13","date_gmt":"2019-09-04T19:14:13","guid":{"rendered":"https:\/\/thebibleverses.org\/es\/?page_id=377"},"modified":"2022-05-13T21:43:07","modified_gmt":"2022-05-13T21:43:07","slug":"bendicion","status":"publish","type":"page","link":"https:\/\/thebibleverses.org\/es\/bendicion\/","title":{"rendered":"30 Vers\u00edculos de la Biblia sobre Bendici\u00f3n"},"content":{"rendered":"\n<div class=\"wp-block-image\"><figure class=\"aligncenter size-large\"><img loading=\"lazy\" decoding=\"async\" width=\"1024\" height=\"631\" src=\"https:\/\/thebibleverses.org\/es\/wp-content\/uploads\/2022\/05\/Versiculos-Biblicos-de-Bendicion-1024x631.webp\" alt=\"Vers\u00edculos B\u00edblicos sobre la Bendici\u00f3n\" class=\"wp-image-724\" srcset=\"https:\/\/thebibleverses.org\/es\/wp-content\/uploads\/2022\/05\/Versiculos-Biblicos-de-Bendicion-1024x631.webp 1024w, https:\/\/thebibleverses.org\/es\/wp-content\/uploads\/2022\/05\/Versiculos-Biblicos-de-Bendicion-300x185.webp 300w, https:\/\/thebibleverses.org\/es\/wp-content\/uploads\/2022\/05\/Versiculos-Biblicos-de-Bendicion-768x474.webp 768w, https:\/\/thebibleverses.org\/es\/wp-content\/uploads\/2022\/05\/Versiculos-Biblicos-de-Bendicion-320x197.webp 320w, https:\/\/thebibleverses.org\/es\/wp-content\/uploads\/2022\/05\/Versiculos-Biblicos-de-Bendicion-450x278.webp 450w, https:\/\/thebibleverses.org\/es\/wp-content\/uploads\/2022\/05\/Versiculos-Biblicos-de-Bendicion-720x444.webp 720w, https:\/\/thebibleverses.org\/es\/wp-content\/uploads\/2022\/05\/Versiculos-Biblicos-de-Bendicion-scaled.webp 644w\" sizes=\"auto, (max-width: 1024px) 100vw, 1024px\" \/><figcaption>Vers\u00edculos B\u00edblicos sobre la Bendici\u00f3n &#8211; Reina Valera Contempor\u00e1nea (RVC).<\/figcaption><\/figure><\/div>\n\n\n\n<h2 class=\"wp-block-heading\">G\u00e9nesis 1:27-28 <\/h2>\n\n\n\n<p>Y Dios cre\u00f3 al hombre a su imagen. Lo cre\u00f3 a imagen de Dios. Hombre y mujer los cre\u00f3. Y los bendijo Dios con estas palabras: \u00a1Reprod\u00fazcanse, multipl\u00edquense, y llenen la tierra! \u00a1Dom\u00ednenla! \u00a1Sean los se\u00f1ores de los peces del mar, de las aves de los cielos, y de todos los seres que reptan sobre la tierra! (Ge 1:27-28).<\/p>\n\n\n\n<h2 class=\"wp-block-heading\">G\u00e9nesis 2:3 <\/h2>\n\n\n\n<p>Y Dios bendijo el d\u00eda s\u00e9ptimo, y lo santific\u00f3, porque en ese d\u00eda repos\u00f3 de toda su obra (Ge 2:3).<\/p>\n\n\n\n<h2 class=\"wp-block-heading\">G\u00e9nesis 5:2 <\/h2>\n\n\n\n<p>Los cre\u00f3 hombre y mujer, y los bendijo. El d\u00eda en que fueron creados les puso por nombre Ad\u00e1n (Ge 5:2).<\/p>\n\n\n\n<h2 class=\"wp-block-heading\">G\u00e9nesis 9:1 <\/h2>\n\n\n\n<p>Dios bendijo a No\u00e9 y a sus hijos, y les dijo: Reprod\u00fazcanse y multipl\u00edquense: \u00a1llenen la tierra! (Ge 9:1).<\/p>\n\n\n\n<h2 class=\"wp-block-heading\">G\u00e9nesis 12:1-3 <\/h2>\n\n\n\n<p>Pero el Se\u00f1or le hab\u00eda dicho a Abr\u00e1n: Vete de tu tierra y de tu parentela, y de la casa de tu padre, a la tierra que te mostrar\u00e9. Yo har\u00e9 de ti una naci\u00f3n grande. Te bendecir\u00e9, y engrandecer\u00e9 tu nombre, y ser\u00e1s bendici\u00f3n. Bendecir\u00e9 a los que te bendigan, y maldecir\u00e9 a los que te maldigan; y en ti ser\u00e1n benditas todas las familias de la tierra (Ge 12:1-3).<\/p>\n\n\n\n<h2 class=\"wp-block-heading\">G\u00e9nesis 14:18-20 <\/h2>\n\n\n\n<p>Entonces Melquisedec, que era rey de Sal\u00e9n y sacerdote del Dios Alt\u00edsimo, sac\u00f3 pan y vino y lo bendijo as\u00ed: \u00abBendito seas, Abr\u00e1n, del Dios Alt\u00edsimo, creador de los cielos y de la tierra, y bendito sea el Dios Alt\u00edsimo, que puso en tus manos a tus enemigos.\u00bb Y le dio Abr\u00e1n los diezmos de todo (Ge 14:18-20).<\/p>\n\n\n\n<h2 class=\"wp-block-heading\">G\u00e9nesis 22:18 <\/h2>\n\n\n\n<p>En tu simiente ser\u00e1n bendecidas todas las naciones de la tierra, por cuanto atendiste a mi voz (Ge 22:18).<\/p>\n\n\n\n<h2 class=\"wp-block-heading\">G\u00e9nesis 26:12 <\/h2>\n\n\n\n<p>Isaac sembr\u00f3 en aquella tierra y Dios lo bendijo, y ese a\u00f1o cosech\u00f3 cien veces lo sembrado (Ge 26:12).<\/p>\n\n\n\n<h2 class=\"wp-block-heading\">\u00c9xodo 23:25 <\/h2>\n\n\n\n<p>Pero me servir\u00e1n a m\u00ed, el Se\u00f1or su Dios, y yo bendecir\u00e9 tu pan y tus aguas, y quitar\u00e9 de en medio de ti toda enfermedad (\u00c9xodo 23:25).<\/p>\n\n\n\n<h2 class=\"wp-block-heading\">Deuteronomio 11:26-28 <\/h2>\n\n\n\n<p>Dense cuenta de que hoy pongo ante ustedes la bendici\u00f3n y la maldici\u00f3n. La bendici\u00f3n, si ustedes atienden a los mandamientos que yo, el Se\u00f1or su Dios, hoy les mando cumplir. La maldici\u00f3n, si no atienden a los mandamientos que yo, el Se\u00f1or su Dios, hoy les mando cumplir, y se apartan del camino para ir tras dioses ajenos que nunca antes conocieron (Dt 11:26-28).<\/p>\n\n\n\n<h2 class=\"wp-block-heading\">Deuteronomio 28:2-6 <\/h2>\n\n\n\n<p>Si escuchas la voz del Se\u00f1or tu Dios, todas estas bendiciones vendr\u00e1n sobre ti, y te alcanzar\u00e1n: Bendito ser\u00e1s t\u00fa en la ciudad, y bendito en el campo. Bendito ser\u00e1 el fruto de tu vientre, el fruto de tu tierra, el fruto de tus bestias, y las cr\u00edas de tus vacas y los reba\u00f1os de tus ovejas. Benditas ser\u00e1n tu canasta y tu artesa de amasar. Bendito ser\u00e1s cuando entres, y bendito cuando salgas (Dt 28:2-6).<\/p>\n\n\n\n<h2 class=\"wp-block-heading\">Deuteronomio 28:8 <\/h2>\n\n\n\n<p>El Se\u00f1or enviar\u00e1 su bendici\u00f3n sobre tus graneros y sobre todo aquello en que pongas tu mano, y te bendecir\u00e1 en la tierra que el Se\u00f1or tu Dios te da (Dt 28:8).<\/p>\n\n\n\n<h2 class=\"wp-block-heading\">2 Samuel 6:11 <\/h2>\n\n\n\n<p>Y as\u00ed, el arca del Se\u00f1or se qued\u00f3 tres meses en la casa del gatita Obed Edom, y Dios lo bendijo a \u00e9ste y a toda su familia (2 Sa 6:11).<\/p>\n\n\n\n<h2 class=\"wp-block-heading\">1 Cr\u00f3nicas 4:10 <\/h2>\n\n\n\n<p>Y Jab\u00e9s invoc\u00f3 al Dios de Israel. Dijo: \u00a1C\u00f3mo quisiera que me des tu bendici\u00f3n, que ensanches mi territorio, que tu mano est\u00e9 conmigo y que me libres del mal, para que no sufra yo ning\u00fan da\u00f1o! Y Dios le concedi\u00f3 lo que pidi\u00f3 (1 Cr 4:10).<\/p>\n\n\n\n<h2 class=\"wp-block-heading\">Job 1:21 <\/h2>\n\n\n\n<p>Desnudo sal\u00ed del vientre de mi madre, y desnudo volver\u00e9 al sepulcro. El Se\u00f1or me dio, y el Se\u00f1or me quit\u00f3. \u00a1Bendito sea el nombre del Se\u00f1or! (Job 1:21).<\/p>\n\n\n\n<h2 class=\"wp-block-heading\">Job 42:12 <\/h2>\n\n\n\n<p>Y el Se\u00f1or bendijo a Job con mayores riquezas que las que tuvo al principio, pues lleg\u00f3 a tener catorce mil ovejas, seis mil camellos, mil yuntas de bueyes y mil asnas (Job 42:12).<\/p>\n\n\n\n<h2 class=\"wp-block-heading\">Salmos 3:8 <\/h2>\n\n\n\n<p>A ti, Se\u00f1or, te corresponde salvar; \u00a1derrama tus bendiciones sobre tu pueblo! (Sal 3:8).<\/p>\n\n\n\n<h2 class=\"wp-block-heading\">Salmos 29:11 <\/h2>\n\n\n\n<p>El Se\u00f1or infunde poder a su pueblo y lo bendice con la paz (Sal 29:11).<\/p>\n\n\n\n<h2 class=\"wp-block-heading\">Salmos 34:1 <\/h2>\n\n\n\n<p>Bendecir\u00e9 al Se\u00f1or en todo tiempo; su alabanza estar\u00e1 siempre en mi boca (Sal 34:1).<\/p>\n\n\n\n<h2 class=\"wp-block-heading\">Salmos 115:14 <\/h2>\n\n\n\n<p>El Se\u00f1or a\u00f1adir\u00e1 sus bendiciones sobre ustedes y sobre sus hijos (Sal 115:14).<\/p>\n\n\n\n<h2 class=\"wp-block-heading\">Proverbios 10:6 <\/h2>\n\n\n\n<p>La cabeza del justo se cubre de bendiciones; la boca de los imp\u00edos encubre violencia (Proverbios 10:6 <\/p>\n\n\n\n<h2 class=\"wp-block-heading\">Proverbios 10:22 <\/h2>\n\n\n\n<p>La bendici\u00f3n del Se\u00f1or es un tesoro; nunca viene acompa\u00f1ada de tristeza (Pr 10:22).<\/p>\n\n\n\n<h2 class=\"wp-block-heading\">Proverbios 22:9 <\/h2>\n\n\n\n<p>Bendito sea quien ve a otros con bondad y comparte su pan con el indigente! (Pr 22:9).<\/p>\n\n\n\n<h2 class=\"wp-block-heading\">Jerem\u00edas 17:7-8 <\/h2>\n\n\n\n<p>Pero bendito el hombre que conf\u00eda en m\u00ed, que soy el Se\u00f1or, y que en m\u00ed pone su confianza. Ese hombre es como un \u00e1rbol plantado junto a los arroyos; echa sus ra\u00edces junto a las corrientes, y no se da cuenta cuando llega el calor; sus hojas siempre est\u00e1n verdes, y en los a\u00f1os de sequ\u00eda no se marchita ni deja de dar fruto (Jr 17:7-8).<\/p>\n\n\n\n<h2 class=\"wp-block-heading\">Mateo 14:19 <\/h2>\n\n\n\n<p>Mand\u00f3 entonces a la gente que se recostara sobre la hierba. Tom\u00f3 los cinco panes y los dos pescados, y levantando los ojos al cielo los bendijo, los parti\u00f3, y dio los panes a los disc\u00edpulos, y los disc\u00edpulos a la multitud (Mt 14:19).<\/p>\n\n\n\n<h2 class=\"wp-block-heading\">Lucas 6:27-28 <\/h2>\n\n\n\n<p>A ustedes, los que me escuchan, les digo: Amen a sus enemigos, hagan bien a quienes los odian, bendigan a quienes los maldicen, y oren por quienes los calumnian (Lc 6:27-28).<\/p>\n\n\n\n<h2 class=\"wp-block-heading\">Romanos 12:14 <\/h2>\n\n\n\n<p>Bendigamos a los que nos persiguen; bendigamos y no maldigamos (Ro 12:14).<\/p>\n\n\n\n<h2 class=\"wp-block-heading\">G\u00e1latas 3:14 <\/h2>\n\n\n\n<p>Para que en Cristo Jes\u00fas la bendici\u00f3n de Abrah\u00e1n alcanzara a los no jud\u00edos, a fin de que por la fe recibi\u00e9ramos la promesa del Esp\u00edritu (Ga 3:14).<\/p>\n\n\n\n<h2 class=\"wp-block-heading\">Efesios 1:3 <\/h2>\n\n\n\n<p>Bendito sea el Dios y Padre de nuestro Se\u00f1or Jesucristo, que en Cristo nos ha bendecido con toda bendici\u00f3n espiritual en los lugares celestiales (Ef 1:3).<\/p>\n\n\n\n<h2 class=\"wp-block-heading\">1 Pedro 3:9 <\/h2>\n\n\n\n<p>Y no devuelvan mal por mal, ni maldici\u00f3n por maldici\u00f3n. Al contrario, bendigan, pues ustedes fueron llamados para recibir bendici\u00f3n (1 Pe 3:9). <\/p>\n\n\n\n<h2 class=\"wp-block-heading\">Lee Tambi\u00e9n:<\/h2>\n\n\n\n<ul class=\"wp-block-list\"><li><a href=\"https:\/\/thebibleverses.org\/es\/\">Vers\u00edculos por Tema<\/a><\/li><li><a href=\"https:\/\/thebibleverses.org\/es\/amor\/\">Vers\u00edculos B\u00edblicos sobre el Amor<\/a><\/li><li><a href=\"https:\/\/thebibleverses.org\/es\/fortaleza\/\">Vers\u00edculos B\u00edblicos de Fortaleza<\/a><\/li><li><a href=\"https:\/\/thebibleverses.org\/es\/fe\/\">Vers\u00edculos B\u00edblicos sobre la Fe<\/a><\/li><li><a href=\"https:\/\/thebibleverses.org\/es\/jovenes\/\">Vers\u00edculos B\u00edblicos para J\u00f3venes<\/a><\/li><li><a href=\"https:\/\/thebibleverses.org\/es\/amistad\/\">Vers\u00edculos B\u00edblicos sobre la Amistad<\/a><\/li><li><a href=\"https:\/\/thebibleverses.org\/es\/sanidad\/\">Vers\u00edculos B\u00edblicos sobre Sanidad<\/a><\/li><\/ul>\n","protected":false},"excerpt":{"rendered":"<p>G\u00e9nesis 1:27-28 Y Dios cre\u00f3 al hombre a su imagen. Lo cre\u00f3 a imagen de Dios. Hombre y mujer los cre\u00f3. Y los bendijo Dios con estas palabras: \u00a1Reprod\u00fazcanse, multipl\u00edquense, y llenen la tierra! \u00a1Dom\u00ednenla! \u00a1Sean los se\u00f1ores de los peces del mar, de las aves de los cielos, y de todos los seres que [&hellip;]<\/p>\n","protected":false},"author":1,"featured_media":724,"parent":0,"menu_order":0,"comment_status":"open","ping_status":"closed","template":"","meta":{"footnotes":""},"class_list":["post-377","page","type-page","status-publish","has-post-thumbnail","hentry","entry","fw-tab-6 fw-tabr-4"],"_links":{"self":[{"href":"https:\/\/thebibleverses.org\/es\/wp-json\/wp\/v2\/pages\/377","targetHints":{"allow":["GET"]}}],"collection":[{"href":"https:\/\/thebibleverses.org\/es\/wp-json\/wp\/v2\/pages"}],"about":[{"href":"https:\/\/thebibleverses.org\/es\/wp-json\/wp\/v2\/types\/page"}],"author":[{"embeddable":true,"href":"https:\/\/thebibleverses.org\/es\/wp-json\/wp\/v2\/users\/1"}],"replies":[{"embeddable":true,"href":"https:\/\/thebibleverses.org\/es\/wp-json\/wp\/v2\/comments?post=377"}],"version-history":[{"count":0,"href":"https:\/\/thebibleverses.org\/es\/wp-json\/wp\/v2\/pages\/377\/revisions"}],"wp:featuredmedia":[{"embeddable":true,"href":"https:\/\/thebibleverses.org\/es\/wp-json\/wp\/v2\/media\/724"}],"wp:attachment":[{"href":"https:\/\/thebibleverses.org\/es\/wp-json\/wp\/v2\/media?parent=377"}],"curies":[{"name":"wp","href":"https:\/\/api.w.org\/{rel}","templated":true}]}}