{"id":37,"date":"2019-01-19T04:27:06","date_gmt":"2019-01-19T04:27:06","guid":{"rendered":"https:\/\/thebibleverses.org\/es\/?page_id=37"},"modified":"2022-05-15T21:23:57","modified_gmt":"2022-05-15T21:23:57","slug":"familia","status":"publish","type":"page","link":"https:\/\/thebibleverses.org\/es\/familia\/","title":{"rendered":"15 Vers\u00edculos de la Biblia sobre la Familia"},"content":{"rendered":"\n<div class=\"wp-block-image\"><figure class=\"aligncenter size-large\"><img loading=\"lazy\" decoding=\"async\" width=\"1024\" height=\"631\" src=\"https:\/\/thebibleverses.org\/es\/wp-content\/uploads\/2022\/05\/Versiculos-Biblicos-sobre-la-Familia-1024x631.webp\" alt=\"Vers\u00edculos B\u00edblicos sobre la Familia\" class=\"wp-image-753\" srcset=\"https:\/\/thebibleverses.org\/es\/wp-content\/uploads\/2022\/05\/Versiculos-Biblicos-sobre-la-Familia-1024x631.webp 1024w, https:\/\/thebibleverses.org\/es\/wp-content\/uploads\/2022\/05\/Versiculos-Biblicos-sobre-la-Familia-300x185.webp 300w, https:\/\/thebibleverses.org\/es\/wp-content\/uploads\/2022\/05\/Versiculos-Biblicos-sobre-la-Familia-768x474.webp 768w, https:\/\/thebibleverses.org\/es\/wp-content\/uploads\/2022\/05\/Versiculos-Biblicos-sobre-la-Familia-320x197.webp 320w, https:\/\/thebibleverses.org\/es\/wp-content\/uploads\/2022\/05\/Versiculos-Biblicos-sobre-la-Familia-450x278.webp 450w, https:\/\/thebibleverses.org\/es\/wp-content\/uploads\/2022\/05\/Versiculos-Biblicos-sobre-la-Familia-720x444.webp 720w, https:\/\/thebibleverses.org\/es\/wp-content\/uploads\/2022\/05\/Versiculos-Biblicos-sobre-la-Familia-scaled.webp 644w\" sizes=\"auto, (max-width: 1024px) 100vw, 1024px\" \/><figcaption>Vers\u00edculos B\u00edblicos sobre la Familia &#8211; Reina Valera Contempor\u00e1nea (RVC).<\/figcaption><\/figure><\/div>\n\n\n\n<h2 class=\"wp-block-heading\">Hechos 16:31 <\/h2>\n\n\n\n<p>Ellos le dijeron: \u00abCree en el Se\u00f1or Jesucristo, y se salvar\u00e1n t\u00fa y tu familia\u00bb (Hch 16:31).<\/p>\n\n\n\n<h2 class=\"wp-block-heading\">Jerem\u00edas 32:39 <\/h2>\n\n\n\n<p>Yo les dar\u00e9 un solo coraz\u00f3n y un solo camino, para que me teman perpetuamente, para bien de ellos y de sus hijos (Jr 32:39).<\/p>\n\n\n\n<h2 class=\"wp-block-heading\">G\u00e9nesis 12:3 <\/h2>\n\n\n\n<p>Bendecir\u00e9 a los que te bendigan, y maldecir\u00e9 a los que te maldigan; y en ti ser\u00e1n benditas todas las familias de la tierra\u00bb (Ge 12:3).<\/p>\n\n\n\n<h2 class=\"wp-block-heading\">G\u00e9nesis 17:7 <\/h2>\n\n\n\n<p>Establecer\u00e9 mi pacto contigo y con tus descendientes. Ser\u00e1 un pacto perpetuo, y yo ser\u00e9 tu Dios y el de tu descendencia (Ge 17:7).<\/p>\n\n\n\n<h2 class=\"wp-block-heading\">G\u00e9nesis 28:14 <\/h2>\n\n\n\n<p>Tu descendencia ser\u00e1 como el polvo de la tierra, y te esparcir\u00e1s hacia el occidente y el oriente, hacia el norte y el sur. En ti y en tu simiente ser\u00e1n bendecidas todas las familias de la tierra (Ge 28:14).<\/p>\n\n\n\n<h2 class=\"wp-block-heading\">G\u00e9nesis 35:2 <\/h2>\n\n\n\n<p>Entonces Jacob dijo a su familia y a todos los que estaban con \u00e9l: Desh\u00e1ganse de los dioses ajenos que hay entre ustedes; purif\u00edquense y c\u00e1mbiense de ropa (Ge 35:2).<\/p>\n\n\n\n<h2 class=\"wp-block-heading\">\u00c9xodo 1:21 <\/h2>\n\n\n\n<p>Y como las parteras tuvieron temor de Dios, \u00e9l hizo que sus familias prosperaran (Ex 1:21).<\/p>\n\n\n\n<h2 class=\"wp-block-heading\">\u00c9xodo 20:12 <\/h2>\n\n\n\n<p>Honrar\u00e1s a tu padre y a tu madre, para que tu vida se alargue en la tierra que yo, el Se\u00f1or tu Dios, te doy (Ex 20:12).<\/p>\n\n\n\n<h2 class=\"wp-block-heading\">Deuteronomio 12:28 <\/h2>\n\n\n\n<p>Ten cuidado y escucha todas estas palabras que yo te mando, para que al hacer lo bueno y lo recto a los ojos del Se\u00f1or tu Dios te vaya bien siempre, a ti y a tus hijos despu\u00e9s de ti (Dt 12:28).<\/p>\n\n\n\n<h2 class=\"wp-block-heading\">Josu\u00e9 24:15 <\/h2>\n\n\n\n<p>Pero si no les parece bien servirle, escojan hoy a qui\u00e9n quieren servir, si a los dioses que sus padres adoraron cuando a\u00fan estaban al otro lado del r\u00edo, o a los dioses que sirven los amorreos en esta tierra donde ahora ustedes viven. Por mi parte, mi casa y yo serviremos al Se\u00f1or\u00bb (Jos 24:15).<\/p>\n\n\n\n<h2 class=\"wp-block-heading\">Salmos 127:3 <\/h2>\n\n\n\n<p>Los hijos son un regalo del Se\u00f1or; los frutos del vientre son nuestra recompensa (Sal 127:3).<\/p>\n\n\n\n<h2 class=\"wp-block-heading\">Proverbios 1:8 <\/h2>\n\n\n\n<p>Atiende, hijo m\u00edo, las correcciones de tu padre, y no menosprecies las ense\u00f1anzas de tu madre (Pr 1:8).<\/p>\n\n\n\n<h2 class=\"wp-block-heading\">Proverbios 17:6 <\/h2>\n\n\n\n<p>Los nietos son la corona de los ancianos, Y los padres son la honra de los hijos (Pr 17:6).<\/p>\n\n\n\n<h2 class=\"wp-block-heading\">Efesios 2:19 <\/h2>\n\n\n\n<p>Por lo tanto, ustedes ya no son extranjeros ni advenedizos, sino conciudadanos de los santos y miembros de la familia de Dios (Ef 2:19).<\/p>\n\n\n\n<h2 class=\"wp-block-heading\">1 Timoteo 5:8 <\/h2>\n\n\n\n<p>porque si alguno no provee para los suyos, y especialmente para los de su casa, niega la fe y es peor que un incr\u00e9dulo (1 Ti 5:8).<\/p>\n\n\n\n<h2 class=\"wp-block-heading\">Lee Tambi\u00e9n:<\/h2>\n\n\n\n<ul class=\"wp-block-list\"><li><a href=\"https:\/\/thebibleverses.org\/es\/\">Vers\u00edculos por Tema<\/a><\/li><li><a href=\"https:\/\/thebibleverses.org\/es\/amor\/\">Vers\u00edculos B\u00edblicos sobre el Amor<\/a><\/li><li><a href=\"https:\/\/thebibleverses.org\/es\/fortaleza\/\">Vers\u00edculos B\u00edblicos de Fortaleza<\/a><\/li><li><a href=\"https:\/\/thebibleverses.org\/es\/fe\/\">Vers\u00edculos B\u00edblicos sobre la Fe<\/a><\/li><li><a href=\"https:\/\/thebibleverses.org\/es\/jovenes\/\">Vers\u00edculos B\u00edblicos para J\u00f3venes<\/a><\/li><li><a href=\"https:\/\/thebibleverses.org\/es\/amistad\/\">Vers\u00edculos B\u00edblicos sobre la Amistad<\/a><\/li><li><a href=\"https:\/\/thebibleverses.org\/es\/sanidad\/\">Vers\u00edculos B\u00edblicos sobre Sanidad<\/a><\/li><\/ul>\n","protected":false},"excerpt":{"rendered":"<p>Hechos 16:31 Ellos le dijeron: \u00abCree en el Se\u00f1or Jesucristo, y se salvar\u00e1n t\u00fa y tu familia\u00bb (Hch 16:31). Jerem\u00edas 32:39 Yo les dar\u00e9 un solo coraz\u00f3n y un solo camino, para que me teman perpetuamente, para bien de ellos y de sus hijos (Jr 32:39). G\u00e9nesis 12:3 Bendecir\u00e9 a los que te bendigan, y [&hellip;]<\/p>\n","protected":false},"author":1,"featured_media":753,"parent":0,"menu_order":0,"comment_status":"open","ping_status":"closed","template":"","meta":{"footnotes":""},"class_list":["post-37","page","type-page","status-publish","has-post-thumbnail","hentry","entry","fw-tab-6 fw-tabr-4"],"_links":{"self":[{"href":"https:\/\/thebibleverses.org\/es\/wp-json\/wp\/v2\/pages\/37","targetHints":{"allow":["GET"]}}],"collection":[{"href":"https:\/\/thebibleverses.org\/es\/wp-json\/wp\/v2\/pages"}],"about":[{"href":"https:\/\/thebibleverses.org\/es\/wp-json\/wp\/v2\/types\/page"}],"author":[{"embeddable":true,"href":"https:\/\/thebibleverses.org\/es\/wp-json\/wp\/v2\/users\/1"}],"replies":[{"embeddable":true,"href":"https:\/\/thebibleverses.org\/es\/wp-json\/wp\/v2\/comments?post=37"}],"version-history":[{"count":0,"href":"https:\/\/thebibleverses.org\/es\/wp-json\/wp\/v2\/pages\/37\/revisions"}],"wp:featuredmedia":[{"embeddable":true,"href":"https:\/\/thebibleverses.org\/es\/wp-json\/wp\/v2\/media\/753"}],"wp:attachment":[{"href":"https:\/\/thebibleverses.org\/es\/wp-json\/wp\/v2\/media?parent=37"}],"curies":[{"name":"wp","href":"https:\/\/api.w.org\/{rel}","templated":true}]}}