{"id":363,"date":"2019-08-17T03:53:52","date_gmt":"2019-08-17T03:53:52","guid":{"rendered":"https:\/\/thebibleverses.org\/es\/?page_id=363"},"modified":"2022-05-15T21:53:13","modified_gmt":"2022-05-15T21:53:13","slug":"miedo","status":"publish","type":"page","link":"https:\/\/thebibleverses.org\/es\/miedo\/","title":{"rendered":"30 Vers\u00edculos de la Biblia sobre el Miedo y Temor"},"content":{"rendered":"\n<div class=\"wp-block-image\"><figure class=\"aligncenter size-large\"><img loading=\"lazy\" decoding=\"async\" width=\"1024\" height=\"631\" src=\"https:\/\/thebibleverses.org\/es\/wp-content\/uploads\/2022\/05\/Versiculos-Biblicos-sobre-el-Miedo-1024x631.webp\" alt=\"Vers\u00edculos B\u00edblicos sobre el Miedo y Temor\" class=\"wp-image-776\" srcset=\"https:\/\/thebibleverses.org\/es\/wp-content\/uploads\/2022\/05\/Versiculos-Biblicos-sobre-el-Miedo-1024x631.webp 1024w, https:\/\/thebibleverses.org\/es\/wp-content\/uploads\/2022\/05\/Versiculos-Biblicos-sobre-el-Miedo-300x185.webp 300w, https:\/\/thebibleverses.org\/es\/wp-content\/uploads\/2022\/05\/Versiculos-Biblicos-sobre-el-Miedo-768x474.webp 768w, https:\/\/thebibleverses.org\/es\/wp-content\/uploads\/2022\/05\/Versiculos-Biblicos-sobre-el-Miedo-320x197.webp 320w, https:\/\/thebibleverses.org\/es\/wp-content\/uploads\/2022\/05\/Versiculos-Biblicos-sobre-el-Miedo-450x278.webp 450w, https:\/\/thebibleverses.org\/es\/wp-content\/uploads\/2022\/05\/Versiculos-Biblicos-sobre-el-Miedo-720x444.webp 720w, https:\/\/thebibleverses.org\/es\/wp-content\/uploads\/2022\/05\/Versiculos-Biblicos-sobre-el-Miedo-scaled.webp 644w\" sizes=\"auto, (max-width: 1024px) 100vw, 1024px\" \/><figcaption>Vers\u00edculos B\u00edblicos sobre el Miedo y Temor &#8211; Reina Valera Contempor\u00e1nea (RVC).<\/figcaption><\/figure><\/div>\n\n\n\n<h2 class=\"wp-block-heading\">G\u00e9nesis 15:1 <\/h2>\n\n\n\n<p>Despu\u00e9s de estos sucesos, la palabra del Se\u00f1or vino a Abr\u00e1n en una visi\u00f3n. Le dijo: No temas, Abr\u00e1n. Yo soy tu escudo, y tu galard\u00f3n ser\u00e1 muy grande (G\u00e9 15:1).<\/p>\n\n\n\n<h2 class=\"wp-block-heading\">G\u00e9nesis 46:3 <\/h2>\n\n\n\n<p>Dios le dijo: Yo soy Dios, el Dios de tu padre. No tengas miedo de ir a Egipto, porque all\u00ed har\u00e9 de ti una gran naci\u00f3n (G\u00e9 46:3).<\/p>\n\n\n\n<h2 class=\"wp-block-heading\">\u00c9xodo 14:13 <\/h2>\n\n\n\n<p>Pero Mois\u00e9s le dijo al pueblo: No tengan miedo. Mant\u00e9nganse firmes, y vean la salvaci\u00f3n que el Se\u00f1or llevar\u00e1 hoy a cabo en favor de ustedes. Los egipcios que hoy han visto, nunca m\u00e1s volver\u00e1n a verlos (\u00c9x 14:13).<\/p>\n\n\n\n<h2 class=\"wp-block-heading\">Deuteronomio 1:29-30 <\/h2>\n\n\n\n<p>Pero yo les dije: No teman. No les tengan miedo. El Se\u00f1or su Dios va delante de ustedes, y \u00e9l pelear\u00e1 por ustedes, como antes vieron que lo hizo por ustedes en Egipto (Dt 1:29-30).<\/p>\n\n\n\n<h2 class=\"wp-block-heading\">Deuteronomio 3:22 <\/h2>\n\n\n\n<p>No les tengan miedo, porque el Se\u00f1or su Dios es quien pelea por ustedes (Dt 3:22).<\/p>\n\n\n\n<h2 class=\"wp-block-heading\">Deuteronomio 20:1 <\/h2>\n\n\n\n<p>Cuando salgas a combatir a tus enemigos, no tengas temor de ellos, aun cuando veas que tienen caballos y carros de guerra, y que su ej\u00e9rcito es m\u00e1s grande que el tuyo, porque contigo est\u00e1 el Se\u00f1or tu Dios, el cual te sac\u00f3 de la tierra de Egipto (Dt 20:1).<\/p>\n\n\n\n<h2 class=\"wp-block-heading\">Deuteronomio 31:6 <\/h2>\n\n\n\n<p>Esfu\u00e9rcense y cobren \u00e1nimo; no teman, ni tengan miedo de ellos, porque contigo marcha el Se\u00f1or tu Dios, y \u00e9l no te dejar\u00e1 ni te desamparar\u00e1 (Dt 31:6).<\/p>\n\n\n\n<h2 class=\"wp-block-heading\">Josu\u00e9 1:9 <\/h2>\n\n\n\n<p>Escucha lo que te mando: Esfu\u00e9rzate y s\u00e9 valiente. No temas ni desmayes, que yo soy el Se\u00f1or tu Dios, y estar\u00e9 contigo por dondequiera que vayas (Jos 1:9).<\/p>\n\n\n\n<h2 class=\"wp-block-heading\">Josu\u00e9 10:8 <\/h2>\n\n\n\n<p>Y el Se\u00f1or le dijo a Josu\u00e9: No les tengas miedo, que yo te los he entregado. Ninguno de ellos podr\u00e1 vencerte (Jos 10:8).<\/p>\n\n\n\n<h2 class=\"wp-block-heading\">Josu\u00e9 11:6 <\/h2>\n\n\n\n<p>Pero el Se\u00f1or le dijo a Josu\u00e9: No tengas miedo, que ma\u00f1ana a esta hora estar\u00e1n muertos delante de Israel. T\u00fa les cortar\u00e1s las patas a sus caballos, y les prender\u00e1s fuego a sus carros (Jos 11:6).<\/p>\n\n\n\n<h2 class=\"wp-block-heading\">2 Cr\u00f3nicas 20:15 <\/h2>\n\n\n\n<p>y dijo: \u00a1Esc\u00fachenme ustedes, habitantes de Jud\u00e1 y de Jerusal\u00e9n! \u00a1Y esc\u00fachame t\u00fa, rey Josafat! El Se\u00f1or les dice: No tengan miedo ni se amedrenten al ver esta gran multitud, porque esta batalla no la libran ustedes, sino Dios (2 Cr 20:15).<\/p>\n\n\n\n<h2 class=\"wp-block-heading\">2 Cr\u00f3nicas 20:17 <\/h2>\n\n\n\n<p>En este caso, ustedes no tienen por qu\u00e9 pelear. Simplemente qu\u00e9dense quietos, y contemplen c\u00f3mo el Se\u00f1or los va a salvar. Jud\u00e1 y Jerusal\u00e9n, no tengan miedo ni se desanimen. \u00a1Salgan ma\u00f1ana y at\u00e1quenlos, que el Se\u00f1or estar\u00e1 con ustedes! (2 Cr 20:17).<\/p>\n\n\n\n<h2 class=\"wp-block-heading\">2 Cr\u00f3nicas 32:7 <\/h2>\n\n\n\n<p>\u00a1\u00c1nimo! \u00a1Esfu\u00e9rcense y no tengan miedo del rey de Asiria, ni de toda la multitud que viene con \u00e9l! \u00a1Con nosotros est\u00e1 alguien que es m\u00e1s poderoso! (2 Cr 32:7).<\/p>\n\n\n\n<h2 class=\"wp-block-heading\">Salmos 23:4 <\/h2>\n\n\n\n<p>Aunque deba yo pasar por el valle m\u00e1s sombr\u00edo, no temo sufrir da\u00f1o alguno, porque t\u00fa est\u00e1s conmigo; con tu vara de pastor me infundes nuevo aliento (Sal 23:4).<\/p>\n\n\n\n<h2 class=\"wp-block-heading\">Salmos 27:1 <\/h2>\n\n\n\n<p>El Se\u00f1or es mi luz y mi salvaci\u00f3n; \u00bfa qui\u00e9n podr\u00eda yo temer? El Se\u00f1or es la fortaleza de mi vida; \u00bfqui\u00e9n podr\u00eda infundirme miedo? (Sal 27:1).<\/p>\n\n\n\n<h2 class=\"wp-block-heading\">Salmos 34:4 <\/h2>\n\n\n\n<p>Busqu\u00e9 al Se\u00f1or, y \u00e9l me escuch\u00f3, y me libr\u00f3 de todos mis temores (Sal 34:4).<\/p>\n\n\n\n<h2 class=\"wp-block-heading\">Salmos 56:3 <\/h2>\n\n\n\n<p>Pero yo, cuando tengo miedo, conf\u00edo en ti (Sal 56:3).<\/p>\n\n\n\n<h2 class=\"wp-block-heading\">Salmos 118:6 <\/h2>\n\n\n\n<p> El Se\u00f1or est\u00e1 conmigo; no tengo miedo de lo que simples mortales me puedan hacer (Sal 118:6).<\/p>\n\n\n\n<h2 class=\"wp-block-heading\">Isa\u00edas 12:2 <\/h2>\n\n\n\n<p>\u00a1Vean a Dios, mi salvador! Puedo estar confiado y sin temor alguno, porque el Se\u00f1or es mi fortaleza y mi canci\u00f3n; \u00a1\u00e9l es mi salvador! (Is 12:2).<\/p>\n\n\n\n<h2 class=\"wp-block-heading\">Isa\u00edas 35:4 <\/h2>\n\n\n\n<p>Digan a los de coraz\u00f3n amedrentado: \u00abEsfu\u00e9rcense y no teman. \u00a1Miren! Aqu\u00ed viene su Dios, para castigar a sus enemigos como merecen. Dios mismo viene, y \u00e9l los salvar\u00e1 (Is 35:4).<\/p>\n\n\n\n<h2 class=\"wp-block-heading\">Isa\u00edas 41:10 <\/h2>\n\n\n\n<p>No tengas miedo, que yo estoy contigo; no te desanimes, que yo soy tu Dios. Yo soy quien te da fuerzas, y siempre te ayudar\u00e9; siempre te sostendr\u00e9 con mi justiciera mano derecha (Is 41:10).<\/p>\n\n\n\n<h2 class=\"wp-block-heading\">Isa\u00edas 41:13 <\/h2>\n\n\n\n<p>Yo soy el Se\u00f1or, tu Dios, que te sostiene por la mano derecha y te dice: \u00abNo tengas miedo, que yo te ayudo (Is 41:13).<\/p>\n\n\n\n<h2 class=\"wp-block-heading\">Isa\u00edas 44:2 <\/h2>\n\n\n\n<p>Yo soy el Se\u00f1or, tu Hacedor, el que te form\u00f3 desde el vientre y el que siempre te ayudar\u00e1. Y yo te digo que no temas. Tu eres mi siervo, Jacob; t\u00fa eres Jesur\u00fan, a quien yo escog\u00ed (Is 44:2).<\/p>\n\n\n\n<h2 class=\"wp-block-heading\">Isa\u00edas 51:12 <\/h2>\n\n\n\n<p>Yo mismo soy su consolador. \u00bfQui\u00e9n eres t\u00fa para tener miedo de hombres mortales, que son como la paja? (Is 51:12).<\/p>\n\n\n\n<h2 class=\"wp-block-heading\">Daniel 10:12 <\/h2>\n\n\n\n<p>Entonces aquel hombre me dijo: No tengas miedo, Daniel, porque tus palabras fueron o\u00eddas desde el primer d\u00eda en que dispusiste tu coraz\u00f3n a entender y a humillarte en la presencia de tu Dios. Precisamente por causa de tus palabras he venido (Da 10:12).<\/p>\n\n\n\n<h2 class=\"wp-block-heading\">Lucas 12:32 <\/h2>\n\n\n\n<p>Ustedes son un reba\u00f1o peque\u00f1o. Pero no tengan miedo, porque su Padre ha decidido darles el reino (Lc 12:32).<\/p>\n\n\n\n<h2 class=\"wp-block-heading\">Hageo 2:5 <\/h2>\n\n\n\n<p>Mi esp\u00edritu estar\u00e1 entre ustedes, de acuerdo con el pacto que hice con ustedes cuando salieron de Egipto. As\u00ed que no tengan miedo (Hag 2:5).<\/p>\n\n\n\n<h2 class=\"wp-block-heading\">Romanos 8:15 <\/h2>\n\n\n\n<p>Pues ustedes no han recibido un esp\u00edritu que los esclavice nuevamente al miedo, sino que han recibido el esp\u00edritu de adopci\u00f3n, por el cual clamamos: \u00a1Abba, Padre! (Rom 8:15).<\/p>\n\n\n\n<h2 class=\"wp-block-heading\">Romanos 8:31 <\/h2>\n\n\n\n<p>\u00bfQu\u00e9 m\u00e1s podemos decir? Que si Dios est\u00e1 a nuestro favor, nadie podr\u00e1 estar en contra de nosotros (Rom 8:31).<\/p>\n\n\n\n<h2 class=\"wp-block-heading\">2 Timoteo 1:7 <\/h2>\n\n\n\n<p>Porque no nos ha dado Dios un esp\u00edritu de cobard\u00eda, sino de poder, de amor y de dominio propio (2 Tim 1:7).<\/p>\n\n\n\n<h2 class=\"wp-block-heading\">Lee Tambi\u00e9n:<\/h2>\n\n\n\n<ul class=\"wp-block-list\"><li><a href=\"https:\/\/thebibleverses.org\/es\/\">Vers\u00edculos por Tema<\/a><\/li><li><a href=\"https:\/\/thebibleverses.org\/es\/amor\/\">Vers\u00edculos B\u00edblicos sobre el Amor<\/a><\/li><li><a href=\"https:\/\/thebibleverses.org\/es\/fortaleza\/\">Vers\u00edculos B\u00edblicos de Fortaleza<\/a><\/li><li><a href=\"https:\/\/thebibleverses.org\/es\/fe\/\">Vers\u00edculos B\u00edblicos sobre la Fe<\/a><\/li><li><a href=\"https:\/\/thebibleverses.org\/es\/jovenes\/\">Vers\u00edculos B\u00edblicos para J\u00f3venes<\/a><\/li><li><a href=\"https:\/\/thebibleverses.org\/es\/amistad\/\">Vers\u00edculos B\u00edblicos sobre la Amistad<\/a><\/li><li><a href=\"https:\/\/thebibleverses.org\/es\/sanidad\/\">Vers\u00edculos B\u00edblicos sobre Sanidad<\/a><\/li><\/ul>\n","protected":false},"excerpt":{"rendered":"<p>G\u00e9nesis 15:1 Despu\u00e9s de estos sucesos, la palabra del Se\u00f1or vino a Abr\u00e1n en una visi\u00f3n. Le dijo: No temas, Abr\u00e1n. Yo soy tu escudo, y tu galard\u00f3n ser\u00e1 muy grande (G\u00e9 15:1). G\u00e9nesis 46:3 Dios le dijo: Yo soy Dios, el Dios de tu padre. No tengas miedo de ir a Egipto, porque all\u00ed [&hellip;]<\/p>\n","protected":false},"author":1,"featured_media":776,"parent":0,"menu_order":0,"comment_status":"open","ping_status":"closed","template":"","meta":{"footnotes":""},"class_list":["post-363","page","type-page","status-publish","has-post-thumbnail","hentry","entry","fw-tab-6 fw-tabr-4"],"_links":{"self":[{"href":"https:\/\/thebibleverses.org\/es\/wp-json\/wp\/v2\/pages\/363","targetHints":{"allow":["GET"]}}],"collection":[{"href":"https:\/\/thebibleverses.org\/es\/wp-json\/wp\/v2\/pages"}],"about":[{"href":"https:\/\/thebibleverses.org\/es\/wp-json\/wp\/v2\/types\/page"}],"author":[{"embeddable":true,"href":"https:\/\/thebibleverses.org\/es\/wp-json\/wp\/v2\/users\/1"}],"replies":[{"embeddable":true,"href":"https:\/\/thebibleverses.org\/es\/wp-json\/wp\/v2\/comments?post=363"}],"version-history":[{"count":0,"href":"https:\/\/thebibleverses.org\/es\/wp-json\/wp\/v2\/pages\/363\/revisions"}],"wp:featuredmedia":[{"embeddable":true,"href":"https:\/\/thebibleverses.org\/es\/wp-json\/wp\/v2\/media\/776"}],"wp:attachment":[{"href":"https:\/\/thebibleverses.org\/es\/wp-json\/wp\/v2\/media?parent=363"}],"curies":[{"name":"wp","href":"https:\/\/api.w.org\/{rel}","templated":true}]}}