{"id":358,"date":"2019-08-14T21:54:44","date_gmt":"2019-08-14T21:54:44","guid":{"rendered":"https:\/\/thebibleverses.org\/es\/?page_id=358"},"modified":"2022-05-15T22:04:48","modified_gmt":"2022-05-15T22:04:48","slug":"humildad","status":"publish","type":"page","link":"https:\/\/thebibleverses.org\/es\/humildad\/","title":{"rendered":"30 Vers\u00edculos de la Biblia sobre Humildad y  Mansedumbre"},"content":{"rendered":"\n<div class=\"wp-block-image\"><figure class=\"aligncenter size-large\"><img loading=\"lazy\" decoding=\"async\" width=\"1024\" height=\"631\" src=\"https:\/\/thebibleverses.org\/es\/wp-content\/uploads\/2022\/05\/Versiculos-Biblicos-sobre-la-Humildad-1024x631.webp\" alt=\"Vers\u00edculos B\u00edblicos sobre la Humildad y Mansedumbre\" class=\"wp-image-764\" srcset=\"https:\/\/thebibleverses.org\/es\/wp-content\/uploads\/2022\/05\/Versiculos-Biblicos-sobre-la-Humildad-1024x631.webp 1024w, https:\/\/thebibleverses.org\/es\/wp-content\/uploads\/2022\/05\/Versiculos-Biblicos-sobre-la-Humildad-300x185.webp 300w, https:\/\/thebibleverses.org\/es\/wp-content\/uploads\/2022\/05\/Versiculos-Biblicos-sobre-la-Humildad-768x474.webp 768w, https:\/\/thebibleverses.org\/es\/wp-content\/uploads\/2022\/05\/Versiculos-Biblicos-sobre-la-Humildad-320x197.webp 320w, https:\/\/thebibleverses.org\/es\/wp-content\/uploads\/2022\/05\/Versiculos-Biblicos-sobre-la-Humildad-450x278.webp 450w, https:\/\/thebibleverses.org\/es\/wp-content\/uploads\/2022\/05\/Versiculos-Biblicos-sobre-la-Humildad-720x444.webp 720w, https:\/\/thebibleverses.org\/es\/wp-content\/uploads\/2022\/05\/Versiculos-Biblicos-sobre-la-Humildad-scaled.webp 644w\" sizes=\"auto, (max-width: 1024px) 100vw, 1024px\" \/><figcaption>Vers\u00edculos B\u00edblicos sobre la Humildad y Mansedumbre &#8211; Reina Valera Contempor\u00e1nea (RVC).<\/figcaption><\/figure><\/div>\n\n\n\n<h2 class=\"wp-block-heading\">2 Cr\u00f3nicas 7:14 <\/h2>\n\n\n\n<p>Si mi pueblo, sobre el cual se invoca mi nombre, se humilla y ora, y busca mi rostro, y se aparta de sus malos caminos, yo lo escuchar\u00e9 desde los cielos, perdonar\u00e9 sus pecados y sanar\u00e9 su tierra (2 Cr 7:14).<\/p>\n\n\n\n<h2 class=\"wp-block-heading\">Salmos 10:17 <\/h2>\n\n\n\n<p>T\u00fa, Se\u00f1or, escuchas las plegarias de los pobres; t\u00fa les das \u00e1nimo y les prestas atenci\u00f3n (Sal 10:17).<\/p>\n\n\n\n<h2 class=\"wp-block-heading\">Salmos 25:9 <\/h2>\n\n\n\n<p>El Se\u00f1or muestra su camino a los humildes,  y los encamina en la justicia (Sal 25:9).<\/p>\n\n\n\n<h2 class=\"wp-block-heading\">Salmos 34:2 <\/h2>\n\n\n\n<p>Alabar\u00e9 al Se\u00f1or con toda el alma. \u00a1Escuchen, gente humilde, y al\u00e9grense tambi\u00e9n! (Sal 34:2).<\/p>\n\n\n\n<h2 class=\"wp-block-heading\">Salmos 37:11 <\/h2>\n\n\n\n<p>Pero los humildes heredar\u00e1n la tierra y disfrutar\u00e1n de gran bienestar (Sal 37:11).<\/p>\n\n\n\n<h2 class=\"wp-block-heading\">Salmos 138:6 <\/h2>\n\n\n\n<p>T\u00fa, Se\u00f1or, est\u00e1s en las alturas, pero te dignas atender a los humildes; en cambio, te mantienes alejado de los orgullosos (Sal 138:6).<\/p>\n\n\n\n<h2 class=\"wp-block-heading\">Proverbios 11:2 <\/h2>\n\n\n\n<p>Con la soberbia llega tambi\u00e9n la deshonra, pero la sabidur\u00eda acompa\u00f1a a los humildes (Pr 11:2).<\/p>\n\n\n\n<h2 class=\"wp-block-heading\">Proverbios 15:33 <\/h2>\n\n\n\n<p>El temor del Se\u00f1or corrige y da sabidur\u00eda; antes que honra, humildad (Pr 15:33).<\/p>\n\n\n\n<h2 class=\"wp-block-heading\">Proverbios 16:19 <\/h2>\n\n\n\n<p>Es mejor ser humilde entre los humildes que compartir despojos con los soberbios (Pr 16:19).<\/p>\n\n\n\n<h2 class=\"wp-block-heading\">Proverbios 18:12 <\/h2>\n\n\n\n<p>El orgullo humano es presagio del fracaso; la humildad es preludio de la gloria (Pr 18:12).<\/p>\n\n\n\n<h2 class=\"wp-block-heading\">Proverbios 22:4<\/h2>\n\n\n\n<p>El Se\u00f1or recompensa a los que le temen con riquezas, honra y vida, si son humildes (Pr 22:4).<\/p>\n\n\n\n<h2 class=\"wp-block-heading\">Proverbios 29:23 <\/h2>\n\n\n\n<p>La soberbia humilla al hombre; al humilde de esp\u00edritu lo sostiene la honra (Pr 29:23).<\/p>\n\n\n\n<h2 class=\"wp-block-heading\">Isa\u00edas 57:15 <\/h2>\n\n\n\n<p>Porque as\u00ed ha dicho el Alto y Sublime, el que habita la eternidad, y cuyo nombre es santo: \u201cYo habito en las alturas, en santidad, pero tambi\u00e9n doy vida a los de esp\u00edritu humilde y quebrantado, y a los quebrantados de coraz\u00f3n\u201d (Is 57:15).<\/p>\n\n\n\n<h2 class=\"wp-block-heading\">Isa\u00edas 66:2 <\/h2>\n\n\n\n<p>Yo hice todo esto con mis propias manos, y fue as\u00ed como llegaron a existir. Yo pongo la mirada en los pobres y humildes de esp\u00edritu, y en los que tiemblan al escuchar mi palabra (Is 66:2).<\/p>\n\n\n\n<h2 class=\"wp-block-heading\">Sofon\u00edas 2:3 <\/h2>\n\n\n\n<p>Ustedes, los humildes de la tierra, los que practican la justicia del Se\u00f1or, \u00a1b\u00fasquenlo! \u00a1Busquen al Se\u00f1or y su justicia! \u00a1Practiquen la mansedumbre! Tal vez el Se\u00f1or los proteja en el d\u00eda de su enojo (Sof 2:3).<\/p>\n\n\n\n<h2 class=\"wp-block-heading\">Mateo 5:3 <\/h2>\n\n\n\n<p>Bienaventurados los pobres en esp\u00edritu, porque de ellos es el reino de los cielos (Mt 5:3).<\/p>\n\n\n\n<h2 class=\"wp-block-heading\">Mateo 5:5 <\/h2>\n\n\n\n<p>Bienaventurados los mansos, porque ellos heredar\u00e1n la tierra (Mt 5:5).<\/p>\n\n\n\n<h2 class=\"wp-block-heading\">Mateo 11:29 <\/h2>\n\n\n\n<p>Lleven mi yugo sobre ustedes, y aprendan de m\u00ed, que soy manso y humilde de coraz\u00f3n, y hallar\u00e1n descanso para su alma (Mt 11:29).<\/p>\n\n\n\n<h2 class=\"wp-block-heading\">Mateo 23:12 <\/h2>\n\n\n\n<p>Porque el que se enaltece ser\u00e1 humillado, y el que se humilla ser\u00e1 enaltecido (Mt 23:12).<\/p>\n\n\n\n<h2 class=\"wp-block-heading\">Lucas 1:52 <\/h2>\n\n\n\n<p>Derroc\u00f3 del trono a los poderosos, Y puso en alto a los humildes (Lc 1:52). <\/p>\n\n\n\n<h2 class=\"wp-block-heading\">Lucas 14:11 <\/h2>\n\n\n\n<p>Porque todo el que se enaltece, ser\u00e1 humillado; y el que se humilla, ser\u00e1 enaltecido (Lc 14:11).<\/p>\n\n\n\n<h2 class=\"wp-block-heading\">Lucas 22:26 <\/h2>\n\n\n\n<p>Pero entre ustedes no debe ser as\u00ed, sino que el mayor entre ustedes tiene que hacerse como el menor; y el que manda tiene que actuar como el que sirve (Lc 22:26).<\/p>\n\n\n\n<h2 class=\"wp-block-heading\">Romanos 12:16 <\/h2>\n\n\n\n<p>Vivamos como si fu\u00e9ramos uno solo. No seamos altivos, sino junt\u00e9monos con los humildes. No debemos creernos m\u00e1s sabios que los dem\u00e1s (Rom 12:16).<\/p>\n\n\n\n<h2 class=\"wp-block-heading\">Efesios 4:2 <\/h2>\n\n\n\n<p>Con toda humildad y mansedumbre, soport\u00e1ndoos con paciencia los unos a los otros en amor (Ef 4:2).<\/p>\n\n\n\n<h2 class=\"wp-block-heading\">Filipenses 2:3 <\/h2>\n\n\n\n<p>No hagan nada por contienda o por vanagloria. Al contrario, h\u00e1ganlo con humildad y considerando cada uno a los dem\u00e1s como superiores a s\u00ed mismo (Filip 2:3).<\/p>\n\n\n\n<h2 class=\"wp-block-heading\">Colosenses 3:12 <\/h2>\n\n\n\n<p>Por lo tanto, como escogidos de Dios, santos y amados, rev\u00edstanse de entra\u00f1able misericordia, de benignidad, de humildad, de mansedumbre y de paciencia (Col 3:12).<\/p>\n\n\n\n<h2 class=\"wp-block-heading\">Santiago 1:21 <\/h2>\n\n\n\n<p>As\u00ed que desp\u00f3jense de toda impureza y de tanta maldad, y reciban con mansedumbre la palabra sembrada, que tiene el poder de salvarlos (Stg 1:21).<\/p>\n\n\n\n<h2 class=\"wp-block-heading\">Santiago 4:6 <\/h2>\n\n\n\n<p>Pero la gracia que \u00e9l nos da es mayor. Por eso dice: Dios se opone a los soberbios, y da gracia a los humildes (Stg 4:6).<\/p>\n\n\n\n<h2 class=\"wp-block-heading\">Santiago 4:10 <\/h2>\n\n\n\n<p>\u00a1Hum\u00edllense ante el Se\u00f1or, y \u00e9l los exaltar\u00e1! (Stg 4:10). <\/p>\n\n\n\n<h2 class=\"wp-block-heading\">1 Pedro 5:6 <\/h2>\n\n\n\n<p>Por lo tanto, muestren humildad bajo la poderosa mano de Dios, para que \u00e9l los exalte a su debido tiempo (1 Pe 5:6).<\/p>\n\n\n\n<h2 class=\"wp-block-heading\">Lee Tambi\u00e9n:<\/h2>\n\n\n\n<ul class=\"wp-block-list\"><li><a href=\"https:\/\/thebibleverses.org\/es\/\">Vers\u00edculos por Tema<\/a><\/li><li><a href=\"https:\/\/thebibleverses.org\/es\/amor\/\">Vers\u00edculos B\u00edblicos sobre el Amor<\/a><\/li><li><a href=\"https:\/\/thebibleverses.org\/es\/fortaleza\/\">Vers\u00edculos B\u00edblicos de Fortaleza<\/a><\/li><li><a href=\"https:\/\/thebibleverses.org\/es\/fe\/\">Vers\u00edculos B\u00edblicos sobre la Fe<\/a><\/li><li><a href=\"https:\/\/thebibleverses.org\/es\/jovenes\/\">Vers\u00edculos B\u00edblicos para J\u00f3venes<\/a><\/li><li><a href=\"https:\/\/thebibleverses.org\/es\/amistad\/\">Vers\u00edculos B\u00edblicos sobre la Amistad<\/a><\/li><li><a href=\"https:\/\/thebibleverses.org\/es\/sanidad\/\">Vers\u00edculos B\u00edblicos sobre Sanidad<\/a><\/li><\/ul>\n","protected":false},"excerpt":{"rendered":"<p>2 Cr\u00f3nicas 7:14 Si mi pueblo, sobre el cual se invoca mi nombre, se humilla y ora, y busca mi rostro, y se aparta de sus malos caminos, yo lo escuchar\u00e9 desde los cielos, perdonar\u00e9 sus pecados y sanar\u00e9 su tierra (2 Cr 7:14). Salmos 10:17 T\u00fa, Se\u00f1or, escuchas las plegarias de los pobres; t\u00fa [&hellip;]<\/p>\n","protected":false},"author":1,"featured_media":764,"parent":0,"menu_order":0,"comment_status":"open","ping_status":"closed","template":"","meta":{"footnotes":""},"class_list":["post-358","page","type-page","status-publish","has-post-thumbnail","hentry","entry","fw-tab-6 fw-tabr-4"],"_links":{"self":[{"href":"https:\/\/thebibleverses.org\/es\/wp-json\/wp\/v2\/pages\/358","targetHints":{"allow":["GET"]}}],"collection":[{"href":"https:\/\/thebibleverses.org\/es\/wp-json\/wp\/v2\/pages"}],"about":[{"href":"https:\/\/thebibleverses.org\/es\/wp-json\/wp\/v2\/types\/page"}],"author":[{"embeddable":true,"href":"https:\/\/thebibleverses.org\/es\/wp-json\/wp\/v2\/users\/1"}],"replies":[{"embeddable":true,"href":"https:\/\/thebibleverses.org\/es\/wp-json\/wp\/v2\/comments?post=358"}],"version-history":[{"count":0,"href":"https:\/\/thebibleverses.org\/es\/wp-json\/wp\/v2\/pages\/358\/revisions"}],"wp:featuredmedia":[{"embeddable":true,"href":"https:\/\/thebibleverses.org\/es\/wp-json\/wp\/v2\/media\/764"}],"wp:attachment":[{"href":"https:\/\/thebibleverses.org\/es\/wp-json\/wp\/v2\/media?parent=358"}],"curies":[{"name":"wp","href":"https:\/\/api.w.org\/{rel}","templated":true}]}}