{"id":352,"date":"2019-08-14T05:57:47","date_gmt":"2019-08-14T05:57:47","guid":{"rendered":"https:\/\/thebibleverses.org\/es\/?page_id=352"},"modified":"2022-05-13T21:55:33","modified_gmt":"2022-05-13T21:55:33","slug":"enojo","status":"publish","type":"page","link":"https:\/\/thebibleverses.org\/es\/enojo\/","title":{"rendered":"20 Vers\u00edculos B\u00edblicos sobre el Enojo y la Ira"},"content":{"rendered":"\n<div class=\"wp-block-image\"><figure class=\"aligncenter size-large\"><img loading=\"lazy\" decoding=\"async\" width=\"1024\" height=\"631\" src=\"https:\/\/thebibleverses.org\/es\/wp-content\/uploads\/2022\/05\/Versiculos-Biblicos-sobre-el-Enojo-1024x631.webp\" alt=\"Vers\u00edculos B\u00edblicos sobre el Enojo y la Ira\" class=\"wp-image-736\" srcset=\"https:\/\/thebibleverses.org\/es\/wp-content\/uploads\/2022\/05\/Versiculos-Biblicos-sobre-el-Enojo-1024x631.webp 1024w, https:\/\/thebibleverses.org\/es\/wp-content\/uploads\/2022\/05\/Versiculos-Biblicos-sobre-el-Enojo-300x185.webp 300w, https:\/\/thebibleverses.org\/es\/wp-content\/uploads\/2022\/05\/Versiculos-Biblicos-sobre-el-Enojo-768x474.webp 768w, https:\/\/thebibleverses.org\/es\/wp-content\/uploads\/2022\/05\/Versiculos-Biblicos-sobre-el-Enojo-320x197.webp 320w, https:\/\/thebibleverses.org\/es\/wp-content\/uploads\/2022\/05\/Versiculos-Biblicos-sobre-el-Enojo-450x278.webp 450w, https:\/\/thebibleverses.org\/es\/wp-content\/uploads\/2022\/05\/Versiculos-Biblicos-sobre-el-Enojo-720x444.webp 720w, https:\/\/thebibleverses.org\/es\/wp-content\/uploads\/2022\/05\/Versiculos-Biblicos-sobre-el-Enojo-scaled.webp 644w\" sizes=\"auto, (max-width: 1024px) 100vw, 1024px\" \/><figcaption>Vers\u00edculos B\u00edblicos sobre el Enojo y la Ira &#8211; Reina Valera Contempor\u00e1nea (RVC).<\/figcaption><\/figure><\/div>\n\n\n\n<h2 class=\"wp-block-heading\">Salmos 37:8 <\/h2>\n\n\n\n<p>Desecha la ira y el enojo; No te alteres, que eso empeora las cosas (Salmos 37:8).<\/p>\n\n\n\n<h2 class=\"wp-block-heading\">Proverbios 10:19 <\/h2>\n\n\n\n<p> En las muchas palabras no falta el pecado; el que es prudente refrena sus labios (Pr 10:19).<\/p>\n\n\n\n<h2 class=\"wp-block-heading\">Proverbios 11:23 <\/h2>\n\n\n\n<p>Los justos s\u00f3lo abrigan buenos deseos; la esperanza de los imp\u00edos es el enojo (Pr 11:23).<\/p>\n\n\n\n<h2 class=\"wp-block-heading\">Proverbios 14:29 <\/h2>\n\n\n\n<p>Enojo lento, gran inteligencia; esp\u00edritu impaciente, demasiada necedad (Pr 14:29).<\/p>\n\n\n\n<h2 class=\"wp-block-heading\">Proverbios 16:32 <\/h2>\n\n\n\n<p>Ser paciente es mejor que ser valiente; es mejor dominarse uno mismo que tomar una ciudad (Pr 16:32).<\/p>\n\n\n\n<h2 class=\"wp-block-heading\">Proverbios 17:27 <\/h2>\n\n\n\n<p>Sabio es quien cuida sus palabras; inteligente es quien tiene un esp\u00edritu prudente (Pr 17:27).<\/p>\n\n\n\n<h2 class=\"wp-block-heading\">Eclesiast\u00e9s 7:9 <\/h2>\n\n\n\n<p>No dejes que el enojo te haga perder la cabeza. S\u00f3lo en el pecho de los necios halla lugar el enojo (Ecl 7:9).<\/p>\n\n\n\n<h2 class=\"wp-block-heading\">Eclesiast\u00e9s 11:10 <\/h2>\n\n\n\n<p>Echa fuera de tu coraz\u00f3n el enojo. Aparta de tu ser la maldad. Porque la adolescencia y la juventud tambi\u00e9n son vanidad (Ecl 11:10).<\/p>\n\n\n\n<h2 class=\"wp-block-heading\">Mateo 5:22-24 <\/h2>\n\n\n\n<p>Pero yo les digo que cualquiera que se enoje contra su hermano, ser\u00e1 culpable de juicio, y cualquiera que a su hermano le diga \u201cnecio\u201d, ser\u00e1 culpable ante el concilio, y cualquiera que le diga \u201cfatuo\u201d, quedar\u00e1 expuesto al infierno de fuego. Por tanto, si traes tu ofrenda al altar, y all\u00ed te acuerdas de que tu hermano tiene algo contra ti, deja all\u00ed tu ofrenda delante del altar, y ve y reconc\u00edliate primero con tu hermano, y despu\u00e9s de eso vuelve y presenta tu ofrenda (Mt 5:22-24).<\/p>\n\n\n\n<h2 class=\"wp-block-heading\">1 Corintios 1:10 <\/h2>\n\n\n\n<p>Hermanos, les ruego por el nombre de nuestro Se\u00f1or Jesucristo, que se pongan de acuerdo y que no haya divisiones entre ustedes, sino que est\u00e9n perfectamente unidos en un mismo sentir y en un mismo parecer (1 Co 1:10).<\/p>\n\n\n\n<h2 class=\"wp-block-heading\">Efesios 4:26 <\/h2>\n\n\n\n<p>Airaos, pero no pequ\u00e9is; no se ponga el sol sobre vuestro enojo (Ef 4:26).<\/p>\n\n\n\n<h2 class=\"wp-block-heading\">Efesios 4:31 <\/h2>\n\n\n\n<p>Desechen todo lo que sea amargura, enojo, ira, griter\u00eda, calumnias, y todo tipo de maldad (Ef 4:31).<\/p>\n\n\n\n<h2 class=\"wp-block-heading\">Colosenses 3:8 <\/h2>\n\n\n\n<p>Pero ahora deben abandonar tambi\u00e9n la ira, el enojo, la malicia, la blasfemia y las conversaciones obscenas (Col 3:8).<\/p>\n\n\n\n<h2 class=\"wp-block-heading\">2 Timoteo 2:24-25 <\/h2>\n\n\n\n<p>Y el siervo del Se\u00f1or no debe ser contencioso, sino amable para con todos, apto para ense\u00f1ar, sufrido; que corrija con mansedumbre a los que se oponen, por si acaso Dios les concede arrepentirse para que conozcan la verdad (2 Tim 2:24-25).<\/p>\n\n\n\n<h2 class=\"wp-block-heading\">Tito 1:7 <\/h2>\n\n\n\n<p>Porque es necesario que el obispo, como administrador de Dios, sea irreprensible, no soberbio ni iracundo, ni afecto al vino, ni pendenciero, ni codicioso de ganancias deshonestas (Tit 1:7).<\/p>\n\n\n\n<h2 class=\"wp-block-heading\">Santiago 1:19-20 <\/h2>\n\n\n\n<p>Por eso, amados hermanos m\u00edos, todos ustedes deben estar dispuestos a o\u00edr, pero ser lentos para hablar y para enojarse, porque quien se enoja no promueve la justicia de Dios (Stg 1:19-20).<\/p>\n\n\n\n<h2 class=\"wp-block-heading\">Santiago 1:26 <\/h2>\n\n\n\n<p>Si alguno de ustedes cree ser religioso, pero no refrena su lengua, se enga\u00f1a a s\u00ed mismo y su religi\u00f3n no vale nada (Stg 1:26).<\/p>\n\n\n\n<h2 class=\"wp-block-heading\">Santiago 3:7-10 <\/h2>\n\n\n\n<p>La gente puede domesticar y, en efecto, ha domesticado, a toda clase de bestias, aves, serpientes y animales marinos, pero nadie puede domesticar a la lengua. \u00c9sta es un mal ind\u00f3mito, que rebosa de veneno mortal. Con la lengua bendecimos al Dios y Padre, y con ella maldecimos a los seres humanos, que han sido creados a imagen de Dios. De la misma boca salen bendiciones y maldiciones. Hermanos m\u00edos, \u00a1esto no puede seguir as\u00ed! (Stg 3:7-10).<\/p>\n\n\n\n<h2 class=\"wp-block-heading\">1 Juan 2:9 <\/h2>\n\n\n\n<p>El que dice que est\u00e1 en la luz, y aborrece a su hermano, est\u00e1 todav\u00eda en tinieblas (1 Jn 2:9).<\/p>\n\n\n\n<h2 class=\"wp-block-heading\">1 Juan 4:20 <\/h2>\n\n\n\n<p>Si alguno dice: \u00abYo amo a Dios\u00bb, pero odia a su hermano, es un mentiroso. Pues el que no ama a su hermano a quien ha visto, \u00bfc\u00f3mo puede amar a Dios, a quien no ha visto? (1 Jn 4:20).<\/p>\n\n\n\n<h2 class=\"wp-block-heading\">Lee Tambi\u00e9n:<\/h2>\n\n\n\n<ul class=\"wp-block-list\"><li><a href=\"https:\/\/thebibleverses.org\/es\/\">Vers\u00edculos por Tema<\/a><\/li><li><a href=\"https:\/\/thebibleverses.org\/es\/amor\/\">Vers\u00edculos B\u00edblicos sobre el Amor<\/a><\/li><li><a href=\"https:\/\/thebibleverses.org\/es\/fortaleza\/\">Vers\u00edculos B\u00edblicos de Fortaleza<\/a><\/li><li><a href=\"https:\/\/thebibleverses.org\/es\/fe\/\">Vers\u00edculos B\u00edblicos sobre la Fe<\/a><\/li><li><a href=\"https:\/\/thebibleverses.org\/es\/jovenes\/\">Vers\u00edculos B\u00edblicos para J\u00f3venes<\/a><\/li><li><a href=\"https:\/\/thebibleverses.org\/es\/amistad\/\">Vers\u00edculos B\u00edblicos sobre la Amistad<\/a><\/li><li><a href=\"https:\/\/thebibleverses.org\/es\/sanidad\/\">Vers\u00edculos B\u00edblicos sobre Sanidad<\/a><\/li><\/ul>\n","protected":false},"excerpt":{"rendered":"<p>Salmos 37:8 Desecha la ira y el enojo; No te alteres, que eso empeora las cosas (Salmos 37:8). Proverbios 10:19 En las muchas palabras no falta el pecado; el que es prudente refrena sus labios (Pr 10:19). Proverbios 11:23 Los justos s\u00f3lo abrigan buenos deseos; la esperanza de los imp\u00edos es el enojo (Pr 11:23). [&hellip;]<\/p>\n","protected":false},"author":1,"featured_media":736,"parent":0,"menu_order":0,"comment_status":"open","ping_status":"closed","template":"","meta":{"footnotes":""},"class_list":["post-352","page","type-page","status-publish","has-post-thumbnail","hentry","entry","fw-tab-6 fw-tabr-4"],"_links":{"self":[{"href":"https:\/\/thebibleverses.org\/es\/wp-json\/wp\/v2\/pages\/352","targetHints":{"allow":["GET"]}}],"collection":[{"href":"https:\/\/thebibleverses.org\/es\/wp-json\/wp\/v2\/pages"}],"about":[{"href":"https:\/\/thebibleverses.org\/es\/wp-json\/wp\/v2\/types\/page"}],"author":[{"embeddable":true,"href":"https:\/\/thebibleverses.org\/es\/wp-json\/wp\/v2\/users\/1"}],"replies":[{"embeddable":true,"href":"https:\/\/thebibleverses.org\/es\/wp-json\/wp\/v2\/comments?post=352"}],"version-history":[{"count":0,"href":"https:\/\/thebibleverses.org\/es\/wp-json\/wp\/v2\/pages\/352\/revisions"}],"wp:featuredmedia":[{"embeddable":true,"href":"https:\/\/thebibleverses.org\/es\/wp-json\/wp\/v2\/media\/736"}],"wp:attachment":[{"href":"https:\/\/thebibleverses.org\/es\/wp-json\/wp\/v2\/media?parent=352"}],"curies":[{"name":"wp","href":"https:\/\/api.w.org\/{rel}","templated":true}]}}