{"id":344,"date":"2019-08-11T22:47:56","date_gmt":"2019-08-11T22:47:56","guid":{"rendered":"https:\/\/thebibleverses.org\/es\/?page_id=344"},"modified":"2022-05-13T21:25:54","modified_gmt":"2022-05-13T21:25:54","slug":"alegria","status":"publish","type":"page","link":"https:\/\/thebibleverses.org\/es\/alegria\/","title":{"rendered":"30 Vers\u00edculos de la Biblia sobre la Alegr\u00eda y Felicidad"},"content":{"rendered":"\n<div class=\"wp-block-image\"><figure class=\"aligncenter size-large\"><img loading=\"lazy\" decoding=\"async\" width=\"1024\" height=\"631\" src=\"https:\/\/thebibleverses.org\/es\/wp-content\/uploads\/2022\/05\/Versiculos-Biblicos-de-Alegria-1024x631.webp\" alt=\"Vers\u00edculos B\u00edblicos sobre la Alegr\u00eda y Felicidad \" class=\"wp-image-698\" srcset=\"https:\/\/thebibleverses.org\/es\/wp-content\/uploads\/2022\/05\/Versiculos-Biblicos-de-Alegria-1024x631.webp 1024w, https:\/\/thebibleverses.org\/es\/wp-content\/uploads\/2022\/05\/Versiculos-Biblicos-de-Alegria-300x185.webp 300w, https:\/\/thebibleverses.org\/es\/wp-content\/uploads\/2022\/05\/Versiculos-Biblicos-de-Alegria-768x474.webp 768w, https:\/\/thebibleverses.org\/es\/wp-content\/uploads\/2022\/05\/Versiculos-Biblicos-de-Alegria-320x197.webp 320w, https:\/\/thebibleverses.org\/es\/wp-content\/uploads\/2022\/05\/Versiculos-Biblicos-de-Alegria-450x278.webp 450w, https:\/\/thebibleverses.org\/es\/wp-content\/uploads\/2022\/05\/Versiculos-Biblicos-de-Alegria-720x444.webp 720w, https:\/\/thebibleverses.org\/es\/wp-content\/uploads\/2022\/05\/Versiculos-Biblicos-de-Alegria-scaled.webp 644w\" sizes=\"auto, (max-width: 1024px) 100vw, 1024px\" \/><figcaption>Vers\u00edculos B\u00edblicos sobre la Alegr\u00eda y Felicidad &#8211; Reina Valera Contempor\u00e1nea (RVC).<\/figcaption><\/figure><\/div>\n\n\n\n<h2 class=\"wp-block-heading\">Salmos 4:7 <\/h2>\n\n\n\n<p>T\u00fa pusiste en mi coraz\u00f3n m\u00e1s alegr\u00eda que la de tener trigo y vino en abundancia (Sal 4:7).<\/p>\n\n\n\n<h2 class=\"wp-block-heading\">Salmos 5:11 <\/h2>\n\n\n\n<p>Pero que se alegren todos los que en ti conf\u00edan; que griten siempre de j\u00fabilo, porque t\u00fa los defiendes; que vivan felices los que aman tu nombre (Sal 5:11).<\/p>\n\n\n\n<h2 class=\"wp-block-heading\">Salmos 9:2 <\/h2>\n\n\n\n<p>Por ti me alegrar\u00e9, oh Dios alt\u00edsimo, y cantar\u00e9 alabanzas a tu nombre (Sal 9:2).<\/p>\n\n\n\n<h2 class=\"wp-block-heading\">Salmos 13:5 <\/h2>\n\n\n\n<p>Yo conf\u00edo en tu misericordia; mi coraz\u00f3n se alegra en tu salvaci\u00f3n (Sal 13:5).<\/p>\n\n\n\n<h2 class=\"wp-block-heading\">Salmos 16:11 <\/h2>\n\n\n\n<p>T\u00fa me ense\u00f1as el camino de la vida; con tu presencia me llenas de alegr\u00eda; \u00a1estando a tu lado ser\u00e9 siempre dichoso! (Sal 16:11).<\/p>\n\n\n\n<h2 class=\"wp-block-heading\">Salmos 19:8 <\/h2>\n\n\n\n<p>Los preceptos del Se\u00f1or son rectos: alegran el coraz\u00f3n. El mandamiento del Se\u00f1or es puro: da luz a los ojos (Sal 19:8).<\/p>\n\n\n\n<h2 class=\"wp-block-heading\">Salmos 30:11 <\/h2>\n\n\n\n<p>T\u00fa cambias mis l\u00e1grimas en danza; me quitas la tristeza y me rodeas de alegr\u00eda (Sal 30:11).<\/p>\n\n\n\n<h2 class=\"wp-block-heading\">Salmos 94:19 <\/h2>\n\n\n\n<p>Cuando me vi abrumado por la angustia, t\u00fa me brindaste consuelo y alegr\u00eda (Sal 94:19).<\/p>\n\n\n\n<h2 class=\"wp-block-heading\">Salmos 119:111 <\/h2>\n\n\n\n<p>Tengo tu palabra como herencia eterna, porque ellos me alegran el coraz\u00f3n (Sal 119:111).<\/p>\n\n\n\n<h2 class=\"wp-block-heading\">Proverbios 12:25 <\/h2>\n\n\n\n<p>La congoja abate el coraz\u00f3n del hombre, pero una buena noticia lo alegra (Pr 12:25).<\/p>\n\n\n\n<h2 class=\"wp-block-heading\">Proverbios 15:13 <\/h2>\n\n\n\n<p>Un coraz\u00f3n alegre le hace bien al rostro, pero las penas del coraz\u00f3n abaten el \u00e1nimo (Pr 15:13).<\/p>\n\n\n\n<h2 class=\"wp-block-heading\">Proverbios 15:15 <\/h2>\n\n\n\n<p>Si est\u00e1s triste, todos los d\u00edas son malos; si est\u00e1s feliz, todos los d\u00edas son de fiesta (Pr 15:15).<\/p>\n\n\n\n<h2 class=\"wp-block-heading\">Proverbios 17:22 <\/h2>\n\n\n\n<p>Un coraz\u00f3n alegre es la mejor medicina; un \u00e1nimo triste deprime a todo el cuerpo (Pr 17:22).<\/p>\n\n\n\n<h2 class=\"wp-block-heading\">Isa\u00edas 61:10 <\/h2>\n\n\n\n<p>Yo me regocijar\u00e9 grandemente en el Se\u00f1or; mi alma se alegrar\u00e1 en mi Dios. Porque \u00e9l me revisti\u00f3 de salvaci\u00f3n; me rode\u00f3 con un manto de justicia; \u00a1me atavi\u00f3 como a un novio!, \u00a1me adorn\u00f3 con joyas, como a una novia! (Is 61:10).<\/p>\n\n\n\n<h2 class=\"wp-block-heading\">Jerem\u00edas 15:16 <\/h2>\n\n\n\n<p>Fueron halladas tus palabras, y yo las com\u00ed. Tus palabras fueron para m\u00ed el gozo y la alegr\u00eda de mi coraz\u00f3n; porque yo soy llamado por tu nombre, oh Se\u00f1or Dios de los Ej\u00e9rcitos (Jr 15:16).<\/p>\n\n\n\n<h2 class=\"wp-block-heading\">Habacuc 3:17-18 <\/h2>\n\n\n\n<p>Aunque todav\u00eda no florece la higuera, ni hay uvas en los vi\u00f1edos, ni hay tampoco aceitunas en los olivos, ni los campos han rendido sus cosechas; aunque no hay ovejas en los rediles ni vacas en los corrales, yo me alegro por ti, Se\u00f1or; \u00a1me regocijo en ti, Dios de mi salvaci\u00f3n! (Hab 3:17-18).<\/p>\n\n\n\n<h2 class=\"wp-block-heading\">Sofon\u00edas 3:14-15 <\/h2>\n\n\n\n<p>\u00a1Canta, oh hija de Sion; da voces de j\u00fabilo, oh Israel! \u00a1G\u00f3zate y regoc\u00edjate de todo coraz\u00f3n, oh hija de Jerusal\u00e9n! El Se\u00f1or ha quitado el juicio contra ti; ha echado fuera a tu enemigo. \u00a1El Se\u00f1or es el Rey de Israel en medio de ti! \u00a1Nunca m\u00e1s temer\u00e1s el mal! (Sof 3:14-15).<\/p>\n\n\n\n<h2 class=\"wp-block-heading\">Lucas 10:20 <\/h2>\n\n\n\n<p>Pero no se alegren de que los esp\u00edritus se les sujetan, sino de que los nombres de ustedes ya est\u00e1n escritos en los cielos (Lc 10:20).<\/p>\n\n\n\n<h2 class=\"wp-block-heading\">Lucas 15:10 <\/h2>\n\n\n\n<p>Yo les digo a ustedes que el mismo gozo hay delante de los \u00e1ngeles de Dios por un pecador que se arrepiente (Lc 15:10).<\/p>\n\n\n\n<h2 class=\"wp-block-heading\">Juan 16:24 <\/h2>\n\n\n\n<p>Hasta ahora nada han pedido en mi nombre; pidan y recibir\u00e1n, para que su alegr\u00eda se vea cumplida (Jn 16:24).<\/p>\n\n\n\n<h2 class=\"wp-block-heading\">Hechos 2:46 <\/h2>\n\n\n\n<p>Todos los d\u00edas se reun\u00edan en el templo, y part\u00edan el pan en las casas, y com\u00edan juntos con alegr\u00eda y sencillez de coraz\u00f3n (Hch 2:46)<\/p>\n\n\n\n<h2 class=\"wp-block-heading\">Romanos 5:3-4 <\/h2>\n\n\n\n<p>Y no s\u00f3lo esto, sino que tambi\u00e9n nos regocijamos en los sufrimientos, porque sabemos que los sufrimientos producen resistencia, la resistencia produce un car\u00e1cter aprobado, y el car\u00e1cter aprobado produce esperanza (Romanos 5:3-4).<\/p>\n\n\n\n<h2 class=\"wp-block-heading\">Romanos 12:15 <\/h2>\n\n\n\n<p>Goc\u00e9monos con los que se gozan y lloremos con los que lloran (Rom 12:15).<\/p>\n\n\n\n<h2 class=\"wp-block-heading\">2 Corintios 9:7 <\/h2>\n\n\n\n<p>Cada uno debe dar seg\u00fan se lo haya propuesto en su coraz\u00f3n, y no debe dar con tristeza, ni por necesidad, porque Dios ama a quien da con alegr\u00eda (2 Co 9:7).<\/p>\n\n\n\n<h2 class=\"wp-block-heading\">G\u00e1latas 5:22-23 <\/h2>\n\n\n\n<p>Pero el fruto del Esp\u00edritu es amor, gozo, paz, paciencia, benignidad, bondad, fe, mansedumbre, templanza. Contra tales cosas no hay ley (G\u00e1l 5:22-23). <\/p>\n\n\n\n<h2 class=\"wp-block-heading\">Filipenses 4:4 <\/h2>\n\n\n\n<p>Regoc\u00edjense en el Se\u00f1or siempre. Y otra vez les digo, \u00a1regoc\u00edjense! (Filp 4:4).<\/p>\n\n\n\n<h2 class=\"wp-block-heading\">1 Tesalonicenses 5:16-18 <\/h2>\n\n\n\n<p>Est\u00e9n siempre gozosos. Oren sin cesar. Den gracias a Dios en todo, porque \u00e9sta es su voluntad para ustedes en Cristo Jes\u00fas (1 Tes 5:16-18).<\/p>\n\n\n\n<h2 class=\"wp-block-heading\">Santiago 5:13 <\/h2>\n\n\n\n<p>\u00bfEst\u00e1 afligido alguno entre ustedes? \u00a1Que ore! \u00bfEst\u00e1 alguno alegre? \u00a1Que cante salmos! (Stg 5:13).<\/p>\n\n\n\n<h2 class=\"wp-block-heading\">1 Pedro 4:12-13 <\/h2>\n\n\n\n<p>Amados hermanos, no se sorprendan de la prueba de fuego a que se ven sometidos, como si les estuviera sucediendo algo extra\u00f1o. Al contrario, al\u00e9grense de ser part\u00edcipes de los sufrimientos de Cristo, para que tambi\u00e9n se alegren grandemente cuando la gloria de Cristo se revele (1 Pe 4:12-13).<\/p>\n\n\n\n<h2 class=\"wp-block-heading\">3 Juan 4 <\/h2>\n\n\n\n<p>No tengo mayor gozo que o\u00edr que mis hijos andan en la verdad (3 Jn 4).<\/p>\n\n\n\n<h2 class=\"wp-block-heading\">Lee Tambi\u00e9n:<\/h2>\n\n\n\n<ul class=\"wp-block-list\"><li><a href=\"https:\/\/thebibleverses.org\/es\/\">Vers\u00edculos por Tema<\/a><\/li><li><a href=\"https:\/\/thebibleverses.org\/es\/amor\/\">Vers\u00edculos B\u00edblicos sobre el Amor<\/a><\/li><li><a href=\"https:\/\/thebibleverses.org\/es\/fortaleza\/\">Vers\u00edculos B\u00edblicos de Fortaleza<\/a><\/li><li><a href=\"https:\/\/thebibleverses.org\/es\/fe\/\">Vers\u00edculos B\u00edblicos sobre la Fe<\/a><\/li><li><a href=\"https:\/\/thebibleverses.org\/es\/jovenes\/\">Vers\u00edculos B\u00edblicos para J\u00f3venes<\/a><\/li><li><a href=\"https:\/\/thebibleverses.org\/es\/amistad\/\">Vers\u00edculos B\u00edblicos sobre la Amistad<\/a><\/li><li><a href=\"https:\/\/thebibleverses.org\/es\/sanidad\/\">Vers\u00edculos B\u00edblicos sobre Sanidad<\/a><\/li><\/ul>\n","protected":false},"excerpt":{"rendered":"<p>Salmos 4:7 T\u00fa pusiste en mi coraz\u00f3n m\u00e1s alegr\u00eda que la de tener trigo y vino en abundancia (Sal 4:7). Salmos 5:11 Pero que se alegren todos los que en ti conf\u00edan; que griten siempre de j\u00fabilo, porque t\u00fa los defiendes; que vivan felices los que aman tu nombre (Sal 5:11). Salmos 9:2 Por ti [&hellip;]<\/p>\n","protected":false},"author":1,"featured_media":698,"parent":0,"menu_order":0,"comment_status":"open","ping_status":"closed","template":"","meta":{"footnotes":""},"class_list":["post-344","page","type-page","status-publish","has-post-thumbnail","hentry","entry","fw-tab-6 fw-tabr-4"],"_links":{"self":[{"href":"https:\/\/thebibleverses.org\/es\/wp-json\/wp\/v2\/pages\/344","targetHints":{"allow":["GET"]}}],"collection":[{"href":"https:\/\/thebibleverses.org\/es\/wp-json\/wp\/v2\/pages"}],"about":[{"href":"https:\/\/thebibleverses.org\/es\/wp-json\/wp\/v2\/types\/page"}],"author":[{"embeddable":true,"href":"https:\/\/thebibleverses.org\/es\/wp-json\/wp\/v2\/users\/1"}],"replies":[{"embeddable":true,"href":"https:\/\/thebibleverses.org\/es\/wp-json\/wp\/v2\/comments?post=344"}],"version-history":[{"count":0,"href":"https:\/\/thebibleverses.org\/es\/wp-json\/wp\/v2\/pages\/344\/revisions"}],"wp:featuredmedia":[{"embeddable":true,"href":"https:\/\/thebibleverses.org\/es\/wp-json\/wp\/v2\/media\/698"}],"wp:attachment":[{"href":"https:\/\/thebibleverses.org\/es\/wp-json\/wp\/v2\/media?parent=344"}],"curies":[{"name":"wp","href":"https:\/\/api.w.org\/{rel}","templated":true}]}}