{"id":340,"date":"2019-08-08T19:54:13","date_gmt":"2019-08-08T19:54:13","guid":{"rendered":"https:\/\/thebibleverses.org\/es\/?page_id=340"},"modified":"2022-05-17T01:36:02","modified_gmt":"2022-05-17T01:36:02","slug":"preocupacion","status":"publish","type":"page","link":"https:\/\/thebibleverses.org\/es\/preocupacion\/","title":{"rendered":"25 Vers\u00edculos de la Biblia sobre la Preocupaci\u00f3n"},"content":{"rendered":"\n<div class=\"wp-block-image\"><figure class=\"aligncenter size-large\"><img loading=\"lazy\" decoding=\"async\" width=\"1024\" height=\"631\" src=\"https:\/\/thebibleverses.org\/es\/wp-content\/uploads\/2022\/05\/Versiculos-Biblicos-sobre-la-Preocupacion-1024x631.webp\" alt=\"Vers\u00edculos B\u00edblicos sobre las Preocupaciones, Afanes y Ansiedad\" class=\"wp-image-812\" srcset=\"https:\/\/thebibleverses.org\/es\/wp-content\/uploads\/2022\/05\/Versiculos-Biblicos-sobre-la-Preocupacion-1024x631.webp 1024w, https:\/\/thebibleverses.org\/es\/wp-content\/uploads\/2022\/05\/Versiculos-Biblicos-sobre-la-Preocupacion-300x185.webp 300w, https:\/\/thebibleverses.org\/es\/wp-content\/uploads\/2022\/05\/Versiculos-Biblicos-sobre-la-Preocupacion-768x474.webp 768w, https:\/\/thebibleverses.org\/es\/wp-content\/uploads\/2022\/05\/Versiculos-Biblicos-sobre-la-Preocupacion-320x197.webp 320w, https:\/\/thebibleverses.org\/es\/wp-content\/uploads\/2022\/05\/Versiculos-Biblicos-sobre-la-Preocupacion-450x278.webp 450w, https:\/\/thebibleverses.org\/es\/wp-content\/uploads\/2022\/05\/Versiculos-Biblicos-sobre-la-Preocupacion-720x444.webp 720w, https:\/\/thebibleverses.org\/es\/wp-content\/uploads\/2022\/05\/Versiculos-Biblicos-sobre-la-Preocupacion-scaled.webp 644w\" sizes=\"auto, (max-width: 1024px) 100vw, 1024px\" \/><figcaption>Vers\u00edculos B\u00edblicos sobre las Preocupaciones, Afanes y Ansiedad<\/figcaption><\/figure><\/div>\n\n\n\n<h2 class=\"wp-block-heading\">1 Samuel 30:6 <\/h2>\n\n\n\n<p>Y David se angusti\u00f3 mucho, porque el pueblo hablaba de apedrearlo, pues todo el pueblo estaba en amargura de alma, cada uno por sus hijos y por sus hijas; mas David se fortaleci\u00f3 en Jehov\u00e1 su Dios (1 Sa 30:6).<\/p>\n\n\n\n<h2 class=\"wp-block-heading\">Salmos 37:5 <\/h2>\n\n\n\n<p>Pon tu camino en las manos del Se\u00f1or; conf\u00eda en \u00e9l, y \u00e9l se encargar\u00e1 de todo (Sal 37:5).<\/p>\n\n\n\n<h2 class=\"wp-block-heading\">Salmos 55:22 <\/h2>\n\n\n\n<p>T\u00fa, deja tus pesares en las manos del Se\u00f1or, y el Se\u00f1or te mantendr\u00e1 firme; el Se\u00f1or no deja a sus fieles ca\u00eddos para siempre (Sal 55:22).<\/p>\n\n\n\n<h2 class=\"wp-block-heading\">Salmos 56:3 <\/h2>\n\n\n\n<p>Pero yo, cuando tengo miedo, conf\u00edo en ti (Sal 56:3).<\/p>\n\n\n\n<h2 class=\"wp-block-heading\">Proverbios 12:25 <\/h2>\n\n\n\n<p>La congoja abate el coraz\u00f3n del hombre, pero una buena noticia lo alegra (Pr12:25).<\/p>\n\n\n\n<h2 class=\"wp-block-heading\">Proverbios 16:3 <\/h2>\n\n\n\n<p>Encomienda al Se\u00f1or tus acciones, y tus pensamientos ser\u00e1n afirmados (Pr 16:3).<\/p>\n\n\n\n<h2 class=\"wp-block-heading\">Isa\u00edas 35:4 <\/h2>\n\n\n\n<p>Digan a los de coraz\u00f3n amedrentado: \u00abEsfu\u00e9rcense y no teman. \u00a1Miren! Aqu\u00ed viene su Dios, para castigar a sus enemigos como merecen. Dios mismo viene, y \u00e9l los salvar\u00e1\u00bb (Is 35:4).<\/p>\n\n\n\n<h2 class=\"wp-block-heading\">Isa\u00edas 40:31 <\/h2>\n\n\n\n<p>Pero los que conf\u00edan en el Se\u00f1or recobran las fuerzas y levantan el vuelo, como las \u00e1guilas; corren, y no se cansan; caminan, y no se fatigan (Is 40:31).<\/p>\n\n\n\n<h2 class=\"wp-block-heading\">Isa\u00edas 41:10 <\/h2>\n\n\n\n<p>No tengas miedo, que yo estoy contigo; no te desanimes, que yo soy tu Dios. Yo soy quien te da fuerzas, y siempre te ayudar\u00e9; siempre te sostendr\u00e9 con mi justiciera mano derecha (Is 41:10).<\/p>\n\n\n\n<h2 class=\"wp-block-heading\">Mateo 6:34 <\/h2>\n\n\n\n<p>As\u00ed que, no se preocupen por el d\u00eda de ma\u00f1ana, porque el d\u00eda de ma\u00f1ana traer\u00e1 sus propias preocupaciones. \u00a1Ya bastante tiene cada d\u00eda con su propio mal! (Mt 6:34).<\/p>\n\n\n\n<h2 class=\"wp-block-heading\">Mateo 10:19 <\/h2>\n\n\n\n<p>Pero cuando ustedes sean entregados, no se preocupen por lo que han de decir, ni por c\u00f3mo habr\u00e1n de decirlo, porque en ese momento se les dar\u00e1 lo que tienen que decir (Mt 10:19).<\/p>\n\n\n\n<h2 class=\"wp-block-heading\">Mateo 11:28 <\/h2>\n\n\n\n<p>Vengan a m\u00ed todos ustedes, los agotados de tanto trabajar, que yo los har\u00e9 descansar (Mt 11:28).<\/p>\n\n\n\n<h2 class=\"wp-block-heading\">Mateo 11:29 <\/h2>\n\n\n\n<p>Lleven mi yugo sobre ustedes, y aprendan de m\u00ed, que soy manso y humilde de coraz\u00f3n, y hallar\u00e1n descanso para su alma (Mt 11:29).<\/p>\n\n\n\n<h2 class=\"wp-block-heading\">Mateo 13:22 <\/h2>\n\n\n\n<p>La semilla sembrada entre espinos es el que oye la palabra, pero las preocupaciones de este mundo y el enga\u00f1o de las riquezas ahogan la palabra, por lo que \u00e9sta no llega a dar fruto (Mt 13:22).<\/p>\n\n\n\n<h2 class=\"wp-block-heading\">Lucas 10:41-42<\/h2>\n\n\n\n<p>Jes\u00fas le respondi\u00f3: \u00abMarta, Marta, est\u00e1s preocupada y aturdida con muchas cosas. Pero una sola cosa es necesaria. Mar\u00eda ha escogido la mejor parte, y nadie se la quitar\u00e1\u00bb (Lucas 10:41-42).<\/p>\n\n\n\n<h2 class=\"wp-block-heading\">Lucas 12:22 <\/h2>\n\n\n\n<p>Despu\u00e9s, Jes\u00fas dijo a sus disc\u00edpulos: \u00abPor eso les digo que no se preocupen por su vida ni por lo que han de comer, ni por su cuerpo ni por lo que han de vestir (Lc 12:22).<\/p>\n\n\n\n<h2 class=\"wp-block-heading\">Lucas 12:29-30<\/h2>\n\n\n\n<p>As\u00ed que no se preocupen ni se angustien por lo que han de comer, ni por lo que han de beber. Todo esto lo busca la gente de este mundo, pero el Padre sabe que ustedes tienen necesidad de estas cosas. (Lc 12:29-30).<\/p>\n\n\n\n<h2 class=\"wp-block-heading\">Juan 14:1 <\/h2>\n\n\n\n<p>No se turbe su coraz\u00f3n. Ustedes creen en Dios; crean tambi\u00e9n en m\u00ed (Jn 14:1).<\/p>\n\n\n\n<h2 class=\"wp-block-heading\">Juan 14:27 <\/h2>\n\n\n\n<p>La paz les dejo, mi paz les doy; yo no la doy como el mundo la da. No dejen que su coraz\u00f3n se turbe y tenga miedo (Jn 14:27).<\/p>\n\n\n\n<h2 class=\"wp-block-heading\">Juan 16:33 <\/h2>\n\n\n\n<p>Estas cosas les he hablado para que en m\u00ed tengan paz. En el mundo tendr\u00e1n aflicci\u00f3n; pero conf\u00eden, yo he vencido al mundo (Jn 16:33).<\/p>\n\n\n\n<h2 class=\"wp-block-heading\">2 Corintios 12:9-10 <\/h2>\n\n\n\n<p>Y me ha dicho: B\u00e1state mi gracia; porque mi poder se perfecciona en la debilidad. Por tanto, de buena gana me gloriar\u00e9 m\u00e1s bien en mis debilidades, para que repose sobre m\u00ed el poder de Cristo. Por lo cual, por amor a Cristo me gozo en las debilidades, en afrentas, en necesidades, en persecuciones, en angustias; porque cuando soy d\u00e9bil, entonces soy fuerte (2 Co 12:9-10).<\/p>\n\n\n\n<h2 class=\"wp-block-heading\">Filipenses 4:6-7 <\/h2>\n\n\n\n<p>No se preocupen por nada. Que sus peticiones sean conocidas delante de Dios en toda oraci\u00f3n y ruego, con acci\u00f3n de gracias, Y que la paz de Dios, que sobrepasa todo entendimiento, guarde sus corazones y sus pensamientos en Cristo Jes\u00fas (Filip 4:6-7).<\/p>\n\n\n\n<h2 class=\"wp-block-heading\">Hebreos 13:6 <\/h2>\n\n\n\n<p>As\u00ed que podemos decir con toda confianza: \u00abEl Se\u00f1or es quien me ayuda;<br> no temer\u00e9 lo que pueda hacerme el hombre\u00bb (Heb 13:6).<\/p>\n\n\n\n<h2 class=\"wp-block-heading\">1 Pedro 5:7 <\/h2>\n\n\n\n<p>Descarguen en \u00e9l todas sus angustias, porque \u00e9l tiene cuidado de ustedes (1 Pe 5:7).<\/p>\n\n\n\n<h2 class=\"wp-block-heading\">Santiago 1:2-4 <\/h2>\n\n\n\n<p>Hermanos m\u00edos, consid\u00e9rense muy dichosos cuando est\u00e9n pasando por diversas pruebas. Bien saben que, cuando su fe es puesta a prueba, produce paciencia. Pero procuren que la paciencia complete su obra, para que sean perfectos y cabales, sin que les falta nada (Stg 1:2-4).<\/p>\n\n\n\n<h2 class=\"wp-block-heading\">Lee Tambi\u00e9n:<\/h2>\n\n\n\n<ul class=\"wp-block-list\"><li><a href=\"https:\/\/thebibleverses.org\/es\/\">Vers\u00edculos por Tema<\/a><\/li><li><a href=\"https:\/\/thebibleverses.org\/es\/amor\/\">Vers\u00edculos B\u00edblicos sobre el Amor<\/a><\/li><li><a href=\"https:\/\/thebibleverses.org\/es\/fortaleza\/\">Vers\u00edculos B\u00edblicos de Fortaleza<\/a><\/li><li><a href=\"https:\/\/thebibleverses.org\/es\/fe\/\">Vers\u00edculos B\u00edblicos sobre la Fe<\/a><\/li><li><a href=\"https:\/\/thebibleverses.org\/es\/jovenes\/\">Vers\u00edculos B\u00edblicos para J\u00f3venes<\/a><\/li><li><a href=\"https:\/\/thebibleverses.org\/es\/amistad\/\">Vers\u00edculos B\u00edblicos sobre la Amistad<\/a><\/li><li><a href=\"https:\/\/thebibleverses.org\/es\/sanidad\/\">Vers\u00edculos B\u00edblicos sobre Sanidad<\/a><\/li><\/ul>\n","protected":false},"excerpt":{"rendered":"<p>1 Samuel 30:6 Y David se angusti\u00f3 mucho, porque el pueblo hablaba de apedrearlo, pues todo el pueblo estaba en amargura de alma, cada uno por sus hijos y por sus hijas; mas David se fortaleci\u00f3 en Jehov\u00e1 su Dios (1 Sa 30:6). Salmos 37:5 Pon tu camino en las manos del Se\u00f1or; conf\u00eda en [&hellip;]<\/p>\n","protected":false},"author":1,"featured_media":812,"parent":0,"menu_order":0,"comment_status":"open","ping_status":"closed","template":"","meta":{"footnotes":""},"class_list":["post-340","page","type-page","status-publish","has-post-thumbnail","hentry","entry","fw-tab-6 fw-tabr-4"],"_links":{"self":[{"href":"https:\/\/thebibleverses.org\/es\/wp-json\/wp\/v2\/pages\/340","targetHints":{"allow":["GET"]}}],"collection":[{"href":"https:\/\/thebibleverses.org\/es\/wp-json\/wp\/v2\/pages"}],"about":[{"href":"https:\/\/thebibleverses.org\/es\/wp-json\/wp\/v2\/types\/page"}],"author":[{"embeddable":true,"href":"https:\/\/thebibleverses.org\/es\/wp-json\/wp\/v2\/users\/1"}],"replies":[{"embeddable":true,"href":"https:\/\/thebibleverses.org\/es\/wp-json\/wp\/v2\/comments?post=340"}],"version-history":[{"count":0,"href":"https:\/\/thebibleverses.org\/es\/wp-json\/wp\/v2\/pages\/340\/revisions"}],"wp:featuredmedia":[{"embeddable":true,"href":"https:\/\/thebibleverses.org\/es\/wp-json\/wp\/v2\/media\/812"}],"wp:attachment":[{"href":"https:\/\/thebibleverses.org\/es\/wp-json\/wp\/v2\/media?parent=340"}],"curies":[{"name":"wp","href":"https:\/\/api.w.org\/{rel}","templated":true}]}}