{"id":33,"date":"2019-01-19T04:46:31","date_gmt":"2019-01-19T04:46:31","guid":{"rendered":"https:\/\/thebibleverses.org\/es\/?page_id=33"},"modified":"2022-09-02T17:24:09","modified_gmt":"2022-09-02T17:24:09","slug":"fe","status":"publish","type":"page","link":"https:\/\/thebibleverses.org\/es\/fe\/","title":{"rendered":"70 Vers\u00edculos de la Biblia Sobre la Fe en Dios"},"content":{"rendered":"<div class=\"wp-block-image\">\n<figure class=\"aligncenter size-large\"><img loading=\"lazy\" decoding=\"async\" width=\"1024\" height=\"631\" src=\"https:\/\/thebibleverses.org\/es\/wp-content\/uploads\/2022\/05\/Versiculos-Biblicos-sobre-Fe-1024x631.webp\" alt=\"Vers\u00edculos B\u00edblicos sobre la Fe en Dios\" class=\"wp-image-756\" srcset=\"https:\/\/thebibleverses.org\/es\/wp-content\/uploads\/2022\/05\/Versiculos-Biblicos-sobre-Fe-1024x631.webp 1024w, https:\/\/thebibleverses.org\/es\/wp-content\/uploads\/2022\/05\/Versiculos-Biblicos-sobre-Fe-300x185.webp 300w, https:\/\/thebibleverses.org\/es\/wp-content\/uploads\/2022\/05\/Versiculos-Biblicos-sobre-Fe-768x474.webp 768w, https:\/\/thebibleverses.org\/es\/wp-content\/uploads\/2022\/05\/Versiculos-Biblicos-sobre-Fe-320x197.webp 320w, https:\/\/thebibleverses.org\/es\/wp-content\/uploads\/2022\/05\/Versiculos-Biblicos-sobre-Fe-450x278.webp 450w, https:\/\/thebibleverses.org\/es\/wp-content\/uploads\/2022\/05\/Versiculos-Biblicos-sobre-Fe-720x444.webp 720w, https:\/\/thebibleverses.org\/es\/wp-content\/uploads\/2022\/05\/Versiculos-Biblicos-sobre-Fe-scaled.webp 644w\" sizes=\"auto, (max-width: 1024px) 100vw, 1024px\" \/><figcaption>Vers\u00edculos B\u00edblicos sobre la Fe en Dios &#8211; Reina Valera Contempor\u00e1nea (RVC).<\/figcaption><\/figure><\/div>\n\n\n<h2 class=\"wp-block-heading\">Hebreos 11:1 <\/h2>\n\n\n\n<p>Ahora bien, tener fe es estar seguro de lo que se espera; es estar convencido de lo que no se ve (He 11:1).<\/p>\n\n\n\n<h2 class=\"wp-block-heading\">Romanos 10:17 <\/h2>\n\n\n\n<p>As\u00ed que la fe proviene del o\u00edr, y el o\u00edr proviene de la palabra de Dios (Ro 10:17).<\/p>\n\n\n\n<h2 class=\"wp-block-heading\">2 Corintios 5:7 <\/h2>\n\n\n\n<p>Porque vivimos por la fe, no por la vista (1 Co 5:7).<\/p>\n\n\n\n<h2 class=\"wp-block-heading\">G\u00e1latas 5:6 <\/h2>\n\n\n\n<p>Porque en Cristo Jes\u00fas nada valen la circuncisi\u00f3n ni la incircuncisi\u00f3n, sino la fe que obra por el amor (Ga 5:6).<\/p>\n\n\n\n<h2 class=\"wp-block-heading\">Hebreos 11:6 <\/h2>\n\n\n\n<p>Sin fe es imposible agradar a Dios, porque es necesario que el que se acerca a Dios crea que \u00e9l existe, y que sabe recompensar a quienes lo buscan (He 11:6).<\/p>\n\n\n\n<h2 class=\"wp-block-heading\">Romanos 1:17 <\/h2>\n\n\n\n<p>Porque en el evangelio se revela la justicia de Dios, que de principio a fin es por medio de la fe, tal como est\u00e1 escrito: \u00abEl justo por la fe vivir\u00e1\u00bb (Ro 1:17).<\/p>\n\n\n\n<h2 class=\"wp-block-heading\">Efesios 2:8 <\/h2>\n\n\n\n<p>Ciertamente la gracia de Dios los ha salvado por medio de la fe. \u00c9sta no naci\u00f3 de ustedes, sino que es un don de Dios (Ef 2:8).<\/p>\n\n\n\n<h2 class=\"wp-block-heading\">Romanos 5:1 <\/h2>\n\n\n\n<p>As\u00ed, pues, justificados por la fe tenemos paz con Dios por medio de nuestro Se\u00f1or Jesucristo (Ro 5:1).<\/p>\n\n\n\n<h2 class=\"wp-block-heading\">G\u00e1latas 3:24 <\/h2>\n\n\n\n<p>De manera que la ley ha sido nuestro tutor, para llevarnos a Cristo, a fin de que fu\u00e9ramos justificados por la fe (Ga 3:24).<\/p>\n\n\n\n<h2 class=\"wp-block-heading\">1 Timoteo 4:12 <\/h2>\n\n\n\n<p>Ninguno tenga en poco tu juventud, sino s\u00e9 ejemplo de los creyentes en palabra, conducta, amor, esp\u00edritu, fe y pureza (1 Ti 4:12).<\/p>\n\n\n\n<h2 class=\"wp-block-heading\">2 Timoteo 4:7 <\/h2>\n\n\n\n<p>He peleado la buena batalla, he acabado la carrera, he guardado la fe (2 Ti 4:7).<\/p>\n\n\n\n<h2 class=\"wp-block-heading\">Santiago 2:17 <\/h2>\n\n\n\n<p>As\u00ed tambi\u00e9n la fe, si no tiene obras, es muerta en s\u00ed misma (Stg 2:17).<\/p>\n\n\n\n<h2 class=\"wp-block-heading\">G\u00e1latas 3:11 <\/h2>\n\n\n\n<p>Y es evidente que por la ley ninguno se justifica para con Dios, porque \u00abEl justo por la fe vivir\u00e1\u00bb (Ga 3:11).<\/p>\n\n\n\n<h2 class=\"wp-block-heading\">1 Pedro 1:7 <\/h2>\n\n\n\n<p>Pero cuando la fe de ustedes sea puesta a prueba, como el oro, habr\u00e1 de manifestarse en alabanza, gloria y honra el d\u00eda que Jesucristo se revele. El oro es perecedero y, sin embargo, se prueba en el fuego; \u00a1y la fe de ustedes es mucho m\u00e1s preciosa que el oro! (1 Pe 1:7).<\/p>\n\n\n\n<h2 class=\"wp-block-heading\">1 Juan 5:4 <\/h2>\n\n\n\n<p>Porque todo el que ha nacido de Dios vence al mundo. Y \u00e9sta es la victoria que ha vencido al mundo: nuestra fe (1 Jn 5:4).<\/p>\n\n\n\n<h2 class=\"wp-block-heading\">Mateo 21:21 <\/h2>\n\n\n\n<p>Jes\u00fas les respondi\u00f3: De cierto les digo, que si ustedes tuvieran fe y no dudaran, no s\u00f3lo har\u00edan esto a la higuera, sino que a este monte le dir\u00edan \u201c\u00a1Qu\u00edtate de ah\u00ed y \u00e9chate en el mar!\u201d, y as\u00ed se har\u00eda (Mt 21:21).<\/p>\n\n\n\n<h2 class=\"wp-block-heading\">Romanos 14:1 <\/h2>\n\n\n\n<p>Recibid al d\u00e9bil en la fe, pero no para contender sobre opiniones (Ro 14:1).<\/p>\n\n\n\n<h2 class=\"wp-block-heading\">1 Corintios 2:5 <\/h2>\n\n\n\n<p class=\"has-text-align-left\">Para que la fe de ustedes no est\u00e9 fundada en la sabidur\u00eda de los hombres, sino en el poder de Dios (1 Co 2:5).<\/p>\n\n\n\n<h2 class=\"wp-block-heading\">Lucas 17:5 <\/h2>\n\n\n\n<p>Los ap\u00f3stoles le dijeron al Se\u00f1or: \u00abAum\u00e9ntanos la fe\u00bb (Lc 17:5).<\/p>\n\n\n\n<h2 class=\"wp-block-heading\">Romanos 14:23 <\/h2>\n\n\n\n<p>Pero el que duda acerca de lo que come, ya se ha condenado, porque no lo hace por convicci\u00f3n; y todo lo que no se hace por convicci\u00f3n es pecado (Ro 14:23).<\/p>\n\n\n\n<h2 class=\"wp-block-heading\">Marcos 16:16 <\/h2>\n\n\n\n<p>El que crea y sea bautizado, se salvar\u00e1; pero el que no crea, ser\u00e1 condenado (Mr 16:16).<\/p>\n\n\n\n<h2 class=\"wp-block-heading\">Juan 1:12 <\/h2>\n\n\n\n<p>Pero a todos los que la recibieron, a los que creen en su nombre, les dio la potestad de ser hechos hijos de Dios (Jn 1:12).<\/p>\n\n\n\n<h2 class=\"wp-block-heading\">Juan 3:16 <\/h2>\n\n\n\n<p>Porque de tal manera am\u00f3 Dios al mundo, que ha dado a su Hijo unig\u00e9nito, para que todo aquel que en \u00e9l cree no se pierda, sino que tenga vida eterna (Jn 3:16).<\/p>\n\n\n\n<h2 class=\"wp-block-heading\">Juan 3:36 <\/h2>\n\n\n\n<p>El que cree en el Hijo tiene vida eterna, pero el que se niega a creer en el Hijo no ver\u00e1 la vida, sino que la ira de Dios recae sobre \u00e9l (Jn 3:36).<\/p>\n\n\n\n<h2 class=\"wp-block-heading\">Juan 6:40 <\/h2>\n\n\n\n<p>Y \u00e9sta es la voluntad de mi Padre: Que todo aquel que ve al Hijo, y cree en \u00e9l, tenga vida eterna; y yo lo resucitar\u00e9 en el d\u00eda final (Jn 6:40).<\/p>\n\n\n\n<h2 class=\"wp-block-heading\">Juan 6:47 <\/h2>\n\n\n\n<p>De cierto, de cierto les digo: El que cree en m\u00ed, tiene vida eterna (Jn 6:47).<\/p>\n\n\n\n<h2 class=\"wp-block-heading\">Juan 7:38 <\/h2>\n\n\n\n<p>Del interior del que cree en m\u00ed, correr\u00e1n r\u00edos de agua viva, como dice la Escritura (Jn7:38).<\/p>\n\n\n\n<h2 class=\"wp-block-heading\">John 11:25<\/h2>\n\n\n\n<p>Jes\u00fas le dijo: Yo soy la resurrecci\u00f3n y la vida; el que cree en m\u00ed, aunque est\u00e9 muerto, vivir\u00e1 (Jn 11:25).<\/p>\n\n\n\n<h2 class=\"wp-block-heading\">Hechos 16:31 <\/h2>\n\n\n\n<p>Ellos le dijeron: \u00abCree en el Se\u00f1or Jesucristo, y se salvar\u00e1n t\u00fa y tu familia\u00bb (Hch 16:31).<\/p>\n\n\n\n<h2 class=\"wp-block-heading\">Filipenses 3:9 <\/h2>\n\n\n\n<p>Y ser hallado en \u00e9l, no por tener mi propia justicia, que viene por la ley, sino por tener la justicia que es de Dios y que viene por la fe, la fe en Cristo (Filp 3:9).<\/p>\n\n\n\n<h2 class=\"wp-block-heading\">Colosenses 2:12 <\/h2>\n\n\n\n<p>Cuando ustedes fueron bautizados, fueron tambi\u00e9n sepultados con \u00e9l, pero al mismo tiempo resucitaron con \u00e9l, por la fe en el poder de Dios, que lo levant\u00f3 de los muertos (Co 2:12).<\/p>\n\n\n\n<h2 class=\"wp-block-heading\">2 Tesalonicenses 2:13 <\/h2>\n\n\n\n<p>Pero nosotros siempre debemos dar gracias a Dios por ustedes, hermanos amados por el Se\u00f1or, de que desde el principio Dios los haya escogido para salvaci\u00f3n, mediante la santificaci\u00f3n por el Esp\u00edritu y la fe en la verdad (2 Tes 2:13).<\/p>\n\n\n\n<h2 class=\"wp-block-heading\">1 Pedro 1:9 <\/h2>\n\n\n\n<p>Obteniendo el fin de vuestra fe, que es la salvaci\u00f3n de vuestras almas (1 Pe 1:9).<\/p>\n\n\n\n<h2 class=\"wp-block-heading\">Salmos 9:10 <\/h2>\n\n\n\n<p>En ti conf\u00edan los que conocen tu nombre, porque t\u00fa, Se\u00f1or, proteges a los que te buscan (Sal 9:10).<\/p>\n\n\n\n<h2 class=\"wp-block-heading\">Salmos 20:7 <\/h2>\n\n\n\n<p>Algunos conf\u00edan en sus carros de guerra; otros conf\u00edan en su caballer\u00eda, Pero nosotros confiamos en el Nombre, \u00a1confiamos en el Se\u00f1or, nuestro Dios! (Sal 20:7).<\/p>\n\n\n\n<h2 class=\"wp-block-heading\">Salmos 22:5 <\/h2>\n\n\n\n<p>A ti clamaron, y fueron librados; en ti confiaron, y no quedaron en verg\u00fcenza (Sal 22:5).<\/p>\n\n\n\n<h2 class=\"wp-block-heading\">Salmos 37:5 <\/h2>\n\n\n\n<p>Pon tu camino en las manos del Se\u00f1or; conf\u00eda en \u00e9l, y \u00e9l se encargar\u00e1 de todo  (Sal 37:5).<\/p>\n\n\n\n<h2 class=\"wp-block-heading\">Salmos 40:4 <\/h2>\n\n\n\n<p>Dichoso el hombre que conf\u00eda en el Se\u00f1or y no en gente soberbia y mentirosa (Sal 40:4).<\/p>\n\n\n\n<h2 class=\"wp-block-heading\">Salmos 64:10 <\/h2>\n\n\n\n<p>Los justos se regocijar\u00e1n en el Se\u00f1or y pondr\u00e1n en \u00e9l su confianza. \u00a1Todos los rectos de coraz\u00f3n lo alabar\u00e1n! (Sal 64:10).<\/p>\n\n\n\n<h2 class=\"wp-block-heading\">Salmos 94:22 <\/h2>\n\n\n\n<p>Pero t\u00fa, Se\u00f1or, eres mi refugio; eres mi Dios y la roca en que conf\u00edo (Sal 94:22).<\/p>\n\n\n\n<h2 class=\"wp-block-heading\">Salmos 118:8 <\/h2>\n\n\n\n<p>Es mejor confiar en el Se\u00f1or que confiar en simples mortales (Sal 118:8).<\/p>\n\n\n\n<h2 class=\"wp-block-heading\">Salmos 141:8 <\/h2>\n\n\n\n<p>Por eso, Se\u00f1or y Dios, mis ojos te buscan. En ti conf\u00edo. \u00a1No me desampares! (Sal 141:8).<\/p>\n\n\n\n<h2 class=\"wp-block-heading\">Salmos 144:2 <\/h2>\n\n\n\n<p>T\u00fa eres mi castillo de misericordia, mi fortaleza, mi libertador; eres mi escudo, y en ti me refugio; \u00a1t\u00fa haces que los pueblos se sometan a m\u00ed! (Sal 144:2).<\/p>\n\n\n\n<h2 class=\"wp-block-heading\">Proverbios 3:5 <\/h2>\n\n\n\n<p>Conf\u00eda en el Se\u00f1or de todo coraz\u00f3n, y no te apoyes en tu propia prudencia (Pr 3:5).<\/p>\n\n\n\n<h2 class=\"wp-block-heading\">Proverbios 3:26 <\/h2>\n\n\n\n<p>El Se\u00f1or te infundir\u00e1 confianza, y evitar\u00e1 que tus pies queden atrapados (Pr 3:26).<\/p>\n\n\n\n<h2 class=\"wp-block-heading\">Proverbios 29:25 <\/h2>\n\n\n\n<p>El miedo a los hombres es una trampa, pero el que conf\u00eda en el Se\u00f1or es exaltado (Pr 29:25).<\/p>\n\n\n\n<h2 class=\"wp-block-heading\">Isa\u00edas 26:3 <\/h2>\n\n\n\n<p>T\u00fa guardas en completa paz a quien siempre piensa en ti y pone en ti su confianza (Is 26:3).<\/p>\n\n\n\n<h2 class=\"wp-block-heading\">Jerem\u00edas 17:7 <\/h2>\n\n\n\n<p>Pero bendito el hombre que conf\u00eda en m\u00ed, que soy el Se\u00f1or, y que en m\u00ed pone su confianza (Jr 17:7).<\/p>\n\n\n\n<h2 class=\"wp-block-heading\">Nah\u00fam 1:7 <\/h2>\n\n\n\n<p>El Se\u00f1or es bueno; es un refugio en el d\u00eda de la angustia. El Se\u00f1or conoce a los que en \u00e9l conf\u00edan (Nah 1:7).<\/p>\n\n\n\n<h2 class=\"wp-block-heading\">Habacuc 2:4 <\/h2>\n\n\n\n<p>Aquel cuya alma no es recta, es arrogante; pero el justo vivir\u00e1 por su fe (Hab 2:4).<\/p>\n\n\n\n<h2 class=\"wp-block-heading\">Romanos 4:3 <\/h2>\n\n\n\n<p>Pues \u00bfqu\u00e9 es lo que dice la Escritura? Que Abrah\u00e1n le crey\u00f3 a Dios, y esto se le tom\u00f3 en cuenta como justicia (Ro 4:3).<\/p>\n\n\n\n<h2 class=\"wp-block-heading\">1 Corintios 16:13 <\/h2>\n\n\n\n<p>Mant\u00e9nganse atentos y firmes en la fe; sean fuertes y valientes ( 1 Co 16:13).<\/p>\n\n\n\n<h2 class=\"wp-block-heading\">Efesios 3:17<\/h2>\n\n\n\n<p>Para que por la fe Cristo habite en sus corazones, y para que, arraigados y cimentados en amor (Ef 3:17).<\/p>\n\n\n\n<h2 class=\"wp-block-heading\">Efesios 6:16 <\/h2>\n\n\n\n<p>Adem\u00e1s de todo esto, prot\u00e9janse con el escudo de la fe, para que puedan apagar todas las flechas incendiarias del maligno (Ef 6:16).<\/p>\n\n\n\n<h2 class=\"wp-block-heading\">1 Tesalonicenses 5:8 <\/h2>\n\n\n\n<p>Pero nosotros, los que somos del d\u00eda, debemos ser sobrios, ya que nos hemos revestido de la coraza de la fe y del amor, y tenemos como casco la esperanza de la salvaci\u00f3n (1 Tes 5:8).<\/p>\n\n\n\n<h2 class=\"wp-block-heading\">2 Timoteo 2:22 <\/h2>\n\n\n\n<p>Huye tambi\u00e9n de las pasiones juveniles, y sigue la justicia, la fe, el amor y la paz, junto con aquellos que con un coraz\u00f3n limpio invocan al Se\u00f1or (2 Ti 2:22).<\/p>\n\n\n\n<h2 class=\"wp-block-heading\">Hebreos 10:38 <\/h2>\n\n\n\n<p>Pero el justo vivir\u00e1 por la fe; y si se vuelve atr\u00e1s, no ser\u00e1 de mi agrado (He 10:38).<\/p>\n\n\n\n<h2 class=\"wp-block-heading\">Santiago 1:6 <\/h2>\n\n\n\n<p>Pero tiene que pedir con fe y sin dudar nada, porque el que duda es como las olas del mar, que el viento agita y lleva de un lado a otro (Stg 1:6).<\/p>\n\n\n\n<h2 class=\"wp-block-heading\">Salmos 3:5 <\/h2>\n\n\n\n<p>Yo me acuesto, y duermo y despierto, porque t\u00fa, Se\u00f1or, me sostienes (Sal 3:5).<\/p>\n\n\n\n<h2 class=\"wp-block-heading\">Salmos 4:8 <\/h2>\n\n\n\n<p>Por eso me acuesto y duermo en paz, porque s\u00f3lo t\u00fa, Se\u00f1or, me haces vivir confiado (Sal 4:8).<\/p>\n\n\n\n<h2 class=\"wp-block-heading\">Salmos 5:11<\/h2>\n\n\n\n<p>Pero que se alegren todos los que en ti conf\u00edan; que griten siempre de j\u00fabilo, porque t\u00fa los defiendes; que vivan felices los que aman tu nombre (Sal 5:11).<\/p>\n\n\n\n<h2 class=\"wp-block-heading\">Salmos 13:5 <\/h2>\n\n\n\n<p>Yo conf\u00edo en tu misericordia; mi coraz\u00f3n se alegra en tu salvaci\u00f3n (Sal 13:5).<\/p>\n\n\n\n<h2 class=\"wp-block-heading\">Salmos 16:1 <\/h2>\n\n\n\n<p>Cu\u00eddame, oh Dios, porque en ti conf\u00edo (Sal 16:1).<\/p>\n\n\n\n<h2 class=\"wp-block-heading\">Salmos 18:2 <\/h2>\n\n\n\n<p>Mi Se\u00f1or y Dios, t\u00fa eres mi roca, mi defensor, \u00a1mi libertador! T\u00fa eres mi fuerza y mi escudo, mi poderosa salvaci\u00f3n, mi alto refugio. \u00a1En ti conf\u00edo! (Sal 18:2).<\/p>\n\n\n\n<h2 class=\"wp-block-heading\">Salmos 22:9 <\/h2>\n\n\n\n<p>Pero eres t\u00fa quien me dio la vida, eres t\u00fa quien me infundi\u00f3 confianza desde que era un ni\u00f1o de pecho (Sal 22:9).<\/p>\n\n\n\n<h2 class=\"wp-block-heading\">Salmos 27:3 <\/h2>\n\n\n\n<p>Aunque un ej\u00e9rcito acampe contra m\u00ed, mi coraz\u00f3n no se amedrentar\u00e1; aunque me ataquen y me declaren la guerra, en esto fincar\u00e9 mi confianza (Sal 27:3).<\/p>\n\n\n\n<h2 class=\"wp-block-heading\">Salmos 34:8 <\/h2>\n\n\n\n<p>\u00a1Prueben ustedes mismos la bondad del Se\u00f1or! \u00a1Dichoso aqu\u00e9l que en \u00e9l conf\u00eda! (Sal 34:8).<\/p>\n\n\n\n<h2 class=\"wp-block-heading\">Salmos 37:5 <\/h2>\n\n\n\n<p>Pon tu camino en las manos del Se\u00f1or; conf\u00eda en \u00e9l, y \u00e9l se encargar\u00e1 de todo (Sal 37:5).<\/p>\n\n\n\n<h2 class=\"wp-block-heading\">Salmos 56:11 <\/h2>\n\n\n\n<p>Conf\u00edo en ti, mi Dios, y no tengo miedo; \u00bfqu\u00e9 me puede hacer un simple mortal? (Sal 56:11).<\/p>\n\n\n\n<h2 class=\"wp-block-heading\">Salmos 115:11 <\/h2>\n\n\n\n<p>Ustedes, temerosos del Se\u00f1or, conf\u00eden en \u00e9l; \u00e9l es quien los ayuda y los protege (Sal 115:11).<\/p>\n\n\n\n<h2 class=\"wp-block-heading\">Lee Tambi\u00e9n:<\/h2>\n\n\n\n<ul class=\"wp-block-list\"><li><a href=\"https:\/\/thebibleverses.org\/es\/\">Vers\u00edculos por Tema<\/a><\/li><li><a href=\"https:\/\/thebibleverses.org\/es\/confianza-en-dios\/\">Vers\u00edculos B\u00edblicos de Confianza en Dios<\/a><\/li><li><a href=\"https:\/\/thebibleverses.org\/es\/amor\/\">Vers\u00edculos B\u00edblicos sobre el Amor<\/a><\/li><li><a href=\"https:\/\/thebibleverses.org\/es\/fortaleza\/\">Vers\u00edculos B\u00edblicos de Fortaleza<\/a><\/li><li><a href=\"https:\/\/thebibleverses.org\/es\/agradecimiento\/\">Vers\u00edculos B\u00edblicos de Agradecimiento<\/a><\/li><li><a href=\"https:\/\/thebibleverses.org\/es\/jovenes\/\">Vers\u00edculos B\u00edblicos para J\u00f3venes<\/a><\/li><li><a href=\"https:\/\/thebibleverses.org\/es\/amistad\/\">Vers\u00edculos B\u00edblicos sobre la Amistad<\/a><\/li><li><a href=\"https:\/\/thebibleverses.org\/es\/sanidad\/\">Vers\u00edculos B\u00edblicos sobre Sanidad<\/a><\/li><\/ul>\n","protected":false},"excerpt":{"rendered":"<p>Hebreos 11:1 Ahora bien, tener fe es estar seguro de lo que se espera; es estar convencido de lo que no se ve (He 11:1). Romanos 10:17 As\u00ed que la fe proviene del o\u00edr, y el o\u00edr proviene de la palabra de Dios (Ro 10:17). 2 Corintios 5:7 Porque vivimos por la fe, no por [&hellip;]<\/p>\n","protected":false},"author":1,"featured_media":756,"parent":0,"menu_order":0,"comment_status":"open","ping_status":"closed","template":"","meta":{"footnotes":""},"class_list":["post-33","page","type-page","status-publish","has-post-thumbnail","hentry","entry","fw-tab-6 fw-tabr-4"],"_links":{"self":[{"href":"https:\/\/thebibleverses.org\/es\/wp-json\/wp\/v2\/pages\/33","targetHints":{"allow":["GET"]}}],"collection":[{"href":"https:\/\/thebibleverses.org\/es\/wp-json\/wp\/v2\/pages"}],"about":[{"href":"https:\/\/thebibleverses.org\/es\/wp-json\/wp\/v2\/types\/page"}],"author":[{"embeddable":true,"href":"https:\/\/thebibleverses.org\/es\/wp-json\/wp\/v2\/users\/1"}],"replies":[{"embeddable":true,"href":"https:\/\/thebibleverses.org\/es\/wp-json\/wp\/v2\/comments?post=33"}],"version-history":[{"count":0,"href":"https:\/\/thebibleverses.org\/es\/wp-json\/wp\/v2\/pages\/33\/revisions"}],"wp:featuredmedia":[{"embeddable":true,"href":"https:\/\/thebibleverses.org\/es\/wp-json\/wp\/v2\/media\/756"}],"wp:attachment":[{"href":"https:\/\/thebibleverses.org\/es\/wp-json\/wp\/v2\/media?parent=33"}],"curies":[{"name":"wp","href":"https:\/\/api.w.org\/{rel}","templated":true}]}}