{"id":319,"date":"2019-06-20T03:20:04","date_gmt":"2019-06-20T03:20:04","guid":{"rendered":"https:\/\/thebibleverses.org\/es\/?page_id=319"},"modified":"2022-09-02T17:23:09","modified_gmt":"2022-09-02T17:23:09","slug":"buscar-a-dios","status":"publish","type":"page","link":"https:\/\/thebibleverses.org\/es\/buscar-a-dios\/","title":{"rendered":"25 Vers\u00edculos de la Biblia sobre Buscar a Dios"},"content":{"rendered":"<div class=\"wp-block-image\">\n<figure class=\"aligncenter size-large\"><img loading=\"lazy\" decoding=\"async\" width=\"1024\" height=\"631\" src=\"https:\/\/thebibleverses.org\/es\/wp-content\/uploads\/2022\/05\/Versiculos-Biblicos-sobre-Buscar-a-Dios-1024x631.webp\" alt=\"Vers\u00edculos B\u00edblicos sobre Buscar a Dios - Reina Valera Contempor\u00e1nea (RVC).\" class=\"wp-image-727\" srcset=\"https:\/\/thebibleverses.org\/es\/wp-content\/uploads\/2022\/05\/Versiculos-Biblicos-sobre-Buscar-a-Dios-1024x631.webp 1024w, https:\/\/thebibleverses.org\/es\/wp-content\/uploads\/2022\/05\/Versiculos-Biblicos-sobre-Buscar-a-Dios-300x185.webp 300w, https:\/\/thebibleverses.org\/es\/wp-content\/uploads\/2022\/05\/Versiculos-Biblicos-sobre-Buscar-a-Dios-768x474.webp 768w, https:\/\/thebibleverses.org\/es\/wp-content\/uploads\/2022\/05\/Versiculos-Biblicos-sobre-Buscar-a-Dios-320x197.webp 320w, https:\/\/thebibleverses.org\/es\/wp-content\/uploads\/2022\/05\/Versiculos-Biblicos-sobre-Buscar-a-Dios-450x278.webp 450w, https:\/\/thebibleverses.org\/es\/wp-content\/uploads\/2022\/05\/Versiculos-Biblicos-sobre-Buscar-a-Dios-720x444.webp 720w, https:\/\/thebibleverses.org\/es\/wp-content\/uploads\/2022\/05\/Versiculos-Biblicos-sobre-Buscar-a-Dios-scaled.webp 644w\" sizes=\"auto, (max-width: 1024px) 100vw, 1024px\" \/><figcaption>Vers\u00edculos B\u00edblicos sobre Buscar a Dios &#8211; Reina Valera Contempor\u00e1nea (RVC).<\/figcaption><\/figure><\/div>\n\n\n<h2 class=\"wp-block-heading\">1 Cr\u00f3nicas 16:10-11 <\/h2>\n\n\n\n<p>\u00a1Regoc\u00edjense en su santo nombre! \u00a1Al\u00e9grense de coraz\u00f3n los que buscan al Se\u00f1or! \u00a1Busquen el poder del Se\u00f1or! \u00a1Busquen siempre a Dios! (1 Cr\u00f3 16:10-11).<\/p>\n\n\n\n<h2 class=\"wp-block-heading\">2 Cr\u00f3nicas 7:14 <\/h2>\n\n\n\n<p>Si mi pueblo, sobre el cual se invoca mi nombre, se humilla y ora, y busca mi rostro, y se aparta de sus malos caminos, yo lo escuchar\u00e9 desde los cielos, perdonar\u00e9 sus pecados y sanar\u00e9 su tierra (2 Cr\u00f3 7:14).<\/p>\n\n\n\n<h2 class=\"wp-block-heading\">2 Cr\u00f3nicas 15:2b<\/h2>\n\n\n\n<p>El Se\u00f1or estar\u00e1 con ustedes, si ustedes est\u00e1n con \u00e9l. Si lo buscan, lo hallar\u00e1n; pero si lo dejan, tambi\u00e9n \u00e9l los dejar\u00e1 (2 Cr\u00f3 15:2b).<\/p>\n\n\n\n<h2 class=\"wp-block-heading\">Salmos 9:10 <\/h2>\n\n\n\n<p>En ti conf\u00edan los que conocen tu nombre, porque t\u00fa, Se\u00f1or, proteges a los que te buscan (Sal 9:10).<\/p>\n\n\n\n<h2 class=\"wp-block-heading\">Salmos 10:4 <\/h2>\n\n\n\n<p>Tan soberbio es el imp\u00edo que no busca a Dios, ni le da lugar en sus pensamientos (Sal 10:4).<\/p>\n\n\n\n<h2 class=\"wp-block-heading\">Salmos 14:2 <\/h2>\n\n\n\n<p>Desde el cielo, observa el Se\u00f1or a la humanidad, para ver si hay alguien con sabidur\u00eda, que busque a Dios (Sal 14:2).<\/p>\n\n\n\n<h2 class=\"wp-block-heading\">Salmos 27:8 <\/h2>\n\n\n\n<p>A mi coraz\u00f3n le pides buscar tu rostro, y yo, Se\u00f1or, tu rostro busco (Sal 27:8).<\/p>\n\n\n\n<h2 class=\"wp-block-heading\">Salmos 34:4 <\/h2>\n\n\n\n<p>Busqu\u00e9 al Se\u00f1or, y \u00e9l me escuch\u00f3, y me libr\u00f3 de todos mis temores (Sal 34:4).<\/p>\n\n\n\n<h2 class=\"wp-block-heading\">Salmos 34:10 <\/h2>\n\n\n\n<p>Los cachorros del le\u00f3n chillan de hambre, pero los que buscan al Se\u00f1or lo tienen todo (Sal 34:10).<\/p>\n\n\n\n<h2 class=\"wp-block-heading\">Salmos 63:1 <\/h2>\n\n\n\n<p>Dios m\u00edo, \u00a1t\u00fa eres mi Dios! Yo te buscar\u00e9 de madrugada. Mi alma desfallece de sed por ti; mi ser entero te busca con ansias, en terrenos secos e inh\u00f3spitos, sin agua (Sal 63:1).<\/p>\n\n\n\n<h2 class=\"wp-block-heading\">Salmos 105:4 <\/h2>\n\n\n\n<p>\u00a1Busquen el poder del Se\u00f1or! \u00a1Busquen siempre a Dios! (Sal 105:4).<\/p>\n\n\n\n<h2 class=\"wp-block-heading\">Salmos 119:2 <\/h2>\n\n\n\n<p>Dichosos los que cumplen sus testimonios, y lo buscan de todo coraz\u00f3n (Sal 119:2).<\/p>\n\n\n\n<h2 class=\"wp-block-heading\">Salmos 119:45 <\/h2>\n\n\n\n<p>S\u00f3lo as\u00ed ser\u00e9 completamente libre, pues he buscado seguir tus mandamientos (Sal 119:45).<\/p>\n\n\n\n<h2 class=\"wp-block-heading\">Proverbios 8:17 <\/h2>\n\n\n\n<p>Yo amo a los que me aman, y dejo que me hallen los que en verdad me buscan (Pr 8:17).<\/p>\n\n\n\n<h2 class=\"wp-block-heading\">Proverbios 15:14 <\/h2>\n\n\n\n<p>El coraz\u00f3n entendido tiene hambre de saber; la boca del necio se alimenta de tonter\u00edas (Pr 15:14).<\/p>\n\n\n\n<h2 class=\"wp-block-heading\">Proverbios 28:5 <\/h2>\n\n\n\n<p>Los malvados no entienden nada de la justicia; los que buscan al Se\u00f1or lo entienden todo (Pr 28:5).<\/p>\n\n\n\n<h2 class=\"wp-block-heading\">Isa\u00edas 55:6<\/h2>\n\n\n\n<p>Busquen al Se\u00f1or mientras pueda ser hallado; ll\u00e1menlo mientras se encuentre cerca (Is 55:6).<\/p>\n\n\n\n<h2 class=\"wp-block-heading\">Lamentaciones 3:25 <\/h2>\n\n\n\n<p>Es bueno el Se\u00f1or con quienes le buscan, con quienes en \u00e9l esperan (Lam 3:25).<\/p>\n\n\n\n<h2 class=\"wp-block-heading\">Am\u00f3s 5:4 <\/h2>\n\n\n\n<p>Pero tambi\u00e9n as\u00ed ha dicho el Se\u00f1or al pueblo de Israel: Si ustedes me buscan, vivir\u00e1n (Am\u00f3s 5:4).<\/p>\n\n\n\n<h2 class=\"wp-block-heading\">Zacar\u00edas 8:21 <\/h2>\n\n\n\n<p>Los cuales ir\u00e1n de ciudad en ciudad, diciendo: \u201cVayamos a implorar el favor del Se\u00f1or. Vayamos a buscar al Se\u00f1or de los ej\u00e9rcitos. Yo tambi\u00e9n ir\u00e9\u201d (Zac 8:21).<\/p>\n\n\n\n<h2 class=\"wp-block-heading\">Mateo 6:33 <\/h2>\n\n\n\n<p>Por lo tanto, busquen primeramente el reino de Dios y su justicia, y todas estas cosas les ser\u00e1n a\u00f1adidas (Mt 6:33).<\/p>\n\n\n\n<h2 class=\"wp-block-heading\">Mateo 7:7 <\/h2>\n\n\n\n<p>Pidan, y se les dar\u00e1, busquen, y encontrar\u00e1n, llamen, y se les abrir\u00e1 (Mt 7:7).<\/p>\n\n\n\n<h2 class=\"wp-block-heading\">Lucas 11:10 <\/h2>\n\n\n\n<p>Porque todo aquel que pide, recibe; y el que busca, encuentra; y al que llama, se le abre (Lc 11:10).<\/p>\n\n\n\n<h2 class=\"wp-block-heading\">Colosenses 3:1 <\/h2>\n\n\n\n<p>Puesto que ustedes ya han resucitado con Cristo, busquen las cosas de arriba, donde est\u00e1 Cristo sentado a la derecha de Dios (Col 3:1).<\/p>\n\n\n\n<h2 class=\"wp-block-heading\">Hebreos 11:6 <\/h2>\n\n\n\n<p>Sin fe es imposible agradar a Dios, porque es necesario que el que se acerca a Dios crea que \u00e9l existe, y que sabe recompensar a quienes lo buscan (Heb 11:6).<\/p>\n\n\n\n<h2 class=\"wp-block-heading\">Lee Tambi\u00e9n:<\/h2>\n\n\n\n<ul class=\"wp-block-list\"><li><a href=\"https:\/\/thebibleverses.org\/es\/\">Vers\u00edculos por Tema<\/a><\/li><li><a href=\"https:\/\/thebibleverses.org\/es\/confianza-en-dios\/\">Vers\u00edculos B\u00edblicos de Confianza en Dios<\/a><\/li><li><a href=\"https:\/\/thebibleverses.org\/es\/amor\/\">Vers\u00edculos B\u00edblicos sobre el Amor<\/a><\/li><li><a href=\"https:\/\/thebibleverses.org\/es\/fortaleza\/\">Vers\u00edculos B\u00edblicos de Fortaleza<\/a><\/li><li><a href=\"https:\/\/thebibleverses.org\/es\/fe\/\">Vers\u00edculos B\u00edblicos sobre la Fe<\/a><\/li><li><a href=\"https:\/\/thebibleverses.org\/es\/jovenes\/\">Vers\u00edculos B\u00edblicos para J\u00f3venes<\/a><\/li><li><a href=\"https:\/\/thebibleverses.org\/es\/amistad\/\">Vers\u00edculos B\u00edblicos sobre la Amistad<\/a><\/li><li><a href=\"https:\/\/thebibleverses.org\/es\/sanidad\/\">Vers\u00edculos B\u00edblicos sobre Sanidad<\/a><\/li><\/ul>\n","protected":false},"excerpt":{"rendered":"<p>1 Cr\u00f3nicas 16:10-11 \u00a1Regoc\u00edjense en su santo nombre! \u00a1Al\u00e9grense de coraz\u00f3n los que buscan al Se\u00f1or! \u00a1Busquen el poder del Se\u00f1or! \u00a1Busquen siempre a Dios! (1 Cr\u00f3 16:10-11). 2 Cr\u00f3nicas 7:14 Si mi pueblo, sobre el cual se invoca mi nombre, se humilla y ora, y busca mi rostro, y se aparta de sus malos [&hellip;]<\/p>\n","protected":false},"author":1,"featured_media":727,"parent":0,"menu_order":0,"comment_status":"open","ping_status":"closed","template":"","meta":{"footnotes":""},"class_list":["post-319","page","type-page","status-publish","has-post-thumbnail","hentry","entry","fw-tab-6 fw-tabr-4"],"_links":{"self":[{"href":"https:\/\/thebibleverses.org\/es\/wp-json\/wp\/v2\/pages\/319","targetHints":{"allow":["GET"]}}],"collection":[{"href":"https:\/\/thebibleverses.org\/es\/wp-json\/wp\/v2\/pages"}],"about":[{"href":"https:\/\/thebibleverses.org\/es\/wp-json\/wp\/v2\/types\/page"}],"author":[{"embeddable":true,"href":"https:\/\/thebibleverses.org\/es\/wp-json\/wp\/v2\/users\/1"}],"replies":[{"embeddable":true,"href":"https:\/\/thebibleverses.org\/es\/wp-json\/wp\/v2\/comments?post=319"}],"version-history":[{"count":0,"href":"https:\/\/thebibleverses.org\/es\/wp-json\/wp\/v2\/pages\/319\/revisions"}],"wp:featuredmedia":[{"embeddable":true,"href":"https:\/\/thebibleverses.org\/es\/wp-json\/wp\/v2\/media\/727"}],"wp:attachment":[{"href":"https:\/\/thebibleverses.org\/es\/wp-json\/wp\/v2\/media?parent=319"}],"curies":[{"name":"wp","href":"https:\/\/api.w.org\/{rel}","templated":true}]}}