{"id":317,"date":"2019-06-20T03:19:40","date_gmt":"2019-06-20T03:19:40","guid":{"rendered":"https:\/\/thebibleverses.org\/es\/?page_id=317"},"modified":"2022-05-15T21:48:53","modified_gmt":"2022-05-15T21:48:53","slug":"justificacion","status":"publish","type":"page","link":"https:\/\/thebibleverses.org\/es\/justificacion\/","title":{"rendered":"15 Vers\u00edculos de la Biblia sobre la Justificaci\u00f3n"},"content":{"rendered":"\n<div class=\"wp-block-image\"><figure class=\"aligncenter size-large\"><img loading=\"lazy\" decoding=\"async\" width=\"1024\" height=\"631\" src=\"https:\/\/thebibleverses.org\/es\/wp-content\/uploads\/2022\/05\/Versiculos-Biblicos-sobre-la-justificacion-1024x631.webp\" alt=\"Vers\u00edculos B\u00edblicos sobre la Justificaci\u00f3n \" class=\"wp-image-770\" srcset=\"https:\/\/thebibleverses.org\/es\/wp-content\/uploads\/2022\/05\/Versiculos-Biblicos-sobre-la-justificacion-1024x631.webp 1024w, https:\/\/thebibleverses.org\/es\/wp-content\/uploads\/2022\/05\/Versiculos-Biblicos-sobre-la-justificacion-300x185.webp 300w, https:\/\/thebibleverses.org\/es\/wp-content\/uploads\/2022\/05\/Versiculos-Biblicos-sobre-la-justificacion-768x474.webp 768w, https:\/\/thebibleverses.org\/es\/wp-content\/uploads\/2022\/05\/Versiculos-Biblicos-sobre-la-justificacion-320x197.webp 320w, https:\/\/thebibleverses.org\/es\/wp-content\/uploads\/2022\/05\/Versiculos-Biblicos-sobre-la-justificacion-450x278.webp 450w, https:\/\/thebibleverses.org\/es\/wp-content\/uploads\/2022\/05\/Versiculos-Biblicos-sobre-la-justificacion-720x444.webp 720w, https:\/\/thebibleverses.org\/es\/wp-content\/uploads\/2022\/05\/Versiculos-Biblicos-sobre-la-justificacion-scaled.webp 644w\" sizes=\"auto, (max-width: 1024px) 100vw, 1024px\" \/><figcaption>Vers\u00edculos B\u00edblicos sobre la Justificaci\u00f3n &#8211; Reina Valera Contempor\u00e1nea (RVC).<\/figcaption><\/figure><\/div>\n\n\n\n<h2 class=\"wp-block-heading\">G\u00e9nesis 15:6 <\/h2>\n\n\n\n<p>Y Abr\u00e1n crey\u00f3 al Se\u00f1or, y eso le fue contado por justicia (G\u00e9 15:6).<\/p>\n\n\n\n<h2 class=\"wp-block-heading\">Habacuc 2:4 <\/h2>\n\n\n\n<p>Aquel cuya alma no es recta, es arrogante; pero el justo vivir\u00e1 por su fe (Hab 2:4).<\/p>\n\n\n\n<h2 class=\"wp-block-heading\">Hechos 13:39 <\/h2>\n\n\n\n<p>La ley de Mois\u00e9s no pudo justificarles todos esos pecados, pero en Jes\u00fas queda justificado todo aquel que cree en \u00e9l.<\/p>\n\n\n\n<h2 class=\"wp-block-heading\">Romanos 3:24-26 <\/h2>\n\n\n\n<p>Pero son justificados gratuitamente por su gracia, mediante la redenci\u00f3n que provey\u00f3 Cristo Jes\u00fas, a quien Dios puso como sacrificio de expiaci\u00f3n por medio de la fe en su sangre. Esto lo hizo Dios para manifestar su justicia, pues en su paciencia ha pasado por alto los pecados pasados, para manifestar su justicia en este tiempo, a fin de que \u00e9l sea el justo y, al mismo tiempo, el que justifica al que tiene fe en Jes\u00fas (Ro 3:24-26).<\/p>\n\n\n\n<h2 class=\"wp-block-heading\">Romanos 4:25 <\/h2>\n\n\n\n<p>El cual fue entregado por nuestros pecados, y resucit\u00f3 para nuestra justificaci\u00f3n (Ro 4:25).<\/p>\n\n\n\n<h2 class=\"wp-block-heading\">Romanos 5:1 <\/h2>\n\n\n\n<p>As\u00ed, pues, justificados por la fe tenemos paz con Dios por medio de nuestro Se\u00f1or Jesucristo (Ro 5:1).<\/p>\n\n\n\n<h2 class=\"wp-block-heading\">Romanos 5:9 <\/h2>\n\n\n\n<p>Con mucha m\u00e1s raz\u00f3n, ahora que ya hemos sido justificados en su sangre, seremos salvados del castigo por medio de \u00e9l (Ro 5:9).<\/p>\n\n\n\n<h2 class=\"wp-block-heading\">Romanos 5:16-18 <\/h2>\n\n\n\n<p>El don de Dios no puede compararse con el pecado de Ad\u00e1n, porque por un solo pecado vino la condenaci\u00f3n, pero el don de Dios vino por muchas transgresiones para justificaci\u00f3n.  Pues si por la transgresi\u00f3n de uno solo rein\u00f3 la muerte, mucho m\u00e1s reinar\u00e1n en vida los que reciben la abundancia de la gracia y del don de la justicia mediante un solo hombre, Jesucristo. As\u00ed que, como por la transgresi\u00f3n de uno solo vino la condenaci\u00f3n a todos los hombres, de la misma manera por la justicia de uno solo vino la justificaci\u00f3n de vida a todos los hombres (Ro 5:16-18).<\/p>\n\n\n\n<h2 class=\"wp-block-heading\">1 Corintios 1:30 <\/h2>\n\n\n\n<p>Pero gracias a Dios ustedes ahora son de Cristo Jes\u00fas, a quien Dios ha constituido como nuestra sabidur\u00eda, nuestra justificaci\u00f3n, nuestra santificaci\u00f3n y nuestra redenci\u00f3n (1 Co 1:30).<\/p>\n\n\n\n<h2 class=\"wp-block-heading\">1 Corintios 6:11 <\/h2>\n\n\n\n<p>Y eso eran algunos de ustedes, pero ya han sido lavados, ya han sido santificados, ya han sido justificados en el nombre del Se\u00f1or Jes\u00fas, y por el Esp\u00edritu de nuestro Dios (1 Co 6:11).<\/p>\n\n\n\n<h2 class=\"wp-block-heading\">G\u00e1latas 3:6 <\/h2>\n\n\n\n<p>As\u00ed Abrah\u00e1n crey\u00f3 a Dios, y le fue contado por justicia (G\u00e1 3:6).<\/p>\n\n\n\n<h2 class=\"wp-block-heading\">G\u00e1latas 3:8 <\/h2>\n\n\n\n<p>Y la Escritura, al prever que Dios habr\u00eda de justificar por la fe a los no jud\u00edos, dio de antemano la buena nueva a Abrah\u00e1n, cuando dijo: En ti ser\u00e1n benditas todas las naciones (G\u00e1 3:8).<\/p>\n\n\n\n<h2 class=\"wp-block-heading\">G\u00e1latas 3:24 <\/h2>\n\n\n\n<p>De manera que la ley ha sido nuestro tutor, para llevarnos a Cristo, a fin de que fu\u00e9ramos justificados por la fe (G\u00e1 3:24).<\/p>\n\n\n\n<h2 class=\"wp-block-heading\">Filipenses 3:9 <\/h2>\n\n\n\n<p>y ser hallado en \u00e9l, no por tener mi propia justicia, que viene por la ley, sino por tener la justicia que es de Dios y que viene por la fe, la fe en Cristo (Filip 3:9).<\/p>\n\n\n\n<h2 class=\"wp-block-heading\">Hebreos 11:4 <\/h2>\n\n\n\n<p>Por la fe, Abel ofreci\u00f3 a Dios un sacrificio m\u00e1s aceptable que el de Ca\u00edn, y por eso fue reconocido como un hombre justo, y Dios acept\u00f3 con agrado sus ofrendas. Y aunque Abel est\u00e1 muerto, todav\u00eda habla por medio de su fe (Heb 11:4).<\/p>\n\n\n\n<h2 class=\"wp-block-heading\">Lee Tambi\u00e9n:<\/h2>\n\n\n\n<ul class=\"wp-block-list\"><li><a href=\"https:\/\/thebibleverses.org\/es\/\">Vers\u00edculos por Tema<\/a><\/li><li><a href=\"https:\/\/thebibleverses.org\/es\/amor\/\">Vers\u00edculos B\u00edblicos sobre el Amor<\/a><\/li><li><a href=\"https:\/\/thebibleverses.org\/es\/fortaleza\/\">Vers\u00edculos B\u00edblicos de Fortaleza<\/a><\/li><li><a href=\"https:\/\/thebibleverses.org\/es\/fe\/\">Vers\u00edculos B\u00edblicos sobre la Fe<\/a><\/li><li><a href=\"https:\/\/thebibleverses.org\/es\/jovenes\/\">Vers\u00edculos B\u00edblicos para J\u00f3venes<\/a><\/li><li><a href=\"https:\/\/thebibleverses.org\/es\/amistad\/\">Vers\u00edculos B\u00edblicos sobre la Amistad<\/a><\/li><li><a href=\"https:\/\/thebibleverses.org\/es\/sanidad\/\">Vers\u00edculos B\u00edblicos sobre Sanidad<\/a><\/li><\/ul>\n","protected":false},"excerpt":{"rendered":"<p>G\u00e9nesis 15:6 Y Abr\u00e1n crey\u00f3 al Se\u00f1or, y eso le fue contado por justicia (G\u00e9 15:6). Habacuc 2:4 Aquel cuya alma no es recta, es arrogante; pero el justo vivir\u00e1 por su fe (Hab 2:4). Hechos 13:39 La ley de Mois\u00e9s no pudo justificarles todos esos pecados, pero en Jes\u00fas queda justificado todo aquel que [&hellip;]<\/p>\n","protected":false},"author":1,"featured_media":770,"parent":0,"menu_order":0,"comment_status":"open","ping_status":"closed","template":"","meta":{"footnotes":""},"class_list":["post-317","page","type-page","status-publish","has-post-thumbnail","hentry","entry","fw-tab-6 fw-tabr-4"],"_links":{"self":[{"href":"https:\/\/thebibleverses.org\/es\/wp-json\/wp\/v2\/pages\/317","targetHints":{"allow":["GET"]}}],"collection":[{"href":"https:\/\/thebibleverses.org\/es\/wp-json\/wp\/v2\/pages"}],"about":[{"href":"https:\/\/thebibleverses.org\/es\/wp-json\/wp\/v2\/types\/page"}],"author":[{"embeddable":true,"href":"https:\/\/thebibleverses.org\/es\/wp-json\/wp\/v2\/users\/1"}],"replies":[{"embeddable":true,"href":"https:\/\/thebibleverses.org\/es\/wp-json\/wp\/v2\/comments?post=317"}],"version-history":[{"count":0,"href":"https:\/\/thebibleverses.org\/es\/wp-json\/wp\/v2\/pages\/317\/revisions"}],"wp:featuredmedia":[{"embeddable":true,"href":"https:\/\/thebibleverses.org\/es\/wp-json\/wp\/v2\/media\/770"}],"wp:attachment":[{"href":"https:\/\/thebibleverses.org\/es\/wp-json\/wp\/v2\/media?parent=317"}],"curies":[{"name":"wp","href":"https:\/\/api.w.org\/{rel}","templated":true}]}}