{"id":314,"date":"2019-06-20T03:19:16","date_gmt":"2019-06-20T03:19:16","guid":{"rendered":"https:\/\/thebibleverses.org\/es\/?page_id=314"},"modified":"2022-05-15T21:32:41","modified_gmt":"2022-05-15T21:32:41","slug":"gracia","status":"publish","type":"page","link":"https:\/\/thebibleverses.org\/es\/gracia\/","title":{"rendered":"25 Vers\u00edculos de la Biblia sobre la Gracia"},"content":{"rendered":"\n<div class=\"wp-block-image\"><figure class=\"aligncenter size-large\"><img loading=\"lazy\" decoding=\"async\" width=\"1024\" height=\"631\" src=\"https:\/\/thebibleverses.org\/es\/wp-content\/uploads\/2022\/05\/Versiculos-Biblicos-sobre-la-Gracia-1024x631.webp\" alt=\"Vers\u00edculos B\u00edblicos sobre la Gracia\" class=\"wp-image-762\" srcset=\"https:\/\/thebibleverses.org\/es\/wp-content\/uploads\/2022\/05\/Versiculos-Biblicos-sobre-la-Gracia-1024x631.webp 1024w, https:\/\/thebibleverses.org\/es\/wp-content\/uploads\/2022\/05\/Versiculos-Biblicos-sobre-la-Gracia-300x185.webp 300w, https:\/\/thebibleverses.org\/es\/wp-content\/uploads\/2022\/05\/Versiculos-Biblicos-sobre-la-Gracia-768x474.webp 768w, https:\/\/thebibleverses.org\/es\/wp-content\/uploads\/2022\/05\/Versiculos-Biblicos-sobre-la-Gracia-320x197.webp 320w, https:\/\/thebibleverses.org\/es\/wp-content\/uploads\/2022\/05\/Versiculos-Biblicos-sobre-la-Gracia-450x278.webp 450w, https:\/\/thebibleverses.org\/es\/wp-content\/uploads\/2022\/05\/Versiculos-Biblicos-sobre-la-Gracia-720x444.webp 720w, https:\/\/thebibleverses.org\/es\/wp-content\/uploads\/2022\/05\/Versiculos-Biblicos-sobre-la-Gracia-scaled.webp 644w\" sizes=\"auto, (max-width: 1024px) 100vw, 1024px\" \/><figcaption>Vers\u00edculos B\u00edblicos sobre la Gracia &#8211; Reina Valera Contempor\u00e1nea (RVC).<\/figcaption><\/figure><\/div>\n\n\n\n<h2 class=\"wp-block-heading\">G\u00e9nesis 6:8 <\/h2>\n\n\n\n<p>Pero No\u00e9 hall\u00f3 gracia a los ojos del Se\u00f1or (G\u00e9 6:8).<\/p>\n\n\n\n<h2 class=\"wp-block-heading\">Salmos 45:2 <\/h2>\n\n\n\n<p>T\u00fa eres el m\u00e1s hermoso de los hijos del hombre; la gracia se ha derramado en tus labios. Por eso Dios te ha bendecido para siempre (Sal 45:2).<\/p>\n\n\n\n<h2 class=\"wp-block-heading\">Juan 1:14 <\/h2>\n\n\n\n<p>Y la Palabra se hizo carne, y habit\u00f3 entre nosotros, y vimos su gloria (la gloria que corresponde al unig\u00e9nito del Padre), llena de gracia y de verdad (Jn 1:14)..<\/p>\n\n\n\n<h2 class=\"wp-block-heading\">Juan 1:16 <\/h2>\n\n\n\n<p>Ciertamente de su plenitud tomamos todos, y gracia sobre gracia (Jn 1:16).<\/p>\n\n\n\n<h2 class=\"wp-block-heading\">Juan 1:17 <\/h2>\n\n\n\n<p>La ley fue dada por medio de Mois\u00e9s, pero la gracia y la verdad vinieron por medio de Jesucristo (Jn 1:17).<\/p>\n\n\n\n<h2 class=\"wp-block-heading\">Hechos 6:8 <\/h2>\n\n\n\n<p>Como Esteban estaba lleno de la gracia y del poder de Dios, realizaba grandes prodigios y se\u00f1ales entre el pueblo (Hch 6:8).<\/p>\n\n\n\n<h2 class=\"wp-block-heading\">Romanos 3:24 <\/h2>\n\n\n\n<p>Pero son justificados gratuitamente por su gracia, mediante la redenci\u00f3n que provey\u00f3 Cristo Jes\u00fas (Ro 3:24).<\/p>\n\n\n\n<h2 class=\"wp-block-heading\">Romanos 5:17 <\/h2>\n\n\n\n<p>Pues si por la transgresi\u00f3n de uno solo rein\u00f3 la muerte, mucho m\u00e1s reinar\u00e1n en vida los que reciben la abundancia de la gracia y del don de la justicia mediante un solo hombre, Jesucristo (Ro 5:17).<\/p>\n\n\n\n<h2 class=\"wp-block-heading\">Romanos 5:20 <\/h2>\n\n\n\n<p>La ley se introdujo para que abundara el pecado; pero cuando el pecado abund\u00f3, sobreabund\u00f3 la gracia (Ro 5:20).<\/p>\n\n\n\n<h2 class=\"wp-block-heading\">Romanos 6:15 <\/h2>\n\n\n\n<p>\u00bfEntonces, qu\u00e9? \u00bfPecaremos porque no estamos bajo la ley sino bajo la gracia? \u00a1De ninguna manera! (Ro 6:15).<\/p>\n\n\n\n<h2 class=\"wp-block-heading\">2 Corintios 8:9 <\/h2>\n\n\n\n<p>Pues ustedes ya conocen la gracia de nuestro Se\u00f1or Jesucristo que, por amor a ustedes, siendo rico se hizo pobre, para que con su pobreza ustedes fueran enriquecidos (2 Co 8:9).<\/p>\n\n\n\n<h2 class=\"wp-block-heading\">2 Corintios 12:9 <\/h2>\n\n\n\n<p>Pero \u00e9l me ha dicho: \u00abCon mi gracia tienes m\u00e1s que suficiente, porque mi poder se perfecciona en la debilidad.\u00bb Por eso, con mucho gusto habr\u00e9 de jactarme en mis debilidades, para que el poder de Cristo repose en m\u00ed (2 Co 12:9).<\/p>\n\n\n\n<h2 class=\"wp-block-heading\">G\u00e1latas 1:15 <\/h2>\n\n\n\n<p>Pero Dios me apart\u00f3 desde el vientre de mi madre y me llam\u00f3 por su gracia, y cuando a \u00e9l le agrad\u00f3 (G\u00e1 1:15).<\/p>\n\n\n\n<h2 class=\"wp-block-heading\">G\u00e1latas 2:21 <\/h2>\n\n\n\n<p>No desecho la gracia de Dios; pues si la justicia dependiera de la ley, entonces por dem\u00e1s habr\u00eda muerto Cristo (G\u00e1 2:21).<\/p>\n\n\n\n<h2 class=\"wp-block-heading\">Efesios 2:4-5 <\/h2>\n\n\n\n<p>Pero Dios, cuya misericordia es abundante, por el gran amor con que nos am\u00f3, nos dio vida junto con Cristo, aun cuando est\u00e1bamos muertos en nuestros pecados (la gracia de Dios los ha salvado) (Ef 2:4-5).<\/p>\n\n\n\n<h2 class=\"wp-block-heading\">Efesios 2:8 <\/h2>\n\n\n\n<p>Ciertamente la gracia de Dios los ha salvado por medio de la fe. \u00c9sta no naci\u00f3 de ustedes, sino que es un don de Dios (Ef 2:8).<\/p>\n\n\n\n<h2 class=\"wp-block-heading\">Efesios 3:8 <\/h2>\n\n\n\n<p>Yo, que soy menor que el m\u00e1s peque\u00f1o de todos los santos, he recibido el privilegio de anunciar entre los no jud\u00edos el evangelio de las insondables riquezas de Cristo (Ef 3:8).<\/p>\n\n\n\n<h2 class=\"wp-block-heading\">Efesios 4:7 <\/h2>\n\n\n\n<p>Pero a cada uno de nosotros se nos ha dado la gracia conforme a la medida del don de Cristo (Ef 4:7).<\/p>\n\n\n\n<h2 class=\"wp-block-heading\">2 Tesalonicenses 2:16 <\/h2>\n\n\n\n<p> Que nuestro Se\u00f1or Jesucristo mismo, y nuestro Dios y Padre, que nos am\u00f3 y nos dio consuelo eterno y buena esperanza por gracia (2 Tes 2:16).<\/p>\n\n\n\n<h2 class=\"wp-block-heading\">1 Timoteo 1:14 <\/h2>\n\n\n\n<p>Pero la gracia de nuestro Se\u00f1or fue m\u00e1s abundante con la fe y el amor que es en Cristo Jes\u00fas (1 Tim 1:14).<\/p>\n\n\n\n<h2 class=\"wp-block-heading\">2 Timoteo 1:9 <\/h2>\n\n\n\n<p>Quien nos salv\u00f3 y nos llam\u00f3 con llamamiento santo, no conforme a nuestras obras, sino seg\u00fan el prop\u00f3sito suyo y la gracia que nos fue dada en Cristo Jes\u00fas antes de los tiempos de los siglos (2 Tim 1:9).<\/p>\n\n\n\n<h2 class=\"wp-block-heading\">Tito 2:11-13 <\/h2>\n\n\n\n<p>Porque la gracia de Dios se ha manifestado para la salvaci\u00f3n de todos los hombres, y nos ense\u00f1a que debemos renunciar a la impiedad y a los deseos mundanos, y vivir en esta \u00e9poca de manera sobria, justa y piadosa, mientras aguardamos la bendita esperanza y la gloriosa manifestaci\u00f3n de nuestro gran Dios y Salvador Jesucristo (Tit 2:11-13).<\/p>\n\n\n\n<h2 class=\"wp-block-heading\">Tito 3:7 <\/h2>\n\n\n\n<p>Para que al ser justificados por su gracia vini\u00e9ramos a ser herederos conforme a la esperanza de la vida eterna (Tit 3:7).<\/p>\n\n\n\n<h2 class=\"wp-block-heading\">Hebreos 4:16 <\/h2>\n\n\n\n<p>Por tanto, acerqu\u00e9monos confiadamente al trono de la gracia, para alcanzar misericordia y hallar gracia para cuando necesitemos ayuda (Heb 4:16).<\/p>\n\n\n\n<h2 class=\"wp-block-heading\">1 Pedro 1:10 <\/h2>\n\n\n\n<p>Los profetas que hablaron de la gracia destinada a ustedes, estudiaron e investigaron con detalle todo acerca de esta salvaci\u00f3n (1 Pe 1:10).<\/p>\n\n\n\n<h2 class=\"wp-block-heading\">Lee Tambi\u00e9n:<\/h2>\n\n\n\n<ul class=\"wp-block-list\"><li><a href=\"https:\/\/thebibleverses.org\/es\/\">Vers\u00edculos por Tema<\/a><\/li><li><a href=\"https:\/\/thebibleverses.org\/es\/amor\/\">Vers\u00edculos B\u00edblicos sobre el Amor<\/a><\/li><li><a href=\"https:\/\/thebibleverses.org\/es\/fortaleza\/\">Vers\u00edculos B\u00edblicos de Fortaleza<\/a><\/li><li><a href=\"https:\/\/thebibleverses.org\/es\/fe\/\">Vers\u00edculos B\u00edblicos sobre la Fe<\/a><\/li><li><a href=\"https:\/\/thebibleverses.org\/es\/jovenes\/\">Vers\u00edculos B\u00edblicos para J\u00f3venes<\/a><\/li><li><a href=\"https:\/\/thebibleverses.org\/es\/amistad\/\">Vers\u00edculos B\u00edblicos sobre la Amistad<\/a><\/li><li><a href=\"https:\/\/thebibleverses.org\/es\/sanidad\/\">Vers\u00edculos B\u00edblicos sobre Sanidad<\/a><\/li><\/ul>\n","protected":false},"excerpt":{"rendered":"<p>G\u00e9nesis 6:8 Pero No\u00e9 hall\u00f3 gracia a los ojos del Se\u00f1or (G\u00e9 6:8). Salmos 45:2 T\u00fa eres el m\u00e1s hermoso de los hijos del hombre; la gracia se ha derramado en tus labios. Por eso Dios te ha bendecido para siempre (Sal 45:2). Juan 1:14 Y la Palabra se hizo carne, y habit\u00f3 entre nosotros, [&hellip;]<\/p>\n","protected":false},"author":1,"featured_media":762,"parent":0,"menu_order":0,"comment_status":"open","ping_status":"closed","template":"","meta":{"footnotes":""},"class_list":["post-314","page","type-page","status-publish","has-post-thumbnail","hentry","entry","fw-tab-6 fw-tabr-4"],"_links":{"self":[{"href":"https:\/\/thebibleverses.org\/es\/wp-json\/wp\/v2\/pages\/314","targetHints":{"allow":["GET"]}}],"collection":[{"href":"https:\/\/thebibleverses.org\/es\/wp-json\/wp\/v2\/pages"}],"about":[{"href":"https:\/\/thebibleverses.org\/es\/wp-json\/wp\/v2\/types\/page"}],"author":[{"embeddable":true,"href":"https:\/\/thebibleverses.org\/es\/wp-json\/wp\/v2\/users\/1"}],"replies":[{"embeddable":true,"href":"https:\/\/thebibleverses.org\/es\/wp-json\/wp\/v2\/comments?post=314"}],"version-history":[{"count":0,"href":"https:\/\/thebibleverses.org\/es\/wp-json\/wp\/v2\/pages\/314\/revisions"}],"wp:featuredmedia":[{"embeddable":true,"href":"https:\/\/thebibleverses.org\/es\/wp-json\/wp\/v2\/media\/762"}],"wp:attachment":[{"href":"https:\/\/thebibleverses.org\/es\/wp-json\/wp\/v2\/media?parent=314"}],"curies":[{"name":"wp","href":"https:\/\/api.w.org\/{rel}","templated":true}]}}