{"id":31,"date":"2019-01-19T04:36:51","date_gmt":"2019-01-19T04:36:51","guid":{"rendered":"https:\/\/thebibleverses.org\/es\/?page_id=31"},"modified":"2022-05-13T21:29:59","modified_gmt":"2022-05-13T21:29:59","slug":"animo","status":"publish","type":"page","link":"https:\/\/thebibleverses.org\/es\/animo\/","title":{"rendered":"30 Vers\u00edculos de Animo en la Biblia"},"content":{"rendered":"\n<div class=\"wp-block-image\"><figure class=\"aligncenter size-large\"><img loading=\"lazy\" decoding=\"async\" width=\"1024\" height=\"631\" src=\"https:\/\/thebibleverses.org\/es\/wp-content\/uploads\/2022\/05\/Versiculos-Biblicos-de-Animo-1024x631.webp\" alt=\"Vers\u00edculos B\u00edblicos de Animo\" class=\"wp-image-703\" srcset=\"https:\/\/thebibleverses.org\/es\/wp-content\/uploads\/2022\/05\/Versiculos-Biblicos-de-Animo-1024x631.webp 1024w, https:\/\/thebibleverses.org\/es\/wp-content\/uploads\/2022\/05\/Versiculos-Biblicos-de-Animo-300x185.webp 300w, https:\/\/thebibleverses.org\/es\/wp-content\/uploads\/2022\/05\/Versiculos-Biblicos-de-Animo-768x474.webp 768w, https:\/\/thebibleverses.org\/es\/wp-content\/uploads\/2022\/05\/Versiculos-Biblicos-de-Animo-320x197.webp 320w, https:\/\/thebibleverses.org\/es\/wp-content\/uploads\/2022\/05\/Versiculos-Biblicos-de-Animo-450x278.webp 450w, https:\/\/thebibleverses.org\/es\/wp-content\/uploads\/2022\/05\/Versiculos-Biblicos-de-Animo-720x444.webp 720w, https:\/\/thebibleverses.org\/es\/wp-content\/uploads\/2022\/05\/Versiculos-Biblicos-de-Animo-scaled.webp 644w\" sizes=\"auto, (max-width: 1024px) 100vw, 1024px\" \/><figcaption>Vers\u00edculos B\u00edblicos de Animo &#8211; Reina Valera Contempor\u00e1nea (RVC).<\/figcaption><\/figure><\/div>\n\n\n\n<h2 class=\"wp-block-heading\">G\u00e9nesis 28:15 <\/h2>\n\n\n\n<p>Date cuenta de que yo estoy contigo. Yo te proteger\u00e9 por dondequiera que vayas, y volver\u00e9 a traerte a esta tierra. No te dejar\u00e9 ni un momento, hasta que haya hecho lo que te he dicho\u00bb (Ge 28:15).<\/p>\n\n\n\n<h2 class=\"wp-block-heading\">Josu\u00e9 1:9 <\/h2>\n\n\n\n<p>Escucha lo que te mando: Esfu\u00e9rzate y s\u00e9 valiente. No temas ni desmayes, que yo soy el Se\u00f1or tu Dios, y estar\u00e9 contigo por dondequiera que vayas (jos 1:9).<\/p>\n\n\n\n<h2 class=\"wp-block-heading\">Deuteronomio 20:1 <\/h2>\n\n\n\n<p>Cuando salgas a combatir a tus enemigos, no tengas temor de ellos, aun cuando veas que tienen caballos y carros de guerra, y que su ej\u00e9rcito es m\u00e1s grande que el tuyo, porque contigo est\u00e1 el Se\u00f1or tu Dios, el cual te sac\u00f3 de la tierra de Egipto (Dt 20:1).<\/p>\n\n\n\n<h2 class=\"wp-block-heading\">Deuteronomio 31:8 <\/h2>\n\n\n\n<p>El Se\u00f1or va delante de ti. \u00c9l estar\u00e1 contigo, y no te dejar\u00e1 ni te desamparar\u00e1. No temas ni te intimides\u00bb (Dt 31:8).<\/p>\n\n\n\n<h2 class=\"wp-block-heading\">Salmos 23:4 <\/h2>\n\n\n\n<p>Aunque deba yo pasar por el valle m\u00e1s sombr\u00edo, no temo sufrir da\u00f1o alguno, porque t\u00fa est\u00e1s conmigo; con tu vara de pastor me infundes nuevo aliento (Sal 23:4).<\/p>\n\n\n\n<h2 class=\"wp-block-heading\">Salmos 27:1 <\/h2>\n\n\n\n<p>El Se\u00f1or es mi luz y mi salvaci\u00f3n; \u00bfa qui\u00e9n podr\u00eda yo temer? El Se\u00f1or es la fortaleza de mi vida; \u00bfqui\u00e9n podr\u00eda infundirme miedo? (Sal 27:1).<\/p>\n\n\n\n<h2 class=\"wp-block-heading\">Salmos 31:24 <\/h2>\n\n\n\n<p>Ustedes, los que esperan en el Se\u00f1or, \u00a1esfu\u00e9rcense, y cobren \u00e1nimo! (Sal 31:24).<\/p>\n\n\n\n<h2 class=\"wp-block-heading\">Salmos 32:8 <\/h2>\n\n\n\n<p>Yo te voy a hacer que entiendas. Voy a ense\u00f1arte el camino que debes seguir, y no voy a quitarte los ojos de encima (Sal 32:8).<\/p>\n\n\n\n<h2 class=\"wp-block-heading\">Salmos 46:7 <\/h2>\n\n\n\n<p>\u00a1Con nosotros est\u00e1 el Se\u00f1or de los ej\u00e9rcitos! \u00a1Nuestro refugio es el Dios de Jacob! (Sal 46:7).<\/p>\n\n\n\n<h2 class=\"wp-block-heading\">Salmos 121:1-2 <\/h2>\n\n\n\n<p>Elevo mis ojos a los montes; \u00bfde d\u00f3nde vendr\u00e1 mi socorro? Mi socorro viene del Se\u00f1or, creador del cielo y de la tierra (Sal 121:1-2).<\/p>\n\n\n\n<h2 class=\"wp-block-heading\">Isa\u00edas 40:31 <\/h2>\n\n\n\n<p>Pero los que conf\u00edan en el Se\u00f1or recobran las fuerzas y levantan el vuelo, como las \u00e1guilas; corren, y no se cansan; caminan, y no se fatigan (Is 40:31).<\/p>\n\n\n\n<h2 class=\"wp-block-heading\">Isa\u00edas 43:1 <\/h2>\n\n\n\n<p>As\u00ed dice ahora el Se\u00f1or, quien te cre\u00f3 y te form\u00f3: No temas, Jacob, porque yo te redim\u00ed; yo te di tu nombre, Israel, y t\u00fa me perteneces (Is 43:1).<\/p>\n\n\n\n<h2 class=\"wp-block-heading\">Isa\u00edas 43:2 <\/h2>\n\n\n\n<p>Cuando pases por las aguas, yo estar\u00e9 contigo; cuando cruces los r\u00edos, no te anegar\u00e1n. Cuando pases por el fuego, no te quemar\u00e1s, ni las llamas arder\u00e1n en ti (Is 43:2).<\/p>\n\n\n\n<h2 class=\"wp-block-heading\">Isa\u00edas 43:4 <\/h2>\n\n\n\n<p>Ante mis ojos t\u00fa eres grandemente estimado y digno de honra. Yo te amo, y por ti y por tu vida dar\u00e9 hombres y naciones (Is 43:4).<\/p>\n\n\n\n<h2 class=\"wp-block-heading\">Isa\u00edas 44:6 <\/h2>\n\n\n\n<p>As\u00ed dice el Se\u00f1or, el Rey y Redentor de Israel, el Se\u00f1or de los ej\u00e9rcitos: Yo soy el primero; yo soy tambi\u00e9n el \u00faltimo. Fuera de m\u00ed no hay otro Dios (Is 44:6).<\/p>\n\n\n\n<h2 class=\"wp-block-heading\">Isa\u00edas 51:12 <\/h2>\n\n\n\n<p>Yo mismo soy su consolador. \u00bfQui\u00e9n eres t\u00fa para tener miedo de hombres mortales, que son como la paja? (Is 51:12).<\/p>\n\n\n\n<h2 class=\"wp-block-heading\">Jerem\u00edas 1:8 <\/h2>\n\n\n\n<p>No temas delante de nadie, porque yo estoy contigo y te pondr\u00e9 a salvo. Dice el Se\u00f1or (Jr 1:8).<\/p>\n\n\n\n<h2 class=\"wp-block-heading\">Mateo 11:28 <\/h2>\n\n\n\n<p>Vengan a m\u00ed todos ustedes, los agotados de tanto trabajar, que yo los har\u00e9 descansar (11:28).<\/p>\n\n\n\n<h2 class=\"wp-block-heading\">Juan 14:27 <\/h2>\n\n\n\n<p>La paz les dejo, mi paz les doy; yo no la doy como el mundo la da. No dejen que su coraz\u00f3n se turbe y tenga miedo (Jn 14:27).<\/p>\n\n\n\n<h2 class=\"wp-block-heading\">Juan 15:19 <\/h2>\n\n\n\n<p>Si ustedes fueran del mundo, el mundo amar\u00eda lo suyo; pero el mundo los aborrece porque ustedes no son del mundo, aun cuando yo los eleg\u00ed del mundo (Jn 15:19).<\/p>\n\n\n\n<h2 class=\"wp-block-heading\">Juan 16:33 <\/h2>\n\n\n\n<p>Estas cosas les he hablado para que en m\u00ed tengan paz. En el mundo tendr\u00e1n aflicci\u00f3n; pero conf\u00eden, yo he vencido al mundo (Jn 16:33).<\/p>\n\n\n\n<h2 class=\"wp-block-heading\">Romanos 8:31 <\/h2>\n\n\n\n<p>\u00bfQu\u00e9 m\u00e1s podemos decir? Que si Dios est\u00e1 a nuestro favor, nadie podr\u00e1 estar en contra de nosotros (Ro 8:31).<\/p>\n\n\n\n<h2 class=\"wp-block-heading\">Romanos 8:37 <\/h2>\n\n\n\n<p>Antes, en todas estas cosas somos m\u00e1s que vencedores por medio de aquel que nos am\u00f3 (Ro 8:37).<\/p>\n\n\n\n<h2 class=\"wp-block-heading\">1 Corintios 16:13 <\/h2>\n\n\n\n<p>Mant\u00e9nganse atentos y firmes en la fe; sean fuertes y valientes (1 Co 16:13).<\/p>\n\n\n\n<h2 class=\"wp-block-heading\">Filipenses 4:13 <\/h2>\n\n\n\n<p>Todo lo puedo en Cristo que me fortalece (Filp 4:13).<\/p>\n\n\n\n<h2 class=\"wp-block-heading\">2 Timoteo 1:7 <\/h2>\n\n\n\n<p>Porque no nos ha dado Dios un esp\u00edritu de cobard\u00eda, sino de poder, de amor y de dominio propio (2 Ti 1:7).<\/p>\n\n\n\n<h2 class=\"wp-block-heading\">1 Pedro 5:7 <\/h2>\n\n\n\n<p>Descarguen en \u00e9l todas sus angustias, porque \u00e9l tiene cuidado de ustedes (1 Pe 5:7).<\/p>\n\n\n\n<h2 class=\"wp-block-heading\">1 Juan 4:4 <\/h2>\n\n\n\n<p>Hijitos, ustedes son de Dios, y han vencido a esos falsos profetas, porque mayor es el que est\u00e1 en ustedes que el que est\u00e1 en el mundo (1 Jn 4:4).<\/p>\n\n\n\n<h2 class=\"wp-block-heading\">1 Juan 5:4 <\/h2>\n\n\n\n<p>Porque todo el que ha nacido de Dios vence al mundo. Y \u00e9sta es la victoria que ha vencido al mundo: nuestra fe (1 Jn 5:4).<\/p>\n\n\n\n<h2 class=\"wp-block-heading\">Apocalipsis 7:16-17 <\/h2>\n\n\n\n<p>No volver\u00e1n a tener hambre ni sed, ni les har\u00e1 da\u00f1o el sol ni el calor los molestar\u00e1, porque el Cordero que est\u00e1 en medio del trono los pastorear\u00e1 y los llevar\u00e1 a fuentes de agua de vida, y Dios mismo secar\u00e1 de sus ojos toda l\u00e1grima (Ap 7:16-17).<\/p>\n\n\n\n<h2 class=\"wp-block-heading\">Lee Tambi\u00e9n:<\/h2>\n\n\n\n<ul class=\"wp-block-list\"><li><a href=\"https:\/\/thebibleverses.org\/es\/\">Vers\u00edculos por Tema<\/a><\/li><li><a href=\"https:\/\/thebibleverses.org\/es\/amor\/\">Vers\u00edculos B\u00edblicos sobre el Amor<\/a><\/li><li><a href=\"https:\/\/thebibleverses.org\/es\/fortaleza\/\">Vers\u00edculos B\u00edblicos de Fortaleza<\/a><\/li><li><a href=\"https:\/\/thebibleverses.org\/es\/fe\/\">Vers\u00edculos B\u00edblicos sobre la Fe<\/a><\/li><li><a href=\"https:\/\/thebibleverses.org\/es\/jovenes\/\">Vers\u00edculos B\u00edblicos para J\u00f3venes<\/a><\/li><li><a href=\"https:\/\/thebibleverses.org\/es\/amistad\/\">Vers\u00edculos B\u00edblicos sobre la Amistad<\/a><\/li><li><a href=\"https:\/\/thebibleverses.org\/es\/sanidad\/\">Vers\u00edculos B\u00edblicos sobre Sanidad<\/a><\/li><\/ul>\n","protected":false},"excerpt":{"rendered":"<p>G\u00e9nesis 28:15 Date cuenta de que yo estoy contigo. Yo te proteger\u00e9 por dondequiera que vayas, y volver\u00e9 a traerte a esta tierra. No te dejar\u00e9 ni un momento, hasta que haya hecho lo que te he dicho\u00bb (Ge 28:15). Josu\u00e9 1:9 Escucha lo que te mando: Esfu\u00e9rzate y s\u00e9 valiente. No temas ni desmayes, [&hellip;]<\/p>\n","protected":false},"author":1,"featured_media":703,"parent":0,"menu_order":0,"comment_status":"open","ping_status":"closed","template":"","meta":{"footnotes":""},"class_list":["post-31","page","type-page","status-publish","has-post-thumbnail","hentry","entry","fw-tab-6 fw-tabr-4"],"_links":{"self":[{"href":"https:\/\/thebibleverses.org\/es\/wp-json\/wp\/v2\/pages\/31","targetHints":{"allow":["GET"]}}],"collection":[{"href":"https:\/\/thebibleverses.org\/es\/wp-json\/wp\/v2\/pages"}],"about":[{"href":"https:\/\/thebibleverses.org\/es\/wp-json\/wp\/v2\/types\/page"}],"author":[{"embeddable":true,"href":"https:\/\/thebibleverses.org\/es\/wp-json\/wp\/v2\/users\/1"}],"replies":[{"embeddable":true,"href":"https:\/\/thebibleverses.org\/es\/wp-json\/wp\/v2\/comments?post=31"}],"version-history":[{"count":0,"href":"https:\/\/thebibleverses.org\/es\/wp-json\/wp\/v2\/pages\/31\/revisions"}],"wp:featuredmedia":[{"embeddable":true,"href":"https:\/\/thebibleverses.org\/es\/wp-json\/wp\/v2\/media\/703"}],"wp:attachment":[{"href":"https:\/\/thebibleverses.org\/es\/wp-json\/wp\/v2\/media?parent=31"}],"curies":[{"name":"wp","href":"https:\/\/api.w.org\/{rel}","templated":true}]}}