{"id":293,"date":"2019-06-12T22:57:06","date_gmt":"2019-06-12T22:57:06","guid":{"rendered":"https:\/\/thebibleverses.org\/es\/?page_id=293"},"modified":"2022-05-15T22:13:35","modified_gmt":"2022-05-15T22:13:35","slug":"misericordia","status":"publish","type":"page","link":"https:\/\/thebibleverses.org\/es\/misericordia\/","title":{"rendered":"25 Vers\u00edculos de la Biblia sobre la Misericordia"},"content":{"rendered":"\n<div class=\"wp-block-image\"><figure class=\"aligncenter size-large\"><img loading=\"lazy\" decoding=\"async\" width=\"1024\" height=\"631\" src=\"https:\/\/thebibleverses.org\/es\/wp-content\/uploads\/2022\/05\/Versiculos-Biblicos-sobre-la-Misericordia-1024x631.webp\" alt=\"Vers\u00edculos B\u00edblicos sobre la Misericordia\" class=\"wp-image-780\" srcset=\"https:\/\/thebibleverses.org\/es\/wp-content\/uploads\/2022\/05\/Versiculos-Biblicos-sobre-la-Misericordia-1024x631.webp 1024w, https:\/\/thebibleverses.org\/es\/wp-content\/uploads\/2022\/05\/Versiculos-Biblicos-sobre-la-Misericordia-300x185.webp 300w, https:\/\/thebibleverses.org\/es\/wp-content\/uploads\/2022\/05\/Versiculos-Biblicos-sobre-la-Misericordia-768x474.webp 768w, https:\/\/thebibleverses.org\/es\/wp-content\/uploads\/2022\/05\/Versiculos-Biblicos-sobre-la-Misericordia-320x197.webp 320w, https:\/\/thebibleverses.org\/es\/wp-content\/uploads\/2022\/05\/Versiculos-Biblicos-sobre-la-Misericordia-450x278.webp 450w, https:\/\/thebibleverses.org\/es\/wp-content\/uploads\/2022\/05\/Versiculos-Biblicos-sobre-la-Misericordia-720x444.webp 720w, https:\/\/thebibleverses.org\/es\/wp-content\/uploads\/2022\/05\/Versiculos-Biblicos-sobre-la-Misericordia-scaled.webp 644w\" sizes=\"auto, (max-width: 1024px) 100vw, 1024px\" \/><figcaption>Vers\u00edculos B\u00edblicos sobre la Misericordia &#8211; Reina Valera Contempor\u00e1nea (RVC).<\/figcaption><\/figure><\/div>\n\n\n\n<h2 class=\"wp-block-heading\">Deuteronomio 4:31 <\/h2>\n\n\n\n<p>\u00c9l no te abandonar\u00e1 ni te destruir\u00e1, ni se olvidar\u00e1 del pacto que hizo con tus padres, porque el Se\u00f1or tu Dios es un Dios misericordioso (Dt 4:31).<\/p>\n\n\n\n<h2 class=\"wp-block-heading\">2 Samuel 24:14 <\/h2>\n\n\n\n<p>Entonces David le dijo a Gad: Estoy en un gran aprieto. Perm\u00edteme caer en las manos del Se\u00f1or, pues su misericordia es grande en extremo. \u00a1No me dejes caer en las manos de ning\u00fan hombre! (2 Sa 24:14).<\/p>\n\n\n\n<h2 class=\"wp-block-heading\">Salmos 51:1-2 <\/h2>\n\n\n\n<p>Dios m\u00edo, por tu gran misericordia, \u00a1ten piedad de m\u00ed!; por tu infinita bondad, \u00a1borra mis rebeliones! L\u00e1vame m\u00e1s y m\u00e1s de mi maldad; \u00a1l\u00edmpiame de mi pecado! (Sal 51:1-2).<\/p>\n\n\n\n<h2 class=\"wp-block-heading\">Salmos 86:5<\/h2>\n\n\n\n<p>T\u00fa, Se\u00f1or, eres bondadoso y sabes perdonar; \u00a1grande es tu misericordia para los que te invocan! (Sal 86:5).<\/p>\n\n\n\n<h2 class=\"wp-block-heading\">Salmos 103:17 <\/h2>\n\n\n\n<p>Pero el Se\u00f1or es eternamente misericordioso; \u00e9l les hace justicia a quienes le honran, y tambi\u00e9n a sus hijos y descendientes (Sal 103:17).<\/p>\n\n\n\n<h2 class=\"wp-block-heading\">Proverbios 28:13 <\/h2>\n\n\n\n<p>El que encubre sus pecados no prosperar\u00e1, pero el que los confiesa y los abandona alcanzar\u00e1 misericordia (Pr 28:13).<\/p>\n\n\n\n<h2 class=\"wp-block-heading\">Lamentaciones 3:22 <\/h2>\n\n\n\n<p>Por la misericordia del Se\u00f1or no hemos sido consumidos; \u00a1nunca su misericordia se ha agotado! (Lm 3:22).<\/p>\n\n\n\n<h2 class=\"wp-block-heading\">Joel 2:13 <\/h2>\n\n\n\n<p>Desg\u00e1rrense el coraz\u00f3n, no los vestidos, y vu\u00e9lvanse al Se\u00f1or su Dios, porque \u00e9l es misericordioso y clemente, lento para la ira y grande en misericordia, y le pesa castigar (Jl 2:13).<\/p>\n\n\n\n<h2 class=\"wp-block-heading\">Miqueas 7:18 <\/h2>\n\n\n\n<p>\u00bfQu\u00e9 otro Dios hay como t\u00fa, que perdona la maldad y olvida el pecado del remanente de su pueblo? T\u00fa no guardas el enojo todo el tiempo, porque te deleitas en la misericordia (Mi 7:18).<\/p>\n\n\n\n<h2 class=\"wp-block-heading\">Mateo 5:7 <\/h2>\n\n\n\n<p>Bienaventurados los misericordiosos, porque ellos ser\u00e1n tratados con misericordia (Mt 5:7).<\/p>\n\n\n\n<h2 class=\"wp-block-heading\">Mateo 9:13 <\/h2>\n\n\n\n<p>Vayan y aprendan lo que significa \u201cMisericordia quiero, y no sacrificio\u201d. Porque no he venido a llamar a los justos al arrepentimiento, sino a los pecadores (Mt 9:13).<\/p>\n\n\n\n<h2 class=\"wp-block-heading\">Lucas 1:49-50 <\/h2>\n\n\n\n<p>Grandes cosas ha hecho en m\u00ed el Poderoso; \u00a1Santo es su nombre! La misericordia de Dios es eterna para aquellos que le temen (Lc 1:49-50).<\/p>\n\n\n\n<h2 class=\"wp-block-heading\">Lucas 6:36 <\/h2>\n\n\n\n<p>Sean misericordiosos, como tambi\u00e9n su Padre es misericordioso (Lc 6:36). <\/p>\n\n\n\n<h2 class=\"wp-block-heading\">Romanos 9:16 <\/h2>\n\n\n\n<p>Por lo tanto, no depende del que quiere ni del que corre sino de Dios quien tiene misericordia (Ro 9:16).<\/p>\n\n\n\n<h2 class=\"wp-block-heading\">Romanos 11:32 <\/h2>\n\n\n\n<p>Porque Dios encerr\u00f3 a todos bajo desobediencia para tener misericordia de todos (Ro 11:32).<\/p>\n\n\n\n<h2 class=\"wp-block-heading\">Efesios 2:4-5 <\/h2>\n\n\n\n<p>Pero Dios, cuya misericordia es abundante, por el gran amor con que nos am\u00f3, nos dio vida junto con Cristo, aun cuando est\u00e1bamos muertos en nuestros pecados (la gracia de Dios los ha salvado) (Ef 2:4-5).<\/p>\n\n\n\n<h2 class=\"wp-block-heading\">Colosenses 3:12 <\/h2>\n\n\n\n<p>Por lo tanto, como escogidos de Dios, santos y amados, rev\u00edstanse de entra\u00f1able misericordia, de benignidad, de humildad, de mansedumbre y de paciencia (Col 3:12).<\/p>\n\n\n\n<h2 class=\"wp-block-heading\">Tito 3:5 <\/h2>\n\n\n\n<p>Nos salv\u00f3, y no por obras de justicia que nosotros hubi\u00e9ramos hecho, sino por su misericordia, por el lavamiento de la regeneraci\u00f3n y por la renovaci\u00f3n en el Esp\u00edritu Santo (Tit 3:5).<\/p>\n\n\n\n<h2 class=\"wp-block-heading\">Hebreos 4:16 <\/h2>\n\n\n\n<p>Por tanto, acerqu\u00e9monos confiadamente al trono de la gracia, para alcanzar misericordia y hallar gracia para cuando necesitemos ayuda (He 4:16).<\/p>\n\n\n\n<h2 class=\"wp-block-heading\">Santiago 2:13 <\/h2>\n\n\n\n<p>Porque habr\u00e1 juicio sin misericordia contra aquel que no hace misericordia. \u00a1La misericordia se glor\u00eda triunfante sobre el juicio! (Stg 2:13).<\/p>\n\n\n\n<h2 class=\"wp-block-heading\">Santiago 3:17 <\/h2>\n\n\n\n<p>En cambio, la sabidur\u00eda que procede de lo alto es primeramente pura; luego es pac\u00edfica, tolerante, complaciente, llena de misericordia y de buenos frutos, imparcial y no hip\u00f3crita (Stg 3:17).<\/p>\n\n\n\n<h2 class=\"wp-block-heading\">1 Pedro 1:3 <\/h2>\n\n\n\n<p>Bendito sea el Dios y Padre de nuestro Se\u00f1or Jesucristo, que por su gran misericordia y mediante la resurreci\u00f3n de Jesucristo nos ha hecho nacer de nuevo a una esperanza viva (1 Pe 1:3).<\/p>\n\n\n\n<h2 class=\"wp-block-heading\">1 Pedro 2:10 <\/h2>\n\n\n\n<p>Antes, ustedes no eran un pueblo; \u00a1pero ahora son el pueblo de Dios!; antes no hab\u00edan sido compadecidos, pero ahora ya han sido compadecidos (1 Pe 2:10).<\/p>\n\n\n\n<h2 class=\"wp-block-heading\">1 Pedro 3:8 <\/h2>\n\n\n\n<p>En fin, \u00fananse todos en un mismo sentir; sean compasivos, misericordiosos y amigables; \u00e1mense fraternalmente (1 Pe 3:8).<\/p>\n\n\n\n<h2 class=\"wp-block-heading\">Judas 1:21 <\/h2>\n\n\n\n<p>Mant\u00e9nganse en el amor de Dios, mientras esperan la misericordia de nuestro Se\u00f1or Jesucristo para vida eterna (Jud 1:21).<\/p>\n\n\n\n<p> <\/p>\n\n\n\n<h2 class=\"wp-block-heading\">Lee Tambi\u00e9n:<\/h2>\n\n\n\n<ul class=\"wp-block-list\"><li><a href=\"https:\/\/thebibleverses.org\/es\/\">Vers\u00edculos por Tema<\/a><\/li><li><a href=\"https:\/\/thebibleverses.org\/es\/amor\/\">Vers\u00edculos B\u00edblicos sobre el Amor<\/a><\/li><li><a href=\"https:\/\/thebibleverses.org\/es\/fortaleza\/\">Vers\u00edculos B\u00edblicos de Fortaleza<\/a><\/li><li><a href=\"https:\/\/thebibleverses.org\/es\/fe\/\">Vers\u00edculos B\u00edblicos sobre la Fe<\/a><\/li><li><a href=\"https:\/\/thebibleverses.org\/es\/jovenes\/\">Vers\u00edculos B\u00edblicos para J\u00f3venes<\/a><\/li><li><a href=\"https:\/\/thebibleverses.org\/es\/amistad\/\">Vers\u00edculos B\u00edblicos sobre la Amistad<\/a><\/li><li><a href=\"https:\/\/thebibleverses.org\/es\/sanidad\/\">Vers\u00edculos B\u00edblicos sobre Sanidad<\/a><\/li><\/ul>\n\n\n\n<p><\/p>\n","protected":false},"excerpt":{"rendered":"<p>Deuteronomio 4:31 \u00c9l no te abandonar\u00e1 ni te destruir\u00e1, ni se olvidar\u00e1 del pacto que hizo con tus padres, porque el Se\u00f1or tu Dios es un Dios misericordioso (Dt 4:31). 2 Samuel 24:14 Entonces David le dijo a Gad: Estoy en un gran aprieto. Perm\u00edteme caer en las manos del Se\u00f1or, pues su misericordia es [&hellip;]<\/p>\n","protected":false},"author":1,"featured_media":780,"parent":0,"menu_order":0,"comment_status":"open","ping_status":"closed","template":"","meta":{"footnotes":""},"class_list":["post-293","page","type-page","status-publish","has-post-thumbnail","hentry","entry","fw-tab-6 fw-tabr-4"],"_links":{"self":[{"href":"https:\/\/thebibleverses.org\/es\/wp-json\/wp\/v2\/pages\/293","targetHints":{"allow":["GET"]}}],"collection":[{"href":"https:\/\/thebibleverses.org\/es\/wp-json\/wp\/v2\/pages"}],"about":[{"href":"https:\/\/thebibleverses.org\/es\/wp-json\/wp\/v2\/types\/page"}],"author":[{"embeddable":true,"href":"https:\/\/thebibleverses.org\/es\/wp-json\/wp\/v2\/users\/1"}],"replies":[{"embeddable":true,"href":"https:\/\/thebibleverses.org\/es\/wp-json\/wp\/v2\/comments?post=293"}],"version-history":[{"count":0,"href":"https:\/\/thebibleverses.org\/es\/wp-json\/wp\/v2\/pages\/293\/revisions"}],"wp:featuredmedia":[{"embeddable":true,"href":"https:\/\/thebibleverses.org\/es\/wp-json\/wp\/v2\/media\/780"}],"wp:attachment":[{"href":"https:\/\/thebibleverses.org\/es\/wp-json\/wp\/v2\/media?parent=293"}],"curies":[{"name":"wp","href":"https:\/\/api.w.org\/{rel}","templated":true}]}}