{"id":29,"date":"2019-01-19T04:31:49","date_gmt":"2019-01-19T04:31:49","guid":{"rendered":"https:\/\/thebibleverses.org\/es\/?page_id=29"},"modified":"2023-06-06T00:29:48","modified_gmt":"2023-06-06T00:29:48","slug":"sanidad-divina","status":"publish","type":"page","link":"https:\/\/thebibleverses.org\/es\/sanidad-divina\/","title":{"rendered":"37 Vers\u00edculos de la Biblia sobre Sanidad Divina"},"content":{"rendered":"<div class=\"wp-block-image\">\n<figure class=\"aligncenter size-large\"><img loading=\"lazy\" decoding=\"async\" width=\"1024\" height=\"631\" src=\"https:\/\/thebibleverses.org\/es\/wp-content\/uploads\/2022\/05\/Versiculos-Biblicos-sobre-Sanidad-Divina-1024x631.webp\" alt=\"Vers\u00edculos B\u00edblicos sobre Sanidad Divina\" class=\"wp-image-846\" srcset=\"https:\/\/thebibleverses.org\/es\/wp-content\/uploads\/2022\/05\/Versiculos-Biblicos-sobre-Sanidad-Divina-1024x631.webp 1024w, https:\/\/thebibleverses.org\/es\/wp-content\/uploads\/2022\/05\/Versiculos-Biblicos-sobre-Sanidad-Divina-300x185.webp 300w, https:\/\/thebibleverses.org\/es\/wp-content\/uploads\/2022\/05\/Versiculos-Biblicos-sobre-Sanidad-Divina-768x474.webp 768w, https:\/\/thebibleverses.org\/es\/wp-content\/uploads\/2022\/05\/Versiculos-Biblicos-sobre-Sanidad-Divina-320x197.webp 320w, https:\/\/thebibleverses.org\/es\/wp-content\/uploads\/2022\/05\/Versiculos-Biblicos-sobre-Sanidad-Divina-450x278.webp 450w, https:\/\/thebibleverses.org\/es\/wp-content\/uploads\/2022\/05\/Versiculos-Biblicos-sobre-Sanidad-Divina-720x444.webp 720w, https:\/\/thebibleverses.org\/es\/wp-content\/uploads\/2022\/05\/Versiculos-Biblicos-sobre-Sanidad-Divina-scaled.webp 644w\" sizes=\"auto, (max-width: 1024px) 100vw, 1024px\" \/><figcaption class=\"wp-element-caption\">Vers\u00edculos B\u00edblicos sobre Sanidad Divina &#8211; Reina Valera Contempor\u00e1nea (RVC).<\/figcaption><\/figure><\/div>\n\n\n<h2 class=\"wp-block-heading\">Vers\u00edculos B\u00edblicos de Sanidad Divina y Milagros<\/h2>\n\n\n\n<p>Descubre el poder transformador de la sanidad divina a trav\u00e9s de nuestros inspiradores vers\u00edculos b\u00edblicos.<strong> Encuentra consuelo y esperanza en las escrituras sagradas mientras exploras mensajes de curaci\u00f3n, restauraci\u00f3n y renovaci\u00f3n de la mano de Dios.<\/strong><\/p>\n\n\n\n<p>Sum\u00e9rgete en las promesas de su amor incondicional y experimenta c\u00f3mo su poder restaurador puede sanar tanto el cuerpo como el alma. <strong>Explora nuestra colecci\u00f3n de vers\u00edculos b\u00edblicos de sanidad divina y d\u00e9jate inspirar para buscar la plenitud y el bienestar que solo provienen de la mano de nuestro divino Sanador<\/strong>. \u00a1Empieza tu camino hacia la sanidad y la renovaci\u00f3n hoy mismo!<\/p>\n\n\n\n<h3 class=\"wp-block-heading\">Mateo 4:23<\/h3>\n\n\n\n<p>Jes\u00fas recorr\u00eda toda Galilea. Ense\u00f1aba en las sinagogas de ellos, predicaba el evangelio del reino, y sanaba toda enfermedad y toda dolencia en el pueblo (Mt 4:23).<\/p>\n\n\n\n<h3 class=\"wp-block-heading\">Mateo 8:2-3<\/h3>\n\n\n\n<p>Un leproso se le acerc\u00f3, se arrodill\u00f3 ante \u00e9l y le dijo: \u00abSe\u00f1or, si quieres, puedes limpiarme.\u00bb Jes\u00fas extendi\u00f3 la mano, lo toc\u00f3 y le dijo: \u00abQuiero. Ya has quedado limpio.\u00bb Y al instante su lepra desapareci\u00f3 (Mt 8:2-3).<\/p>\n\n\n\n<h3 class=\"wp-block-heading\">Mateo 8:16-17<\/h3>\n\n\n\n<p>Al caer la noche, le llevaron muchos endemoniados, y \u00e9l, con su sola palabra, expuls\u00f3 a los demonios y san\u00f3 a todos los enfermos. Esto, para que se cumpliera lo dicho por el profeta Isa\u00edas: \u00ab\u00c9l mismo tom\u00f3 nuestras enfermedades, y llev\u00f3 nuestras dolencias\u00bb (Mt 8:16-17).<\/p>\n\n\n\n<h3 class=\"wp-block-heading\">Mateo 9:35<\/h3>\n\n\n\n<p>Jes\u00fas recorr\u00eda todas las ciudades y las aldeas, y ense\u00f1aba en las sinagogas de ellos, predicaba el evangelio del reino y sanaba toda enfermedad y toda dolencia del pueblo (Mt 9:35).<\/p>\n\n\n\n<h3 class=\"wp-block-heading\">Mateo 12:13<\/h3>\n\n\n\n<p>Entonces le dijo a aquel hombre: \u00abExtiende tu mano.\u00bb El hombre la extendi\u00f3, y su mano le qued\u00f3 tan sana como la otra (Mt 12:13).<\/p>\n\n\n\n<h3 class=\"wp-block-heading\">Mateo 12:22<\/h3>\n\n\n\n<p>Un d\u00eda le llevaron un endemoniado ciego y mudo, y \u00e9l lo san\u00f3, as\u00ed que el ciego y mudo pod\u00eda ver y hablar (Mt 12:22).<\/p>\n\n\n\n<h3 class=\"wp-block-heading\">Mateo 14:35-36<\/h3>\n\n\n\n<p>Y cuando la gente de aquel lugar lo reconoci\u00f3, lo hizo saber por toda aquella tierra. Entonces le llevaron todos los enfermos y le rogaban que los dejara tocar al menos el borde de su manto. \u00a1Y todos los que lo tocaban quedaban sanos! (Mt 14:35-36).<\/p>\n\n\n\n<h3 class=\"wp-block-heading\">Mateo 15:30<\/h3>\n\n\n\n<p>Mucha gente se le acerc\u00f3. Llevaban cojos, ciegos, mudos, mancos, y muchos otros enfermos, y los pusieron a los pies de Jes\u00fas, y \u00e9l los san\u00f3 (Mt 15:30).<\/p>\n\n\n\n<h3 class=\"wp-block-heading\">Mateo 17:18<\/h3>\n\n\n\n<p>Jes\u00fas reprendi\u00f3 entonces al demonio, y \u00e9ste sali\u00f3 del muchacho, y desde aquel mismo instante el muchacho qued\u00f3 sano (Mt 17:18).<\/p>\n\n\n\n<h3 class=\"wp-block-heading\">Mateo 19:2<\/h3>\n\n\n\n<p>Grandes multitudes lo siguieron, y \u00e9l los san\u00f3 all\u00ed (Mt 19:2).<\/p>\n\n\n\n<h3 class=\"wp-block-heading\">Mateo 21:14<\/h3>\n\n\n\n<p>Mientras Jes\u00fas estaba en el templo, algunos ciegos y cojos se acercaron, y \u00e9l los san\u00f3 (Mt 21:14).<\/p>\n\n\n\n<h3 class=\"wp-block-heading\">Marcos 1:30-31<\/h3>\n\n\n\n<p>La suegra de Sim\u00f3n estaba en cama porque ten\u00eda fiebre, y enseguida le hablaron de ella. Jes\u00fas se acerc\u00f3 y, tom\u00e1ndola de la mano, la ayud\u00f3 a levantarse. Al instante la fiebre se le fue, y ella comenz\u00f3 a atenderlos (Mr 1:30-31).<\/p>\n\n\n\n<h3 class=\"wp-block-heading\">Marcos 10:51-52<\/h3>\n\n\n\n<p>Y Jes\u00fas le pregunt\u00f3: \u00ab\u00bfQu\u00e9 quieres que haga por ti?\u00bb El ciego le respondi\u00f3: \u00abMaestro, quiero recobrar la vista.\u00bb Jes\u00fas le dijo: \u00abVete, tu fe te ha salvado.\u00bb Y enseguida el ciego recobr\u00f3 la vista, y sigui\u00f3 a Jes\u00fas en el camino (Mr 10:51:52).<\/p>\n\n\n\n<h3 class=\"wp-block-heading\">Lucas 7:21<\/h3>\n\n\n\n<p>En ese mismo momento, Jes\u00fas san\u00f3 a muchos que ten\u00edan enfermedades, plagas y esp\u00edritus malignos, y a muchos ciegos les dio la vista (Lucas 7:21).<\/p>\n\n\n\n<h3 class=\"wp-block-heading\">Lucas 13:11-13<\/h3>\n\n\n\n<p>y all\u00ed estaba una mujer que hac\u00eda ya dieciocho a\u00f1os sufr\u00eda de un esp\u00edritu de enfermedad. Andaba encorvada, y de ninguna manera pod\u00eda enderezarse. Cuando Jes\u00fas la vio, la llam\u00f3 y le dijo: \u00abMujer, quedas libre de tu enfermedad.\u00bb Y en el mismo instante en que Jes\u00fas puso las manos sobre ella, la mujer se enderez\u00f3 y comenz\u00f3 a glorificar a Dios (Lc 13:11-13).<\/p>\n\n\n\n<h3 class=\"wp-block-heading\">Lucas 17:12-14<\/h3>\n\n\n\n<p>Al entrar en una aldea, le salieron al encuentro diez leprosos, los cuales se quedaron a cierta distancia de \u00e9l, y levantando la voz le dijeron: \u00ab\u00a1Jes\u00fas, Maestro, ten compasi\u00f3n de nosotros!\u00bb Cuando \u00e9l los vio, les dijo: \u00abVayan y pres\u00e9ntense ante los sacerdotes.\u00bb Y sucedi\u00f3 que, mientras ellos iban de camino, quedaron limpios (Lc 17:12-14).<\/p>\n\n\n\n<h3 class=\"wp-block-heading\">Lucas 22:49-51<\/h3>\n\n\n\n<p>Cuando los que estaban con \u00e9l se dieron cuenta de lo que pasaba, le dijeron: \u00abSe\u00f1or, \u00bfechamos mano a la espada?\u00bb Uno de ellos hiri\u00f3 a un siervo del sumo sacerdote, y le cort\u00f3 la oreja derecha. Pero Jes\u00fas les dijo: \u00ab\u00a1Basta! \u00a1D\u00e9jenlos!\u00bb Toc\u00f3 entonces la oreja de aquel hombre, y lo san\u00f3 (Lc 22:49:51).<\/p>\n\n\n\n<h3 class=\"wp-block-heading\">Juan 4:49-51<\/h3>\n\n\n\n<p>El oficial del rey le dijo: \u00abSe\u00f1or, ven a mi casa antes de que mi hijo muera.\u00bb Jes\u00fas le dijo: \u00abVuelve a tu casa, que tu hijo vive.\u00bb Y ese hombre crey\u00f3 en lo que Jes\u00fas le dijo, y se fue. Cuando volv\u00eda a su casa, sus siervos salieron a recibirlo y le dieron la noticia: \u00ab\u00a1Tu hijo vive!\u00bb (Jn 4:49:51).<\/p>\n\n\n\n<h3 class=\"wp-block-heading\">Juan 5:8-9<\/h3>\n\n\n\n<p>Jes\u00fas le dijo: \u00abLev\u00e1ntate, toma tu lecho, y vete.\u00bb Y al instante aquel hombre fue sanado, y tom\u00f3 su lecho y se fue. Pero aquel d\u00eda era d\u00eda de reposo (Jn 5:8-9).<\/p>\n\n\n\n<h3 class=\"wp-block-heading\">Juan 9:6-7<\/h3>\n\n\n\n<p>Dicho esto, escupi\u00f3 en tierra, hizo lodo con la saliva, y unt\u00f3 el lodo en los ojos del ciego; entonces le dijo: \u00abVe a lavarte en el estanque de Silo\u00e9 (que significa \u201cEnviado\u201d).\u00bb El ciego fue, se lav\u00f3, y al volver ya ve\u00eda (Jn 9:6-7).<\/p>\n\n\n\n<h3 class=\"wp-block-heading\">2 Reyes 20:5<\/h3>\n\n\n\n<p>Regresa y dile a Ezequ\u00edas, pr\u00edncipe de mi pueblo, que yo, el Se\u00f1or, Dios de su antepasado David, he dicho: \u201cHe escuchado tu oraci\u00f3n, y he visto tus l\u00e1grimas. Te voy a devolver la salud, y dentro de tres d\u00edas vas a ir a mi templo.<\/p>\n\n\n\n<h3 class=\"wp-block-heading\">Lucas 9:11<\/h3>\n\n\n\n<p>Pero la gente lo supo y lo sigui\u00f3, y \u00e9l los recibi\u00f3 y les hablaba del reino de Dios, y sanaba a los que necesitaban ser sanados.<\/p>\n\n\n\n<h3 class=\"wp-block-heading\">Marcos 5:34<\/h3>\n\n\n\n<p>Jes\u00fas le dijo: \u00abHija, por tu fe has sido sanada. Ve en paz, y queda sana de tu enfermedad.\u00bb<\/p>\n\n\n\n<h3 class=\"wp-block-heading\">Hechos 3:6<\/h3>\n\n\n\n<p>Pero Pedro le dijo: \u00abNo tengo oro ni plata, pero de lo que tengo te doy. En el nombre de Jesucristo de Nazaret, \u00a1lev\u00e1ntate y anda!\u00bb<\/p>\n\n\n\n<h3 class=\"wp-block-heading\">Hechos 9:34<\/h3>\n\n\n\n<p>Cuando Pedro lo vio, le dijo: \u00abEneas, Jesucristo te ha sanado. Lev\u00e1ntate y arr\u00e9glate.\u00bb Y Eneas se levant\u00f3 enseguida.<\/p>\n\n\n\n<h3 class=\"wp-block-heading\">Mateo 14:14<\/h3>\n\n\n\n<p>Cuando Jes\u00fas sali\u00f3 de la barca y vio a tanta gente, tuvo compasi\u00f3n de ellos y san\u00f3 a los que estaban enfermos.<\/p>\n\n\n\n<h3 class=\"wp-block-heading\">Hechos 5:16<\/h3>\n\n\n\n<p>Aun de las ciudades vecinas ven\u00edan muchos a Jerusal\u00e9n, y tra\u00edan a sus enfermos y a los atormentados por esp\u00edritus inmundos, y todos eran sanados.<\/p>\n\n\n\n<h3 class=\"wp-block-heading\">Lucas 6:19<\/h3>\n\n\n\n<p>Toda la gente procuraba tocarlo, porque de \u00e9l sal\u00eda un poder que sanaba a todos.<\/p>\n\n\n\n<h3 class=\"wp-block-heading\">Hechos 10:38<\/h3>\n\n\n\n<p>Ese mensaje dice que Dios ungi\u00f3 a Jes\u00fas de Nazaret con el Esp\u00edritu Santo y con poder, y que \u00e9l anduvo haciendo el bien y sanando a todos los que estaban oprimidos por el diablo, porque Dios estaba con \u00e9l.<\/p>\n\n\n\n<h3 class=\"wp-block-heading\">Marcos 3:10<\/h3>\n\n\n\n<p>Y es que, como hab\u00eda sanado a muchos, todos los que ten\u00edan plagas quer\u00edan tocarlo y se lanzaban sobre \u00e9l.<\/p>\n\n\n\n<h3 class=\"wp-block-heading\">Lucas 8:43-44<\/h3>\n\n\n\n<p>Una mujer, que hac\u00eda doce a\u00f1os padec\u00eda de hemorragias y hab\u00eda gastado en m\u00e9dicos todo lo que ten\u00eda, sin que ninguno hubiera podido curarla, se le acerc\u00f3 por detr\u00e1s y le toc\u00f3 el borde del manto. Al instante, su hemorragia se detuvo.<\/p>\n\n\n\n<h3 class=\"wp-block-heading\">Lucas 9:11<\/h3>\n\n\n\n<p>Pero la gente lo supo y lo sigui\u00f3, y \u00e9l los recibi\u00f3 y les hablaba del reino de Dios, y sanaba a los que necesitaban ser sanados.<\/p>\n\n\n\n<h3 class=\"wp-block-heading\">Lucas 22:51<\/h3>\n\n\n\n<p>Pero Jes\u00fas les dijo: \u00ab\u00a1Basta! \u00a1D\u00e9jenlos!\u00bb Toc\u00f3 entonces la oreja de aquel hombre, y lo san\u00f3.<\/p>\n\n\n\n<h3 class=\"wp-block-heading\">Hechos 5:15-16<\/h3>\n\n\n\n<p>Y en sus camas y lechos sacaban a los enfermos a la calle, para que al pasar Pedro por lo menos su sombra cayera sobre alguno de ellos. Aun de las ciudades vecinas ven\u00edan muchos a Jerusal\u00e9n, y tra\u00edan a sus enfermos y a los atormentados por esp\u00edritus inmundos, y todos eran sanados.<\/p>\n\n\n\n<h3 class=\"wp-block-heading\">Hechos 14:8-10<\/h3>\n\n\n\n<p>En Listra hab\u00eda un hombre lisiado de nacimiento; no pod\u00eda mover los pies ni hab\u00eda caminado jam\u00e1s. Estaba sentado, escuchando a Pablo; y cuando Pablo lo vio a los ojos, comprendi\u00f3 que ten\u00eda fe para ser sanado. Entonces Pablo levant\u00f3 la voz y le dijo: \u00abLev\u00e1ntate, y ap\u00f3yate sobre tus pies.\u00bb Y aquel hombre dio un salto y comenz\u00f3 a caminar.<\/p>\n\n\n\n<h3 class=\"wp-block-heading\">Hechos 28:8-9<\/h3>\n\n\n\n<p>Y result\u00f3 que el padre de Publio estaba enfermo. Ten\u00eda fiebre y disenter\u00eda, y estaba en cama. Pero Pablo fue a verlo y, luego de orar por \u00e9l, le impuso las manos y lo san\u00f3. Cuando se supo lo que Pablo hab\u00eda hecho, otros de la isla con distintas enfermedades vinieron a \u00e9l, y tambi\u00e9n fueron sanados.<\/p>\n\n\n\n<h3 class=\"wp-block-heading\">Mateo 20:34<\/h3>\n\n\n\n<p>Jes\u00fas se compadeci\u00f3 de ellos y les toc\u00f3 los ojos, y en ese mismo instante ellos recibieron la vista y lo siguieron.<\/p>\n\n\n\n<h2 class=\"wp-block-heading\">Lee Tambi\u00e9n:<\/h2>\n\n\n\n<ul class=\"wp-block-list\">\n<li><a href=\"https:\/\/thebibleverses.org\/es\/\">Vers\u00edculos por Tema<\/a><\/li>\n\n\n\n<li><a href=\"https:\/\/thebibleverses.org\/es\/amor\/\">Vers\u00edculos B\u00edblicos sobre el Amor<\/a><\/li>\n\n\n\n<li><a href=\"https:\/\/thebibleverses.org\/es\/fortaleza\/\">Vers\u00edculos B\u00edblicos de Fortaleza<\/a><\/li>\n\n\n\n<li><a href=\"https:\/\/thebibleverses.org\/es\/fe\/\">Vers\u00edculos B\u00edblicos sobre la Fe<\/a><\/li>\n\n\n\n<li><a href=\"https:\/\/thebibleverses.org\/es\/jovenes\/\">Vers\u00edculos B\u00edblicos para J\u00f3venes<\/a><\/li>\n\n\n\n<li><a href=\"https:\/\/thebibleverses.org\/es\/amistad\/\">Vers\u00edculos B\u00edblicos sobre la Amistad<\/a><\/li>\n\n\n\n<li><a href=\"https:\/\/thebibleverses.org\/es\/sanidad\/\">Vers\u00edculos B\u00edblicos sobre Sanidad<\/a><\/li>\n<\/ul>\n","protected":false},"excerpt":{"rendered":"<p>Vers\u00edculos B\u00edblicos de Sanidad Divina y Milagros Descubre el poder transformador de la sanidad divina a trav\u00e9s de nuestros inspiradores vers\u00edculos b\u00edblicos. Encuentra consuelo y esperanza en las escrituras sagradas mientras exploras mensajes de curaci\u00f3n, restauraci\u00f3n y renovaci\u00f3n de la mano de Dios. Sum\u00e9rgete en las promesas de su amor incondicional y experimenta c\u00f3mo su [&hellip;]<\/p>\n","protected":false},"author":1,"featured_media":846,"parent":0,"menu_order":0,"comment_status":"open","ping_status":"closed","template":"","meta":{"footnotes":""},"class_list":["post-29","page","type-page","status-publish","has-post-thumbnail","hentry","entry","fw-tab-6 fw-tabr-4"],"_links":{"self":[{"href":"https:\/\/thebibleverses.org\/es\/wp-json\/wp\/v2\/pages\/29","targetHints":{"allow":["GET"]}}],"collection":[{"href":"https:\/\/thebibleverses.org\/es\/wp-json\/wp\/v2\/pages"}],"about":[{"href":"https:\/\/thebibleverses.org\/es\/wp-json\/wp\/v2\/types\/page"}],"author":[{"embeddable":true,"href":"https:\/\/thebibleverses.org\/es\/wp-json\/wp\/v2\/users\/1"}],"replies":[{"embeddable":true,"href":"https:\/\/thebibleverses.org\/es\/wp-json\/wp\/v2\/comments?post=29"}],"version-history":[{"count":0,"href":"https:\/\/thebibleverses.org\/es\/wp-json\/wp\/v2\/pages\/29\/revisions"}],"wp:featuredmedia":[{"embeddable":true,"href":"https:\/\/thebibleverses.org\/es\/wp-json\/wp\/v2\/media\/846"}],"wp:attachment":[{"href":"https:\/\/thebibleverses.org\/es\/wp-json\/wp\/v2\/media?parent=29"}],"curies":[{"name":"wp","href":"https:\/\/api.w.org\/{rel}","templated":true}]}}