{"id":289,"date":"2019-06-12T22:56:45","date_gmt":"2019-06-12T22:56:45","guid":{"rendered":"https:\/\/thebibleverses.org\/es\/?page_id=289"},"modified":"2022-05-13T21:36:29","modified_gmt":"2022-05-13T21:36:29","slug":"arrepentimiento","status":"publish","type":"page","link":"https:\/\/thebibleverses.org\/es\/arrepentimiento\/","title":{"rendered":"25 Vers\u00edculos de la Biblia sobre el Arrepentimiento"},"content":{"rendered":"\n<div class=\"wp-block-image\"><figure class=\"aligncenter size-large\"><img loading=\"lazy\" decoding=\"async\" width=\"1024\" height=\"631\" src=\"https:\/\/thebibleverses.org\/es\/wp-content\/uploads\/2022\/05\/Versiculos-Biblicos-de-Arrepentimiento-1024x631.webp\" alt=\"Vers\u00edculos B\u00edblicos sobre el Arrepentimiento \" class=\"wp-image-716\" srcset=\"https:\/\/thebibleverses.org\/es\/wp-content\/uploads\/2022\/05\/Versiculos-Biblicos-de-Arrepentimiento-1024x631.webp 1024w, https:\/\/thebibleverses.org\/es\/wp-content\/uploads\/2022\/05\/Versiculos-Biblicos-de-Arrepentimiento-300x185.webp 300w, https:\/\/thebibleverses.org\/es\/wp-content\/uploads\/2022\/05\/Versiculos-Biblicos-de-Arrepentimiento-768x474.webp 768w, https:\/\/thebibleverses.org\/es\/wp-content\/uploads\/2022\/05\/Versiculos-Biblicos-de-Arrepentimiento-320x197.webp 320w, https:\/\/thebibleverses.org\/es\/wp-content\/uploads\/2022\/05\/Versiculos-Biblicos-de-Arrepentimiento-450x278.webp 450w, https:\/\/thebibleverses.org\/es\/wp-content\/uploads\/2022\/05\/Versiculos-Biblicos-de-Arrepentimiento-720x444.webp 720w, https:\/\/thebibleverses.org\/es\/wp-content\/uploads\/2022\/05\/Versiculos-Biblicos-de-Arrepentimiento-scaled.webp 644w\" sizes=\"auto, (max-width: 1024px) 100vw, 1024px\" \/><figcaption>Vers\u00edculos B\u00edblicos sobre el Arrepentimiento &#8211; Reina Valera Contempor\u00e1nea (RVC).<\/figcaption><\/figure><\/div>\n\n\n\n<h2 class=\"wp-block-heading\">2 Reyes 17:13<\/h2>\n\n\n\n<p>El Se\u00f1or amonest\u00f3 a Israel y a Jud\u00e1 por medio de todos los profetas y de todos los videntes. Les dijo: Ap\u00e1rtense de sus malos caminos. Obedezcan mis mandamientos y mis ordenanzas, y sigan todas las leyes que yo prescrib\u00ed a sus antepasados, y que les he dado a conocer por medio de mis siervos los profetas (2 Re 17:13).<\/p>\n\n\n\n<h2 class=\"wp-block-heading\">2 Cr\u00f3nicas 7:14<\/h2>\n\n\n\n<p>Si mi pueblo, sobre el cual se invoca mi nombre, se humilla y ora, y busca mi rostro, y se aparta de sus malos caminos, yo lo escuchar\u00e9 desde los cielos, perdonar\u00e9 sus pecados y sanar\u00e9 su tierra (2 Cr 7:14).<\/p>\n\n\n\n<h2 class=\"wp-block-heading\">2 Cr\u00f3nicas 6:37-39<\/h2>\n\n\n\n<p>Si en la tierra a la que fueron llevados cautivos ellos recapacitan y se vuelven a ti, y si en el pa\u00eds de su cautividad oran a ti y dicen: \u201cHemos pecado; hemos actuado de manera inicua e imp\u00eda\u201d; si all\u00ed en el pa\u00eds adonde los llevaron cautivos se vuelven a ti con todo su coraz\u00f3n y con toda su alma, y oran hacia la tierra que les diste a sus padres, hacia la ciudad que t\u00fa elegiste, y hacia el templo que he edificado a tu nombre, d\u00edgnate escuchar desde los cielos, desde el lugar donde vives, su oraci\u00f3n y su ruego; defiende su causa y perdona a tu pueblo cuando peque contra ti (2 Cr 6:37-39).<\/p>\n\n\n\n<h2 class=\"wp-block-heading\">2 Cr\u00f3nicas 30:9<\/h2>\n\n\n\n<p>Si ustedes se vuelven al Se\u00f1or, sus hermanos y sus hijos ser\u00e1n tratados con misericordia por quienes ahora los tienen cautivos, y volver\u00e1n a esta tierra, porque el Se\u00f1or su Dios es clemente y misericordioso, y no les volver\u00e1 la espalda si ustedes se vuelven a \u00e9l (2 Cr 30:9).<\/p>\n\n\n\n<h2 class=\"wp-block-heading\">Nehem\u00edas 1:8-9<\/h2>\n\n\n\n<p>Recuerda que ya le hab\u00edas advertido a Mois\u00e9s, que si nosotros lleg\u00e1ramos a pecar, t\u00fa nos dispersar\u00edas entre las naciones, pero que si nos arrepent\u00edamos y te busc\u00e1bamos y cumpl\u00edamos tus mandamientos, y los pon\u00edamos por obra, t\u00fa nos har\u00edas volver y nos llevar\u00edas a la tierra que elegiste como residencia de tu nombre, aun cuando nos hubieras dispersado hasta los confines de los cielos (Neh 1:8-9).<\/p>\n\n\n\n<h2 class=\"wp-block-heading\">Proverbios 28:13 <\/h2>\n\n\n\n<p>El que encubre sus pecados no prospera; el que los confiesa y se aparta de ellos alcanza la misericordia divina (Pr 28:13).<\/p>\n\n\n\n<h2 class=\"wp-block-heading\">Isa\u00edas 55:7<\/h2>\n\n\n\n<p>\u00a1Que dejen los imp\u00edos su camino, y los malvados sus malos pensamientos! \u00a1Que se vuelvan al Se\u00f1or, nuestro Dios, y \u00e9l tendr\u00e1 misericordia de ellos, pues \u00e9l sabe perdonar con generosidad (Is 55:7).<\/p>\n\n\n\n<h2 class=\"wp-block-heading\">Jerem\u00edas 3:12<\/h2>\n\n\n\n<p>Ve y proclama estas palabras hacia el norte. Dir\u00e1s: \u2018Vuelve, oh ap\u00f3stata Israel, dice el Se\u00f1or. No har\u00e9 caer mi ira sobre ustedes, porque soy misericordioso, dice el Se\u00f1or. No guardar\u00e9 enojo para siempre (Jr 3:12).<\/p>\n\n\n\n<h2 class=\"wp-block-heading\">Ezequiel 18:21<\/h2>\n\n\n\n<p>Pero si el imp\u00edo se aparta de todos sus pecados que cometi\u00f3, guarda todos mis estatutos y practica el derecho y la justicia, ciertamente vivir\u00e1; no morir\u00e1 (Ez 18:21).<\/p>\n\n\n\n<h2 class=\"wp-block-heading\">Ezequiel 18:31<\/h2>\n\n\n\n<p>Pueblo de Israel, \u00bfpor qu\u00e9 tienen que morir? Ap\u00e1rtense de todas las transgresiones que han cometido, y forjen en ustedes un coraz\u00f3n y un esp\u00edritu nuevos (Ez 18:31).<\/p>\n\n\n\n<h2 class=\"wp-block-heading\">Oseas 14:2<\/h2>\n\n\n\n<p>Tomen con ustedes estas palabras y vuelvan al SE\u00d1OR. D\u00edganle: \u201cQuita toda la iniquidad y ac\u00e9ptanos con benevolencia; te ofrecemos el fruto de nuestros labios<\/p>\n\n\n\n<h2 class=\"wp-block-heading\">Joel 2:12<\/h2>\n\n\n\n<p>Por eso, vu\u00e9lvanse ya al Se\u00f1or de todo coraz\u00f3n, y con ayuno, l\u00e1grimas y lamentos (Jl 2:12).<\/p>\n\n\n\n<h2 class=\"wp-block-heading\">Zacar\u00edas 1:3<\/h2>\n\n\n\n<p>As\u00ed que dile al pueblo: \u201cAs\u00ed ha dicho el Se\u00f1or de los ej\u00e9rcitos: Vu\u00e9lvanse a m\u00ed, y yo me volver\u00e9 a ustedes (Zac 1:3).<\/p>\n\n\n\n<h2 class=\"wp-block-heading\">Mateo 3:1-2<\/h2>\n\n\n\n<p>En aquellos d\u00edas Juan el Bautista se present\u00f3 predicando en el desierto de Judea, y dec\u00eda: Arrepi\u00e9ntanse, porque el reino de los cielos se ha acercado (Mt 3:1-2).<\/p>\n\n\n\n<h2 class=\"wp-block-heading\">Mateo 3:8 <\/h2>\n\n\n\n<p>Produzcan frutos dignos de arrepentimiento (Mt 3:8).<\/p>\n\n\n\n<h2 class=\"wp-block-heading\">Mateo 4:17 <\/h2>\n\n\n\n<p>Desde entonces Jes\u00fas comenz\u00f3 a predicar, y dec\u00eda: Arrepi\u00e9ntanse, porque el reino de los cielos se ha acercado (Mt 4:17).<\/p>\n\n\n\n<h2 class=\"wp-block-heading\">Lucas 5:32 <\/h2>\n\n\n\n<p>No he venido a llamar a justos sino a pecadores al arrepentimiento (Lc 5:32).<\/p>\n\n\n\n<h2 class=\"wp-block-heading\">Lucas 13:2-3<\/h2>\n\n\n\n<p>Jes\u00fas les dijo: \u00bfY creen ustedes que esos galileos eran m\u00e1s pecadores que el resto de los galileos, s\u00f3lo porque padecieron as\u00ed? \u00a1Pues yo les digo que no! Y si ustedes no se arrepienten, tambi\u00e9n morir\u00e1n como ellos (Lc 13:2-3).<\/p>\n\n\n\n<h2 class=\"wp-block-heading\">Lucas 15:10 <\/h2>\n\n\n\n<p>Les digo que, del mismo modo, hay gozo delante de los \u00e1ngeles de Dios por un pecador que se arrepiente (Lc 15:10).<\/p>\n\n\n\n<h2 class=\"wp-block-heading\">Hechos 2:38 <\/h2>\n\n\n\n<p>Y Pedro les dijo: Arrepi\u00e9ntanse, y baut\u00edcense todos ustedes en el nombre de Jesucristo, para que sus pecados les sean perdonados. Entonces recibir\u00e1n el don del Esp\u00edritu Santo (Hch 2:38).<\/p>\n\n\n\n<h2 class=\"wp-block-heading\">Hechos 3:19<\/h2>\n\n\n\n<p>Por lo tanto, arrepi\u00e9ntanse y vu\u00e9lvanse a Dios, para que sus pecados les sean perdonados (Hch 3:19).<\/p>\n\n\n\n<h2 class=\"wp-block-heading\">Hechos 17:30<\/h2>\n\n\n\n<p>Dios, que ha pasado por alto esos tiempos de ignorancia, ahora quiere que todos, en todas partes, se arrepientan (Hch 17:30).<\/p>\n\n\n\n<h2 class=\"wp-block-heading\">2 Pedro 3:9 <\/h2>\n\n\n\n<p>El Se\u00f1or no tarda su promesa, como algunos la tienen por tardanza; m\u00e1s bien, es paciente para con ustedes porque no quiere que nadie se pierda sino que todos procedan al arrepentimiento (2 Pe 3:9).<\/p>\n\n\n\n<h2 class=\"wp-block-heading\">1 Juan 1:9<\/h2>\n\n\n\n<p>Si confesamos nuestros pecados, \u00e9l es fiel y justo para perdonar nuestros pecados y limpiarnos de toda maldad (1 Jn 1:9).<\/p>\n\n\n\n<h2 class=\"wp-block-heading\">Apocalipsis 3:19 <\/h2>\n\n\n\n<p>A todos los que amo, yo los reprendo y los castigo; as\u00ed que muestra tu fervor y arrepi\u00e9ntete (Ap 3:19).<\/p>\n\n\n\n<h2 class=\"wp-block-heading\">Lee Tambi\u00e9n:<\/h2>\n\n\n\n<ul class=\"wp-block-list\"><li><a href=\"https:\/\/thebibleverses.org\/es\/\">Vers\u00edculos por Tema<\/a><\/li><li><a href=\"https:\/\/thebibleverses.org\/es\/amor\/\">Vers\u00edculos B\u00edblicos sobre el Amor<\/a><\/li><li><a href=\"https:\/\/thebibleverses.org\/es\/fortaleza\/\">Vers\u00edculos B\u00edblicos de Fortaleza<\/a><\/li><li><a href=\"https:\/\/thebibleverses.org\/es\/fe\/\">Vers\u00edculos B\u00edblicos sobre la Fe<\/a><\/li><li><a href=\"https:\/\/thebibleverses.org\/es\/jovenes\/\">Vers\u00edculos B\u00edblicos para J\u00f3venes<\/a><\/li><li><a href=\"https:\/\/thebibleverses.org\/es\/amistad\/\">Vers\u00edculos B\u00edblicos sobre la Amistad<\/a><\/li><li><a href=\"https:\/\/thebibleverses.org\/es\/sanidad\/\">Vers\u00edculos B\u00edblicos sobre Sanidad<\/a><\/li><\/ul>\n","protected":false},"excerpt":{"rendered":"<p>2 Reyes 17:13 El Se\u00f1or amonest\u00f3 a Israel y a Jud\u00e1 por medio de todos los profetas y de todos los videntes. Les dijo: Ap\u00e1rtense de sus malos caminos. Obedezcan mis mandamientos y mis ordenanzas, y sigan todas las leyes que yo prescrib\u00ed a sus antepasados, y que les he dado a conocer por medio [&hellip;]<\/p>\n","protected":false},"author":1,"featured_media":716,"parent":0,"menu_order":0,"comment_status":"open","ping_status":"closed","template":"","meta":{"footnotes":""},"class_list":["post-289","page","type-page","status-publish","has-post-thumbnail","hentry","entry","fw-tab-6 fw-tabr-4"],"_links":{"self":[{"href":"https:\/\/thebibleverses.org\/es\/wp-json\/wp\/v2\/pages\/289","targetHints":{"allow":["GET"]}}],"collection":[{"href":"https:\/\/thebibleverses.org\/es\/wp-json\/wp\/v2\/pages"}],"about":[{"href":"https:\/\/thebibleverses.org\/es\/wp-json\/wp\/v2\/types\/page"}],"author":[{"embeddable":true,"href":"https:\/\/thebibleverses.org\/es\/wp-json\/wp\/v2\/users\/1"}],"replies":[{"embeddable":true,"href":"https:\/\/thebibleverses.org\/es\/wp-json\/wp\/v2\/comments?post=289"}],"version-history":[{"count":0,"href":"https:\/\/thebibleverses.org\/es\/wp-json\/wp\/v2\/pages\/289\/revisions"}],"wp:featuredmedia":[{"embeddable":true,"href":"https:\/\/thebibleverses.org\/es\/wp-json\/wp\/v2\/media\/716"}],"wp:attachment":[{"href":"https:\/\/thebibleverses.org\/es\/wp-json\/wp\/v2\/media?parent=289"}],"curies":[{"name":"wp","href":"https:\/\/api.w.org\/{rel}","templated":true}]}}