{"id":27,"date":"2019-01-19T04:29:12","date_gmt":"2019-01-19T04:29:12","guid":{"rendered":"https:\/\/thebibleverses.org\/es\/?page_id=27"},"modified":"2022-05-13T21:41:30","modified_gmt":"2022-05-13T21:41:30","slug":"bautismo","status":"publish","type":"page","link":"https:\/\/thebibleverses.org\/es\/bautismo\/","title":{"rendered":"20 Vers\u00edculos de la Biblia sobre el Bautismo"},"content":{"rendered":"\n<div class=\"wp-block-image\"><figure class=\"aligncenter size-large\"><img loading=\"lazy\" decoding=\"async\" width=\"1024\" height=\"631\" src=\"https:\/\/thebibleverses.org\/es\/wp-content\/uploads\/2022\/05\/Versiculos-Biblicos-sobre-el-Bautismo-1024x631.webp\" alt=\"Vers\u00edculos B\u00edblicos sobre el Bautismo\" class=\"wp-image-721\" srcset=\"https:\/\/thebibleverses.org\/es\/wp-content\/uploads\/2022\/05\/Versiculos-Biblicos-sobre-el-Bautismo-1024x631.webp 1024w, https:\/\/thebibleverses.org\/es\/wp-content\/uploads\/2022\/05\/Versiculos-Biblicos-sobre-el-Bautismo-300x185.webp 300w, https:\/\/thebibleverses.org\/es\/wp-content\/uploads\/2022\/05\/Versiculos-Biblicos-sobre-el-Bautismo-768x474.webp 768w, https:\/\/thebibleverses.org\/es\/wp-content\/uploads\/2022\/05\/Versiculos-Biblicos-sobre-el-Bautismo-320x197.webp 320w, https:\/\/thebibleverses.org\/es\/wp-content\/uploads\/2022\/05\/Versiculos-Biblicos-sobre-el-Bautismo-450x278.webp 450w, https:\/\/thebibleverses.org\/es\/wp-content\/uploads\/2022\/05\/Versiculos-Biblicos-sobre-el-Bautismo-720x444.webp 720w, https:\/\/thebibleverses.org\/es\/wp-content\/uploads\/2022\/05\/Versiculos-Biblicos-sobre-el-Bautismo-scaled.webp 644w\" sizes=\"auto, (max-width: 1024px) 100vw, 1024px\" \/><figcaption>Vers\u00edculos B\u00edblicos sobre el Bautismo &#8211; Reina Valera Contempor\u00e1nea (RVC).<\/figcaption><\/figure><\/div>\n\n\n\n<h2 class=\"wp-block-heading\">Mateo 28:19 <\/h2>\n\n\n\n<p>Por tanto, vayan y hagan disc\u00edpulos en todas las naciones, y baut\u00edcenlos en el nombre del Padre, y del Hijo, y del Esp\u00edritu Santo (Mt 28:19).<\/p>\n\n\n\n<h2 class=\"wp-block-heading\">Marcos 1:4 <\/h2>\n\n\n\n<p>Juan se present\u00f3 en el desierto, y bautizaba y proclamaba el bautismo de arrepentimiento para el perd\u00f3n de pecados (Mr 1:4).<\/p>\n\n\n\n<h2 class=\"wp-block-heading\">Marcos 16:16 <\/h2>\n\n\n\n<p>El que crea y sea bautizado, se salvar\u00e1; pero el que no crea, ser\u00e1 condenado (Mr 16:16).<\/p>\n\n\n\n<h2 class=\"wp-block-heading\">Juan 3:5 <\/h2>\n\n\n\n<p>Jes\u00fas le respondi\u00f3: De cierto, de cierto te digo, que el que no nace de agua y del Esp\u00edritu, no puede entrar en el reino de Dios (Jn 3:5).<\/p>\n\n\n\n<h2 class=\"wp-block-heading\">Hechos 2:38 <\/h2>\n\n\n\n<p>Y Pedro les dijo: Arrepi\u00e9ntanse, y baut\u00edcense todos ustedes en el nombre de Jesucristo, para que sus pecados les sean perdonados. Entonces recibir\u00e1n el don del Esp\u00edritu Santo (Hch 2:38).<\/p>\n\n\n\n<h2 class=\"wp-block-heading\">Romanos 6:3-4 <\/h2>\n\n\n\n<p>\u00bfNo saben ustedes que todos los que fuimos bautizados en Cristo Jes\u00fas, fuimos bautizados en su muerte? Porque por el bautismo fuimos sepultados con \u00e9l en su muerte, para que as\u00ed como Cristo resucit\u00f3 de los muertos por la gloria del Padre, as\u00ed tambi\u00e9n nosotros vivamos una vida nueva (Ro 6:3-4).<\/p>\n\n\n\n<h2 class=\"wp-block-heading\">1 Corintios 12:13 <\/h2>\n\n\n\n<p>Por un solo Esp\u00edritu todos fuimos bautizados en un solo cuerpo, tanto los jud\u00edos como los no jud\u00edos, lo mismo los esclavos que los libres, y a todos se nos dio a beber de un mismo Esp\u00edritu (1 Co 12:13).<\/p>\n\n\n\n<h2 class=\"wp-block-heading\">G\u00e1latas 3:27 <\/h2>\n\n\n\n<p>Porque todos ustedes, los que han sido bautizados en Cristo, est\u00e1n revestidos de Cristo (Ga 3:27).<\/p>\n\n\n\n<h2 class=\"wp-block-heading\">Colosenses 2:12 <\/h2>\n\n\n\n<p>Cuando ustedes fueron bautizados, fueron tambi\u00e9n sepultados con \u00e9l, pero al mismo tiempo resucitaron con \u00e9l, por la fe en el poder de Dios, que lo levant\u00f3 de los muertos (Co 2:12).<\/p>\n\n\n\n<h2 class=\"wp-block-heading\">1 Pedro 3:21 <\/h2>\n\n\n\n<p>Todo esto es s\u00edmbolo del bautismo (el cual no consiste en lavar las impurezas del cuerpo sino en el compromiso ante Dios de tener una buena conciencia) que ahora nos salva por la resurrecci\u00f3n de Jesucristo (1 Pe 3:21).<\/p>\n\n\n\n<h2 class=\"wp-block-heading\">Mateo 3:1-2 <\/h2>\n\n\n\n<p>En aquellos d\u00edas Juan el Bautista se present\u00f3 predicando en el desierto de Judea, y dec\u00eda: Arrepi\u00e9ntanse, porque el reino de los cielos se ha acercado (Mt 3:1-2).<\/p>\n\n\n\n<h2 class=\"wp-block-heading\">Mateo 3:11 <\/h2>\n\n\n\n<p>A decir verdad, yo los bautizo en agua en se\u00f1al de arrepentimiento, pero el que viene despu\u00e9s de m\u00ed, de quien no soy digno de llevar su calzado, es m\u00e1s poderoso que yo. \u00c9l los bautizar\u00e1 en Esp\u00edritu Santo y fuego (Mt 3:11).<\/p>\n\n\n\n<h2 class=\"wp-block-heading\">Marcos 1:8 <\/h2>\n\n\n\n<p>A ustedes yo los he bautizado con agua, pero \u00e9l los bautizar\u00e1 con el Esp\u00edritu Santo (Mr 1:8).<\/p>\n\n\n\n<h2 class=\"wp-block-heading\">Marcos 1:9-10 <\/h2>\n\n\n\n<p>Por esos d\u00edas lleg\u00f3 Jes\u00fas desde Nazaret de Galilea, y fue bautizado por Juan en el Jord\u00e1n. En cuanto Jes\u00fas sali\u00f3 del agua, vio que los cielos se abr\u00edan y que el Esp\u00edritu descend\u00eda sobre \u00e9l como una paloma (Mr 1:9-10).<\/p>\n\n\n\n<h2 class=\"wp-block-heading\">Lucas 3:3 <\/h2>\n\n\n\n<p>Juan fue entonces por toda la regi\u00f3n cercana al Jord\u00e1n, y predicaba el bautismo de arrepentimiento para el perd\u00f3n de pecados (Lc 3:3).<\/p>\n\n\n\n<h2 class=\"wp-block-heading\">Lucas 3:7-8 <\/h2>\n\n\n\n<p>A las multitudes que acud\u00edan para ser bautizadas, Juan les dec\u00eda: \u00a1Generaci\u00f3n de v\u00edboras! \u00bfQui\u00e9n les ense\u00f1\u00f3 a huir de la ira venidera? Produzcan frutos dignos de arrepentimiento, y no comiencen a decirse: \u201cTenemos a Abrah\u00e1n por padre\u201d, porque yo les digo que aun de estas piedras Dios puede levantar hijos a Abrah\u00e1n (Lc 3:7-8).<\/p>\n\n\n\n<h2 class=\"wp-block-heading\">Lucas 3:21 <\/h2>\n\n\n\n<p>Aconteci\u00f3 que cuando todo el pueblo se bautizaba, tambi\u00e9n Jes\u00fas fue bautizado; y orando, el cielo se abri\u00f3 (Lc 3:21).<\/p>\n\n\n\n<h2 class=\"wp-block-heading\">Hechos 19:4 <\/h2>\n\n\n\n<p>Pablo les dijo: El bautismo de Juan ense\u00f1aba el arrepentimiento. Le dec\u00eda al pueblo que ten\u00eda que creer en el que vendr\u00eda despu\u00e9s de \u00e9l, es decir, en Jes\u00fas (Hch 19:4).<\/p>\n\n\n\n<h2 class=\"wp-block-heading\">Hechos 22:16 <\/h2>\n\n\n\n<p>\u00bfQu\u00e9 esperas, entonces? \u00a1Lev\u00e1ntate y baut\u00edzate, e invoca su nombre, para que quedes limpio de tus pecados! (Hch 22:16).<\/p>\n\n\n\n<h2 class=\"wp-block-heading\">Efesios 4:5 <\/h2>\n\n\n\n<p>Un Se\u00f1or, una fe, un bautismo (Ef 4:5).<\/p>\n\n\n\n<h2 class=\"wp-block-heading\">Lee Tambi\u00e9n:<\/h2>\n\n\n\n<ul class=\"wp-block-list\"><li><a href=\"https:\/\/thebibleverses.org\/es\/\">Vers\u00edculos por Tema<\/a><\/li><li><a href=\"https:\/\/thebibleverses.org\/es\/amor\/\">Vers\u00edculos B\u00edblicos sobre el Amor<\/a><\/li><li><a href=\"https:\/\/thebibleverses.org\/es\/fortaleza\/\">Vers\u00edculos B\u00edblicos de Fortaleza<\/a><\/li><li><a href=\"https:\/\/thebibleverses.org\/es\/fe\/\">Vers\u00edculos B\u00edblicos sobre la Fe<\/a><\/li><li><a href=\"https:\/\/thebibleverses.org\/es\/jovenes\/\">Vers\u00edculos B\u00edblicos para J\u00f3venes<\/a><\/li><li><a href=\"https:\/\/thebibleverses.org\/es\/amistad\/\">Vers\u00edculos B\u00edblicos sobre la Amistad<\/a><\/li><li><a href=\"https:\/\/thebibleverses.org\/es\/sanidad\/\">Vers\u00edculos B\u00edblicos sobre Sanidad<\/a><\/li><\/ul>\n","protected":false},"excerpt":{"rendered":"<p>Mateo 28:19 Por tanto, vayan y hagan disc\u00edpulos en todas las naciones, y baut\u00edcenlos en el nombre del Padre, y del Hijo, y del Esp\u00edritu Santo (Mt 28:19). Marcos 1:4 Juan se present\u00f3 en el desierto, y bautizaba y proclamaba el bautismo de arrepentimiento para el perd\u00f3n de pecados (Mr 1:4). Marcos 16:16 El que [&hellip;]<\/p>\n","protected":false},"author":1,"featured_media":721,"parent":0,"menu_order":0,"comment_status":"open","ping_status":"closed","template":"","meta":{"footnotes":""},"class_list":["post-27","page","type-page","status-publish","has-post-thumbnail","hentry","entry","fw-tab-6 fw-tabr-4"],"_links":{"self":[{"href":"https:\/\/thebibleverses.org\/es\/wp-json\/wp\/v2\/pages\/27","targetHints":{"allow":["GET"]}}],"collection":[{"href":"https:\/\/thebibleverses.org\/es\/wp-json\/wp\/v2\/pages"}],"about":[{"href":"https:\/\/thebibleverses.org\/es\/wp-json\/wp\/v2\/types\/page"}],"author":[{"embeddable":true,"href":"https:\/\/thebibleverses.org\/es\/wp-json\/wp\/v2\/users\/1"}],"replies":[{"embeddable":true,"href":"https:\/\/thebibleverses.org\/es\/wp-json\/wp\/v2\/comments?post=27"}],"version-history":[{"count":0,"href":"https:\/\/thebibleverses.org\/es\/wp-json\/wp\/v2\/pages\/27\/revisions"}],"wp:featuredmedia":[{"embeddable":true,"href":"https:\/\/thebibleverses.org\/es\/wp-json\/wp\/v2\/media\/721"}],"wp:attachment":[{"href":"https:\/\/thebibleverses.org\/es\/wp-json\/wp\/v2\/media?parent=27"}],"curies":[{"name":"wp","href":"https:\/\/api.w.org\/{rel}","templated":true}]}}