{"id":235,"date":"2019-05-24T00:22:47","date_gmt":"2019-05-24T00:22:47","guid":{"rendered":"https:\/\/thebibleverses.org\/es\/?page_id=235"},"modified":"2022-05-17T01:58:21","modified_gmt":"2022-05-17T01:58:21","slug":"santidad","status":"publish","type":"page","link":"https:\/\/thebibleverses.org\/es\/santidad\/","title":{"rendered":"25 Vers\u00edculos de la Biblia sobre la Santidad"},"content":{"rendered":"\n<div class=\"wp-block-image\"><figure class=\"aligncenter size-large\"><img loading=\"lazy\" decoding=\"async\" width=\"1024\" height=\"631\" src=\"https:\/\/thebibleverses.org\/es\/wp-content\/uploads\/2022\/05\/Versiculos-Biblicos-sobre-Santidad-1024x631.webp\" alt=\"Vers\u00edculos B\u00edblicos sobre la Santidad\" class=\"wp-image-848\" srcset=\"https:\/\/thebibleverses.org\/es\/wp-content\/uploads\/2022\/05\/Versiculos-Biblicos-sobre-Santidad-1024x631.webp 1024w, https:\/\/thebibleverses.org\/es\/wp-content\/uploads\/2022\/05\/Versiculos-Biblicos-sobre-Santidad-300x185.webp 300w, https:\/\/thebibleverses.org\/es\/wp-content\/uploads\/2022\/05\/Versiculos-Biblicos-sobre-Santidad-768x474.webp 768w, https:\/\/thebibleverses.org\/es\/wp-content\/uploads\/2022\/05\/Versiculos-Biblicos-sobre-Santidad-320x197.webp 320w, https:\/\/thebibleverses.org\/es\/wp-content\/uploads\/2022\/05\/Versiculos-Biblicos-sobre-Santidad-450x278.webp 450w, https:\/\/thebibleverses.org\/es\/wp-content\/uploads\/2022\/05\/Versiculos-Biblicos-sobre-Santidad-720x444.webp 720w, https:\/\/thebibleverses.org\/es\/wp-content\/uploads\/2022\/05\/Versiculos-Biblicos-sobre-Santidad-scaled.webp 644w\" sizes=\"auto, (max-width: 1024px) 100vw, 1024px\" \/><figcaption>Vers\u00edculos B\u00edblicos sobre la Santidad &#8211; Reina Valera Contempor\u00e1nea (RVC).<\/figcaption><\/figure><\/div>\n\n\n\n<h2 class=\"wp-block-heading\">G\u00e9nesis 17:1 <\/h2>\n\n\n\n<p>Yo soy el Dios Todopoderoso. Anda siempre delante de m\u00ed y s\u00e9 perfecto (Ge 17:1).<\/p>\n\n\n\n<h2 class=\"wp-block-heading\">Lev\u00edtico 11:44 <\/h2>\n\n\n\n<p>Yo soy el Se\u00f1or su Dios. Por lo tanto, ustedes se santificar\u00e1n, y ser\u00e1n santos, porque yo soy santo. As\u00ed que no se contaminen con ninguno de los animales que se arrastran por la tierra (Lv 11:44).<\/p>\n\n\n\n<h2 class=\"wp-block-heading\">1 Samuel 2:2 <\/h2>\n\n\n\n<p>Nadie es santo como t\u00fa, Se\u00f1or. Fuera de ti, no hay nadie m\u00e1s. No hay mejor refugio que t\u00fa, Dios nuestro (1 Sa 2:2).<\/p>\n\n\n\n<h2 class=\"wp-block-heading\">Salmos 51:10 <\/h2>\n\n\n\n<p>Dios m\u00edo, \u00a1crea en m\u00ed un coraz\u00f3n limpio! \u00a1Renueva en m\u00ed un esp\u00edritu de rectitud! (Sal 51:10).<\/p>\n\n\n\n<h2 class=\"wp-block-heading\">Salmos 119:9 <\/h2>\n\n\n\n<p>\u00bfC\u00f3mo puede el joven limpiar su camino? \u00a1Obedeciendo tu palabra! (Salmos 119:9).<\/p>\n\n\n\n<h2 class=\"wp-block-heading\">Isa\u00edas 1:16 <\/h2>\n\n\n\n<p>\u00a1L\u00e1vense! \u00a1L\u00edmpiense! \u00a1Aparten de mi vista sus malas acciones! \u00a1Dejen de hacer lo malo (Is 1:16).<\/p>\n\n\n\n<h2 class=\"wp-block-heading\">Isa\u00edas 35:8 <\/h2>\n\n\n\n<p>All\u00ed habr\u00e1 un camino empedrado, que ser\u00e1 llamado \u00abCamino de Santidad\u00bb. No pasar\u00e1 por all\u00ed nada impuro, porque Dios mismo estar\u00e1 con ellos. Si alguien pasa por este camino, no se extraviar\u00e1, por m\u00e1s torpe que sea (Is 35:8).<\/p>\n\n\n\n<h2 class=\"wp-block-heading\">Isa\u00edas 57:15 <\/h2>\n\n\n\n<p>Porque as\u00ed ha dicho el Alto y Sublime, el que habita la eternidad, y cuyo nombre es santo: \u201cYo habito en las alturas, en santidad, pero tambi\u00e9n doy vida a los de esp\u00edritu humilde y quebrantado, y a los quebrantados de coraz\u00f3n\u201d (Is 57:15).<\/p>\n\n\n\n<h2 class=\"wp-block-heading\">Mateo 5:8 <\/h2>\n\n\n\n<p>Bienaventurados los de limpio coraz\u00f3n, porque ellos ver\u00e1n a Dios (Mt 5:8).<\/p>\n\n\n\n<h2 class=\"wp-block-heading\">Mateo 5:48 <\/h2>\n\n\n\n<p>Por lo tanto, sean ustedes perfectos, como su Padre que est\u00e1 en los cielos es perfecto (Mt 5:48).<\/p>\n\n\n\n<h2 class=\"wp-block-heading\">Juan 17:17 <\/h2>\n\n\n\n<p>Santif\u00edcalos en tu verdad; tu palabra es verdad (Jn 17:17).<\/p>\n\n\n\n<h2 class=\"wp-block-heading\">Juan 17:19 <\/h2>\n\n\n\n<p>Y por ellos yo me santifico a m\u00ed mismo, para que tambi\u00e9n ellos sean santificados en la verdad (Jn 17:19).<\/p>\n\n\n\n<h2 class=\"wp-block-heading\">Romanos 6:19 <\/h2>\n\n\n\n<p>Hablo en t\u00e9rminos humanos, por la debilidad de su naturaleza humana. As\u00ed como para practicar la iniquidad presentaron sus miembros para servir a la impureza y la maldad, ahora, para practicar la santidad, presenten sus miembros para servir a la justicia (Ro 6:19).<\/p>\n\n\n\n<h2 class=\"wp-block-heading\">Romanos 6:22 <\/h2>\n\n\n\n<p>Pero como ya han sido liberados del pecado y hechos siervos de Dios, el provecho que obtienen es la santificaci\u00f3n, cuya meta final es la vida eterna (Ro 6:22).<\/p>\n\n\n\n<h2 class=\"wp-block-heading\">Romanos 12:1 <\/h2>\n\n\n\n<p>As\u00ed que, hermanos, yo les ruego, por las misericordias de Dios, que se presenten ustedes mismos como un sacrificio vivo, santo y agradable a Dios. \u00a1As\u00ed es como se debe adorar a Dios! (Ro 12:1).<\/p>\n\n\n\n<h2 class=\"wp-block-heading\">1 Corintios 6:20 <\/h2>\n\n\n\n<p>Porque ustedes han sido comprados; el precio de ustedes ya ha sido pagado. Por lo tanto, den gloria a Dios en su cuerpo y en su esp\u00edritu, los cuales son de Dios (1 Co 6:20).<\/p>\n\n\n\n<h2 class=\"wp-block-heading\">2 Corintios 6:17-18 <\/h2>\n\n\n\n<p>Por lo tanto, el Se\u00f1or dice: Salgan de en medio de ellos, y ap\u00e1rtense; y no toquen lo inmundo; y yo los recibir\u00e9. Y ser\u00e9 un Padre para ustedes, y ustedes ser\u00e1n mis hijos y mis hijas. Lo ha dicho el Se\u00f1or Todopoderoso (2 Co 6:17-18).<\/p>\n\n\n\n<h2 class=\"wp-block-heading\">2 Corintios 7:1 <\/h2>\n\n\n\n<p>Amados m\u00edos, puesto que tenemos tales promesas, limpi\u00e9monos de toda contaminaci\u00f3n de carne y de esp\u00edritu, y perfeccion\u00e9monos en la santidad y en el temor de Dios (2 Co 7:1).<\/p>\n\n\n\n<h2 class=\"wp-block-heading\">Efesios 5:3 <\/h2>\n\n\n\n<p>Entre ustedes ni siquiera deben hablar de inmoralidad sexual, ni de avaricia, ni de ninguna otra clase de depravaci\u00f3n, pues ustedes son santos (Ef 5:3).<\/p>\n\n\n\n<h2 class=\"wp-block-heading\">1 Tesalonicenses 4:7 <\/h2>\n\n\n\n<p>Pues Dios no nos ha llamado a vivir en la inmundicia, sino a vivir en santidad (1 Tes 4:7).<\/p>\n\n\n\n<h2 class=\"wp-block-heading\">Hebreos 12:14 <\/h2>\n\n\n\n<p>Procuren vivir en paz con todos, y en santidad, sin la cual nadie ver\u00e1 al Se\u00f1or (He 12:14).<\/p>\n\n\n\n<h2 class=\"wp-block-heading\">1 Pedro 1:15-16 <\/h2>\n\n\n\n<p>Al contrario, vivan una vida completamente santa, porque santo es aquel que los ha llamado. Escrito est\u00e1: Sean santos, porque yo soy santo (1 Pe 1:15-16).<\/p>\n\n\n\n<h2 class=\"wp-block-heading\">1 Pedro 2:9 <\/h2>\n\n\n\n<p class=\"has-text-align-left\">Pero ustedes son linaje escogido, real sacerdocio, naci\u00f3n santa, pueblo adquirido por Dios, para que anuncien los hechos maravillosos de aquel que los llam\u00f3 de las tinieblas a su luz admirable (1 Pe 2:9).<\/p>\n\n\n\n<h2 class=\"wp-block-heading\">1 Juan 3:3 <\/h2>\n\n\n\n<p>Y todo aquel que tiene esta esperanza en \u00e9l, se purifica a s\u00ed mismo, as\u00ed como \u00e9l es puro (1 Jn 3:3).<\/p>\n\n\n\n<h2 class=\"wp-block-heading\">Apocalipsis 22:11 <\/h2>\n\n\n\n<p>Deja que quien sea injusto, siga siendo injusto; que quien sea impuro, siga siendo impuro; que quien sea justo, siga practicando la justicia; y que quien sea santo, siga santific\u00e1ndose (Ap 22:11).<\/p>\n\n\n\n<h2 class=\"wp-block-heading\">Lee Tambi\u00e9n:<\/h2>\n\n\n\n<ul class=\"wp-block-list\"><li><a href=\"https:\/\/thebibleverses.org\/es\/\">Vers\u00edculos por Tema<\/a><\/li><li><a href=\"https:\/\/thebibleverses.org\/es\/amor\/\">Vers\u00edculos B\u00edblicos sobre el Amor<\/a><\/li><li><a href=\"https:\/\/thebibleverses.org\/es\/fortaleza\/\">Vers\u00edculos B\u00edblicos de Fortaleza<\/a><\/li><li><a href=\"https:\/\/thebibleverses.org\/es\/fe\/\">Vers\u00edculos B\u00edblicos sobre la Fe<\/a><\/li><li><a href=\"https:\/\/thebibleverses.org\/es\/jovenes\/\">Vers\u00edculos B\u00edblicos para J\u00f3venes<\/a><\/li><li><a href=\"https:\/\/thebibleverses.org\/es\/amistad\/\">Vers\u00edculos B\u00edblicos sobre la Amistad<\/a><\/li><li><a href=\"https:\/\/thebibleverses.org\/es\/sanidad\/\">Vers\u00edculos B\u00edblicos sobre Sanidad<\/a><\/li><\/ul>\n","protected":false},"excerpt":{"rendered":"<p>G\u00e9nesis 17:1 Yo soy el Dios Todopoderoso. Anda siempre delante de m\u00ed y s\u00e9 perfecto (Ge 17:1). Lev\u00edtico 11:44 Yo soy el Se\u00f1or su Dios. Por lo tanto, ustedes se santificar\u00e1n, y ser\u00e1n santos, porque yo soy santo. As\u00ed que no se contaminen con ninguno de los animales que se arrastran por la tierra (Lv [&hellip;]<\/p>\n","protected":false},"author":1,"featured_media":848,"parent":0,"menu_order":0,"comment_status":"open","ping_status":"closed","template":"","meta":{"footnotes":""},"class_list":["post-235","page","type-page","status-publish","has-post-thumbnail","hentry","entry","fw-tab-6 fw-tabr-4"],"_links":{"self":[{"href":"https:\/\/thebibleverses.org\/es\/wp-json\/wp\/v2\/pages\/235","targetHints":{"allow":["GET"]}}],"collection":[{"href":"https:\/\/thebibleverses.org\/es\/wp-json\/wp\/v2\/pages"}],"about":[{"href":"https:\/\/thebibleverses.org\/es\/wp-json\/wp\/v2\/types\/page"}],"author":[{"embeddable":true,"href":"https:\/\/thebibleverses.org\/es\/wp-json\/wp\/v2\/users\/1"}],"replies":[{"embeddable":true,"href":"https:\/\/thebibleverses.org\/es\/wp-json\/wp\/v2\/comments?post=235"}],"version-history":[{"count":0,"href":"https:\/\/thebibleverses.org\/es\/wp-json\/wp\/v2\/pages\/235\/revisions"}],"wp:featuredmedia":[{"embeddable":true,"href":"https:\/\/thebibleverses.org\/es\/wp-json\/wp\/v2\/media\/848"}],"wp:attachment":[{"href":"https:\/\/thebibleverses.org\/es\/wp-json\/wp\/v2\/media?parent=235"}],"curies":[{"name":"wp","href":"https:\/\/api.w.org\/{rel}","templated":true}]}}