{"id":231,"date":"2019-05-24T19:45:28","date_gmt":"2019-05-24T19:45:28","guid":{"rendered":"https:\/\/thebibleverses.org\/es\/?page_id=231"},"modified":"2022-05-17T02:10:19","modified_gmt":"2022-05-17T02:10:19","slug":"vida-eterna","status":"publish","type":"page","link":"https:\/\/thebibleverses.org\/es\/vida-eterna\/","title":{"rendered":"25 Vers\u00edculos de la Biblia sobre la Vida Eterna"},"content":{"rendered":"\n<div class=\"wp-block-image\"><figure class=\"aligncenter size-large\"><img loading=\"lazy\" decoding=\"async\" width=\"1024\" height=\"631\" src=\"https:\/\/thebibleverses.org\/es\/wp-content\/uploads\/2022\/05\/Versiculos-Biblicos-sobre-la-Vida-Eterna-1024x631.webp\" alt=\"Vers\u00edculos B\u00edblicos sobre la Vida Eterna\" class=\"wp-image-863\" srcset=\"https:\/\/thebibleverses.org\/es\/wp-content\/uploads\/2022\/05\/Versiculos-Biblicos-sobre-la-Vida-Eterna-1024x631.webp 1024w, https:\/\/thebibleverses.org\/es\/wp-content\/uploads\/2022\/05\/Versiculos-Biblicos-sobre-la-Vida-Eterna-300x185.webp 300w, https:\/\/thebibleverses.org\/es\/wp-content\/uploads\/2022\/05\/Versiculos-Biblicos-sobre-la-Vida-Eterna-768x474.webp 768w, https:\/\/thebibleverses.org\/es\/wp-content\/uploads\/2022\/05\/Versiculos-Biblicos-sobre-la-Vida-Eterna-320x197.webp 320w, https:\/\/thebibleverses.org\/es\/wp-content\/uploads\/2022\/05\/Versiculos-Biblicos-sobre-la-Vida-Eterna-450x278.webp 450w, https:\/\/thebibleverses.org\/es\/wp-content\/uploads\/2022\/05\/Versiculos-Biblicos-sobre-la-Vida-Eterna-720x444.webp 720w, https:\/\/thebibleverses.org\/es\/wp-content\/uploads\/2022\/05\/Versiculos-Biblicos-sobre-la-Vida-Eterna-scaled.webp 644w\" sizes=\"auto, (max-width: 1024px) 100vw, 1024px\" \/><figcaption>Vers\u00edculos B\u00edblicos sobre la Vida Eterna &#8211; Reina Valera Contempor\u00e1nea (RVC).<\/figcaption><\/figure><\/div>\n\n\n\n<h2 class=\"wp-block-heading\">Mateo 19:29 <\/h2>\n\n\n\n<p>Cualquiera que, por causa de mi nombre, haya dejado casas, hermanos, hermanas, padre, madre, mujer, hijos, o tierras, recibir\u00e1 cien veces m\u00e1s, y tambi\u00e9n heredar\u00e1 la vida eterna (Mt 19:29).<\/p>\n\n\n\n<h2 class=\"wp-block-heading\">Juan 3:16 <\/h2>\n\n\n\n<p>Porque de tal manera am\u00f3 Dios al mundo, que ha dado a su Hijo unig\u00e9nito, para que todo aquel que en \u00e9l cree no se pierda, sino que tenga vida eterna (Jn 3:16).<\/p>\n\n\n\n<h2 class=\"wp-block-heading\">Juan 3:36 <\/h2>\n\n\n\n<p>El que cree en el Hijo tiene vida eterna, pero el que se niega a creer en el Hijo no ver\u00e1 la vida, sino que la ira de Dios recae sobre \u00e9l (Jn 3:36).<\/p>\n\n\n\n<h2 class=\"wp-block-heading\">Juan 4:14 <\/h2>\n\n\n\n<p>Pero el que beba del agua que yo le dar\u00e9, no tendr\u00e1 sed jam\u00e1s. M\u00e1s bien, el agua que yo le dar\u00e9 ser\u00e1 en \u00e9l una fuente de agua que fluya para vida eterna (Jn 4:14).<\/p>\n\n\n\n<h2 class=\"wp-block-heading\">Juan 5:24 <\/h2>\n\n\n\n<p>De cierto, de cierto les digo: El que oye mi palabra, y cree al que me envi\u00f3, tiene vida eterna; y no ser\u00e1 condenado, sino que ha pasado de muerte a vida (Jn 5:24).<\/p>\n\n\n\n<h2 class=\"wp-block-heading\">Juan 5:39 <\/h2>\n\n\n\n<p>Ustedes escudri\u00f1an las Escrituras, porque les parece que en ellas tienen la vida eterna; \u00a1y son ellas las que dan testimonio de m\u00ed! (Jn 5:39).<\/p>\n\n\n\n<h2 class=\"wp-block-heading\">Juan 6:27 <\/h2>\n\n\n\n<p>Trabajen, pero no por la comida que perece, sino por la comida que permanece para vida eterna, la cual el Hijo del Hombre les dar\u00e1; porque a \u00e9ste se\u00f1al\u00f3 Dios el Padre (Jn 6:27).<\/p>\n\n\n\n<h2 class=\"wp-block-heading\">Juan 6:40 <\/h2>\n\n\n\n<p>Y \u00e9sta es la voluntad de mi Padre: Que todo aquel que ve al Hijo, y cree en \u00e9l, tenga vida eterna; y yo lo resucitar\u00e9 en el d\u00eda final (Jn 6:40).<\/p>\n\n\n\n<h2 class=\"wp-block-heading\">Juan 6:47 <\/h2>\n\n\n\n<p>De cierto, de cierto les digo: El que cree en m\u00ed, tiene vida eterna (Jn 6:47).<\/p>\n\n\n\n<h2 class=\"wp-block-heading\">Juan 6:54 <\/h2>\n\n\n\n<p>El que come mi carne y bebe mi sangre, tiene vida eterna; y yo lo resucitar\u00e9 en el d\u00eda final (Jn 6:54).<\/p>\n\n\n\n<h2 class=\"wp-block-heading\">Juan 6:68 <\/h2>\n\n\n\n<p>Sim\u00f3n Pedro le respondi\u00f3: Se\u00f1or, \u00bfa qui\u00e9n iremos? T\u00fa tienes palabras de vida eterna (Jn 6:68).<\/p>\n\n\n\n<h2 class=\"wp-block-heading\">Juan 12:25 <\/h2>\n\n\n\n<p>El que ama su vida, la perder\u00e1; pero el que aborrece su vida en este mundo, la guardar\u00e1 para vida eterna (Jn 12:25).<\/p>\n\n\n\n<h2 class=\"wp-block-heading\">Juan 17:3 <\/h2>\n\n\n\n<p>Y \u00e9sta es la vida eterna: que te conozcan a ti, el \u00fanico Dios verdadero, y a Jesucristo, a quien has enviado (Jn 17:3).<\/p>\n\n\n\n<h2 class=\"wp-block-heading\">Romanos 5:20-21 <\/h2>\n\n\n\n<p>La ley se introdujo para que abundara el pecado; pero cuando el pecado abund\u00f3, sobreabund\u00f3 la gracia; para que as\u00ed como el pecado rein\u00f3 para traer muerte, tambi\u00e9n la gracia reine por la justicia para darnos vida eterna mediante Jesucristo, nuestro Se\u00f1or (Ro 5:20-21).<\/p>\n\n\n\n<h2 class=\"wp-block-heading\">Romanos 6:22 <\/h2>\n\n\n\n<p>Pero como ya han sido liberados del pecado y hechos siervos de Dios, el provecho que obtienen es la santificaci\u00f3n, cuya meta final es la vida eterna (Ro 6:22).<\/p>\n\n\n\n<h2 class=\"wp-block-heading\">Romanos 6:23 <\/h2>\n\n\n\n<p>Porque la paga del pecado es muerte, pero la d\u00e1diva de Dios es vida eterna en Cristo Jes\u00fas, nuestro Se\u00f1or (Ro 6:23).<\/p>\n\n\n\n<h2 class=\"wp-block-heading\">G\u00e1latas 6:8 <\/h2>\n\n\n\n<p>El que siembra para s\u00ed mismo, de s\u00ed mismo cosechar\u00e1 corrupci\u00f3n; pero el que siembra para el Esp\u00edritu, del Esp\u00edritu cosechar\u00e1 vida eterna (G\u00e1 6:8).<\/p>\n\n\n\n<h2 class=\"wp-block-heading\">Tito 3:7 <\/h2>\n\n\n\n<p>Para que al ser justificados por su gracia vini\u00e9ramos a ser herederos conforme a la esperanza de la vida eterna (Tit 3:7).<\/p>\n\n\n\n<h2 class=\"wp-block-heading\">1 Juan 1:2 <\/h2>\n\n\n\n<p>La vida que se ha manifestado, y que nosotros hemos visto y de la que damos testimonio, es la que nosotros les anunciamos a ustedes: la vida eterna, la cual estaba con el Padre, y se nos ha manifestado (1 Jn 1:2).<\/p>\n\n\n\n<h2 class=\"wp-block-heading\">1 Juan 2:25 <\/h2>\n\n\n\n<p>Y \u00e9sta es la promesa que \u00e9l nos hizo, la vida eterna (1 Jn 2:25).<\/p>\n\n\n\n<h2 class=\"wp-block-heading\">1 Juan 3:15 <\/h2>\n\n\n\n<p>Todo aquel que odia a su hermano es homicida, y ustedes saben que ning\u00fan homicida tiene vida eterna permanente en \u00e9l (1 Jn 3:15).<\/p>\n\n\n\n<h2 class=\"wp-block-heading\">1 Juan 5:11<\/h2>\n\n\n\n<p>Y \u00e9ste es el testimonio: que Dios nos ha dado vida eterna, y esta vida est\u00e1 en su Hijo (1 Jn 5:11).<\/p>\n\n\n\n<h2 class=\"wp-block-heading\">1 Juan 5:13 <\/h2>\n\n\n\n<p>Les he escrito estas cosas a ustedes, los que creen en el nombre del Hijo de Dios, para que sepan que tienen vida eterna (1 Jn 5:13).<\/p>\n\n\n\n<h2 class=\"wp-block-heading\">1 Juan 5:20 <\/h2>\n\n\n\n<p>Pero tambi\u00e9n sabemos que el Hijo de Dios ha venido y nos ha dado entendimiento para conocer al que es verdadero; y estamos en el verdadero, en su Hijo Jesucristo. \u00c9ste es el verdadero Dios, y la vida eterna (1 Jn 5:20).<\/p>\n\n\n\n<h2 class=\"wp-block-heading\">Judas 1:21 <\/h2>\n\n\n\n<p>Mant\u00e9nganse en el amor de Dios, mientras esperan la misericordia de nuestro Se\u00f1or Jesucristo para vida eterna (Jud 1:21). <\/p>\n\n\n\n<h2 class=\"wp-block-heading\">Lee Tambi\u00e9n:<\/h2>\n\n\n\n<ul class=\"wp-block-list\"><li><a href=\"https:\/\/thebibleverses.org\/es\/\">Vers\u00edculos por Tema<\/a><\/li><li><a href=\"https:\/\/thebibleverses.org\/es\/amor\/\">Vers\u00edculos B\u00edblicos sobre el Amor<\/a><\/li><li><a href=\"https:\/\/thebibleverses.org\/es\/fortaleza\/\">Vers\u00edculos B\u00edblicos de Fortaleza<\/a><\/li><li><a href=\"https:\/\/thebibleverses.org\/es\/fe\/\">Vers\u00edculos B\u00edblicos sobre la Fe<\/a><\/li><li><a href=\"https:\/\/thebibleverses.org\/es\/jovenes\/\">Vers\u00edculos B\u00edblicos para J\u00f3venes<\/a><\/li><li><a href=\"https:\/\/thebibleverses.org\/es\/amistad\/\">Vers\u00edculos B\u00edblicos sobre la Amistad<\/a><\/li><li><a href=\"https:\/\/thebibleverses.org\/es\/sanidad\/\">Vers\u00edculos B\u00edblicos sobre Sanidad<\/a><\/li><\/ul>\n","protected":false},"excerpt":{"rendered":"<p>Mateo 19:29 Cualquiera que, por causa de mi nombre, haya dejado casas, hermanos, hermanas, padre, madre, mujer, hijos, o tierras, recibir\u00e1 cien veces m\u00e1s, y tambi\u00e9n heredar\u00e1 la vida eterna (Mt 19:29). Juan 3:16 Porque de tal manera am\u00f3 Dios al mundo, que ha dado a su Hijo unig\u00e9nito, para que todo aquel que en [&hellip;]<\/p>\n","protected":false},"author":1,"featured_media":863,"parent":0,"menu_order":0,"comment_status":"open","ping_status":"closed","template":"","meta":{"footnotes":""},"class_list":["post-231","page","type-page","status-publish","has-post-thumbnail","hentry","entry","fw-tab-6 fw-tabr-4"],"_links":{"self":[{"href":"https:\/\/thebibleverses.org\/es\/wp-json\/wp\/v2\/pages\/231","targetHints":{"allow":["GET"]}}],"collection":[{"href":"https:\/\/thebibleverses.org\/es\/wp-json\/wp\/v2\/pages"}],"about":[{"href":"https:\/\/thebibleverses.org\/es\/wp-json\/wp\/v2\/types\/page"}],"author":[{"embeddable":true,"href":"https:\/\/thebibleverses.org\/es\/wp-json\/wp\/v2\/users\/1"}],"replies":[{"embeddable":true,"href":"https:\/\/thebibleverses.org\/es\/wp-json\/wp\/v2\/comments?post=231"}],"version-history":[{"count":0,"href":"https:\/\/thebibleverses.org\/es\/wp-json\/wp\/v2\/pages\/231\/revisions"}],"wp:featuredmedia":[{"embeddable":true,"href":"https:\/\/thebibleverses.org\/es\/wp-json\/wp\/v2\/media\/863"}],"wp:attachment":[{"href":"https:\/\/thebibleverses.org\/es\/wp-json\/wp\/v2\/media?parent=231"}],"curies":[{"name":"wp","href":"https:\/\/api.w.org\/{rel}","templated":true}]}}