{"id":227,"date":"2019-05-22T22:40:18","date_gmt":"2019-05-22T22:40:18","guid":{"rendered":"https:\/\/thebibleverses.org\/es\/?page_id=227"},"modified":"2022-05-17T01:54:09","modified_gmt":"2022-05-17T01:54:09","slug":"salvacion","status":"publish","type":"page","link":"https:\/\/thebibleverses.org\/es\/salvacion\/","title":{"rendered":"30 Vers\u00edculos de la Biblia sobre la Salvaci\u00f3n"},"content":{"rendered":"\n<div class=\"wp-block-image\"><figure class=\"aligncenter size-large\"><img loading=\"lazy\" decoding=\"async\" width=\"1024\" height=\"631\" src=\"https:\/\/thebibleverses.org\/es\/wp-content\/uploads\/2022\/05\/Versiculos-Biblicos-sobre-la-Salvacion-1024x631.webp\" alt=\"Vers\u00edculos B\u00edblicos sobre la Salvaci\u00f3n\" class=\"wp-image-839\" srcset=\"https:\/\/thebibleverses.org\/es\/wp-content\/uploads\/2022\/05\/Versiculos-Biblicos-sobre-la-Salvacion-1024x631.webp 1024w, https:\/\/thebibleverses.org\/es\/wp-content\/uploads\/2022\/05\/Versiculos-Biblicos-sobre-la-Salvacion-300x185.webp 300w, https:\/\/thebibleverses.org\/es\/wp-content\/uploads\/2022\/05\/Versiculos-Biblicos-sobre-la-Salvacion-768x474.webp 768w, https:\/\/thebibleverses.org\/es\/wp-content\/uploads\/2022\/05\/Versiculos-Biblicos-sobre-la-Salvacion-320x197.webp 320w, https:\/\/thebibleverses.org\/es\/wp-content\/uploads\/2022\/05\/Versiculos-Biblicos-sobre-la-Salvacion-450x278.webp 450w, https:\/\/thebibleverses.org\/es\/wp-content\/uploads\/2022\/05\/Versiculos-Biblicos-sobre-la-Salvacion-720x444.webp 720w, https:\/\/thebibleverses.org\/es\/wp-content\/uploads\/2022\/05\/Versiculos-Biblicos-sobre-la-Salvacion-scaled.webp 644w\" sizes=\"auto, (max-width: 1024px) 100vw, 1024px\" \/><figcaption>Vers\u00edculos B\u00edblicos sobre la Salvaci\u00f3n &#8211; Reina Valera Contempor\u00e1nea (RVC).<\/figcaption><\/figure><\/div>\n\n\n\n<h2 class=\"wp-block-heading\">Mateo 1:21 <\/h2>\n\n\n\n<p>Y dar\u00e1 a luz un hijo, y llamar\u00e1s su nombre JES\u00daS, porque \u00e9l salvar\u00e1 a su pueblo de sus pecados (Mt 1:21).<\/p>\n\n\n\n<h2 class=\"wp-block-heading\">Mateo 7:13-14 <\/h2>\n\n\n\n<p>Entren por la puerta estrecha, porque ancha es la puerta y espacioso el camino que lleva a la perdici\u00f3n, y muchos son los que entran por ella. Pero estrecha es la puerta y angosto el camino que lleva a la vida, y pocos son los que la encuentran (Mt 7:13-14).<\/p>\n\n\n\n<h2 class=\"wp-block-heading\">Mateo 10:22 <\/h2>\n\n\n\n<p>Por causa de mi nombre todo el mundo los odiar\u00e1, pero el que resista hasta el fin ser\u00e1 salvado (Mt 10:22).<\/p>\n\n\n\n<h2 class=\"wp-block-heading\">Marcos 16:16 <\/h2>\n\n\n\n<p>El que crea y sea bautizado, se salvar\u00e1; pero el que no crea, ser\u00e1 condenado (Mr 16:16).<\/p>\n\n\n\n<h2 class=\"wp-block-heading\">Lucas 1:68-69 <\/h2>\n\n\n\n<p>Bendito sea el Se\u00f1or, Dios de Israel, porque ha venido a redimir a su pueblo. Nos ha levantado un poderoso Salvador en la casa de David, su siervo (Lc 1:68-69).<\/p>\n\n\n\n<h2 class=\"wp-block-heading\">Lucas 2:10-12 <\/h2>\n\n\n\n<p>Pero el \u00e1ngel les dijo: No teman, que les traigo una buena noticia, que ser\u00e1 para todo el pueblo motivo de mucha alegr\u00eda. Hoy, en la ciudad de David, les ha nacido un Salvador, que es Cristo el Se\u00f1or. Esto les servir\u00e1 de se\u00f1al: Hallar\u00e1n al ni\u00f1o envuelto en pa\u00f1ales y acostado en un pesebre (Lc 2:10-12).<\/p>\n\n\n\n<h2 class=\"wp-block-heading\">Lucas 19:10 <\/h2>\n\n\n\n<p>Porque el Hijo del Hombre vino a buscar y a salvar lo que se hab\u00eda perdido (Lc 19:10).<\/p>\n\n\n\n<h2 class=\"wp-block-heading\">Juan 3:17 <\/h2>\n\n\n\n<p>Porque Dios no envi\u00f3 a su Hijo al mundo para condenar al mundo, sino para que el mundo sea salvo por \u00e9l (Jn 3:17).<\/p>\n\n\n\n<h2 class=\"wp-block-heading\">Juan 10:9 <\/h2>\n\n\n\n<p>Yo soy la puerta; el que por m\u00ed entra, ser\u00e1 salvo; y entrar\u00e1 y saldr\u00e1, y hallar\u00e1 pastos (Jn 10:9).<\/p>\n\n\n\n<h2 class=\"wp-block-heading\">Juan 14:6 <\/h2>\n\n\n\n<p>Jes\u00fas le dijo: Yo soy el camino, y la verdad, y la vida; nadie viene al Padre, sino por m\u00ed (Jn 14:6).<\/p>\n\n\n\n<h2 class=\"wp-block-heading\">Hechos 2:21 <\/h2>\n\n\n\n<p>Y todo el que invoque el nombre del Se\u00f1or ser\u00e1 salvo (Hch 2:21).<\/p>\n\n\n\n<h2 class=\"wp-block-heading\">Hechos 4:12 <\/h2>\n\n\n\n<p>En ning\u00fan otro hay salvaci\u00f3n, porque no se ha dado a la humanidad ning\u00fan otro nombre bajo el cielo mediante el cual podamos alcanzar la salvaci\u00f3n (Hch 4:12).<\/p>\n\n\n\n<h2 class=\"wp-block-heading\">Hechos 16:31 <\/h2>\n\n\n\n<p>Cree en el Se\u00f1or Jesucristo, y se salvar\u00e1n t\u00fa y tu familia (Hch 16:31).<\/p>\n\n\n\n<h2 class=\"wp-block-heading\">Hechos 13:47 <\/h2>\n\n\n\n<p>\u00c9sa es la orden que el Se\u00f1or nos dio, cuando dijo: \u201cTe he puesto como luz para las naciones, para que lleves salvaci\u00f3n hasta los confines de la tierra\u201d (Hch 13:47).<\/p>\n\n\n\n<h2 class=\"wp-block-heading\">Romanos 1:16 <\/h2>\n\n\n\n<p>No me averg\u00fcenzo del evangelio, porque es poder de Dios para la salvaci\u00f3n de todo aquel que cree: en primer lugar, para los jud\u00edos, y tambi\u00e9n para los que no lo son (Ro 1:16).<\/p>\n\n\n\n<h2 class=\"wp-block-heading\">Romanos 5:7-8 <\/h2>\n\n\n\n<p>Es dif\u00edcil que alguien muera por un justo, aunque tal vez haya quien se atreva a morir por una persona buena. Pero Dios muestra su amor por nosotros en que, cuando a\u00fan \u00e9ramos pecadores, Cristo muri\u00f3 por nosotros (Ro 5:7-8).<\/p>\n\n\n\n<h2 class=\"wp-block-heading\">Romanos 5:10 <\/h2>\n\n\n\n<p>Porque, si cuando \u00e9ramos enemigos de Dios fuimos reconciliados con \u00e9l mediante la muerte de su Hijo, mucho m\u00e1s ahora, que estamos reconciliados, seremos salvados por su vida (Ro 5:10).<\/p>\n\n\n\n<h2 class=\"wp-block-heading\">Romanos 10:9-10 <\/h2>\n\n\n\n<p>Si confiesas con tu boca que Jes\u00fas es el Se\u00f1or, y crees en tu coraz\u00f3n que Dios lo levant\u00f3 de los muertos, ser\u00e1s salvo. Porque con el coraz\u00f3n se cree para alcanzar la justicia, pero con la boca se confiesa para alcanzar la salvaci\u00f3n (Ro 10:9-10).<\/p>\n\n\n\n<h2 class=\"wp-block-heading\">Romanos 10:13 <\/h2>\n\n\n\n<p>Porque todo el que invoque el nombre del Se\u00f1or ser\u00e1 salvo (Ro 10:13).<\/p>\n\n\n\n<h2 class=\"wp-block-heading\">1 Corintios 1:18 <\/h2>\n\n\n\n<p>El mensaje de la cruz es ciertamente una locura para los que se pierden, pero para los que se salvan, es decir, para nosotros, es poder de Dios (1 Co 1:18).<\/p>\n\n\n\n<h2 class=\"wp-block-heading\">Efesios 2:8-9 <\/h2>\n\n\n\n<p>Ciertamente la gracia de Dios los ha salvado por medio de la fe. \u00c9sta no naci\u00f3 de ustedes, sino que es un don de Dios; ni es resultado de las obras, para que nadie se vanaglorie (Ef 2:8-9).<\/p>\n\n\n\n<h2 class=\"wp-block-heading\">2 Timoteo 1:8-9 <\/h2>\n\n\n\n<p>Quien nos salv\u00f3 y nos llam\u00f3 con llamamiento santo, no conforme a nuestras obras, sino seg\u00fan el prop\u00f3sito suyo y la gracia que nos fue dada en Cristo Jes\u00fas antes de los tiempos de los siglos (2 Ti 1:9).<\/p>\n\n\n\n<h2 class=\"wp-block-heading\">Tito 2:11-12 <\/h2>\n\n\n\n<p>Porque la gracia de Dios se ha manifestado para la salvaci\u00f3n de todos los hombres, y nos ense\u00f1a que debemos renunciar a la impiedad y a los deseos mundanos, y vivir en esta \u00e9poca de manera sobria, justa y piadosa (Tito 2:11-12).<\/p>\n\n\n\n<h2 class=\"wp-block-heading\">Tito 3:5 <\/h2>\n\n\n\n<p>Nos salv\u00f3, y no por obras de justicia que nosotros hubi\u00e9ramos hecho, sino por su misericordia, por el lavamiento de la regeneraci\u00f3n y por la renovaci\u00f3n en el Esp\u00edritu Santo (Tito 3:5).<\/p>\n\n\n\n<h2 class=\"wp-block-heading\">Hebreos 7:25 <\/h2>\n\n\n\n<p>Por eso, tambi\u00e9n puede salvar para siempre a los que por medio de \u00e9l se acercan a Dios, ya que vive siempre para interceder por ellos (Heb 7:25).<\/p>\n\n\n\n<h2 class=\"wp-block-heading\">Hebreos 9:28 <\/h2>\n\n\n\n<p>As\u00ed tambi\u00e9n Cristo fue ofrecido una sola vez para llevar los pecados de muchos; pero aparecer\u00e1 por segunda vez, ya sin relaci\u00f3n con el pecado, para salvar a los que lo esperan (Heb 9:28).<\/p>\n\n\n\n<h2 class=\"wp-block-heading\">1 Pedro 1:8-9 <\/h2>\n\n\n\n<p>Ustedes aman a Jesucristo sin haberlo visto, y creen en \u00e9l aunque ahora no lo ven, y se alegran con gozo inefable y glorioso, porque est\u00e1n alcanzando la meta de su fe, que es la salvaci\u00f3n (1 Pe 1:8-9).<\/p>\n\n\n\n<h2 class=\"wp-block-heading\">1 Juan 4:14 <\/h2>\n\n\n\n<p>Nosotros hemos visto y damos testimonio de que el Padre ha enviado al Hijo, el Salvador del mundo (1 Jn 4:14).<\/p>\n\n\n\n<h2 class=\"wp-block-heading\">Apocalipsis 7:10 <\/h2>\n\n\n\n<p>Y a grandes voces gritaban: La salvaci\u00f3n proviene de nuestro Dios, que est\u00e1 sentado en el trono, y del Cordero (Ap 7:10).<\/p>\n\n\n\n<h2 class=\"wp-block-heading\">Apocalipsis 19:1 <\/h2>\n\n\n\n<p>Despu\u00e9s de esto, o\u00ed en el cielo la potente voz de una gran multitud que dec\u00eda: \u00a1Aleluya! La salvaci\u00f3n, la honra, la gloria y el poder son de nuestro Dios (Ap 19:1).<\/p>\n\n\n\n<h2 class=\"wp-block-heading\">Lee Tambi\u00e9n:<\/h2>\n\n\n\n<ul class=\"wp-block-list\"><li><a href=\"https:\/\/thebibleverses.org\/es\/\">Vers\u00edculos por Tema<\/a><\/li><li><a href=\"https:\/\/thebibleverses.org\/es\/amor\/\">Vers\u00edculos B\u00edblicos sobre el Amor<\/a><\/li><li><a href=\"https:\/\/thebibleverses.org\/es\/fortaleza\/\">Vers\u00edculos B\u00edblicos de Fortaleza<\/a><\/li><li><a href=\"https:\/\/thebibleverses.org\/es\/fe\/\">Vers\u00edculos B\u00edblicos sobre la Fe<\/a><\/li><li><a href=\"https:\/\/thebibleverses.org\/es\/jovenes\/\">Vers\u00edculos B\u00edblicos para J\u00f3venes<\/a><\/li><li><a href=\"https:\/\/thebibleverses.org\/es\/amistad\/\">Vers\u00edculos B\u00edblicos sobre la Amistad<\/a><\/li><li><a href=\"https:\/\/thebibleverses.org\/es\/sanidad\/\">Vers\u00edculos B\u00edblicos sobre Sanidad<\/a><\/li><\/ul>\n","protected":false},"excerpt":{"rendered":"<p>Mateo 1:21 Y dar\u00e1 a luz un hijo, y llamar\u00e1s su nombre JES\u00daS, porque \u00e9l salvar\u00e1 a su pueblo de sus pecados (Mt 1:21). Mateo 7:13-14 Entren por la puerta estrecha, porque ancha es la puerta y espacioso el camino que lleva a la perdici\u00f3n, y muchos son los que entran por ella. Pero estrecha [&hellip;]<\/p>\n","protected":false},"author":1,"featured_media":839,"parent":0,"menu_order":0,"comment_status":"open","ping_status":"closed","template":"","meta":{"footnotes":""},"class_list":["post-227","page","type-page","status-publish","has-post-thumbnail","hentry","entry","fw-tab-6 fw-tabr-4"],"_links":{"self":[{"href":"https:\/\/thebibleverses.org\/es\/wp-json\/wp\/v2\/pages\/227","targetHints":{"allow":["GET"]}}],"collection":[{"href":"https:\/\/thebibleverses.org\/es\/wp-json\/wp\/v2\/pages"}],"about":[{"href":"https:\/\/thebibleverses.org\/es\/wp-json\/wp\/v2\/types\/page"}],"author":[{"embeddable":true,"href":"https:\/\/thebibleverses.org\/es\/wp-json\/wp\/v2\/users\/1"}],"replies":[{"embeddable":true,"href":"https:\/\/thebibleverses.org\/es\/wp-json\/wp\/v2\/comments?post=227"}],"version-history":[{"count":0,"href":"https:\/\/thebibleverses.org\/es\/wp-json\/wp\/v2\/pages\/227\/revisions"}],"wp:featuredmedia":[{"embeddable":true,"href":"https:\/\/thebibleverses.org\/es\/wp-json\/wp\/v2\/media\/839"}],"wp:attachment":[{"href":"https:\/\/thebibleverses.org\/es\/wp-json\/wp\/v2\/media?parent=227"}],"curies":[{"name":"wp","href":"https:\/\/api.w.org\/{rel}","templated":true}]}}