{"id":217,"date":"2019-03-27T19:22:58","date_gmt":"2019-03-27T19:22:58","guid":{"rendered":"https:\/\/thebibleverses.org\/es\/?page_id=217"},"modified":"2022-05-17T02:05:07","modified_gmt":"2022-05-17T02:05:07","slug":"trabajo","status":"publish","type":"page","link":"https:\/\/thebibleverses.org\/es\/trabajo\/","title":{"rendered":"15 Vers\u00edculos de la Biblia sobre el Trabajo"},"content":{"rendered":"\n<div class=\"wp-block-image\"><figure class=\"aligncenter size-large\"><img loading=\"lazy\" decoding=\"async\" width=\"1024\" height=\"631\" src=\"https:\/\/thebibleverses.org\/es\/wp-content\/uploads\/2022\/05\/Versiculos-Biblicos-sobre-el-Trabajo-1024x631.webp\" alt=\"Vers\u00edculos B\u00edblicos sobre el Trabajo\" class=\"wp-image-854\" srcset=\"https:\/\/thebibleverses.org\/es\/wp-content\/uploads\/2022\/05\/Versiculos-Biblicos-sobre-el-Trabajo-1024x631.webp 1024w, https:\/\/thebibleverses.org\/es\/wp-content\/uploads\/2022\/05\/Versiculos-Biblicos-sobre-el-Trabajo-300x185.webp 300w, https:\/\/thebibleverses.org\/es\/wp-content\/uploads\/2022\/05\/Versiculos-Biblicos-sobre-el-Trabajo-768x474.webp 768w, https:\/\/thebibleverses.org\/es\/wp-content\/uploads\/2022\/05\/Versiculos-Biblicos-sobre-el-Trabajo-320x197.webp 320w, https:\/\/thebibleverses.org\/es\/wp-content\/uploads\/2022\/05\/Versiculos-Biblicos-sobre-el-Trabajo-450x278.webp 450w, https:\/\/thebibleverses.org\/es\/wp-content\/uploads\/2022\/05\/Versiculos-Biblicos-sobre-el-Trabajo-720x444.webp 720w, https:\/\/thebibleverses.org\/es\/wp-content\/uploads\/2022\/05\/Versiculos-Biblicos-sobre-el-Trabajo-scaled.webp 644w\" sizes=\"auto, (max-width: 1024px) 100vw, 1024px\" \/><figcaption>Vers\u00edculos B\u00edblicos sobre el Trabajo &#8211; Reina Valera Contempor\u00e1nea (RVC).<\/figcaption><\/figure><\/div>\n\n\n\n<h2 class=\"wp-block-heading\">G\u00e9nesis 2:15 <\/h2>\n\n\n\n<p>Dios el Se\u00f1or tom\u00f3 al hombre y lo puso en el huerto de Ed\u00e9n, para que lo cultivara y lo cuidara (Ge 2:15).<\/p>\n\n\n\n<h2 class=\"wp-block-heading\">Salmos 90:17 <\/h2>\n\n\n\n<p>Se\u00f1or y Dios nuestro, \u00a1mu\u00e9stranos tu bondad y confirma la obra de nuestras manos! \u00a1S\u00ed, confirma la obra de nuestras manos! (Sal 90:17).<\/p>\n\n\n\n<h2 class=\"wp-block-heading\">Salmos 128:1-2 <\/h2>\n\n\n\n<p>\u00a1Dichosos todos los que honran al Se\u00f1or! \u00a1Dichosos los que van por sus caminos! \u00a1Dichoso ser\u00e1s, y te ir\u00e1 bien, cuando te alimentes del fruto de tu trabajo! (Sal 128:1-2).<\/p>\n\n\n\n<h2 class=\"wp-block-heading\">Proverbios 10:4 <\/h2>\n\n\n\n<p>Las manos negligentes llevan a la pobreza; las manos diligentes conducen a la riqueza (Pr 10:4).<\/p>\n\n\n\n<h2 class=\"wp-block-heading\">Proverbios 10:5 <\/h2>\n\n\n\n<p>Cosechar en el verano es pensar con sensatez; Dormirse en la cosecha es no tener verg\u00fcenza (Pr 10:5).<\/p>\n\n\n\n<h2 class=\"wp-block-heading\">Proverbios 12:11 <\/h2>\n\n\n\n<p>El que labra su tierra se sacia de pan, pero el amigo de vagos no tiene cordura (Pr 12:11).<\/p>\n\n\n\n<h2 class=\"wp-block-heading\">Proverbios 13:11 <\/h2>\n\n\n\n<p>Las vanas riquezas pronto se gastan; el que trabaja y las guarda las hace crecer (Pr 13:11).<\/p>\n\n\n\n<h2 class=\"wp-block-heading\">Proverbios 14:23 <\/h2>\n\n\n\n<p>Toda labor rinde sus frutos, pero hablar por hablar empobrece (Pr 14:23).<\/p>\n\n\n\n<h2 class=\"wp-block-heading\">Proverbios 20:13 <\/h2>\n\n\n\n<p>No seas dormil\u00f3n, y jam\u00e1s ser\u00e1s pobre; no pegues los ojos, y el pan nunca te faltar\u00e1 (Pr 20:13).<\/p>\n\n\n\n<h2 class=\"wp-block-heading\">Efesios 4:28 <\/h2>\n\n\n\n<p>El que antes robaba, que no vuelva a robar; al contrario, que trabaje y use sus manos para el bien, a fin de que pueda compartir algo con quien tenga alguna necesidad (Ef 4:28).<\/p>\n\n\n\n<h2 class=\"wp-block-heading\">1 Tesalonicenses 4:11-12 <\/h2>\n\n\n\n<p>Y que procuren vivir en paz, y ocuparse de sus negocios y trabajar con sus propias manos, tal y como les hemos ordenado, a fin de que se conduzcan honradamente con los de afuera, y no tengan necesidad de nada (1 Tes 4:11-12).<\/p>\n\n\n\n<h2 class=\"wp-block-heading\">2 Tesalonicenses 3:8 <\/h2>\n\n\n\n<p>Ni comimos el pan de nadie sin pagarlo, sino que d\u00eda y noche trabajamos muy duro y sin descanso, para no ser una carga a ninguno de ustedes (2 Tesalonicenses 3:8).<\/p>\n\n\n\n<h2 class=\"wp-block-heading\">2 Tesalonicenses 3:10 <\/h2>\n\n\n\n<p>Cuando est\u00e1bamos con ustedes, tambi\u00e9n les ordenamos esto: Si alguno no quiere trabajar, que tampoco coma (2 Tes 3:10).<\/p>\n\n\n\n<h2 class=\"wp-block-heading\">2 Tesalonicenses 3:11-12<\/h2>\n\n\n\n<p>Y es que nos hemos enterado de que algunos de ustedes viven desordenadamente, y no trabajan en nada, y se entrometen en lo ajeno. A tales personas les ordenamos y exhortamos, por nuestro Se\u00f1or Jesucristo, que simplemente se pongan a trabajar y se ganen su propio pan (2 Tes 3:11-12).<\/p>\n\n\n\n<h2 class=\"wp-block-heading\">1 Timoteo 5:8 <\/h2>\n\n\n\n<p>porque si alguno no provee para los suyos, y especialmente para los de su casa, niega la fe y es peor que un incr\u00e9dulo (1 Ti 5:8).<\/p>\n\n\n\n<h2 class=\"wp-block-heading\">Lee Tambi\u00e9n:<\/h2>\n\n\n\n<ul class=\"wp-block-list\"><li><a href=\"https:\/\/thebibleverses.org\/es\/\">Vers\u00edculos por Tema<\/a><\/li><li><a href=\"https:\/\/thebibleverses.org\/es\/amor\/\">Vers\u00edculos B\u00edblicos sobre el Amor<\/a><\/li><li><a href=\"https:\/\/thebibleverses.org\/es\/fortaleza\/\">Vers\u00edculos B\u00edblicos de Fortaleza<\/a><\/li><li><a href=\"https:\/\/thebibleverses.org\/es\/fe\/\">Vers\u00edculos B\u00edblicos sobre la Fe<\/a><\/li><li><a href=\"https:\/\/thebibleverses.org\/es\/jovenes\/\">Vers\u00edculos B\u00edblicos para J\u00f3venes<\/a><\/li><li><a href=\"https:\/\/thebibleverses.org\/es\/amistad\/\">Vers\u00edculos B\u00edblicos sobre la Amistad<\/a><\/li><li><a href=\"https:\/\/thebibleverses.org\/es\/sanidad\/\">Vers\u00edculos B\u00edblicos sobre Sanidad<\/a><\/li><\/ul>\n","protected":false},"excerpt":{"rendered":"<p>G\u00e9nesis 2:15 Dios el Se\u00f1or tom\u00f3 al hombre y lo puso en el huerto de Ed\u00e9n, para que lo cultivara y lo cuidara (Ge 2:15). Salmos 90:17 Se\u00f1or y Dios nuestro, \u00a1mu\u00e9stranos tu bondad y confirma la obra de nuestras manos! \u00a1S\u00ed, confirma la obra de nuestras manos! (Sal 90:17). Salmos 128:1-2 \u00a1Dichosos todos los [&hellip;]<\/p>\n","protected":false},"author":1,"featured_media":854,"parent":0,"menu_order":0,"comment_status":"open","ping_status":"closed","template":"","meta":{"footnotes":""},"class_list":["post-217","page","type-page","status-publish","has-post-thumbnail","hentry","entry","fw-tab-6 fw-tabr-4"],"_links":{"self":[{"href":"https:\/\/thebibleverses.org\/es\/wp-json\/wp\/v2\/pages\/217","targetHints":{"allow":["GET"]}}],"collection":[{"href":"https:\/\/thebibleverses.org\/es\/wp-json\/wp\/v2\/pages"}],"about":[{"href":"https:\/\/thebibleverses.org\/es\/wp-json\/wp\/v2\/types\/page"}],"author":[{"embeddable":true,"href":"https:\/\/thebibleverses.org\/es\/wp-json\/wp\/v2\/users\/1"}],"replies":[{"embeddable":true,"href":"https:\/\/thebibleverses.org\/es\/wp-json\/wp\/v2\/comments?post=217"}],"version-history":[{"count":0,"href":"https:\/\/thebibleverses.org\/es\/wp-json\/wp\/v2\/pages\/217\/revisions"}],"wp:featuredmedia":[{"embeddable":true,"href":"https:\/\/thebibleverses.org\/es\/wp-json\/wp\/v2\/media\/854"}],"wp:attachment":[{"href":"https:\/\/thebibleverses.org\/es\/wp-json\/wp\/v2\/media?parent=217"}],"curies":[{"name":"wp","href":"https:\/\/api.w.org\/{rel}","templated":true}]}}