{"id":204,"date":"2019-03-17T02:47:06","date_gmt":"2019-03-17T02:47:06","guid":{"rendered":"https:\/\/thebibleverses.org\/es\/?page_id=204"},"modified":"2022-05-17T01:33:59","modified_gmt":"2022-05-17T01:33:59","slug":"prosperidad","status":"publish","type":"page","link":"https:\/\/thebibleverses.org\/es\/prosperidad\/","title":{"rendered":"25 Vers\u00edculos de la Biblia sobre la Prosperidad"},"content":{"rendered":"\n<div class=\"wp-block-image\"><figure class=\"aligncenter size-large\"><img loading=\"lazy\" decoding=\"async\" width=\"1024\" height=\"631\" src=\"https:\/\/thebibleverses.org\/es\/wp-content\/uploads\/2022\/05\/Versiculos-Biblicos-sobre-Prosperidad-1024x631.webp\" alt=\"Vers\u00edculos B\u00edblicos sobre la Prosperidad\" class=\"wp-image-818\" srcset=\"https:\/\/thebibleverses.org\/es\/wp-content\/uploads\/2022\/05\/Versiculos-Biblicos-sobre-Prosperidad-1024x631.webp 1024w, https:\/\/thebibleverses.org\/es\/wp-content\/uploads\/2022\/05\/Versiculos-Biblicos-sobre-Prosperidad-300x185.webp 300w, https:\/\/thebibleverses.org\/es\/wp-content\/uploads\/2022\/05\/Versiculos-Biblicos-sobre-Prosperidad-768x474.webp 768w, https:\/\/thebibleverses.org\/es\/wp-content\/uploads\/2022\/05\/Versiculos-Biblicos-sobre-Prosperidad-320x197.webp 320w, https:\/\/thebibleverses.org\/es\/wp-content\/uploads\/2022\/05\/Versiculos-Biblicos-sobre-Prosperidad-450x278.webp 450w, https:\/\/thebibleverses.org\/es\/wp-content\/uploads\/2022\/05\/Versiculos-Biblicos-sobre-Prosperidad-720x444.webp 720w, https:\/\/thebibleverses.org\/es\/wp-content\/uploads\/2022\/05\/Versiculos-Biblicos-sobre-Prosperidad-scaled.webp 644w\" sizes=\"auto, (max-width: 1024px) 100vw, 1024px\" \/><figcaption>Vers\u00edculos B\u00edblicos sobre la Prosperidad &#8211; Reina Valera Contempor\u00e1nea (RVC).<\/figcaption><\/figure><\/div>\n\n\n\n<h2 class=\"wp-block-heading\">G\u00e9nesis 39:2-3 <\/h2>\n\n\n\n<p>Pero el Se\u00f1or estaba con Jos\u00e9, y \u00e9ste prosper\u00f3 en la casa del egipcio, su amo. Y su amo se dio cuenta de que el Se\u00f1or estaba con \u00e9l y lo hac\u00eda prosperar en todo lo que emprend\u00eda (Ge 39:2-3).<\/p>\n\n\n\n<h2 class=\"wp-block-heading\">\u00c9xodo 1:21 <\/h2>\n\n\n\n<p>Y como las parteras tuvieron temor de Dios, \u00e9l hizo que sus familias prosperaran (Ex 1:21).<\/p>\n\n\n\n<h2 class=\"wp-block-heading\">Deuteronomio 6:10-12 <\/h2>\n\n\n\n<p>Cuando el Se\u00f1or tu Dios te haya introducido en la tierra que jur\u00f3 dar a tus padres Abrah\u00e1n, Isaac y Jacob, y te d\u00e9 ciudades grandes y buenas que t\u00fa no edificaste,  y casas llenas de todo bien que t\u00fa no llenaste, y cisternas que t\u00fa no cavaste, y vi\u00f1as y olivares que t\u00fa no plantaste, una vez que hayas comido y quedes satisfecho ten cuidado de no olvidarte del Se\u00f1or, que te sac\u00f3 de Egipto, donde eras esclavo (Dt 6:10-12).<\/p>\n\n\n\n<h2 class=\"wp-block-heading\">Deuteronomio 32:15 <\/h2>\n\n\n\n<p>Pero Jesur\u00fan engord\u00f3 y dio de coces (engord\u00f3, se llen\u00f3 de grasa), y abandon\u00f3 al Dios que lo hizo; \u00a1menospreci\u00f3 a la Roca de su salvaci\u00f3n! (Dt 32:15).<\/p>\n\n\n\n<h2 class=\"wp-block-heading\">Deuteronomio 29:9 <\/h2>\n\n\n\n<p>As\u00ed que ustedes deben cumplir con las palabras de este pacto, y ponerlas por obra, para que prosperen en todo lo que hagan (Dt 29:9).<\/p>\n\n\n\n<h2 class=\"wp-block-heading\">Deuteronomio 30:9 <\/h2>\n\n\n\n<p>El Se\u00f1or tu Dios te har\u00e1 prosperar en todo lo que hagas con tus manos, y multiplicar\u00e1 el fruto de tu vientre, el fruto de tu bestia, y el fruto de tu tierra. S\u00ed, el Se\u00f1or volver\u00e1 a solazarse contigo para bien, tal y como se solaz\u00f3 con tus padres (Dt 30:9).<\/p>\n\n\n\n<h2 class=\"wp-block-heading\">Josu\u00e9 1:7 <\/h2>\n\n\n\n<p>Pero tienes qu\u00e9 esforzarte y ser muy valiente. Pon mucho cuidado y act\u00faa de acuerdo con las leyes que te dio mi siervo Mois\u00e9s. Nunca te apartes de ellas, ni a la derecha ni a la izquierda, y as\u00ed tendr\u00e1s \u00e9xito en todo lo que emprendas (Jos 1:7).<\/p>\n\n\n\n<h2 class=\"wp-block-heading\">Josu\u00e9 1:8<\/h2>\n\n\n\n<p>Procura que nunca se aparte de tus labios este libro de la ley. Medita en \u00e9l de d\u00eda y de noche, para que act\u00faes de acuerdo con todo lo que est\u00e1 escrito en \u00e9l. As\u00ed har\u00e1s que prospere tu camino, y todo te saldr\u00e1 bien (Jos 1:8).<\/p>\n\n\n\n<h2 class=\"wp-block-heading\">1 Cr\u00f3nicas 22:13 <\/h2>\n\n\n\n<p>Si pones por obra los estatutos y decretos que el Se\u00f1or le entreg\u00f3 a Mois\u00e9s para Israel, ser\u00e1s prosperado. Esfu\u00e9rzate y cobra \u00e1nimo; no temas ni desmayes (1 Cr 22:13).<\/p>\n\n\n\n<h2 class=\"wp-block-heading\">2 Cr\u00f3nicas 26:5 <\/h2>\n\n\n\n<p>Mientras vivi\u00f3 Zacar\u00edas, que era un hombre entendido en visiones de Dios, Uz\u00edas no dej\u00f3 de buscar a Dios; y mientras lo busc\u00f3, el Se\u00f1or le dio prosperidad (2 Cr 26:5).<\/p>\n\n\n\n<h2 class=\"wp-block-heading\">2 Cr\u00f3nicas 20:20 <\/h2>\n\n\n\n<p>Se levantaron muy de ma\u00f1ana y salieron hacia el desierto de Tecoa. Y mientras ellos sal\u00edan, Josafat se puso de pie y dijo: \u00d3iganme, Jud\u00e1 y habitantes de Jerusal\u00e9n: \u00a1Crean en el Se\u00f1or su Dios, y estar\u00e1n seguros! \u00a1Crean a sus profetas y ser\u00e1n prosperados! (2 Cr 20:20).<\/p>\n\n\n\n<h2 class=\"wp-block-heading\">2 Cr\u00f3nicas 31:20-21 <\/h2>\n\n\n\n<p>As\u00ed lo hizo Ezequ\u00edas en todo Jud\u00e1, y llev\u00f3 a cabo lo bueno, lo recto y lo verdadero delante del Se\u00f1or su Dios. En todo lo que emprendi\u00f3 para el servicio del templo de Dios, busc\u00f3 a su Dios, y lo hizo de todo coraz\u00f3n y de acuerdo con la ley y los mandamientos, y fue prosperado (2 Cr 31:20-21).<\/p>\n\n\n\n<h2 class=\"wp-block-heading\">Nehem\u00edas 2:20 <\/h2>\n\n\n\n<p>El Dios de los cielos, \u00e9l nos prosperar\u00e1, y nosotros sus siervos nos levantaremos y reedificaremos. Pero ustedes no tienen ni parte ni derecho ni memoria en Jerusal\u00e9n (Neh 2:20).<\/p>\n\n\n\n<h2 class=\"wp-block-heading\">Salmos 1:1-3<\/h2>\n\n\n\n<p>Bienaventurado el hombre que no anda seg\u00fan el consejo de los imp\u00edos ni se detiene en el camino de los pecadores ni se sienta en la silla de los burladores. M\u00e1s bien, en la ley del Se\u00f1or est\u00e1 su delicia, y en ella medita de d\u00eda y de noche. Ser\u00e1 como un \u00e1rbol plantado junto a corrientes de aguas que da su fruto a su tiempo y su hoja no cae. Todo lo que hace prosperar\u00e1. (Sal 1:1-3).<\/p>\n\n\n\n<h2 class=\"wp-block-heading\">Salmos 122:6  <\/h2>\n\n\n\n<p>Pidamos por la paz de Jerusal\u00e9n, y porque prosperen los que te aman (Sal 122:6).<\/p>\n\n\n\n<h2 class=\"wp-block-heading\">Proverbios 1:32 <\/h2>\n\n\n\n<p>Porque el desv\u00edo de los ignorantes los matar\u00e1, Y la prosperidad de los necios los echar\u00e1 a perder (Pr 1:32).<\/p>\n\n\n\n<h2 class=\"wp-block-heading\">Proverbios 11:25 <\/h2>\n\n\n\n<p>La persona generosa ser\u00e1 prosperada y el que sacia a otros tambi\u00e9n ser\u00e1 saciado (Pr 11:25).<\/p>\n\n\n\n<h2 class=\"wp-block-heading\">Proverbios 13:4 <\/h2>\n\n\n\n<p>El perezoso desea y nada consigue, pero el que es diligente ser\u00e1 prosperado (Pr 13:4).<\/p>\n\n\n\n<h2 class=\"wp-block-heading\">Proverbios 13:21 <\/h2>\n\n\n\n<p>El mal persigue a los pecadores, pero los justos son premiados con el bien (Pr 13:21).<\/p>\n\n\n\n<h2 class=\"wp-block-heading\">Proverbios 28:13 <\/h2>\n\n\n\n<p>El que encubre sus pecados no prosperar\u00e1, pero el que los confiesa y los abandona alcanzar\u00e1 misericordia (Pr 28:13).<\/p>\n\n\n\n<h2 class=\"wp-block-heading\">Proverbios 28:25 <\/h2>\n\n\n\n<p>El que es altanero suscita contiendas, pero el que conf\u00eda en el Se\u00f1or prospera (Pr 28:25).<\/p>\n\n\n\n<h2 class=\"wp-block-heading\">Proverbios 30:8-9 <\/h2>\n\n\n\n<p>Aparta de m\u00ed la vanidad y la mentira, y no me des pobreza ni riquezas. Dame s\u00f3lo el pan necesario, no sea que, una vez satisfecho, te niegue y diga: \u00bfY qui\u00e9n es el Se\u00f1or? O que, por ser pobre, llegue yo a robar y ofenda el nombre de mi Dios (Pr 30:8-9).<\/p>\n\n\n\n<h2 class=\"wp-block-heading\">Isa\u00edas 54:17 <\/h2>\n\n\n\n<p>No prosperar\u00e1 ninguna herramienta que sea fabricada contra ti. T\u00fa condenar\u00e1s toda lengua que se levante contra ti en el juicio. Esta es la heredad de los siervos del Se\u00f1or, y su vindicaci\u00f3n de parte m\u00eda, dice el Se\u00f1or (Is 54:17).<\/p>\n\n\n\n<h2 class=\"wp-block-heading\">Jerem\u00edas 46:27 <\/h2>\n\n\n\n<p>Pero t\u00fa, Jacob, siervo m\u00edo, no temas; \u00a1no pierdas el \u00e1nimo, Israel! Porque yo te rescatar\u00e9 de ese pa\u00eds lejano; yo salvar\u00e9 a tus descendientes del pa\u00eds donde ahora son cautivos. Y Jacob volver\u00e1, y descansar\u00e1 y prosperar\u00e1, y no habr\u00e1 nadie que le infunda temor (Jr 46:27).<\/p>\n\n\n\n<h2 class=\"wp-block-heading\">3 Juan 2 <\/h2>\n\n\n\n<p>Amado, deseo que seas prosperado en todo, y que tengas salud, a la vez que tu alma prospera (3 Jn 2).<\/p>\n\n\n\n<h2 class=\"wp-block-heading\">Lee Tambi\u00e9n:<\/h2>\n\n\n\n<ul class=\"wp-block-list\"><li><a href=\"https:\/\/thebibleverses.org\/es\/\">Vers\u00edculos por Tema<\/a><\/li><li><a href=\"https:\/\/thebibleverses.org\/es\/amor\/\">Vers\u00edculos B\u00edblicos sobre el Amor<\/a><\/li><li><a href=\"https:\/\/thebibleverses.org\/es\/fortaleza\/\">Vers\u00edculos B\u00edblicos de Fortaleza<\/a><\/li><li><a href=\"https:\/\/thebibleverses.org\/es\/fe\/\">Vers\u00edculos B\u00edblicos sobre la Fe<\/a><\/li><li><a href=\"https:\/\/thebibleverses.org\/es\/jovenes\/\">Vers\u00edculos B\u00edblicos para J\u00f3venes<\/a><\/li><li><a href=\"https:\/\/thebibleverses.org\/es\/amistad\/\">Vers\u00edculos B\u00edblicos sobre la Amistad<\/a><\/li><li><a href=\"https:\/\/thebibleverses.org\/es\/sanidad\/\">Vers\u00edculos B\u00edblicos sobre Sanidad<\/a><\/li><\/ul>\n","protected":false},"excerpt":{"rendered":"<p>G\u00e9nesis 39:2-3 Pero el Se\u00f1or estaba con Jos\u00e9, y \u00e9ste prosper\u00f3 en la casa del egipcio, su amo. Y su amo se dio cuenta de que el Se\u00f1or estaba con \u00e9l y lo hac\u00eda prosperar en todo lo que emprend\u00eda (Ge 39:2-3). \u00c9xodo 1:21 Y como las parteras tuvieron temor de Dios, \u00e9l hizo que [&hellip;]<\/p>\n","protected":false},"author":1,"featured_media":818,"parent":0,"menu_order":0,"comment_status":"open","ping_status":"closed","template":"","meta":{"footnotes":""},"class_list":["post-204","page","type-page","status-publish","has-post-thumbnail","hentry","entry","fw-tab-6 fw-tabr-4"],"_links":{"self":[{"href":"https:\/\/thebibleverses.org\/es\/wp-json\/wp\/v2\/pages\/204","targetHints":{"allow":["GET"]}}],"collection":[{"href":"https:\/\/thebibleverses.org\/es\/wp-json\/wp\/v2\/pages"}],"about":[{"href":"https:\/\/thebibleverses.org\/es\/wp-json\/wp\/v2\/types\/page"}],"author":[{"embeddable":true,"href":"https:\/\/thebibleverses.org\/es\/wp-json\/wp\/v2\/users\/1"}],"replies":[{"embeddable":true,"href":"https:\/\/thebibleverses.org\/es\/wp-json\/wp\/v2\/comments?post=204"}],"version-history":[{"count":0,"href":"https:\/\/thebibleverses.org\/es\/wp-json\/wp\/v2\/pages\/204\/revisions"}],"wp:featuredmedia":[{"embeddable":true,"href":"https:\/\/thebibleverses.org\/es\/wp-json\/wp\/v2\/media\/818"}],"wp:attachment":[{"href":"https:\/\/thebibleverses.org\/es\/wp-json\/wp\/v2\/media?parent=204"}],"curies":[{"name":"wp","href":"https:\/\/api.w.org\/{rel}","templated":true}]}}