{"id":196,"date":"2019-03-14T21:58:19","date_gmt":"2019-03-14T21:58:19","guid":{"rendered":"https:\/\/thebibleverses.org\/es\/?page_id=196"},"modified":"2022-05-17T01:52:13","modified_gmt":"2022-05-17T01:52:13","slug":"sabiduria","status":"publish","type":"page","link":"https:\/\/thebibleverses.org\/es\/sabiduria\/","title":{"rendered":"30 Vers\u00edculos de la Biblia sobre la Sabidur\u00eda"},"content":{"rendered":"\n<div class=\"wp-block-image\"><figure class=\"aligncenter size-large\"><img loading=\"lazy\" decoding=\"async\" width=\"1024\" height=\"631\" src=\"https:\/\/thebibleverses.org\/es\/wp-content\/uploads\/2022\/05\/Versiculos-Biblicos-sobre-la-Sabiduria-1024x631.webp\" alt=\"Vers\u00edculos B\u00edblicos sobre La Sabidur\u00eda\" class=\"wp-image-836\" srcset=\"https:\/\/thebibleverses.org\/es\/wp-content\/uploads\/2022\/05\/Versiculos-Biblicos-sobre-la-Sabiduria-1024x631.webp 1024w, https:\/\/thebibleverses.org\/es\/wp-content\/uploads\/2022\/05\/Versiculos-Biblicos-sobre-la-Sabiduria-300x185.webp 300w, https:\/\/thebibleverses.org\/es\/wp-content\/uploads\/2022\/05\/Versiculos-Biblicos-sobre-la-Sabiduria-768x474.webp 768w, https:\/\/thebibleverses.org\/es\/wp-content\/uploads\/2022\/05\/Versiculos-Biblicos-sobre-la-Sabiduria-320x197.webp 320w, https:\/\/thebibleverses.org\/es\/wp-content\/uploads\/2022\/05\/Versiculos-Biblicos-sobre-la-Sabiduria-450x278.webp 450w, https:\/\/thebibleverses.org\/es\/wp-content\/uploads\/2022\/05\/Versiculos-Biblicos-sobre-la-Sabiduria-720x444.webp 720w, https:\/\/thebibleverses.org\/es\/wp-content\/uploads\/2022\/05\/Versiculos-Biblicos-sobre-la-Sabiduria-scaled.webp 644w\" sizes=\"auto, (max-width: 1024px) 100vw, 1024px\" \/><figcaption>Vers\u00edculos B\u00edblicos sobre La Sabidur\u00eda &#8211; Reina Valera Contempor\u00e1nea (RVC).<\/figcaption><\/figure><\/div>\n\n\n\n<h2 class=\"wp-block-heading\">Job 12:13 <\/h2>\n\n\n\n<p>Pero la sabidur\u00eda y el poder son de Dios, y suya tambi\u00e9n la decisi\u00f3n inteligente (Job 12:13).<\/p>\n\n\n\n<h2 class=\"wp-block-heading\">Job 28:28 <\/h2>\n\n\n\n<p>El temor del Se\u00f1or es la sabidur\u00eda. Quien se aparta del mal es inteligente (Job 28:28).<\/p>\n\n\n\n<h2 class=\"wp-block-heading\">Salmos 104:24 <\/h2>\n\n\n\n<p>\u00a1Tus obras, Se\u00f1or, son innumerables! \u00a1Todas las hiciste con gran sabidur\u00eda! \u00a1La tierra est\u00e1 llena de tus criaturas! (Sal 104:24).<\/p>\n\n\n\n<h2 class=\"wp-block-heading\">Salmos 111:10 <\/h2>\n\n\n\n<p>El principio de la sabidur\u00eda es el temor al Se\u00f1or. Quienes practican esto adquieren entendimiento y alaban al Se\u00f1or toda su vida (Sal 111:10).<\/p>\n\n\n\n<h2 class=\"wp-block-heading\">Proverbios 1:7 <\/h2>\n\n\n\n<p>El principio de la sabidur\u00eda es el temor al Se\u00f1or; Los necios desprecian la sabidur\u00eda y la ense\u00f1anza (Pr 1:7).<\/p>\n\n\n\n<h2 class=\"wp-block-heading\">Proverbios 2:6 <\/h2>\n\n\n\n<p>Porque el Se\u00f1or da la sabidur\u00eda; de sus labios brotan conocimiento e inteligencia (Pr 2:6).<\/p>\n\n\n\n<h2 class=\"wp-block-heading\">Proverbios 3:13 <\/h2>\n\n\n\n<p>\u00a1Dichoso el que halla la sabidur\u00eda y se encuentra con la inteligencia! (Pr 3:13).<\/p>\n\n\n\n<h2 class=\"wp-block-heading\">Proverbios 3:19<\/h2>\n\n\n\n<p>Con sabidur\u00eda, el Se\u00f1or fund\u00f3 la tierra; con inteligencia, el Se\u00f1or afirm\u00f3 los cielos (Pr 3:19).<\/p>\n\n\n\n<h2 class=\"wp-block-heading\">Proverbios 4:5 <\/h2>\n\n\n\n<p>Adquiere sabidur\u00eda e inteligencia, y nunca te olvides ni te apartes de las palabras de mi boca (Pr 4:5).<\/p>\n\n\n\n<h2 class=\"wp-block-heading\">Proverbios 4:7 <\/h2>\n\n\n\n<p>En primer lugar, adquiere sabidur\u00eda; sobre todas las cosas, adquiere inteligencia (Pr 4:7).<\/p>\n\n\n\n<h2 class=\"wp-block-heading\">Proverbios 8:11 <\/h2>\n\n\n\n<p>Yo, la sabidur\u00eda, valgo m\u00e1s que las piedras preciosas! \u00a1Ni lo m\u00e1s deseable puede compararse conmigo! (Pr 8:11).<\/p>\n\n\n\n<h2 class=\"wp-block-heading\">Proverbios 9:10<\/h2>\n\n\n\n<p>El principio de la sabidur\u00eda es el temor del Se\u00f1or; el conocimiento de lo santo es inteligencia (Pr 9:10).<\/p>\n\n\n\n<h2 class=\"wp-block-heading\">Proverbios 11:2 <\/h2>\n\n\n\n<p>Con la soberbia llega tambi\u00e9n la deshonra, pero la sabidur\u00eda acompa\u00f1a a los humildes (Pr 11:2).<\/p>\n\n\n\n<h2 class=\"wp-block-heading\">Eclesiast\u00e9s 2:13 <\/h2>\n\n\n\n<p>Conclu\u00ed entonces que la sabidur\u00eda sobrepasa a la necedad, como sobrepasa la luz a las tinieblas (Ec 2:13).<\/p>\n\n\n\n<h2 class=\"wp-block-heading\">Eclesiast\u00e9s 7:19 <\/h2>\n\n\n\n<p>La sabidur\u00eda da al sabio m\u00e1s fuerza que diez hombres fuertes a una ciudad (Ec 7:19).<\/p>\n\n\n\n<h2 class=\"wp-block-heading\">Isa\u00edas 11:2 <\/h2>\n\n\n\n<p>Sobre \u00e9l reposar\u00e1 el esp\u00edritu del Se\u00f1or; el esp\u00edritu de sabidur\u00eda y de inteligencia; el esp\u00edritu de consejo y de poder, el esp\u00edritu de conocimiento y de temor del Se\u00f1or (Is 11:2).<\/p>\n\n\n\n<h2 class=\"wp-block-heading\">Daniel 2:20 <\/h2>\n\n\n\n<p>\u00a1Bendito seas por siempre el nombre de Dios, porque tuyos son el poder y la sabidur\u00eda! (Da 2:20).<\/p>\n\n\n\n<h2 class=\"wp-block-heading\">Daniel 2:21 <\/h2>\n\n\n\n<p>T\u00fa cambias los tiempos y las edades, y a unos reyes los pones y a otros los quitas. A los sabios y entendidos les das gran sabidur\u00eda (Da 2:21).<\/p>\n\n\n\n<h2 class=\"wp-block-heading\">Mateo 13:54 <\/h2>\n\n\n\n<p>Al llegar a su tierra, les ense\u00f1aba en la sinagoga del lugar. La gente se asombraba y dec\u00eda: \u00bfDe d\u00f3nde le viene a \u00e9ste la sabidur\u00eda? \u00bfC\u00f3mo es que hace estos milagros? (Mt 13:54).<\/p>\n\n\n\n<h2 class=\"wp-block-heading\">Lucas 2:40 <\/h2>\n\n\n\n<p>El ni\u00f1o crec\u00eda y se fortalec\u00eda, y se llenaba de sabidur\u00eda, y la gracia de Dios reposaba en \u00e9l (Lc 2:40).<\/p>\n\n\n\n<h2 class=\"wp-block-heading\">Lucas 21:15 <\/h2>\n\n\n\n<p>Porque yo les dar\u00e9 las palabras y la sabidur\u00eda, las cuales no podr\u00e1n resistir ni contradecir todos sus oponentes (Lc 21:15).<\/p>\n\n\n\n<h2 class=\"wp-block-heading\">Romanos 11:33 <\/h2>\n\n\n\n<p>\u00a1Qu\u00e9 profundas son las riquezas de la sabidur\u00eda y del conocimiento de Dios! \u00a1Cu\u00e1n incomprensibles son sus juicios, e inescrutables sus caminos! (Ro 11:33).<\/p>\n\n\n\n<h2 class=\"wp-block-heading\">Romanos 16:27 <\/h2>\n\n\n\n<p>Al \u00fanico y sabio Dios, sea la gloria mediante Jesucristo para siempre. Am\u00e9n (Ro 16:27).<\/p>\n\n\n\n<h2 class=\"wp-block-heading\">1 Corintios 1:24 <\/h2>\n\n\n\n<p>Pero para los llamados, tanto jud\u00edos como griegos, Cristo es poder de Dios, y sabidur\u00eda de Dios (1 Co 1:24).<\/p>\n\n\n\n<h2 class=\"wp-block-heading\">1 Corintios 1:25 <\/h2>\n\n\n\n<p>Porque lo insensato de Dios es m\u00e1s sabio que los hombres, y lo d\u00e9bil de Dios es m\u00e1s fuerte que los hombres (1 Co 1:25).<\/p>\n\n\n\n<h2 class=\"wp-block-heading\">1 Corintios 2:6-7 <\/h2>\n\n\n\n<p>Sin embargo, entre los que han alcanzado la madurez s\u00ed hablamos con sabidur\u00eda, pero no con la sabidur\u00eda de este mundo ni la de sus gobernantes, los cuales perecen. M\u00e1s bien hablamos de la sabidur\u00eda oculta y misteriosa de Dios, que desde hace mucho tiempo Dios hab\u00eda predestinado para nuestra gloria (1 Co 2:6-7).<\/p>\n\n\n\n<h2 class=\"wp-block-heading\">1 Corintios 12:8 <\/h2>\n\n\n\n<p>A uno el Esp\u00edritu le da palabra de sabidur\u00eda; a otro, el mismo Esp\u00edritu le da palabra de ciencia (1 Co 12:8).<\/p>\n\n\n\n<h2 class=\"wp-block-heading\">Colosenses 2:3 <\/h2>\n\n\n\n<p>En quien se hallan escondidos todos los tesoros de la sabidur\u00eda y del conocimiento (Col 2:3).<\/p>\n\n\n\n<h2 class=\"wp-block-heading\">Santiago 1:5 <\/h2>\n\n\n\n<p>Si alguno de ustedes requiere de sabidur\u00eda, p\u00eddasela a Dios, y \u00e9l se la dar\u00e1, pues Dios se la da a todos en abundancia y sin hacer ning\u00fan reproche (Stg 1:5).<\/p>\n\n\n\n<h2 class=\"wp-block-heading\">Santiago 3:17 <\/h2>\n\n\n\n<p>Pero la sabidur\u00eda que viene de lo alto es, ante todo, pura, y adem\u00e1s pac\u00edfica, amable, benigna, llena de compasi\u00f3n y de buenos frutos, ecu\u00e1nime y genuina (Stg 3:17).<\/p>\n\n\n\n<h2 class=\"wp-block-heading\">Lee Tambi\u00e9n:<\/h2>\n\n\n\n<ul class=\"wp-block-list\"><li><a href=\"https:\/\/thebibleverses.org\/es\/\">Vers\u00edculos por Tema<\/a><\/li><li><a href=\"https:\/\/thebibleverses.org\/es\/amor\/\">Vers\u00edculos B\u00edblicos sobre el Amor<\/a><\/li><li><a href=\"https:\/\/thebibleverses.org\/es\/fortaleza\/\">Vers\u00edculos B\u00edblicos de Fortaleza<\/a><\/li><li><a href=\"https:\/\/thebibleverses.org\/es\/fe\/\">Vers\u00edculos B\u00edblicos sobre la Fe<\/a><\/li><li><a href=\"https:\/\/thebibleverses.org\/es\/jovenes\/\">Vers\u00edculos B\u00edblicos para J\u00f3venes<\/a><\/li><li><a href=\"https:\/\/thebibleverses.org\/es\/amistad\/\">Vers\u00edculos B\u00edblicos sobre la Amistad<\/a><\/li><li><a href=\"https:\/\/thebibleverses.org\/es\/sanidad\/\">Vers\u00edculos B\u00edblicos sobre Sanidad<\/a><\/li><\/ul>\n","protected":false},"excerpt":{"rendered":"<p>Job 12:13 Pero la sabidur\u00eda y el poder son de Dios, y suya tambi\u00e9n la decisi\u00f3n inteligente (Job 12:13). Job 28:28 El temor del Se\u00f1or es la sabidur\u00eda. Quien se aparta del mal es inteligente (Job 28:28). Salmos 104:24 \u00a1Tus obras, Se\u00f1or, son innumerables! \u00a1Todas las hiciste con gran sabidur\u00eda! \u00a1La tierra est\u00e1 llena de [&hellip;]<\/p>\n","protected":false},"author":1,"featured_media":836,"parent":0,"menu_order":0,"comment_status":"open","ping_status":"closed","template":"","meta":{"footnotes":""},"class_list":["post-196","page","type-page","status-publish","has-post-thumbnail","hentry","entry","fw-tab-6 fw-tabr-4"],"_links":{"self":[{"href":"https:\/\/thebibleverses.org\/es\/wp-json\/wp\/v2\/pages\/196","targetHints":{"allow":["GET"]}}],"collection":[{"href":"https:\/\/thebibleverses.org\/es\/wp-json\/wp\/v2\/pages"}],"about":[{"href":"https:\/\/thebibleverses.org\/es\/wp-json\/wp\/v2\/types\/page"}],"author":[{"embeddable":true,"href":"https:\/\/thebibleverses.org\/es\/wp-json\/wp\/v2\/users\/1"}],"replies":[{"embeddable":true,"href":"https:\/\/thebibleverses.org\/es\/wp-json\/wp\/v2\/comments?post=196"}],"version-history":[{"count":0,"href":"https:\/\/thebibleverses.org\/es\/wp-json\/wp\/v2\/pages\/196\/revisions"}],"wp:featuredmedia":[{"embeddable":true,"href":"https:\/\/thebibleverses.org\/es\/wp-json\/wp\/v2\/media\/836"}],"wp:attachment":[{"href":"https:\/\/thebibleverses.org\/es\/wp-json\/wp\/v2\/media?parent=196"}],"curies":[{"name":"wp","href":"https:\/\/api.w.org\/{rel}","templated":true}]}}