{"id":187,"date":"2019-03-12T03:25:48","date_gmt":"2019-03-12T03:25:48","guid":{"rendered":"https:\/\/thebibleverses.org\/es\/?page_id=187"},"modified":"2022-05-17T02:01:39","modified_gmt":"2022-05-17T02:01:39","slug":"servir","status":"publish","type":"page","link":"https:\/\/thebibleverses.org\/es\/servir\/","title":{"rendered":"20 Vers\u00edculos de la Biblia Sobre Servir"},"content":{"rendered":"\n<div class=\"wp-block-image\"><figure class=\"aligncenter size-large\"><img loading=\"lazy\" decoding=\"async\" width=\"1024\" height=\"631\" src=\"https:\/\/thebibleverses.org\/es\/wp-content\/uploads\/2022\/05\/Versiculos-Biblicos-sobre-Servir-1024x631.webp\" alt=\"Vers\u00edculos B\u00edblicos sobre Servir\" class=\"wp-image-851\" srcset=\"https:\/\/thebibleverses.org\/es\/wp-content\/uploads\/2022\/05\/Versiculos-Biblicos-sobre-Servir-1024x631.webp 1024w, https:\/\/thebibleverses.org\/es\/wp-content\/uploads\/2022\/05\/Versiculos-Biblicos-sobre-Servir-300x185.webp 300w, https:\/\/thebibleverses.org\/es\/wp-content\/uploads\/2022\/05\/Versiculos-Biblicos-sobre-Servir-768x474.webp 768w, https:\/\/thebibleverses.org\/es\/wp-content\/uploads\/2022\/05\/Versiculos-Biblicos-sobre-Servir-320x197.webp 320w, https:\/\/thebibleverses.org\/es\/wp-content\/uploads\/2022\/05\/Versiculos-Biblicos-sobre-Servir-450x278.webp 450w, https:\/\/thebibleverses.org\/es\/wp-content\/uploads\/2022\/05\/Versiculos-Biblicos-sobre-Servir-720x444.webp 720w, https:\/\/thebibleverses.org\/es\/wp-content\/uploads\/2022\/05\/Versiculos-Biblicos-sobre-Servir-scaled.webp 644w\" sizes=\"auto, (max-width: 1024px) 100vw, 1024px\" \/><figcaption>Vers\u00edculos B\u00edblicos sobre Servir &#8211; Reina Valera Contempor\u00e1nea (RVC).<\/figcaption><\/figure><\/div>\n\n\n\n<h2 class=\"wp-block-heading\">\u00c9xodo 23:25 <\/h2>\n\n\n\n<p>Pero me servir\u00e1n a m\u00ed, el Se\u00f1or su Dios, y yo bendecir\u00e9 tu pan y tus aguas, y quitar\u00e9 de en medio de ti toda enfermedad (Ex 23:25).<\/p>\n\n\n\n<h2 class=\"wp-block-heading\">Deuteronomio 10:12 <\/h2>\n\n\n\n<p>Y ahora, Israel, \u00bfqu\u00e9 es lo que el Se\u00f1or tu Dios pide de ti? Solamente que temas al Se\u00f1or tu Dios, que vayas por todos sus caminos, y que ames y sirvas al Se\u00f1or tu Dios con todo tu coraz\u00f3n y con toda tu alma (Dt 10:12)<\/p>\n\n\n\n<h2 class=\"wp-block-heading\">Deuteronomio 13:4 <\/h2>\n\n\n\n<p>Ustedes deben ir en pos del Se\u00f1or su Dios, y temerlo s\u00f3lo a \u00e9l. Deben cumplir sus mandamientos y atender su voz. S\u00f3lo a \u00e9l deben servir; s\u00f3lo a \u00e9l deben seguir (Dt 13:4).<\/p>\n\n\n\n<h2 class=\"wp-block-heading\">Josu\u00e9 24:15 <\/h2>\n\n\n\n<p>Pero si no les parece bien servirle, escojan hoy a qui\u00e9n quieren servir, si a los dioses que sus padres adoraron cuando a\u00fan estaban al otro lado del r\u00edo, o a los dioses que sirven los amorreos en esta tierra donde ahora ustedes viven. Por mi parte, mi casa y yo serviremos al Se\u00f1or (Jos 24:15).<\/p>\n\n\n\n<h2 class=\"wp-block-heading\">1 Cr\u00f3nicas 28:9 <\/h2>\n\n\n\n<p>Y t\u00fa, Salom\u00f3n, hijo m\u00edo, reconoce al Dios de tu padre, y s\u00edrvele con coraz\u00f3n perfecto y con \u00e1nimo voluntario, porque el Se\u00f1or escudri\u00f1a los corazones de todos y entiende toda intenci\u00f3n de los pensamientos. Si t\u00fa lo buscas, lo hallar\u00e1s; pero si lo dejas, \u00e9l te desechar\u00e1 para siempre (1 Cr 28:9).<\/p>\n\n\n\n<h2 class=\"wp-block-heading\">Salmos 2:11 <\/h2>\n\n\n\n<p>Sirvan al Se\u00f1or con reverencia y r\u00edndanle culto con temor reverente (Sal 2:11).<\/p>\n\n\n\n<h2 class=\"wp-block-heading\">Salmos 100:2 <\/h2>\n\n\n\n<p>\u00a1Sirvan al Se\u00f1or con alegr\u00eda! \u00a1Vengan a su presencia con regocijo! (Sal 100:2).<\/p>\n\n\n\n<h2 class=\"wp-block-heading\">Mateo 6:24 <\/h2>\n\n\n\n<p>Nadie puede servir a dos amos, pues odiar\u00e1 a uno y amar\u00e1 al otro, o estimar\u00e1 a uno y menospreciar\u00e1 al otro. Ustedes no pueden servir a Dios y a las riquezas (Mt 6:24).<\/p>\n\n\n\n<h2 class=\"wp-block-heading\">Mateo 20:28 <\/h2>\n\n\n\n<p>Imiten al Hijo del Hombre, que no vino para ser servido, sino para servir y para dar su vida en rescate por muchos (Mt 20:28).<\/p>\n\n\n\n<h2 class=\"wp-block-heading\">Mateo 25:21 <\/h2>\n\n\n\n<p>Y su se\u00f1or le dijo: \u201cBien, buen siervo y fiel; sobre poco has sido fiel, sobre mucho te pondr\u00e9. Entra en el gozo de tu se\u00f1or\u201d (Mt 25:21).<\/p>\n\n\n\n<h2 class=\"wp-block-heading\">Marcos 9:35 <\/h2>\n\n\n\n<p>Jes\u00fas se sent\u00f3, llam\u00f3 a los doce, y les dijo: \u00abSi alguno quiere ser el primero, deber\u00e1 ser el \u00faltimo de todos, y el servidor de todos\u00bb (Mr 9:35).<\/p>\n\n\n\n<h2 class=\"wp-block-heading\">Marcos 10:44 <\/h2>\n\n\n\n<p>Y aquel de ustedes que quiera ser el primero, ser\u00e1 su esclavo (Mr 10:44).<\/p>\n\n\n\n<h2 class=\"wp-block-heading\">Marcos 10:45 <\/h2>\n\n\n\n<p>Porque ni siquiera el Hijo del Hombre vino para ser servido, sino para servir y para dar su vida en rescate por muchos (Mr 10:45).<\/p>\n\n\n\n<h2 class=\"wp-block-heading\">Juan 12:26 <\/h2>\n\n\n\n<p>Si alguno me sirve, s\u00edgame; donde yo est\u00e9, all\u00ed tambi\u00e9n estar\u00e1 mi servidor. Si alguno me sirve, mi Padre lo honrar\u00e1 (Jn 12:26).<\/p>\n\n\n\n<h2 class=\"wp-block-heading\">Juan 13:14 <\/h2>\n\n\n\n<p>Pues si yo, el Se\u00f1or y el Maestro, les he lavado los pies, tambi\u00e9n ustedes deben lavarse los pies unos a otros (Jn 13:14).<\/p>\n\n\n\n<h2 class=\"wp-block-heading\">Romanos 12:11 <\/h2>\n\n\n\n<p>Si algo demanda diligencia, no seamos perezosos; sirvamos al Se\u00f1or con esp\u00edritu ferviente (Ro 12:11).<\/p>\n\n\n\n<h2 class=\"wp-block-heading\">G\u00e1latas 5:13 <\/h2>\n\n\n\n<p>Hermanos, ustedes han sido llamados a la libertad, s\u00f3lo que no usen la libertad como pretexto para pecar; m\u00e1s bien, s\u00edrvanse los unos a los otros por amor (Ga 5:13).<\/p>\n\n\n\n<h2 class=\"wp-block-heading\">Efesios 6:6-7<\/h2>\n\n\n\n<p>No act\u00faen as\u00ed s\u00f3lo cuando los est\u00e9n mirando, como los que quieren agradar a la gente, sino como siervos de Cristo que de coraz\u00f3n hacen la voluntad de Dios. Cuando sirvan, h\u00e1ganlo de buena gana, como quien sirve al Se\u00f1or y no a los hombres (Ef 6:6-7).<\/p>\n\n\n\n<h2 class=\"wp-block-heading\">Colosenses 3:24 <\/h2>\n\n\n\n<p>Porque ya saben que el Se\u00f1or les dar\u00e1 la herencia como recompensa, pues ustedes sirven a Cristo el Se\u00f1or (Col 3:24).<\/p>\n\n\n\n<h2 class=\"wp-block-heading\">Hebreos 12:28 <\/h2>\n\n\n\n<p>As\u00ed que nosotros, que hemos recibido un reino inconmovible, debemos ser agradecidos y, con esa misma gratitud, servir a Dios y agradarle con temor y reverencia (Heb 12:28).<\/p>\n\n\n\n<h2 class=\"wp-block-heading\">Lee Tambi\u00e9n:<\/h2>\n\n\n\n<ul class=\"wp-block-list\"><li><a href=\"https:\/\/thebibleverses.org\/es\/\">Vers\u00edculos por Tema<\/a><\/li><li><a href=\"https:\/\/thebibleverses.org\/es\/amor\/\">Vers\u00edculos B\u00edblicos sobre el Amor<\/a><\/li><li><a href=\"https:\/\/thebibleverses.org\/es\/fortaleza\/\">Vers\u00edculos B\u00edblicos de Fortaleza<\/a><\/li><li><a href=\"https:\/\/thebibleverses.org\/es\/fe\/\">Vers\u00edculos B\u00edblicos sobre la Fe<\/a><\/li><li><a href=\"https:\/\/thebibleverses.org\/es\/jovenes\/\">Vers\u00edculos B\u00edblicos para J\u00f3venes<\/a><\/li><li><a href=\"https:\/\/thebibleverses.org\/es\/amistad\/\">Vers\u00edculos B\u00edblicos sobre la Amistad<\/a><\/li><li><a href=\"https:\/\/thebibleverses.org\/es\/sanidad\/\">Vers\u00edculos B\u00edblicos sobre Sanidad<\/a><\/li><\/ul>\n","protected":false},"excerpt":{"rendered":"<p>\u00c9xodo 23:25 Pero me servir\u00e1n a m\u00ed, el Se\u00f1or su Dios, y yo bendecir\u00e9 tu pan y tus aguas, y quitar\u00e9 de en medio de ti toda enfermedad (Ex 23:25). Deuteronomio 10:12 Y ahora, Israel, \u00bfqu\u00e9 es lo que el Se\u00f1or tu Dios pide de ti? Solamente que temas al Se\u00f1or tu Dios, que vayas [&hellip;]<\/p>\n","protected":false},"author":1,"featured_media":851,"parent":0,"menu_order":0,"comment_status":"open","ping_status":"closed","template":"","meta":{"footnotes":""},"class_list":["post-187","page","type-page","status-publish","has-post-thumbnail","hentry","entry","fw-tab-6 fw-tabr-4"],"_links":{"self":[{"href":"https:\/\/thebibleverses.org\/es\/wp-json\/wp\/v2\/pages\/187","targetHints":{"allow":["GET"]}}],"collection":[{"href":"https:\/\/thebibleverses.org\/es\/wp-json\/wp\/v2\/pages"}],"about":[{"href":"https:\/\/thebibleverses.org\/es\/wp-json\/wp\/v2\/types\/page"}],"author":[{"embeddable":true,"href":"https:\/\/thebibleverses.org\/es\/wp-json\/wp\/v2\/users\/1"}],"replies":[{"embeddable":true,"href":"https:\/\/thebibleverses.org\/es\/wp-json\/wp\/v2\/comments?post=187"}],"version-history":[{"count":0,"href":"https:\/\/thebibleverses.org\/es\/wp-json\/wp\/v2\/pages\/187\/revisions"}],"wp:featuredmedia":[{"embeddable":true,"href":"https:\/\/thebibleverses.org\/es\/wp-json\/wp\/v2\/media\/851"}],"wp:attachment":[{"href":"https:\/\/thebibleverses.org\/es\/wp-json\/wp\/v2\/media?parent=187"}],"curies":[{"name":"wp","href":"https:\/\/api.w.org\/{rel}","templated":true}]}}