{"id":166,"date":"2019-03-05T00:48:52","date_gmt":"2019-03-05T00:48:52","guid":{"rendered":"https:\/\/thebibleverses.org\/es\/?page_id=166"},"modified":"2022-05-17T01:42:14","modified_gmt":"2022-05-17T01:42:14","slug":"responsabilidad","status":"publish","type":"page","link":"https:\/\/thebibleverses.org\/es\/responsabilidad\/","title":{"rendered":"15 Vers\u00edculos de la Biblia sobre la Responsabilidad"},"content":{"rendered":"\n<div class=\"wp-block-image\"><figure class=\"aligncenter size-large\"><img loading=\"lazy\" decoding=\"async\" width=\"1024\" height=\"631\" src=\"https:\/\/thebibleverses.org\/es\/wp-content\/uploads\/2022\/05\/Versiculos-Biblicos-sobre-Responsabilidad-1024x631.webp\" alt=\"Vers\u00edculos B\u00edblicos sobre la Responsabilidad\" class=\"wp-image-827\" srcset=\"https:\/\/thebibleverses.org\/es\/wp-content\/uploads\/2022\/05\/Versiculos-Biblicos-sobre-Responsabilidad-1024x631.webp 1024w, https:\/\/thebibleverses.org\/es\/wp-content\/uploads\/2022\/05\/Versiculos-Biblicos-sobre-Responsabilidad-300x185.webp 300w, https:\/\/thebibleverses.org\/es\/wp-content\/uploads\/2022\/05\/Versiculos-Biblicos-sobre-Responsabilidad-768x474.webp 768w, https:\/\/thebibleverses.org\/es\/wp-content\/uploads\/2022\/05\/Versiculos-Biblicos-sobre-Responsabilidad-320x197.webp 320w, https:\/\/thebibleverses.org\/es\/wp-content\/uploads\/2022\/05\/Versiculos-Biblicos-sobre-Responsabilidad-450x278.webp 450w, https:\/\/thebibleverses.org\/es\/wp-content\/uploads\/2022\/05\/Versiculos-Biblicos-sobre-Responsabilidad-720x444.webp 720w, https:\/\/thebibleverses.org\/es\/wp-content\/uploads\/2022\/05\/Versiculos-Biblicos-sobre-Responsabilidad-scaled.webp 644w\" sizes=\"auto, (max-width: 1024px) 100vw, 1024px\" \/><figcaption>Vers\u00edculos B\u00edblicos sobre la Responsabilidad &#8211; Reina Valera Contempor\u00e1nea (RVC).<\/figcaption><\/figure><\/div>\n\n\n\n<h2 class=\"wp-block-heading\">Lev\u00edtico 5:17 <\/h2>\n\n\n\n<p>Si alguien peca, o incurre en algo que por mandamiento del Se\u00f1or no se debe hacer, aun si no sab\u00eda que hac\u00eda mal, ser\u00e1 culpable y cargar\u00e1 con su pecado (Lev 5:17).<\/p>\n\n\n\n<h2 class=\"wp-block-heading\">Deuteronomio 24:16 <\/h2>\n\n\n\n<p>Ning\u00fan padre morir\u00e1 en lugar de su hijo, ni tampoco ning\u00fan hijo morir\u00e1 en lugar de su padre; cada uno responder\u00e1 por su propio pecado (Deut 24:16).<\/p>\n\n\n\n<h2 class=\"wp-block-heading\">Job 19:4 <\/h2>\n\n\n\n<p>Aun admitiendo que haya errado, las consecuencias son asunto m\u00edo(Job 19:4).<\/p>\n\n\n\n<h2 class=\"wp-block-heading\">Proverbios 9:12 <\/h2>\n\n\n\n<p>Si te haces sabio, el provecho es tuyo; si te vuelves blasfemo, sufrir\u00e1s las consecuencias (Pr 9:12).<\/p>\n\n\n\n<h2 class=\"wp-block-heading\">Jerem\u00edas 31:29-30 <\/h2>\n\n\n\n<p>En esos d\u00edas no volver\u00e1 a decirse \u201cLos padres comieron las uvas agrias, y los dientes de los hijos tienen la dentera\u201d, sino que cada cual morir\u00e1 por su propia maldad. La dentera la tendr\u00e1n los dientes de todo el que coma las uvas agrias (Jr 31:29-30).<\/p>\n\n\n\n<h2 class=\"wp-block-heading\">Ezequiel 18:20 <\/h2>\n\n\n\n<p>S\u00f3lo el que peque merece la muerte. Ning\u00fan hijo pagar\u00e1 por el pecado de su padre, ni tampoco ning\u00fan padre pagar\u00e1 por el pecado de su hijo. El hombre justo ser\u00e1 juzgado por su justicia, y el malvado ser\u00e1 juzgado por su maldad (Ez 18:20).<\/p>\n\n\n\n<h2 class=\"wp-block-heading\">Ezequiel 33:6 <\/h2>\n\n\n\n<p>En cambio, si al venir la espada el atalaya no toca la trompeta para prevenir a la gente, cuando la espada llegue y hiera de muerte a alguien, \u00e9ste morir\u00e1 por causa de su pecado, pero yo har\u00e9 responsable de su muerte al atalaya (Ez 33:6).<\/p>\n\n\n\n<h2 class=\"wp-block-heading\">Mateo 12:36-37 <\/h2>\n\n\n\n<p>Pero yo les digo que, en el d\u00eda del juicio, cada uno de ustedes dar\u00e1 cuenta de cada palabra ociosa que haya pronunciado. Porque por tus palabras ser\u00e1s reivindicado, y por tus palabras ser\u00e1s condenado (Mt 12:36-37).<\/p>\n\n\n\n<h2 class=\"wp-block-heading\">Romanos 14:12 <\/h2>\n\n\n\n<p>As\u00ed que cada uno de nosotros tendr\u00e1 que rendir cuentas a Dios de s\u00ed mismo (Ro 14:12).<\/p>\n\n\n\n<h2 class=\"wp-block-heading\">2 Corintios 5:10 <\/h2>\n\n\n\n<p>Porque es necesario que todos nosotros comparezcamos ante el tribunal de Cristo, para que cada uno reciba seg\u00fan lo bueno o lo malo que haya hecho mientras estaba en el cuerpo (2 Co 5:10).<\/p>\n\n\n\n<h2 class=\"wp-block-heading\">G\u00e1latas 6:4-5 <\/h2>\n\n\n\n<p>As\u00ed que, cada uno ponga a prueba su propia obra, y entonces tendr\u00e1 motivo de jactarse, pero s\u00f3lo respecto de s\u00ed mismo y no por otro; porque cada uno llevar\u00e1 su propia carga (Ga 6:4-5).<\/p>\n\n\n\n<h2 class=\"wp-block-heading\">1 Timoteo 5:8 <\/h2>\n\n\n\n<p>Porque si alguno no provee para los suyos, y especialmente para los de su casa, niega la fe y es peor que un incr\u00e9dulo (1 Ti 5:8).<\/p>\n\n\n\n<h2 class=\"wp-block-heading\">Hebreos 13:17 <\/h2>\n\n\n\n<p>Obedezcan a sus pastores, y resp\u00e9tenlos. Ellos cuidan de ustedes porque saben que tienen que rendir cuentas a Dios. As\u00ed ellos cuidar\u00e1n de ustedes con alegr\u00eda, y sin quejarse; de lo contrario, no ser\u00e1 provechoso para ustedes (He 13:17).<\/p>\n\n\n\n<h2 class=\"wp-block-heading\">Santiago 3:1 <\/h2>\n\n\n\n<p>Hermanos m\u00edos, no se convierta la mayor\u00eda de ustedes en maestros. Bien saben que el juicio que recibiremos ser\u00e1 mayor (Stg 3:1).<\/p>\n\n\n\n<h2 class=\"wp-block-heading\">1 Pedro 4:4-5 <\/h2>\n\n\n\n<p>Para ellos resulta extra\u00f1o que ustedes ya no los acompa\u00f1en en ese mismo desenfreno y libertinaje, y por eso los ultrajan; pero tendr\u00e1n que dar cuenta de ello al que est\u00e1 preparado para juzgar a los vivos y a los muertos (1 Pe 4:4-5).<\/p>\n\n\n\n<h2 class=\"wp-block-heading\">Lee Tambi\u00e9n:<\/h2>\n\n\n\n<ul class=\"wp-block-list\"><li><a href=\"https:\/\/thebibleverses.org\/es\/\">Vers\u00edculos por Tema<\/a><\/li><li><a href=\"https:\/\/thebibleverses.org\/es\/amor\/\">Vers\u00edculos B\u00edblicos sobre el Amor<\/a><\/li><li><a href=\"https:\/\/thebibleverses.org\/es\/fortaleza\/\">Vers\u00edculos B\u00edblicos de Fortaleza<\/a><\/li><li><a href=\"https:\/\/thebibleverses.org\/es\/fe\/\">Vers\u00edculos B\u00edblicos sobre la Fe<\/a><\/li><li><a href=\"https:\/\/thebibleverses.org\/es\/jovenes\/\">Vers\u00edculos B\u00edblicos para J\u00f3venes<\/a><\/li><li><a href=\"https:\/\/thebibleverses.org\/es\/amistad\/\">Vers\u00edculos B\u00edblicos sobre la Amistad<\/a><\/li><li><a href=\"https:\/\/thebibleverses.org\/es\/sanidad\/\">Vers\u00edculos B\u00edblicos sobre Sanidad<\/a><\/li><\/ul>\n","protected":false},"excerpt":{"rendered":"<p>Lev\u00edtico 5:17 Si alguien peca, o incurre en algo que por mandamiento del Se\u00f1or no se debe hacer, aun si no sab\u00eda que hac\u00eda mal, ser\u00e1 culpable y cargar\u00e1 con su pecado (Lev 5:17). Deuteronomio 24:16 Ning\u00fan padre morir\u00e1 en lugar de su hijo, ni tampoco ning\u00fan hijo morir\u00e1 en lugar de su padre; cada [&hellip;]<\/p>\n","protected":false},"author":1,"featured_media":827,"parent":0,"menu_order":0,"comment_status":"open","ping_status":"closed","template":"","meta":{"footnotes":""},"class_list":["post-166","page","type-page","status-publish","has-post-thumbnail","hentry","entry","fw-tab-6 fw-tabr-4"],"_links":{"self":[{"href":"https:\/\/thebibleverses.org\/es\/wp-json\/wp\/v2\/pages\/166","targetHints":{"allow":["GET"]}}],"collection":[{"href":"https:\/\/thebibleverses.org\/es\/wp-json\/wp\/v2\/pages"}],"about":[{"href":"https:\/\/thebibleverses.org\/es\/wp-json\/wp\/v2\/types\/page"}],"author":[{"embeddable":true,"href":"https:\/\/thebibleverses.org\/es\/wp-json\/wp\/v2\/users\/1"}],"replies":[{"embeddable":true,"href":"https:\/\/thebibleverses.org\/es\/wp-json\/wp\/v2\/comments?post=166"}],"version-history":[{"count":0,"href":"https:\/\/thebibleverses.org\/es\/wp-json\/wp\/v2\/pages\/166\/revisions"}],"wp:featuredmedia":[{"embeddable":true,"href":"https:\/\/thebibleverses.org\/es\/wp-json\/wp\/v2\/media\/827"}],"wp:attachment":[{"href":"https:\/\/thebibleverses.org\/es\/wp-json\/wp\/v2\/media?parent=166"}],"curies":[{"name":"wp","href":"https:\/\/api.w.org\/{rel}","templated":true}]}}