{"id":161,"date":"2019-03-05T00:48:17","date_gmt":"2019-03-05T00:48:17","guid":{"rendered":"https:\/\/thebibleverses.org\/es\/?page_id=161"},"modified":"2022-05-17T01:40:11","modified_gmt":"2022-05-17T01:40:11","slug":"respeto","status":"publish","type":"page","link":"https:\/\/thebibleverses.org\/es\/respeto\/","title":{"rendered":"20 Vers\u00edculos de la Biblia sobre el Respeto"},"content":{"rendered":"\n<div class=\"wp-block-image\"><figure class=\"aligncenter size-large\"><img loading=\"lazy\" decoding=\"async\" width=\"1024\" height=\"631\" src=\"https:\/\/thebibleverses.org\/es\/wp-content\/uploads\/2022\/05\/Versiculos-Biblicos-sobre-Respeto-1024x631.webp\" alt=\"Vers\u00edculos B\u00edblicos sobre el Respeto\" class=\"wp-image-824\" srcset=\"https:\/\/thebibleverses.org\/es\/wp-content\/uploads\/2022\/05\/Versiculos-Biblicos-sobre-Respeto-1024x631.webp 1024w, https:\/\/thebibleverses.org\/es\/wp-content\/uploads\/2022\/05\/Versiculos-Biblicos-sobre-Respeto-300x185.webp 300w, https:\/\/thebibleverses.org\/es\/wp-content\/uploads\/2022\/05\/Versiculos-Biblicos-sobre-Respeto-768x474.webp 768w, https:\/\/thebibleverses.org\/es\/wp-content\/uploads\/2022\/05\/Versiculos-Biblicos-sobre-Respeto-320x197.webp 320w, https:\/\/thebibleverses.org\/es\/wp-content\/uploads\/2022\/05\/Versiculos-Biblicos-sobre-Respeto-450x278.webp 450w, https:\/\/thebibleverses.org\/es\/wp-content\/uploads\/2022\/05\/Versiculos-Biblicos-sobre-Respeto-720x444.webp 720w, https:\/\/thebibleverses.org\/es\/wp-content\/uploads\/2022\/05\/Versiculos-Biblicos-sobre-Respeto-scaled.webp 644w\" sizes=\"auto, (max-width: 1024px) 100vw, 1024px\" \/><figcaption>Vers\u00edculos B\u00edblicos sobre el Respeto &#8211; Reina Valera Contempor\u00e1nea (RVC).<\/figcaption><\/figure><\/div>\n\n\n\n<h2 class=\"wp-block-heading\">\u00c9xodo 20:12<\/h2>\n\n\n\n<p>Honrar\u00e1s a tu padre ya tu madre, para que tu vida se alarme en la tierra que yo, el Se\u00f1or tu Dios, te doy (Ex 20:12).<\/p>\n\n\n\n<h2 class=\"wp-block-heading\">\u00c9xodo 22:28 <\/h2>\n\n\n\n<p>No ofender\u00e1s a los jueces, ni maldecir\u00e1s al pr\u00edncipe de tu pueblo (Ex 22:28).<\/p>\n\n\n\n<h2 class=\"wp-block-heading\">Lev\u00edtico 19:3 <\/h2>\n\n\n\n<p>Cada uno de ustedes debe respetar a su madre y a su padre, y respetar tambi\u00e9n mis d\u00edas de reposo. Yo soy el Se\u00f1or su Dios (Lev 19:3).<\/p>\n\n\n\n<h2 class=\"wp-block-heading\">Lev\u00edtico 19:32 <\/h2>\n\n\n\n<p>Lev\u00e1ntate delante de las canas. Muestra respeto ante los ancianos. Muestra temor ante tu Dios. Yo soy el Se\u00f1or (Lev 19:32).<\/p>\n\n\n\n<h2 class=\"wp-block-heading\">Deuteronomio 27:16 <\/h2>\n\n\n\n<p>Maldito sea el que deshonre a su padre o a su madre. Y todo el pueblo dir\u00e1: \u00a1Am\u00e9n! (Deut 27:16).<\/p>\n\n\n\n<h2 class=\"wp-block-heading\">1 Reyes 2:19 <\/h2>\n\n\n\n<p>Y Betsab\u00e9 fue a palacio para hablar con el rey Salom\u00f3n en favor de Adon\u00edas. El rey se levant\u00f3 a recibirla y se inclin\u00f3 ante ella; luego se sent\u00f3 en su trono y mand\u00f3 traer una silla para su madre, y ella se sent\u00f3 a su derecha (1 Re 2:19).<\/p>\n\n\n\n<h2 class=\"wp-block-heading\">Proverbios 1:8 <\/h2>\n\n\n\n<p>Atiende, hijo m\u00edo, las correcciones de tu padre, y no menosprecies las ense\u00f1anzas de tu madre (Pr 1:8).<\/p>\n\n\n\n<h2 class=\"wp-block-heading\">Proverbios 6:20 <\/h2>\n\n\n\n<p>Hijo m\u00edo, cumple el mandamiento de tu padre, y no te apartes de la ense\u00f1anza de tu madre (Pr 6:20).<\/p>\n\n\n\n<h2 class=\"wp-block-heading\">Proverbios 20:20 <\/h2>\n\n\n\n<p>Al que maldice a su padre o a su madre, su l\u00e1mpara se le apagar\u00e1 en medio de las tinieblas (Pr 20:20).<\/p>\n\n\n\n<h2 class=\"wp-block-heading\">Proverbios 23:22 <\/h2>\n\n\n\n<p>Escucha al padre que te dio la vida, y no menosprecies a tu anciana madre (Pr 23:22).<\/p>\n\n\n\n<h2 class=\"wp-block-heading\">Eclesiast\u00e9s 10:20 <\/h2>\n\n\n\n<p>No hables ni pienses mal del rey, ni hables mal del rico cuando est\u00e9s a solas, porque las aves del cielo correr\u00e1n la voz, y saldr\u00e1n volando a contarlo todo (Ec 10:20).<\/p>\n\n\n\n<h2 class=\"wp-block-heading\">Jerem\u00edas 35:8 <\/h2>\n\n\n\n<p>Nosotros hemos obedecido las \u00f3rdenes de nuestro padre, Jonadab hijo de Recab. Nunca hemos bebido vino, ni tampoco nuestras mujeres, ni nuestros hijos e hijas (Jr 35:8).<\/p>\n\n\n\n<h2 class=\"wp-block-heading\">Mateo 15:4 <\/h2>\n\n\n\n<p>Porque Dios dijo: \u201cHonra a tu padre y a tu madre\u201d; tambi\u00e9n: \u201cEl que maldiga al padre o a la madre, morir\u00e1 irremisiblemente\u201d (Mt 15:4).<\/p>\n\n\n\n<h2 class=\"wp-block-heading\">Hechos 23:5 <\/h2>\n\n\n\n<p>Entonces Pablo respondi\u00f3: Hermanos, yo no sab\u00eda que era el sumo sacerdote. Pero s\u00e9 que est\u00e1 escrito: No maldecir\u00e1s a un pr\u00edncipe de tu pueblo (Hch 23:5).<\/p>\n\n\n\n<h2 class=\"wp-block-heading\">Romanos 13:1 <\/h2>\n\n\n\n<p>Todos debemos someternos a las autoridades, pues no hay autoridad que no venga de Dios. Las autoridades que hay han sido establecidas por Dios (Ro 13:1).<\/p>\n\n\n\n<h2 class=\"wp-block-heading\">Efesios 6:1 <\/h2>\n\n\n\n<p>Hijos, obedezcan a sus padres en el nombre del Se\u00f1or, porque esto es justo (Ef 6:1).<\/p>\n\n\n\n<h2 class=\"wp-block-heading\">Efesios 6:2 <\/h2>\n\n\n\n<p>Honra a tu padre y a tu madre, que es el primer mandamiento con promesa (Ef 6:2)<\/p>\n\n\n\n<h2 class=\"wp-block-heading\">Colosenses 3:20 <\/h2>\n\n\n\n<p>Ustedes los hijos, obedezcan a sus padres en todo, porque esto agrada al Se\u00f1or (Col 3:20).<\/p>\n\n\n\n<h2 class=\"wp-block-heading\">1 Timoteo 5:1-2 <\/h2>\n\n\n\n<p>No reprendas al anciano, sino exh\u00f3rtalo como a un padre; a los m\u00e1s j\u00f3venes, como a hermanos; a las ancianas, como a madres; a las jovencitas, con toda pureza, como a hermanas (1 Ti 5:1-2).<\/p>\n\n\n\n<h2 class=\"wp-block-heading\">1 Pedro 2:17 <\/h2>\n\n\n\n<p>Respeten a todos. Amen a los hermanos. Teman a Dios y respeten al rey (1 Pe 2:17).<\/p>\n\n\n\n<h2 class=\"wp-block-heading\">Lee Tambi\u00e9n:<\/h2>\n\n\n\n<ul class=\"wp-block-list\"><li><a href=\"https:\/\/thebibleverses.org\/es\/\">Vers\u00edculos por Tema<\/a><\/li><li><a href=\"https:\/\/thebibleverses.org\/es\/amor\/\">Vers\u00edculos B\u00edblicos sobre el Amor<\/a><\/li><li><a href=\"https:\/\/thebibleverses.org\/es\/fortaleza\/\">Vers\u00edculos B\u00edblicos de Fortaleza<\/a><\/li><li><a href=\"https:\/\/thebibleverses.org\/es\/fe\/\">Vers\u00edculos B\u00edblicos sobre la Fe<\/a><\/li><li><a href=\"https:\/\/thebibleverses.org\/es\/jovenes\/\">Vers\u00edculos B\u00edblicos para J\u00f3venes<\/a><\/li><li><a href=\"https:\/\/thebibleverses.org\/es\/amistad\/\">Vers\u00edculos B\u00edblicos sobre la Amistad<\/a><\/li><li><a href=\"https:\/\/thebibleverses.org\/es\/sanidad\/\">Vers\u00edculos B\u00edblicos sobre Sanidad<\/a><\/li><\/ul>\n","protected":false},"excerpt":{"rendered":"<p>\u00c9xodo 20:12 Honrar\u00e1s a tu padre ya tu madre, para que tu vida se alarme en la tierra que yo, el Se\u00f1or tu Dios, te doy (Ex 20:12). \u00c9xodo 22:28 No ofender\u00e1s a los jueces, ni maldecir\u00e1s al pr\u00edncipe de tu pueblo (Ex 22:28). Lev\u00edtico 19:3 Cada uno de ustedes debe respetar a su madre [&hellip;]<\/p>\n","protected":false},"author":1,"featured_media":824,"parent":0,"menu_order":0,"comment_status":"open","ping_status":"closed","template":"","meta":{"footnotes":""},"class_list":["post-161","page","type-page","status-publish","has-post-thumbnail","hentry","entry","fw-tab-6 fw-tabr-4"],"_links":{"self":[{"href":"https:\/\/thebibleverses.org\/es\/wp-json\/wp\/v2\/pages\/161","targetHints":{"allow":["GET"]}}],"collection":[{"href":"https:\/\/thebibleverses.org\/es\/wp-json\/wp\/v2\/pages"}],"about":[{"href":"https:\/\/thebibleverses.org\/es\/wp-json\/wp\/v2\/types\/page"}],"author":[{"embeddable":true,"href":"https:\/\/thebibleverses.org\/es\/wp-json\/wp\/v2\/users\/1"}],"replies":[{"embeddable":true,"href":"https:\/\/thebibleverses.org\/es\/wp-json\/wp\/v2\/comments?post=161"}],"version-history":[{"count":0,"href":"https:\/\/thebibleverses.org\/es\/wp-json\/wp\/v2\/pages\/161\/revisions"}],"wp:featuredmedia":[{"embeddable":true,"href":"https:\/\/thebibleverses.org\/es\/wp-json\/wp\/v2\/media\/824"}],"wp:attachment":[{"href":"https:\/\/thebibleverses.org\/es\/wp-json\/wp\/v2\/media?parent=161"}],"curies":[{"name":"wp","href":"https:\/\/api.w.org\/{rel}","templated":true}]}}