{"id":1498,"date":"2023-09-14T23:06:23","date_gmt":"2023-09-14T23:06:23","guid":{"rendered":"https:\/\/thebibleverses.org\/es\/?page_id=1498"},"modified":"2023-09-14T23:06:24","modified_gmt":"2023-09-14T23:06:24","slug":"salmos-de-prosperidad","status":"publish","type":"page","link":"https:\/\/thebibleverses.org\/es\/salmos-de-prosperidad\/","title":{"rendered":"30 Salmos de Prosperidad"},"content":{"rendered":"<div class=\"wp-block-image\">\n<figure class=\"aligncenter size-large\"><img loading=\"lazy\" decoding=\"async\" width=\"1024\" height=\"631\" src=\"https:\/\/thebibleverses.org\/es\/wp-content\/uploads\/2023\/09\/salmos-de-prosperidad-1024x631.webp\" alt=\"Salmos de Prosperidad\" class=\"wp-image-1499\" srcset=\"https:\/\/thebibleverses.org\/es\/wp-content\/uploads\/2023\/09\/salmos-de-prosperidad-1024x631.webp 1024w, https:\/\/thebibleverses.org\/es\/wp-content\/uploads\/2023\/09\/salmos-de-prosperidad-300x185.webp 300w, https:\/\/thebibleverses.org\/es\/wp-content\/uploads\/2023\/09\/salmos-de-prosperidad-768x474.webp 768w, https:\/\/thebibleverses.org\/es\/wp-content\/uploads\/2023\/09\/salmos-de-prosperidad-320x197.webp 320w, https:\/\/thebibleverses.org\/es\/wp-content\/uploads\/2023\/09\/salmos-de-prosperidad-450x278.webp 450w, https:\/\/thebibleverses.org\/es\/wp-content\/uploads\/2023\/09\/salmos-de-prosperidad-720x444.webp 720w, https:\/\/thebibleverses.org\/es\/wp-content\/uploads\/2023\/09\/salmos-de-prosperidad.webp 1200w\" sizes=\"auto, (max-width: 1024px) 100vw, 1024px\" \/><figcaption class=\"wp-element-caption\">Salmos de Prosperidad &#8211; Reina Valera Contempor\u00e1nea (RVC).<\/figcaption><\/figure><\/div>\n\n\n<h2 class=\"wp-block-heading\">Salmos de la Biblia de Prosperidad y Abundancia<\/h2>\n\n\n\n<p>Sum\u00e9rgete en los Salmos de Prosperidad y descubre c\u00f3mo la Palabra de Dios puede enriquecer tu vida. Explora estos vers\u00edculos que inspiran la abundancia espiritual y material. Encuentra la gu\u00eda divina para cultivar la prosperidad en todas las \u00e1reas de tu existencia.<\/p>\n\n\n\n<h3 class=\"wp-block-heading\">Salmos 1:3<\/h3>\n\n\n\n<p>Ese hombre es como un \u00e1rbol plantado junto a los arroyos: llegado el momento da su fruto, y sus hojas no se marchitan. \u00a1En todo lo que hace, prospera.<\/p>\n\n\n\n<h3 class=\"wp-block-heading\">Salmos 23:1<\/h3>\n\n\n\n<p>El Se\u00f1or es mi pastor; nada me falta.<\/p>\n\n\n\n<h3 class=\"wp-block-heading\">Salmos 34:10<\/h3>\n\n\n\n<p>Los cachorros del le\u00f3n chillan de hambre, pero los que buscan al Se\u00f1or lo tienen todo.<\/p>\n\n\n\n<h3 class=\"wp-block-heading\">Salmos 35:27<\/h3>\n\n\n\n<p>Pero que canten y se alegren los que est\u00e1n a mi favor. Que digan siempre: \u00ab\u00a1Grande es el Se\u00f1or, pues se deleita en el bienestar de su siervo!\u00bb<\/p>\n\n\n\n<h3 class=\"wp-block-heading\">Salmos 37:3<\/h3>\n\n\n\n<p>Conf\u00eda en el Se\u00f1or, y practica el bien; as\u00ed heredar\u00e1s la tierra y la verdad te guiar\u00e1.<\/p>\n\n\n\n<h3 class=\"wp-block-heading\">Salmos 37:4<\/h3>\n\n\n\n<p>Disfruta de la presencia del Se\u00f1or, y \u00e9l te dar\u00e1 lo que de coraz\u00f3n le pidas.<\/p>\n\n\n\n<h3 class=\"wp-block-heading\">Salmos 37:11<\/h3>\n\n\n\n<p>Pero los humildes heredar\u00e1n la tierra y disfrutar\u00e1n de gran bienestar.<\/p>\n\n\n\n<h3 class=\"wp-block-heading\">Salmos 37:18<\/h3>\n\n\n\n<p>El Se\u00f1or cuida de los hombres honrados; y mantendr\u00e1 la herencia de ellos para siempre.<\/p>\n\n\n\n<h3 class=\"wp-block-heading\">Salmos 37:19<\/h3>\n\n\n\n<p>En tiempos dif\u00edciles no ser\u00e1n avergonzados, y en tiempos de escasez tendr\u00e1n abundancia.<\/p>\n\n\n\n<h3 class=\"wp-block-heading\">Salmos 37:25<\/h3>\n\n\n\n<p>Yo fui joven, y ya he envejecido, pero nunca vi desamparado a un justo, ni vi a sus hijos andar mendigando pan.<\/p>\n\n\n\n<h3 class=\"wp-block-heading\">Salmos 68:6<\/h3>\n\n\n\n<p>Dios les da un hogar a los desamparados, y rescata a los cautivos y les da prosperidad, pero a los rebeldes los hace habitar en el desierto.<\/p>\n\n\n\n<h3 class=\"wp-block-heading\">Salmos 84:11<\/h3>\n\n\n\n<p>T\u00fa, Dios y Se\u00f1or, eres sol y escudo; t\u00fa, Se\u00f1or, otorgas bondad y gloria a los que siguen el camino recto, y no les niegas ning\u00fan bien.<\/p>\n\n\n\n<h3 class=\"wp-block-heading\">Salmos 85:12<\/h3>\n\n\n\n<p>Adem\u00e1s, el Se\u00f1or nos dar\u00e1 buenas cosas, y nuestra tierra producir\u00e1 buenos frutos.<\/p>\n\n\n\n<h3 class=\"wp-block-heading\">Salmos 107:38<\/h3>\n\n\n\n<p>Dios los bendice y les da muchos hijos, y no deja que sus ganados se reduzcan.<\/p>\n\n\n\n<h3 class=\"wp-block-heading\">Salmos 112:3<\/h3>\n\n\n\n<p>Su casa rebosar\u00e1 de bienestar y de riquezas, y su justicia permanecer\u00e1 para siempre.<\/p>\n\n\n\n<h3 class=\"wp-block-heading\">Salmos 112:5<\/h3>\n\n\n\n<p>El hombre bueno es compasivo y generoso; todos sus negocios los maneja con justicia,<\/p>\n\n\n\n<h3 class=\"wp-block-heading\">Salmos 115:14<\/h3>\n\n\n\n<p>El Se\u00f1or a\u00f1adir\u00e1 sus bendiciones sobre ustedes y sobre sus hijos.<\/p>\n\n\n\n<h3 class=\"wp-block-heading\">Salmos 118:25<\/h3>\n\n\n\n<p>Se\u00f1or, \u00a1te ruego que vengas a salvarnos! \u00a1Te ruego que nos concedas la victoria!<\/p>\n\n\n\n<h3 class=\"wp-block-heading\">Salmos 128:1-2<\/h3>\n\n\n\n<p>\u00a1Dichosos todos los que honran al Se\u00f1or! \u00a1Dichosos los que van por sus caminos! \u00a1Dichoso ser\u00e1s, y te ir\u00e1 bien, cuando te alimentes del fruto de tu trabajo!<\/p>\n\n\n\n<h3 class=\"wp-block-heading\">Salmos 128:5<\/h3>\n\n\n\n<p>\u00a1Que el Se\u00f1or te bendiga desde el monte Si\u00f3n! \u00a1Que veas en vida el bienestar de Jerusal\u00e9n!<\/p>\n\n\n\n<h3 class=\"wp-block-heading\">Salmos 144:12<\/h3>\n\n\n\n<p>Que nuestros hijos, en su juventud, crezcan como plantas vigorosas. Que nuestra hijas sean hermosas como las columnas labradas de un palacio.<\/p>\n\n\n\n<h3 class=\"wp-block-heading\">Salmos 146:5<\/h3>\n\n\n\n<p>\u00a1Dichosos los que conf\u00edan en el Dios de Jacob, los que cuentan con la ayuda de Dios, el Se\u00f1or!<\/p>\n\n\n\n<h3 class=\"wp-block-heading\">Salmos 147:13<\/h3>\n\n\n\n<p>El Se\u00f1or refuerza los cerrojos de tus puertas, y bendice a los que habitan dentro de tus muros.<\/p>\n\n\n\n<h3 class=\"wp-block-heading\">Salmos 149:4<\/h3>\n\n\n\n<p>El Se\u00f1or se complace en su pueblo, y bendice a los humildes con su salvaci\u00f3n.<\/p>\n\n\n\n<h3 class=\"wp-block-heading\">Salmos 144:15<\/h3>\n\n\n\n<p>\u00a1Dichoso el pueblo que tiene todo esto! \u00a1Dichoso el pueblo cuyo Dios es el Se\u00f1or!<\/p>\n\n\n\n<h3 class=\"wp-block-heading\">Salmos 128:6<\/h3>\n\n\n\n<p>\u00a1Que llegues a ver a tus nietos! \u00a1Que haya paz en Israel!<\/p>\n\n\n\n<h3 class=\"wp-block-heading\">Salmos 65:11<\/h3>\n\n\n\n<p>Con tu bondad engalanas el a\u00f1o; a tu paso vas esparciendo abundancia.<\/p>\n\n\n\n<h3 class=\"wp-block-heading\">Salmos 112:9<\/h3>\n\n\n\n<p>El justo comparte con los pobres lo que tiene; su justicia permanece para siempre, y con mucha honra puede ostentar su poder.<\/p>\n\n\n\n<h3 class=\"wp-block-heading\">Salmos 68:19<\/h3>\n\n\n\n<p>Bendito sea el Se\u00f1or, el Dios de nuestra salvaci\u00f3n, que todos los d\u00edas nos colma de beneficios.<\/p>\n\n\n\n<h3 class=\"wp-block-heading\">Salmos 115:15<\/h3>\n\n\n\n<p>\u00a1Benditos sean ustedes por el Se\u00f1or, creador del cielo y de la tierra!<\/p>\n\n\n\n<h2 class=\"wp-block-heading\">Lee Tambi\u00e9n:<\/h2>\n\n\n\n<ul class=\"wp-block-list\">\n<li><a href=\"https:\/\/thebibleverses.org\/es\/\">Vers\u00edculos por Tema<\/a><\/li>\n\n\n\n<li><a href=\"https:\/\/thebibleverses.org\/es\/amor\/\">Vers\u00edculos B\u00edblicos sobre el Amor<\/a><\/li>\n\n\n\n<li><a href=\"https:\/\/thebibleverses.org\/es\/fortaleza\/\">Vers\u00edculos B\u00edblicos de Fortaleza<\/a><\/li>\n\n\n\n<li><a href=\"https:\/\/thebibleverses.org\/es\/fe\/\">Vers\u00edculos B\u00edblicos sobre la Fe<\/a><\/li>\n\n\n\n<li><a href=\"https:\/\/thebibleverses.org\/es\/jovenes\/\">Vers\u00edculos B\u00edblicos para J\u00f3venes<\/a><\/li>\n\n\n\n<li><a href=\"https:\/\/thebibleverses.org\/es\/amistad\/\">Vers\u00edculos B\u00edblicos sobre la Amistad<\/a><\/li>\n\n\n\n<li><a href=\"https:\/\/thebibleverses.org\/es\/sanidad\/\">Vers\u00edculos B\u00edblicos sobre Sanidad<\/a><\/li>\n<\/ul>\n","protected":false},"excerpt":{"rendered":"<p>Salmos de la Biblia de Prosperidad y Abundancia Sum\u00e9rgete en los Salmos de Prosperidad y descubre c\u00f3mo la Palabra de Dios puede enriquecer tu vida. Explora estos vers\u00edculos que inspiran la abundancia espiritual y material. Encuentra la gu\u00eda divina para cultivar la prosperidad en todas las \u00e1reas de tu existencia. Salmos 1:3 Ese hombre es [&hellip;]<\/p>\n","protected":false},"author":1,"featured_media":1499,"parent":0,"menu_order":0,"comment_status":"closed","ping_status":"closed","template":"","meta":{"footnotes":""},"class_list":["post-1498","page","type-page","status-publish","has-post-thumbnail","hentry","entry","fw-tab-6 fw-tabr-4"],"_links":{"self":[{"href":"https:\/\/thebibleverses.org\/es\/wp-json\/wp\/v2\/pages\/1498","targetHints":{"allow":["GET"]}}],"collection":[{"href":"https:\/\/thebibleverses.org\/es\/wp-json\/wp\/v2\/pages"}],"about":[{"href":"https:\/\/thebibleverses.org\/es\/wp-json\/wp\/v2\/types\/page"}],"author":[{"embeddable":true,"href":"https:\/\/thebibleverses.org\/es\/wp-json\/wp\/v2\/users\/1"}],"replies":[{"embeddable":true,"href":"https:\/\/thebibleverses.org\/es\/wp-json\/wp\/v2\/comments?post=1498"}],"version-history":[{"count":1,"href":"https:\/\/thebibleverses.org\/es\/wp-json\/wp\/v2\/pages\/1498\/revisions"}],"predecessor-version":[{"id":1500,"href":"https:\/\/thebibleverses.org\/es\/wp-json\/wp\/v2\/pages\/1498\/revisions\/1500"}],"wp:featuredmedia":[{"embeddable":true,"href":"https:\/\/thebibleverses.org\/es\/wp-json\/wp\/v2\/media\/1499"}],"wp:attachment":[{"href":"https:\/\/thebibleverses.org\/es\/wp-json\/wp\/v2\/media?parent=1498"}],"curies":[{"name":"wp","href":"https:\/\/api.w.org\/{rel}","templated":true}]}}