{"id":1495,"date":"2023-09-14T22:48:17","date_gmt":"2023-09-14T22:48:17","guid":{"rendered":"https:\/\/thebibleverses.org\/es\/?page_id=1495"},"modified":"2023-09-14T22:48:18","modified_gmt":"2023-09-14T22:48:18","slug":"salmos-de-perseverancia","status":"publish","type":"page","link":"https:\/\/thebibleverses.org\/es\/salmos-de-perseverancia\/","title":{"rendered":"30 Salmos de Perseverancia"},"content":{"rendered":"<div class=\"wp-block-image\">\n<figure class=\"aligncenter size-large\"><img loading=\"lazy\" decoding=\"async\" width=\"1024\" height=\"631\" src=\"https:\/\/thebibleverses.org\/es\/wp-content\/uploads\/2023\/09\/salmos-de-perseverancia-1024x631.webp\" alt=\"Salmos de Perseverancia\" class=\"wp-image-1496\" srcset=\"https:\/\/thebibleverses.org\/es\/wp-content\/uploads\/2023\/09\/salmos-de-perseverancia-1024x631.webp 1024w, https:\/\/thebibleverses.org\/es\/wp-content\/uploads\/2023\/09\/salmos-de-perseverancia-300x185.webp 300w, https:\/\/thebibleverses.org\/es\/wp-content\/uploads\/2023\/09\/salmos-de-perseverancia-768x474.webp 768w, https:\/\/thebibleverses.org\/es\/wp-content\/uploads\/2023\/09\/salmos-de-perseverancia-320x197.webp 320w, https:\/\/thebibleverses.org\/es\/wp-content\/uploads\/2023\/09\/salmos-de-perseverancia-450x278.webp 450w, https:\/\/thebibleverses.org\/es\/wp-content\/uploads\/2023\/09\/salmos-de-perseverancia-720x444.webp 720w, https:\/\/thebibleverses.org\/es\/wp-content\/uploads\/2023\/09\/salmos-de-perseverancia.webp 1200w\" sizes=\"auto, (max-width: 1024px) 100vw, 1024px\" \/><figcaption class=\"wp-element-caption\">Salmos de Perseverancia &#8211; Reina Valera Contempor\u00e1nea (RVC).<\/figcaption><\/figure><\/div>\n\n\n<h2 class=\"wp-block-heading\">Salmos de la Biblia de Perseverancia en la Adversidad<\/h2>\n\n\n\n<p>Explora los Salmos de Perseverancia y encuentra inspiraci\u00f3n en la lucha constante por la fe y la resistencia ante las pruebas. Estos vers\u00edculos te guiar\u00e1n a trav\u00e9s de desaf\u00edos, brind\u00e1ndote la fortaleza espiritual para perseverar. Descubre la esperanza y determinaci\u00f3n que solo los Salmos de Perseverancia pueden proporcionar.<\/p>\n\n\n\n<h3 class=\"wp-block-heading\">Salmos 27:14<\/h3>\n\n\n\n<p>\u00a1Espera en el Se\u00f1or! \u00a1Infunde a tu coraz\u00f3n \u00e1nimo y aliento! \u00a1S\u00ed, espera en el Se\u00f1or!<\/p>\n\n\n\n<h3 class=\"wp-block-heading\">Salmos 31:24<\/h3>\n\n\n\n<p>Ustedes, los que esperan en el Se\u00f1or, \u00a1esfu\u00e9rcense, y cobren \u00e1nimo!<\/p>\n\n\n\n<h3 class=\"wp-block-heading\">Salmos 37:24<\/h3>\n\n\n\n<p>Si el hombre cae, no se queda en el suelo porque el Se\u00f1or lo sostiene de la mano.<\/p>\n\n\n\n<h3 class=\"wp-block-heading\">Salmos 42:11<\/h3>\n\n\n\n<p>\u00bfPor qu\u00e9 te desanimas, alma m\u00eda? \u00bfPor qu\u00e9 te inquietas dentro de m\u00ed? Espera en Dios, porque a\u00fan debo alabarlo. \u00a1\u00c9l es mi Dios! \u00a1\u00c9l es mi salvador!<\/p>\n\n\n\n<h3 class=\"wp-block-heading\">Salmos 62:5<\/h3>\n\n\n\n<p>S\u00f3lo en Dios halla tranquilidad mi alma; s\u00f3lo en \u00e9l he puesto mi esperanza.<\/p>\n\n\n\n<h3 class=\"wp-block-heading\">Salmos 66:9<\/h3>\n\n\n\n<p>T\u00fa, Se\u00f1or, nos has preservado la vida, y no has dejado que resbalen nuestros pies.<\/p>\n\n\n\n<h3 class=\"wp-block-heading\">Salmos 71:14<\/h3>\n\n\n\n<p>Pero yo siempre confiar\u00e9 en ti, y m\u00e1s y m\u00e1s te alabar\u00e9.<\/p>\n\n\n\n<h3 class=\"wp-block-heading\">Salmos 119:33<\/h3>\n\n\n\n<p>Se\u00f1or, gu\u00edame por el camino de tus estatutos, y yo los obedecer\u00e9 hasta el fin.<\/p>\n\n\n\n<h3 class=\"wp-block-heading\">Salmos 119:44<\/h3>\n\n\n\n<p>Yo cumplir\u00e9 siempre tu ley, desde ahora y para siempre.<\/p>\n\n\n\n<h3 class=\"wp-block-heading\">Salmos 119:116<\/h3>\n\n\n\n<p>Alim\u00e9ntame con tu palabra, y vivir\u00e9; \u00a1no permitas que se frustre mi esperanza!<\/p>\n\n\n\n<h3 class=\"wp-block-heading\">Salmos 119:166<\/h3>\n\n\n\n<p>Se\u00f1or, espero que me salves; mientras viva, cumplir\u00e9 tus mandamientos.<\/p>\n\n\n\n<h3 class=\"wp-block-heading\">Salmos 130:5<\/h3>\n\n\n\n<p>Se\u00f1or, toda mi vida he esperado en ti, y he confiado en tus promesas.<\/p>\n\n\n\n<h3 class=\"wp-block-heading\">Salmos 138:3<\/h3>\n\n\n\n<p>Cuando te llam\u00e9, me respondiste, y mi alma desfallecida se llen\u00f3 de vigor.<\/p>\n\n\n\n<h3 class=\"wp-block-heading\">Salmos 141:8<\/h3>\n\n\n\n<p>Por eso, Se\u00f1or y Dios, mis ojos te buscan. En ti conf\u00edo. \u00a1No me desampares!<\/p>\n\n\n\n<h3 class=\"wp-block-heading\">Salmos 145:14<\/h3>\n\n\n\n<p>T\u00fa, Se\u00f1or, levantas a los que tropiezan, y reanimas a los que est\u00e1n fatigados.<\/p>\n\n\n\n<h3 class=\"wp-block-heading\">Salmos 147:10-11<\/h3>\n\n\n\n<p>El Se\u00f1or no se deleita en los caballos briosos, ni se complace en la agilidad de los jinetes; El Se\u00f1or se complace en los que le honran, y en los que conf\u00edan en su misericordia.<\/p>\n\n\n\n<h3 class=\"wp-block-heading\">Salmos 130:6<\/h3>\n\n\n\n<p>Yo te espero, Se\u00f1or, con toda el alma, como esperan los centinelas la ma\u00f1ana, como esperan los vigilantes el nuevo d\u00eda.<\/p>\n\n\n\n<h3 class=\"wp-block-heading\">Salmos 138:7<\/h3>\n\n\n\n<p>Cuando me encuentre angustiado, t\u00fa me infundir\u00e1s nueva vida; Me defender\u00e1s de la ira de mis enemigos, y con tu diestra me levantar\u00e1s victorioso.<\/p>\n\n\n\n<h3 class=\"wp-block-heading\">Salmos 140:12<\/h3>\n\n\n\n<p>Yo s\u00e9 que t\u00fa, Se\u00f1or, defiendes a los pobres y les haces justicia a los afligidos.<\/p>\n\n\n\n<h3 class=\"wp-block-heading\">Salmos 37:3<\/h3>\n\n\n\n<p>Conf\u00eda en el Se\u00f1or, y practica el bien; as\u00ed heredar\u00e1s la tierra y la verdad te guiar\u00e1.<\/p>\n\n\n\n<h3 class=\"wp-block-heading\">Salmos 37:34<\/h3>\n\n\n\n<p>T\u00fa espera en el Se\u00f1or, y sigue su camino, y \u00e9l te exaltar\u00e1, y heredar\u00e1s la tierra; y cuando los pecadores sean destruidos, t\u00fa estar\u00e1s all\u00ed para verlo.<\/p>\n\n\n\n<h3 class=\"wp-block-heading\">Salmos 42:5<\/h3>\n\n\n\n<p>\u00bfPor qu\u00e9 te desanimas, alma m\u00eda? \u00bfPor qu\u00e9 te inquietas dentro de m\u00ed? Espera en Dios, porque a\u00fan debo alabarlo. \u00a1\u00c9l es mi Dios! \u00a1\u00c9l es mi salvador!<\/p>\n\n\n\n<h3 class=\"wp-block-heading\">Salmos 43:5<\/h3>\n\n\n\n<p>\u00bfPor qu\u00e9 te desanimas, alma m\u00eda? \u00bfPor qu\u00e9 te inquietas dentro de m\u00ed? Espera en Dios, porque a\u00fan debo alabarlo. \u00a1\u00c9l es mi Dios! \u00a1\u00c9l es mi salvador!<\/p>\n\n\n\n<h3 class=\"wp-block-heading\">Salmos 71:5<\/h3>\n\n\n\n<p>T\u00fa, Se\u00f1or mi Dios, eres mi esperanza; t\u00fa me has dado seguridad desde mi juventud.<\/p>\n\n\n\n<h3 class=\"wp-block-heading\">Salmos 119:81<\/h3>\n\n\n\n<p>Siento que me muero esperando tu salvaci\u00f3n, pero sigo confiando en tu palabra.<\/p>\n\n\n\n<h3 class=\"wp-block-heading\">Salmos 119:174<\/h3>\n\n\n\n<p>Se\u00f1or, yo espero que me salves, porque me deleito en tu ley.<\/p>\n\n\n\n<h3 class=\"wp-block-heading\">Salmos 130:5<\/h3>\n\n\n\n<p>Se\u00f1or, toda mi vida he esperado en ti, y he confiado en tus promesas.<\/p>\n\n\n\n<h3 class=\"wp-block-heading\">Salmos 130:7<\/h3>\n\n\n\n<p>Israel, conf\u00eda en el Se\u00f1or, porque el Se\u00f1or es misericordioso; \u00a1en \u00e9l hay abundante redenci\u00f3n!<\/p>\n\n\n\n<h3 class=\"wp-block-heading\">Salmos 145:15<\/h3>\n\n\n\n<p>Todos fijan en ti su mirada, y t\u00fa les das su comida a su tiempo.<\/p>\n\n\n\n<h3 class=\"wp-block-heading\">Salmos 146:5<\/h3>\n\n\n\n<p>\u00a1Dichosos los que conf\u00edan en el Dios de Jacob, los que cuentan con la ayuda de Dios, el Se\u00f1or!<\/p>\n\n\n\n<h2 class=\"wp-block-heading\">Lee Tambi\u00e9n:<\/h2>\n\n\n\n<ul class=\"wp-block-list\">\n<li><a href=\"https:\/\/thebibleverses.org\/es\/\">Vers\u00edculos por Tema<\/a><\/li>\n\n\n\n<li><a href=\"https:\/\/thebibleverses.org\/es\/amor\/\">Vers\u00edculos B\u00edblicos sobre el Amor<\/a><\/li>\n\n\n\n<li><a href=\"https:\/\/thebibleverses.org\/es\/fortaleza\/\">Vers\u00edculos B\u00edblicos de Fortaleza<\/a><\/li>\n\n\n\n<li><a href=\"https:\/\/thebibleverses.org\/es\/fe\/\">Vers\u00edculos B\u00edblicos sobre la Fe<\/a><\/li>\n\n\n\n<li><a href=\"https:\/\/thebibleverses.org\/es\/jovenes\/\">Vers\u00edculos B\u00edblicos para J\u00f3venes<\/a><\/li>\n\n\n\n<li><a href=\"https:\/\/thebibleverses.org\/es\/amistad\/\">Vers\u00edculos B\u00edblicos sobre la Amistad<\/a><\/li>\n\n\n\n<li><a href=\"https:\/\/thebibleverses.org\/es\/sanidad\/\">Vers\u00edculos B\u00edblicos sobre Sanidad<\/a><\/li>\n<\/ul>\n","protected":false},"excerpt":{"rendered":"<p>Salmos de la Biblia de Perseverancia en la Adversidad Explora los Salmos de Perseverancia y encuentra inspiraci\u00f3n en la lucha constante por la fe y la resistencia ante las pruebas. Estos vers\u00edculos te guiar\u00e1n a trav\u00e9s de desaf\u00edos, brind\u00e1ndote la fortaleza espiritual para perseverar. Descubre la esperanza y determinaci\u00f3n que solo los Salmos de Perseverancia [&hellip;]<\/p>\n","protected":false},"author":1,"featured_media":1496,"parent":0,"menu_order":0,"comment_status":"closed","ping_status":"closed","template":"","meta":{"footnotes":""},"class_list":["post-1495","page","type-page","status-publish","has-post-thumbnail","hentry","entry","fw-tab-6 fw-tabr-4"],"_links":{"self":[{"href":"https:\/\/thebibleverses.org\/es\/wp-json\/wp\/v2\/pages\/1495","targetHints":{"allow":["GET"]}}],"collection":[{"href":"https:\/\/thebibleverses.org\/es\/wp-json\/wp\/v2\/pages"}],"about":[{"href":"https:\/\/thebibleverses.org\/es\/wp-json\/wp\/v2\/types\/page"}],"author":[{"embeddable":true,"href":"https:\/\/thebibleverses.org\/es\/wp-json\/wp\/v2\/users\/1"}],"replies":[{"embeddable":true,"href":"https:\/\/thebibleverses.org\/es\/wp-json\/wp\/v2\/comments?post=1495"}],"version-history":[{"count":1,"href":"https:\/\/thebibleverses.org\/es\/wp-json\/wp\/v2\/pages\/1495\/revisions"}],"predecessor-version":[{"id":1497,"href":"https:\/\/thebibleverses.org\/es\/wp-json\/wp\/v2\/pages\/1495\/revisions\/1497"}],"wp:featuredmedia":[{"embeddable":true,"href":"https:\/\/thebibleverses.org\/es\/wp-json\/wp\/v2\/media\/1496"}],"wp:attachment":[{"href":"https:\/\/thebibleverses.org\/es\/wp-json\/wp\/v2\/media?parent=1495"}],"curies":[{"name":"wp","href":"https:\/\/api.w.org\/{rel}","templated":true}]}}