{"id":1489,"date":"2023-09-14T20:25:28","date_gmt":"2023-09-14T20:25:28","guid":{"rendered":"https:\/\/thebibleverses.org\/es\/?page_id=1489"},"modified":"2023-09-14T20:25:29","modified_gmt":"2023-09-14T20:25:29","slug":"salmos-para-orar","status":"publish","type":"page","link":"https:\/\/thebibleverses.org\/es\/salmos-para-orar\/","title":{"rendered":"30 Salmos para Orar"},"content":{"rendered":"<div class=\"wp-block-image\">\n<figure class=\"aligncenter size-large\"><img loading=\"lazy\" decoding=\"async\" width=\"1024\" height=\"631\" src=\"https:\/\/thebibleverses.org\/es\/wp-content\/uploads\/2023\/09\/salmos-para-orar-1024x631.webp\" alt=\"Salmos para Orar\" class=\"wp-image-1490\" srcset=\"https:\/\/thebibleverses.org\/es\/wp-content\/uploads\/2023\/09\/salmos-para-orar-1024x631.webp 1024w, https:\/\/thebibleverses.org\/es\/wp-content\/uploads\/2023\/09\/salmos-para-orar-300x185.webp 300w, https:\/\/thebibleverses.org\/es\/wp-content\/uploads\/2023\/09\/salmos-para-orar-768x474.webp 768w, https:\/\/thebibleverses.org\/es\/wp-content\/uploads\/2023\/09\/salmos-para-orar-320x197.webp 320w, https:\/\/thebibleverses.org\/es\/wp-content\/uploads\/2023\/09\/salmos-para-orar-450x278.webp 450w, https:\/\/thebibleverses.org\/es\/wp-content\/uploads\/2023\/09\/salmos-para-orar-720x444.webp 720w, https:\/\/thebibleverses.org\/es\/wp-content\/uploads\/2023\/09\/salmos-para-orar.webp 1200w\" sizes=\"auto, (max-width: 1024px) 100vw, 1024px\" \/><figcaption class=\"wp-element-caption\">Salmos para Orar &#8211; Reina Valera Contempor\u00e1nea (RVC).<\/figcaption><\/figure><\/div>\n\n\n<h2 class=\"wp-block-heading\">Salmos para Orar &#8211; Ejemplos de Oraci\u00f3n a Dios<\/h2>\n\n\n\n<p>Estos vers\u00edculos pueden ser una gu\u00eda poderosa para tus momentos de oraci\u00f3n y comuni\u00f3n con Dios. Explora estos vers\u00edculos sagrados dise\u00f1ados para enriquecer tus plegarias y fortalecer tu relaci\u00f3n con Dios. Descubre c\u00f3mo los Salmos pueden inspirarte a expresar tus emociones m\u00e1s profundas y encontrar consuelo en la oraci\u00f3n sincera.<\/p>\n\n\n\n<h3 class=\"wp-block-heading\">Salmos 5:3<\/h3>\n\n\n\n<p>Oh, Se\u00f1or, por la ma\u00f1ana escuchar\u00e1s mi voz; por la ma\u00f1ana me presentar\u00e9 ante ti, y esperar\u00e9.<\/p>\n\n\n\n<h3 class=\"wp-block-heading\">Salmos 17:6<\/h3>\n\n\n\n<p>Dios m\u00edo, yo te invoco porque t\u00fa me respondes; \u00a1inclina a m\u00ed tu o\u00eddo, y escucha mis palabras!<\/p>\n\n\n\n<h3 class=\"wp-block-heading\">Salmos 25:4<\/h3>\n\n\n\n<p>Se\u00f1or, dame a conocer tus caminos; \u00a1Ens\u00e9\u00f1ame a seguir tus sendas!<\/p>\n\n\n\n<h3 class=\"wp-block-heading\">Salmos 27:7<\/h3>\n\n\n\n<p>Se\u00f1or, esc\u00fachame cuando a ti me dirija; \u00a1ten compasi\u00f3n de m\u00ed, y resp\u00f3ndeme!<\/p>\n\n\n\n<h3 class=\"wp-block-heading\">Salmos 28:2<\/h3>\n\n\n\n<p>Escucha mi clamor, que pide tu ayuda, cuando levanto mis manos hacia tu santo templo.<\/p>\n\n\n\n<h3 class=\"wp-block-heading\">Salmos 31:2<\/h3>\n\n\n\n<p>\u00a1Incl\u00ednate a escucharme! \u00a1Ven pronto en mi ayuda! \u00a1S\u00e9 t\u00fa mi roca fuerte, la fortaleza que me salve!<\/p>\n\n\n\n<h3 class=\"wp-block-heading\">Salmos 42:8<\/h3>\n\n\n\n<p>Pero t\u00fa, Se\u00f1or, durante el d\u00eda me enviar\u00e1s tu gran misericordia, y por la noche tu c\u00e1ntico estar\u00e1 conmigo, con mi oraci\u00f3n a ti, Dios de mi vida.<\/p>\n\n\n\n<h3 class=\"wp-block-heading\">Salmos 51:1<\/h3>\n\n\n\n<p>Dios m\u00edo, por tu gran misericordia, \u00a1ten piedad de m\u00ed!; por tu infinita bondad, \u00a1borra mis rebeliones!<\/p>\n\n\n\n<h3 class=\"wp-block-heading\">Salmos 55:17<\/h3>\n\n\n\n<p>En la tarde, en la ma\u00f1ana, al mediod\u00eda, clamar\u00e9 a Dios, y \u00e9l oir\u00e1 mi voz;<\/p>\n\n\n\n<h3 class=\"wp-block-heading\">Salmos 86:1<\/h3>\n\n\n\n<p>Se\u00f1or, inclina tu o\u00eddo y esc\u00fachame, pues me encuentro afligido y necesitado.<\/p>\n\n\n\n<h3 class=\"wp-block-heading\">Salmos 88:13<\/h3>\n\n\n\n<p>\u00a1Pues yo s\u00ed clamo a ti, Se\u00f1or! \u00a1Por la ma\u00f1ana dirijo a ti mis oraciones!<\/p>\n\n\n\n<h3 class=\"wp-block-heading\">Salmos 102:1<\/h3>\n\n\n\n<p>Se\u00f1or, escucha mi oraci\u00f3n; \u00a1deja que mi queja llegue a tus o\u00eddos!<\/p>\n\n\n\n<h3 class=\"wp-block-heading\">Salmos 119:108<\/h3>\n\n\n\n<p>Se\u00f1or, espero que te agraden mis votos; ens\u00e9\u00f1ame a entender tus juicios.<\/p>\n\n\n\n<h3 class=\"wp-block-heading\">Salmos 143:1<\/h3>\n\n\n\n<p>Se\u00f1or, escucha mi oraci\u00f3n atiende a mi s\u00faplica. T\u00fa eres justo y fiel; \u00a1resp\u00f3ndeme!<\/p>\n\n\n\n<h3 class=\"wp-block-heading\">Salmos 145:18<\/h3>\n\n\n\n<p>T\u00fa, Se\u00f1or, est\u00e1s cerca de quienes te invocan, de quienes te invocan con sinceridad.<\/p>\n\n\n\n<h3 class=\"wp-block-heading\">Salmos 4:1<\/h3>\n\n\n\n<p>Dios de mi justicia, \u00a1responde a mi clamor! Cuando estoy angustiado, t\u00fa me infundes aliento; \u00a1compad\u00e9cete de m\u00ed y escucha mi oraci\u00f3n!<\/p>\n\n\n\n<h3 class=\"wp-block-heading\">Salmos 6:9<\/h3>\n\n\n\n<p>El Se\u00f1or ha atendido mis ruegos y ha aceptado mis oraciones.<\/p>\n\n\n\n<h3 class=\"wp-block-heading\">Salmos 17:1<\/h3>\n\n\n\n<p>Se\u00f1or, \u00a1esc\u00fachame! \u00a1Atiende mi clamor de justicia! \u00a1Presta o\u00eddo a mi oraci\u00f3n, pues no brota de labios mentirosos!<\/p>\n\n\n\n<h3 class=\"wp-block-heading\">Salmos 27:8<\/h3>\n\n\n\n<p>A mi coraz\u00f3n le pides buscar tu rostro, y yo, Se\u00f1or, tu rostro busco.<\/p>\n\n\n\n<h3 class=\"wp-block-heading\">Salmos 55:16<\/h3>\n\n\n\n<p>Por mi parte, yo clamar\u00e9 a Dios; \u00a1el Se\u00f1or vendr\u00e1 a salvarme!<\/p>\n\n\n\n<h3 class=\"wp-block-heading\">Salmos 66:20<\/h3>\n\n\n\n<p>\u00a1Bendito sea Dios, que no rechaz\u00f3 mi oraci\u00f3n ni me escatim\u00f3 su misericordia!<\/p>\n\n\n\n<h3 class=\"wp-block-heading\">Salmos 69:13<\/h3>\n\n\n\n<p>Pero yo oro a ti, Se\u00f1or, en el momento de tu buena voluntad; \u00a1esc\u00fachame, Dios m\u00edo, por tu gran misericordia y por la verdad de tu salvaci\u00f3n!<\/p>\n\n\n\n<h3 class=\"wp-block-heading\">Salmos 86:6<\/h3>\n\n\n\n<p>Se\u00f1or, escucha mi oraci\u00f3n y atiende a la voz de mis s\u00faplicas.<\/p>\n\n\n\n<h3 class=\"wp-block-heading\">Salmos 102:17<\/h3>\n\n\n\n<p>Tendr\u00e1s en cuenta la oraci\u00f3n de los pobres, y no dejar\u00e1s de escuchar sus ruegos.<\/p>\n\n\n\n<h3 class=\"wp-block-heading\">Salmos 130:2<\/h3>\n\n\n\n<p>\u00a1Escucha, Se\u00f1or, mi voz! \u00a1Que no se cierren tus o\u00eddos al clamor de mi s\u00faplica!<\/p>\n\n\n\n<h3 class=\"wp-block-heading\">Salmos 143:7<\/h3>\n\n\n\n<p>Se\u00f1or, \u00a1resp\u00f3ndeme, que mi esp\u00edritu se apaga! \u00a1No te escondas de m\u00ed, o ser\u00e9 contado entre los muertos!<\/p>\n\n\n\n<h3 class=\"wp-block-heading\">Salmos 17:6<\/h3>\n\n\n\n<p>Dios m\u00edo, yo te invoco porque t\u00fa me respondes; \u00a1inclina a m\u00ed tu o\u00eddo, y escucha mis palabras!<\/p>\n\n\n\n<h3 class=\"wp-block-heading\">Salmos 6:9<\/h3>\n\n\n\n<p>El Se\u00f1or ha atendido mis ruegos y ha aceptado mis oraciones.<\/p>\n\n\n\n<h3 class=\"wp-block-heading\">Salmos 55:17<\/h3>\n\n\n\n<p>En la tarde, en la ma\u00f1ana, al mediod\u00eda, clamar\u00e9 a Dios, y \u00e9l oir\u00e1 mi voz.<\/p>\n\n\n\n<h3 class=\"wp-block-heading\">Salmos 5:3<\/h3>\n\n\n\n<p>Oh, Se\u00f1or, por la ma\u00f1ana escuchar\u00e1s mi voz; por la ma\u00f1ana me presentar\u00e9 ante ti, y esperar\u00e9.<\/p>\n\n\n\n<h2 class=\"wp-block-heading\">Lee Tambi\u00e9n:<\/h2>\n\n\n\n<ul class=\"wp-block-list\">\n<li><a href=\"https:\/\/thebibleverses.org\/es\/\">Vers\u00edculos por Tema<\/a><\/li>\n\n\n\n<li><a href=\"https:\/\/thebibleverses.org\/es\/amor\/\">Vers\u00edculos B\u00edblicos sobre el Amor<\/a><\/li>\n\n\n\n<li><a href=\"https:\/\/thebibleverses.org\/es\/fortaleza\/\">Vers\u00edculos B\u00edblicos de Fortaleza<\/a><\/li>\n\n\n\n<li><a href=\"https:\/\/thebibleverses.org\/es\/fe\/\">Vers\u00edculos B\u00edblicos sobre la Fe<\/a><\/li>\n\n\n\n<li><a href=\"https:\/\/thebibleverses.org\/es\/jovenes\/\">Vers\u00edculos B\u00edblicos para J\u00f3venes<\/a><\/li>\n\n\n\n<li><a href=\"https:\/\/thebibleverses.org\/es\/amistad\/\">Vers\u00edculos B\u00edblicos sobre la Amistad<\/a><\/li>\n\n\n\n<li><a href=\"https:\/\/thebibleverses.org\/es\/sanidad\/\">Vers\u00edculos B\u00edblicos sobre Sanidad<\/a><\/li>\n<\/ul>\n","protected":false},"excerpt":{"rendered":"<p>Salmos para Orar &#8211; Ejemplos de Oraci\u00f3n a Dios Estos vers\u00edculos pueden ser una gu\u00eda poderosa para tus momentos de oraci\u00f3n y comuni\u00f3n con Dios. Explora estos vers\u00edculos sagrados dise\u00f1ados para enriquecer tus plegarias y fortalecer tu relaci\u00f3n con Dios. Descubre c\u00f3mo los Salmos pueden inspirarte a expresar tus emociones m\u00e1s profundas y encontrar consuelo [&hellip;]<\/p>\n","protected":false},"author":1,"featured_media":1490,"parent":0,"menu_order":0,"comment_status":"closed","ping_status":"closed","template":"","meta":{"footnotes":""},"class_list":["post-1489","page","type-page","status-publish","has-post-thumbnail","hentry","entry","fw-tab-6 fw-tabr-4"],"_links":{"self":[{"href":"https:\/\/thebibleverses.org\/es\/wp-json\/wp\/v2\/pages\/1489","targetHints":{"allow":["GET"]}}],"collection":[{"href":"https:\/\/thebibleverses.org\/es\/wp-json\/wp\/v2\/pages"}],"about":[{"href":"https:\/\/thebibleverses.org\/es\/wp-json\/wp\/v2\/types\/page"}],"author":[{"embeddable":true,"href":"https:\/\/thebibleverses.org\/es\/wp-json\/wp\/v2\/users\/1"}],"replies":[{"embeddable":true,"href":"https:\/\/thebibleverses.org\/es\/wp-json\/wp\/v2\/comments?post=1489"}],"version-history":[{"count":1,"href":"https:\/\/thebibleverses.org\/es\/wp-json\/wp\/v2\/pages\/1489\/revisions"}],"predecessor-version":[{"id":1491,"href":"https:\/\/thebibleverses.org\/es\/wp-json\/wp\/v2\/pages\/1489\/revisions\/1491"}],"wp:featuredmedia":[{"embeddable":true,"href":"https:\/\/thebibleverses.org\/es\/wp-json\/wp\/v2\/media\/1490"}],"wp:attachment":[{"href":"https:\/\/thebibleverses.org\/es\/wp-json\/wp\/v2\/media?parent=1489"}],"curies":[{"name":"wp","href":"https:\/\/api.w.org\/{rel}","templated":true}]}}