{"id":1486,"date":"2023-09-14T20:10:25","date_gmt":"2023-09-14T20:10:25","guid":{"rendered":"https:\/\/thebibleverses.org\/es\/?page_id=1486"},"modified":"2023-09-14T20:10:27","modified_gmt":"2023-09-14T20:10:27","slug":"salmos-motivadores","status":"publish","type":"page","link":"https:\/\/thebibleverses.org\/es\/salmos-motivadores\/","title":{"rendered":"30 Salmos Motivadores"},"content":{"rendered":"<div class=\"wp-block-image\">\n<figure class=\"aligncenter size-large\"><img loading=\"lazy\" decoding=\"async\" width=\"1024\" height=\"631\" src=\"https:\/\/thebibleverses.org\/es\/wp-content\/uploads\/2023\/09\/salmos-motivadores-1024x631.webp\" alt=\"Salmos Motivadores\" class=\"wp-image-1487\" srcset=\"https:\/\/thebibleverses.org\/es\/wp-content\/uploads\/2023\/09\/salmos-motivadores-1024x631.webp 1024w, https:\/\/thebibleverses.org\/es\/wp-content\/uploads\/2023\/09\/salmos-motivadores-300x185.webp 300w, https:\/\/thebibleverses.org\/es\/wp-content\/uploads\/2023\/09\/salmos-motivadores-768x474.webp 768w, https:\/\/thebibleverses.org\/es\/wp-content\/uploads\/2023\/09\/salmos-motivadores-320x197.webp 320w, https:\/\/thebibleverses.org\/es\/wp-content\/uploads\/2023\/09\/salmos-motivadores-450x278.webp 450w, https:\/\/thebibleverses.org\/es\/wp-content\/uploads\/2023\/09\/salmos-motivadores-720x444.webp 720w, https:\/\/thebibleverses.org\/es\/wp-content\/uploads\/2023\/09\/salmos-motivadores.webp 1200w\" sizes=\"auto, (max-width: 1024px) 100vw, 1024px\" \/><figcaption class=\"wp-element-caption\">Salmos Motivadores &#8211; Reina Valera Contempor\u00e1nea (RVC).<\/figcaption><\/figure><\/div>\n\n\n<h2 class=\"wp-block-heading\">Salmos Motivadores Cortos para Hombres, Mujeres y J\u00f3venes<\/h2>\n\n\n\n<p>Explora Salmos Motivadores, una fuente de inspiraci\u00f3n y fortaleza espiritual. Estos vers\u00edculos sagrados te infundir\u00e1n con la motivaci\u00f3n necesaria para enfrentar los desaf\u00edos de la vida cotidiana. Descubre c\u00f3mo la sabidur\u00eda de la Palabra de Dios puede impulsarte a superar obst\u00e1culos y alcanzar tus metas con confianza y determinaci\u00f3n.<\/p>\n\n\n\n<h3 class=\"wp-block-heading\">Salmos 18:29<\/h3>\n\n\n\n<p>\u00a1Con tu ayuda, mi Dios, puedo vencer ej\u00e9rcitos y derribar murallas!<\/p>\n\n\n\n<h3 class=\"wp-block-heading\">Salmos 18:32<\/h3>\n\n\n\n<p>Dios es quien me infunde fuerzas; Dios es quien endereza mi camino.<\/p>\n\n\n\n<h3 class=\"wp-block-heading\">Salmos 23:4<\/h3>\n\n\n\n<p>Aunque deba yo pasar por el valle m\u00e1s sombr\u00edo, no temo sufrir da\u00f1o alguno, porque t\u00fa est\u00e1s conmigo; con tu vara de pastor me infundes nuevo aliento.<\/p>\n\n\n\n<h3 class=\"wp-block-heading\">Salmos 27:1<\/h3>\n\n\n\n<p>El Se\u00f1or es mi luz y mi salvaci\u00f3n; \u00bfa qui\u00e9n podr\u00eda yo temer? El Se\u00f1or es la fortaleza de mi vida; \u00bfqui\u00e9n podr\u00eda infundirme miedo?<\/p>\n\n\n\n<h3 class=\"wp-block-heading\">Salmos 27:14<\/h3>\n\n\n\n<p>\u00a1Espera en el Se\u00f1or! \u00a1Infunde a tu coraz\u00f3n \u00e1nimo y aliento! \u00a1S\u00ed, espera en el Se\u00f1or!<\/p>\n\n\n\n<h3 class=\"wp-block-heading\">Salmos 30:5<\/h3>\n\n\n\n<p>Su enojo dura s\u00f3lo un momento, pero su bondad dura toda la vida. Tal vez lloremos durante la noche, pero en la ma\u00f1ana saltaremos de alegr\u00eda.<\/p>\n\n\n\n<h3 class=\"wp-block-heading\">Salmos 34:4<\/h3>\n\n\n\n<p>Busqu\u00e9 al Se\u00f1or, y \u00e9l me escuch\u00f3, y me libr\u00f3 de todos mis temores.<\/p>\n\n\n\n<h3 class=\"wp-block-heading\">Salmos 34:17<\/h3>\n\n\n\n<p>Los justos gimen, y el Se\u00f1or los escucha y los libra de todas sus angustias.<\/p>\n\n\n\n<h3 class=\"wp-block-heading\">Salmos 34:19<\/h3>\n\n\n\n<p>El justo pasa por muchas aflicciones, pero el Se\u00f1or lo libra de todas ellas.<\/p>\n\n\n\n<h3 class=\"wp-block-heading\">Salmos 37:4<\/h3>\n\n\n\n<p>Disfruta de la presencia del Se\u00f1or, y \u00e9l te dar\u00e1 lo que de coraz\u00f3n le pidas.<\/p>\n\n\n\n<h3 class=\"wp-block-heading\">Salmos 40:1<\/h3>\n\n\n\n<p>Yo puse mi esperanza en el Se\u00f1or, y \u00e9l inclin\u00f3 su o\u00eddo y escuch\u00f3 mi clamor;<\/p>\n\n\n\n<h3 class=\"wp-block-heading\">Salmos 42:11<\/h3>\n\n\n\n<p>\u00bfPor qu\u00e9 te desanimas, alma m\u00eda? \u00bfPor qu\u00e9 te inquietas dentro de m\u00ed? Espera en Dios, porque a\u00fan debo alabarlo. \u00a1\u00c9l es mi Dios! \u00a1\u00c9l es mi salvador!<\/p>\n\n\n\n<h3 class=\"wp-block-heading\">Salmos 46:1<\/h3>\n\n\n\n<p>Dios es nuestro amparo y fortaleza, Nuestro pronto auxilio en todos los problemas.<\/p>\n\n\n\n<h3 class=\"wp-block-heading\">Salmos 55:22<\/h3>\n\n\n\n<p>T\u00fa, deja tus pesares en las manos del Se\u00f1or, y el Se\u00f1or te mantendr\u00e1 firme; el Se\u00f1or no deja a sus fieles ca\u00eddos para siempre.<\/p>\n\n\n\n<h3 class=\"wp-block-heading\">Salmos 56:3<\/h3>\n\n\n\n<p>Pero yo, cuando tengo miedo, conf\u00edo en ti.<\/p>\n\n\n\n<h3 class=\"wp-block-heading\">Salmos 57:7<\/h3>\n\n\n\n<p>Mi coraz\u00f3n est\u00e1 dispuesto, Dios m\u00edo; mi coraz\u00f3n est\u00e1 dispuesto a cantarte salmos.<\/p>\n\n\n\n<h3 class=\"wp-block-heading\">Salmos 62:5<\/h3>\n\n\n\n<p>S\u00f3lo en Dios halla tranquilidad mi alma; s\u00f3lo en \u00e9l he puesto mi esperanza.<\/p>\n\n\n\n<h3 class=\"wp-block-heading\">Salmos 73:26<\/h3>\n\n\n\n<p>Aunque mi cuerpo y mi coraz\u00f3n desfallecen, t\u00fa, Dios m\u00edo, eres la roca de mi coraz\u00f3n, \u00a1eres la herencia que para siempre me ha tocado!<\/p>\n\n\n\n<h3 class=\"wp-block-heading\">Salmos 84:11<\/h3>\n\n\n\n<p>T\u00fa, Dios y Se\u00f1or, eres sol y escudo; t\u00fa, Se\u00f1or, otorgas bondad y gloria a los que siguen el camino recto, y no les niegas ning\u00fan bien.<\/p>\n\n\n\n<h3 class=\"wp-block-heading\">Salmos 92:12<\/h3>\n\n\n\n<p>Los justos florecer\u00e1n como las palmeras; crecer\u00e1n como los cedros del L\u00edbano.<\/p>\n\n\n\n<h3 class=\"wp-block-heading\">Salmos 118:24<\/h3>\n\n\n\n<p>\u00c9ste es el d\u00eda que el Se\u00f1or ha hecho; y en \u00e9l nos alegraremos y regocijaremos.<\/p>\n\n\n\n<h3 class=\"wp-block-heading\">Salmos 121:1-2<\/h3>\n\n\n\n<p>Elevo mis ojos a los montes; \u00bfde d\u00f3nde vendr\u00e1 mi socorro? Mi socorro viene del Se\u00f1or, creador del cielo y de la tierra.<\/p>\n\n\n\n<h3 class=\"wp-block-heading\">Salmos 138:3<\/h3>\n\n\n\n<p>Cuando te llam\u00e9, me respondiste, y mi alma desfallecida se llen\u00f3 de vigor.<\/p>\n\n\n\n<h3 class=\"wp-block-heading\">Salmos 144:1<\/h3>\n\n\n\n<p>\u00a1Bendito seas, Se\u00f1or, mi roca! T\u00fa me entrenas para la batalla; fortaleces mis manos para el combate.<\/p>\n\n\n\n<h3 class=\"wp-block-heading\">Salmos 145:13<\/h3>\n\n\n\n<p>Tu reino es un reino de todos los siglos; tu dominio durar\u00e1 por todas las generaciones.<\/p>\n\n\n\n<h3 class=\"wp-block-heading\">Salmos 147:3<\/h3>\n\n\n\n<p>El Se\u00f1or reanima a los descorazonados, y sana sus heridas.<\/p>\n\n\n\n<h3 class=\"wp-block-heading\">Salmos 149:4<\/h3>\n\n\n\n<p>El Se\u00f1or se complace en su pueblo, y bendice a los humildes con su salvaci\u00f3n.<\/p>\n\n\n\n<h3 class=\"wp-block-heading\">Salmos 150:6<\/h3>\n\n\n\n<p>\u00a1Que todo lo que respira alabe al Se\u00f1or! \u00a1Aleluya!<\/p>\n\n\n\n<h3 class=\"wp-block-heading\">Salmos 119:32<\/h3>\n\n\n\n<p>Quiero seguir la senda de tus mandamientos, porque t\u00fa le das libertad a mi coraz\u00f3n.<\/p>\n\n\n\n<h3 class=\"wp-block-heading\">Salmos 119:45<\/h3>\n\n\n\n<p>S\u00f3lo as\u00ed ser\u00e9 completamente libre, pues he buscado seguir tus mandamientos.<\/p>\n\n\n\n<h2 class=\"wp-block-heading\">Lee Tambi\u00e9n:<\/h2>\n\n\n\n<ul class=\"wp-block-list\">\n<li><a href=\"https:\/\/thebibleverses.org\/es\/\">Vers\u00edculos por Tema<\/a><\/li>\n\n\n\n<li><a href=\"https:\/\/thebibleverses.org\/es\/amor\/\">Vers\u00edculos B\u00edblicos sobre el Amor<\/a><\/li>\n\n\n\n<li><a href=\"https:\/\/thebibleverses.org\/es\/fortaleza\/\">Vers\u00edculos B\u00edblicos de Fortaleza<\/a><\/li>\n\n\n\n<li><a href=\"https:\/\/thebibleverses.org\/es\/fe\/\">Vers\u00edculos B\u00edblicos sobre la Fe<\/a><\/li>\n\n\n\n<li><a href=\"https:\/\/thebibleverses.org\/es\/jovenes\/\">Vers\u00edculos B\u00edblicos para J\u00f3venes<\/a><\/li>\n\n\n\n<li><a href=\"https:\/\/thebibleverses.org\/es\/amistad\/\">Vers\u00edculos B\u00edblicos sobre la Amistad<\/a><\/li>\n\n\n\n<li><a href=\"https:\/\/thebibleverses.org\/es\/sanidad\/\">Vers\u00edculos B\u00edblicos sobre Sanidad<\/a><\/li>\n<\/ul>\n","protected":false},"excerpt":{"rendered":"<p>Salmos Motivadores Cortos para Hombres, Mujeres y J\u00f3venes Explora Salmos Motivadores, una fuente de inspiraci\u00f3n y fortaleza espiritual. Estos vers\u00edculos sagrados te infundir\u00e1n con la motivaci\u00f3n necesaria para enfrentar los desaf\u00edos de la vida cotidiana. Descubre c\u00f3mo la sabidur\u00eda de la Palabra de Dios puede impulsarte a superar obst\u00e1culos y alcanzar tus metas con confianza [&hellip;]<\/p>\n","protected":false},"author":1,"featured_media":1487,"parent":0,"menu_order":0,"comment_status":"closed","ping_status":"closed","template":"","meta":{"footnotes":""},"class_list":["post-1486","page","type-page","status-publish","has-post-thumbnail","hentry","entry","fw-tab-6 fw-tabr-4"],"_links":{"self":[{"href":"https:\/\/thebibleverses.org\/es\/wp-json\/wp\/v2\/pages\/1486","targetHints":{"allow":["GET"]}}],"collection":[{"href":"https:\/\/thebibleverses.org\/es\/wp-json\/wp\/v2\/pages"}],"about":[{"href":"https:\/\/thebibleverses.org\/es\/wp-json\/wp\/v2\/types\/page"}],"author":[{"embeddable":true,"href":"https:\/\/thebibleverses.org\/es\/wp-json\/wp\/v2\/users\/1"}],"replies":[{"embeddable":true,"href":"https:\/\/thebibleverses.org\/es\/wp-json\/wp\/v2\/comments?post=1486"}],"version-history":[{"count":1,"href":"https:\/\/thebibleverses.org\/es\/wp-json\/wp\/v2\/pages\/1486\/revisions"}],"predecessor-version":[{"id":1488,"href":"https:\/\/thebibleverses.org\/es\/wp-json\/wp\/v2\/pages\/1486\/revisions\/1488"}],"wp:featuredmedia":[{"embeddable":true,"href":"https:\/\/thebibleverses.org\/es\/wp-json\/wp\/v2\/media\/1487"}],"wp:attachment":[{"href":"https:\/\/thebibleverses.org\/es\/wp-json\/wp\/v2\/media?parent=1486"}],"curies":[{"name":"wp","href":"https:\/\/api.w.org\/{rel}","templated":true}]}}