{"id":1483,"date":"2023-09-14T19:51:09","date_gmt":"2023-09-14T19:51:09","guid":{"rendered":"https:\/\/thebibleverses.org\/es\/?page_id=1483"},"modified":"2023-09-14T19:51:10","modified_gmt":"2023-09-14T19:51:10","slug":"salmos-para-memorizar","status":"publish","type":"page","link":"https:\/\/thebibleverses.org\/es\/salmos-para-memorizar\/","title":{"rendered":"30 Salmos para Memorizar"},"content":{"rendered":"<div class=\"wp-block-image\">\n<figure class=\"aligncenter size-large\"><img loading=\"lazy\" decoding=\"async\" width=\"1024\" height=\"631\" src=\"https:\/\/thebibleverses.org\/es\/wp-content\/uploads\/2023\/09\/salmos-para-memorizar-1024x631.webp\" alt=\"Salmos para Memorizar\" class=\"wp-image-1484\" srcset=\"https:\/\/thebibleverses.org\/es\/wp-content\/uploads\/2023\/09\/salmos-para-memorizar-1024x631.webp 1024w, https:\/\/thebibleverses.org\/es\/wp-content\/uploads\/2023\/09\/salmos-para-memorizar-300x185.webp 300w, https:\/\/thebibleverses.org\/es\/wp-content\/uploads\/2023\/09\/salmos-para-memorizar-768x474.webp 768w, https:\/\/thebibleverses.org\/es\/wp-content\/uploads\/2023\/09\/salmos-para-memorizar-320x197.webp 320w, https:\/\/thebibleverses.org\/es\/wp-content\/uploads\/2023\/09\/salmos-para-memorizar-450x278.webp 450w, https:\/\/thebibleverses.org\/es\/wp-content\/uploads\/2023\/09\/salmos-para-memorizar-720x444.webp 720w, https:\/\/thebibleverses.org\/es\/wp-content\/uploads\/2023\/09\/salmos-para-memorizar.webp 1200w\" sizes=\"auto, (max-width: 1024px) 100vw, 1024px\" \/><figcaption class=\"wp-element-caption\">Salmos para Memorizar &#8211; Reina Valera Contempor\u00e1nea (RVC).<\/figcaption><\/figure><\/div>\n\n\n<h2 class=\"wp-block-heading\">Salmos para Memorizar y Meditar en la Palabra de Dios<\/h2>\n\n\n\n<p>Encuentra en los Salmos para Memorizar un tesoro espiritual para llevar contigo. Descubre la alegr\u00eda de memorizar estos vers\u00edculos sagrados y profundiza tu conexi\u00f3n con la fe. Convierte cada palabra en un faro de inspiraci\u00f3n y consuelo, fortaleciendo tu espiritualidad d\u00eda a d\u00eda.<\/p>\n\n\n\n<h3 class=\"wp-block-heading\">Salmos 1:1<\/h3>\n\n\n\n<p>Bienaventurado el hombre que no anda en compa\u00f1\u00eda de malvados, ni se detiene a hablar con pecadores, ni se sienta a conversar con blasfemos.<\/p>\n\n\n\n<h3 class=\"wp-block-heading\">Salmos 16:8<\/h3>\n\n\n\n<p>Todo el tiempo pienso en ti, Se\u00f1or; contigo a mi derecha, jam\u00e1s caer\u00e9.<\/p>\n\n\n\n<h3 class=\"wp-block-heading\">Salmos 23:1<\/h3>\n\n\n\n<p>El Se\u00f1or es mi pastor; nada me falta.<\/p>\n\n\n\n<h3 class=\"wp-block-heading\">Salmos 27:1<\/h3>\n\n\n\n<p>El Se\u00f1or es mi luz y mi salvaci\u00f3n; \u00bfa qui\u00e9n podr\u00eda yo temer? El Se\u00f1or es la fortaleza de mi vida; \u00bfqui\u00e9n podr\u00eda infundirme miedo?<\/p>\n\n\n\n<h3 class=\"wp-block-heading\">Salmos 34:8<\/h3>\n\n\n\n<p>\u00a1Prueben ustedes mismos la bondad del Se\u00f1or! \u00a1Dichoso aqu\u00e9l que en \u00e9l conf\u00eda!<\/p>\n\n\n\n<h3 class=\"wp-block-heading\">Salmos 37:4<\/h3>\n\n\n\n<p>Disfruta de la presencia del Se\u00f1or, y \u00e9l te dar\u00e1 lo que de coraz\u00f3n le pidas.<\/p>\n\n\n\n<h3 class=\"wp-block-heading\">Salmos 46:1<\/h3>\n\n\n\n<p>Dios es nuestro amparo y fortaleza, Nuestro pronto auxilio en todos los problemas.<\/p>\n\n\n\n<h3 class=\"wp-block-heading\">Salmos 51:10<\/h3>\n\n\n\n<p>Dios m\u00edo, \u00a1crea en m\u00ed un coraz\u00f3n limpio! \u00a1Renueva en m\u00ed un esp\u00edritu de rectitud!<\/p>\n\n\n\n<h3 class=\"wp-block-heading\">Salmos 73:26<\/h3>\n\n\n\n<p>Dios m\u00edo, eres la roca de mi coraz\u00f3n, \u00a1eres la herencia que para siempre me ha tocado!<\/p>\n\n\n\n<h3 class=\"wp-block-heading\">Salmos 91:1<\/h3>\n\n\n\n<p>El que habita al abrigo del Alt\u00edsimo y se acoge a la sombra del Omnipotente,<\/p>\n\n\n\n<h3 class=\"wp-block-heading\">Salmos 103:2<\/h3>\n\n\n\n<p>\u00a1Bendice, alma m\u00eda, al Se\u00f1or, y no olvides ninguna de sus bendiciones!<\/p>\n\n\n\n<h3 class=\"wp-block-heading\">Salmos 119:11<\/h3>\n\n\n\n<p>En mi coraz\u00f3n he atesorado tus palabras, para no pecar contra ti.<\/p>\n\n\n\n<h3 class=\"wp-block-heading\">Salmos 119:105<\/h3>\n\n\n\n<p>Tu palabra es una l\u00e1mpara a mis pies; \u00a1es la luz que ilumina mi camino!<\/p>\n\n\n\n<h3 class=\"wp-block-heading\">Salmos 119:165<\/h3>\n\n\n\n<p>Los que aman tu ley viven en completa paz, porque saben que no tropezar\u00e1n.<\/p>\n\n\n\n<h3 class=\"wp-block-heading\">Salmos 121:1-2<\/h3>\n\n\n\n<p>Elevo mis ojos a los montes; \u00bfde d\u00f3nde vendr\u00e1 mi socorro? Mi socorro viene del Se\u00f1or, creador del cielo y de la tierra.<\/p>\n\n\n\n<h3 class=\"wp-block-heading\">Salmos 139:14<\/h3>\n\n\n\n<p>Te alabo porque tus obras son formidables, porque todo lo que haces es maravilloso. \u00a1De esto estoy plenamente convencido!<\/p>\n\n\n\n<h3 class=\"wp-block-heading\">Salmos 143:10<\/h3>\n\n\n\n<p>T\u00fa eres mi Dios; ens\u00e9\u00f1ame a hacer tu voluntad, y que tu buen esp\u00edritu me gu\u00ede por caminos rectos.<\/p>\n\n\n\n<h3 class=\"wp-block-heading\">Salmos 145:9<\/h3>\n\n\n\n<p>El Se\u00f1or es bueno con todos, y se compadece de toda su creaci\u00f3n.<\/p>\n\n\n\n<h3 class=\"wp-block-heading\">Salmos 147:3<\/h3>\n\n\n\n<p>El Se\u00f1or reanima a los descorazonados, y sana sus heridas.<\/p>\n\n\n\n<h3 class=\"wp-block-heading\">Salmos 147:11<\/h3>\n\n\n\n<p>El Se\u00f1or se complace en los que le honran, y en los que conf\u00edan en su misericordia.<\/p>\n\n\n\n<h3 class=\"wp-block-heading\">Salmos 148:13<\/h3>\n\n\n\n<p>\u00a1Alabado sea el nombre del Se\u00f1or! \u00a1S\u00f3lo su nombre merece ser exaltado! \u00a1Su gloria domina los cielos y la tierra!<\/p>\n\n\n\n<h3 class=\"wp-block-heading\">Salmos 150:6<\/h3>\n\n\n\n<p>\u00a1Que todo lo que respira alabe al Se\u00f1or! \u00a1Aleluya!<\/p>\n\n\n\n<h3 class=\"wp-block-heading\">Salmos 119:114<\/h3>\n\n\n\n<p>T\u00fa eres mi escondite; eres mi escudo; en tu palabra he puesto mi esperanza.<\/p>\n\n\n\n<h3 class=\"wp-block-heading\">Salmos 139:23<\/h3>\n\n\n\n<p>Se\u00f1or, examina y reconoce mi coraz\u00f3n: pon a prueba cada uno de mis pensamientos.<\/p>\n\n\n\n<h3 class=\"wp-block-heading\">Salmos 34:18<\/h3>\n\n\n\n<p>Cercano est\u00e1 el Se\u00f1or para salvar a los que tienen roto el coraz\u00f3n y el esp\u00edritu.<\/p>\n\n\n\n<h3 class=\"wp-block-heading\">Salmos 139:1<\/h3>\n\n\n\n<p>Se\u00f1or, t\u00fa me has examinado y me conoces.<\/p>\n\n\n\n<h3 class=\"wp-block-heading\">Salmos 25:4<\/h3>\n\n\n\n<p>Se\u00f1or, dame a conocer tus caminos; \u00a1Ens\u00e9\u00f1ame a seguir tus sendas!<\/p>\n\n\n\n<h3 class=\"wp-block-heading\">Salmos 37:5<\/h3>\n\n\n\n<p>Pon tu camino en las manos del Se\u00f1or; conf\u00eda en \u00e9l, y \u00e9l se encargar\u00e1 de todo.<\/p>\n\n\n\n<h3 class=\"wp-block-heading\">Salmos 91:4<\/h3>\n\n\n\n<p>El Se\u00f1or te cubrir\u00e1 con sus plumas, y vivir\u00e1s seguro debajo de sus alas. \u00a1Su verdad es un escudo protector!<\/p>\n\n\n\n<h3 class=\"wp-block-heading\">Salmos 103:13<\/h3>\n\n\n\n<p>El Se\u00f1or se compadece de los que le honran con la misma compasi\u00f3n del padre por sus hijos.<\/p>\n\n\n\n<h2 class=\"wp-block-heading\">Lee Tambi\u00e9n:<\/h2>\n\n\n\n<ul class=\"wp-block-list\">\n<li><a href=\"https:\/\/thebibleverses.org\/es\/\">Vers\u00edculos por Tema<\/a><\/li>\n\n\n\n<li><a href=\"https:\/\/thebibleverses.org\/es\/amor\/\">Vers\u00edculos B\u00edblicos sobre el Amor<\/a><\/li>\n\n\n\n<li><a href=\"https:\/\/thebibleverses.org\/es\/fortaleza\/\">Vers\u00edculos B\u00edblicos de Fortaleza<\/a><\/li>\n\n\n\n<li><a href=\"https:\/\/thebibleverses.org\/es\/fe\/\">Vers\u00edculos B\u00edblicos sobre la Fe<\/a><\/li>\n\n\n\n<li><a href=\"https:\/\/thebibleverses.org\/es\/jovenes\/\">Vers\u00edculos B\u00edblicos para J\u00f3venes<\/a><\/li>\n\n\n\n<li><a href=\"https:\/\/thebibleverses.org\/es\/amistad\/\">Vers\u00edculos B\u00edblicos sobre la Amistad<\/a><\/li>\n\n\n\n<li><a href=\"https:\/\/thebibleverses.org\/es\/sanidad\/\">Vers\u00edculos B\u00edblicos sobre Sanidad<\/a><\/li>\n<\/ul>\n","protected":false},"excerpt":{"rendered":"<p>Salmos para Memorizar y Meditar en la Palabra de Dios Encuentra en los Salmos para Memorizar un tesoro espiritual para llevar contigo. Descubre la alegr\u00eda de memorizar estos vers\u00edculos sagrados y profundiza tu conexi\u00f3n con la fe. Convierte cada palabra en un faro de inspiraci\u00f3n y consuelo, fortaleciendo tu espiritualidad d\u00eda a d\u00eda. Salmos 1:1 [&hellip;]<\/p>\n","protected":false},"author":1,"featured_media":1484,"parent":0,"menu_order":0,"comment_status":"closed","ping_status":"closed","template":"","meta":{"footnotes":""},"class_list":["post-1483","page","type-page","status-publish","has-post-thumbnail","hentry","entry","fw-tab-6 fw-tabr-4"],"_links":{"self":[{"href":"https:\/\/thebibleverses.org\/es\/wp-json\/wp\/v2\/pages\/1483","targetHints":{"allow":["GET"]}}],"collection":[{"href":"https:\/\/thebibleverses.org\/es\/wp-json\/wp\/v2\/pages"}],"about":[{"href":"https:\/\/thebibleverses.org\/es\/wp-json\/wp\/v2\/types\/page"}],"author":[{"embeddable":true,"href":"https:\/\/thebibleverses.org\/es\/wp-json\/wp\/v2\/users\/1"}],"replies":[{"embeddable":true,"href":"https:\/\/thebibleverses.org\/es\/wp-json\/wp\/v2\/comments?post=1483"}],"version-history":[{"count":1,"href":"https:\/\/thebibleverses.org\/es\/wp-json\/wp\/v2\/pages\/1483\/revisions"}],"predecessor-version":[{"id":1485,"href":"https:\/\/thebibleverses.org\/es\/wp-json\/wp\/v2\/pages\/1483\/revisions\/1485"}],"wp:featuredmedia":[{"embeddable":true,"href":"https:\/\/thebibleverses.org\/es\/wp-json\/wp\/v2\/media\/1484"}],"wp:attachment":[{"href":"https:\/\/thebibleverses.org\/es\/wp-json\/wp\/v2\/media?parent=1483"}],"curies":[{"name":"wp","href":"https:\/\/api.w.org\/{rel}","templated":true}]}}