{"id":1480,"date":"2023-09-13T23:45:21","date_gmt":"2023-09-13T23:45:21","guid":{"rendered":"https:\/\/thebibleverses.org\/es\/?page_id=1480"},"modified":"2023-09-13T23:45:23","modified_gmt":"2023-09-13T23:45:23","slug":"salmos-para-jovenes","status":"publish","type":"page","link":"https:\/\/thebibleverses.org\/es\/salmos-para-jovenes\/","title":{"rendered":"30 Salmos para J\u00f3venes"},"content":{"rendered":"<div class=\"wp-block-image\">\n<figure class=\"aligncenter size-large\"><img loading=\"lazy\" decoding=\"async\" width=\"1024\" height=\"631\" src=\"https:\/\/thebibleverses.org\/es\/wp-content\/uploads\/2023\/09\/salmos-para-j195179venes-1024x631.webp\" alt=\"Salmos para J\u00f3venes\" class=\"wp-image-1481\" srcset=\"https:\/\/thebibleverses.org\/es\/wp-content\/uploads\/2023\/09\/salmos-para-j195179venes-1024x631.webp 1024w, https:\/\/thebibleverses.org\/es\/wp-content\/uploads\/2023\/09\/salmos-para-j195179venes-300x185.webp 300w, https:\/\/thebibleverses.org\/es\/wp-content\/uploads\/2023\/09\/salmos-para-j195179venes-768x474.webp 768w, https:\/\/thebibleverses.org\/es\/wp-content\/uploads\/2023\/09\/salmos-para-j195179venes-320x197.webp 320w, https:\/\/thebibleverses.org\/es\/wp-content\/uploads\/2023\/09\/salmos-para-j195179venes-450x278.webp 450w, https:\/\/thebibleverses.org\/es\/wp-content\/uploads\/2023\/09\/salmos-para-j195179venes-720x444.webp 720w, https:\/\/thebibleverses.org\/es\/wp-content\/uploads\/2023\/09\/salmos-para-j195179venes.webp 1200w\" sizes=\"auto, (max-width: 1024px) 100vw, 1024px\" \/><figcaption class=\"wp-element-caption\">Salmos para J\u00f3venes &#8211; Reina Valera Contempor\u00e1nea (RVC).<\/figcaption><\/figure><\/div>\n\n\n<h2 class=\"wp-block-heading\">Salmos con Consejos para J\u00f3venes Cristianos<\/h2>\n\n\n\n<p>Explora los Salmos para J\u00f3venes y descubre c\u00f3mo estos vers\u00edculos atemporales ofrecen sabidur\u00eda y gu\u00eda para la vida moderna. Encuentra inspiraci\u00f3n y consejos pr\u00e1cticos para enfrentar desaf\u00edos y cultivar una fe s\u00f3lida en tu camino de crecimiento espiritual.<\/p>\n\n\n\n<h3 class=\"wp-block-heading\">Salmos 25:7<\/h3>\n\n\n\n<p>T\u00fa, Se\u00f1or, eres todo bondad. Por tu misericordia, acu\u00e9rdate de m\u00ed; pero olv\u00eddate de que en mi juventud pequ\u00e9 y fui rebelde contra ti.<\/p>\n\n\n\n<h3 class=\"wp-block-heading\">Salmos 71:5<\/h3>\n\n\n\n<p>T\u00fa, Se\u00f1or mi Dios, eres mi esperanza; t\u00fa me has dado seguridad desde mi juventud.<\/p>\n\n\n\n<h3 class=\"wp-block-heading\">Salmos 119:9<\/h3>\n\n\n\n<p>\u00bfC\u00f3mo puede el joven limpiar su camino? \u00a1Obedeciendo tu palabra!<\/p>\n\n\n\n<h3 class=\"wp-block-heading\">Salmos 119:11<\/h3>\n\n\n\n<p>En mi coraz\u00f3n he atesorado tus palabras, para no pecar contra ti.<\/p>\n\n\n\n<h3 class=\"wp-block-heading\">Salmos 119:105<\/h3>\n\n\n\n<p>Tu palabra es una l\u00e1mpara a mis pies; \u00a1es la luz que ilumina mi camino!<\/p>\n\n\n\n<h3 class=\"wp-block-heading\">Salmos 119:130<\/h3>\n\n\n\n<p>La ense\u00f1anza de tus palabras ilumina; y hasta la gente sencilla las entienden.<\/p>\n\n\n\n<h3 class=\"wp-block-heading\">Salmos 139:13-14<\/h3>\n\n\n\n<p>T\u00fa, Se\u00f1or, diste forma a mis entra\u00f1as; t\u00fa me formaste en el vientre de mi madre! Te alabo porque tus obras son formidables, porque todo lo que haces es maravilloso. \u00a1De esto estoy plenamente convencido!<\/p>\n\n\n\n<h3 class=\"wp-block-heading\">Salmos 144:12<\/h3>\n\n\n\n<p>Que nuestros hijos, en su juventud, crezcan como plantas vigorosas. Que nuestra hijas sean hermosas como las columnas labradas de un palacio.<\/p>\n\n\n\n<h3 class=\"wp-block-heading\">Salmos 146:5<\/h3>\n\n\n\n<p>\u00a1Dichosos los que conf\u00edan en el Dios de Jacob, los que cuentan con la ayuda de Dios, el Se\u00f1or!<\/p>\n\n\n\n<h3 class=\"wp-block-heading\">Salmos 148:12-13<\/h3>\n\n\n\n<p>Los j\u00f3venes y las doncellas, los ancianos y los ni\u00f1os. \u00a1Alabado sea el nombre del Se\u00f1or! \u00a1S\u00f3lo su nombre merece ser exaltado! \u00a1Su gloria domina los cielos y la tierra!<\/p>\n\n\n\n<h3 class=\"wp-block-heading\">Salmos 119:133<\/h3>\n\n\n\n<p>Ordena mis pasos con tu palabra, Para que el pecado no me domine.<\/p>\n\n\n\n<h3 class=\"wp-block-heading\">Salmos 37:4<\/h3>\n\n\n\n<p>Disfruta de la presencia del Se\u00f1or, y \u00e9l te dar\u00e1 lo que de coraz\u00f3n le pidas.<\/p>\n\n\n\n<h3 class=\"wp-block-heading\">Salmos 37:23-24<\/h3>\n\n\n\n<p>El Se\u00f1or dirige los caminos del hombre cuando se complace en su modo de vida. Si el hombre cae, no se queda en el suelo porque el Se\u00f1or lo sostiene de la mano.<\/p>\n\n\n\n<h3 class=\"wp-block-heading\">Salmos 119:34<\/h3>\n\n\n\n<p>Hazme entender tu ley, para cumplirla; la obedecer\u00e9 de todo coraz\u00f3n.<\/p>\n\n\n\n<h3 class=\"wp-block-heading\">Salmos 119:133<\/h3>\n\n\n\n<p>Ordena mis pasos con tu palabra, Para que el pecado no me domine.<\/p>\n\n\n\n<h3 class=\"wp-block-heading\">Salmos 119:165<\/h3>\n\n\n\n<p>Los que aman tu ley viven en completa paz, porque saben que no tropezar\u00e1n.<\/p>\n\n\n\n<h3 class=\"wp-block-heading\">Salmos 144:12<\/h3>\n\n\n\n<p>Que nuestros hijos, en su juventud, crezcan como plantas vigorosas. Que nuestra hijas sean hermosas como las columnas labradas de un palacio.<\/p>\n\n\n\n<h3 class=\"wp-block-heading\">Salmos 127:3<\/h3>\n\n\n\n<p>Los hijos son un regalo del Se\u00f1or; los frutos del vientre son nuestra recompensa.<\/p>\n\n\n\n<h3 class=\"wp-block-heading\">Salmos 139:14<\/h3>\n\n\n\n<p>Te alabo porque tus obras son formidables, porque todo lo que haces es maravilloso. \u00a1De esto estoy plenamente convencido!<\/p>\n\n\n\n<h3 class=\"wp-block-heading\">Salmos 16:11<\/h3>\n\n\n\n<p>T\u00fa me ense\u00f1as el camino de la vida; con tu presencia me llenas de alegr\u00eda; \u00a1estando a tu lado ser\u00e9 siempre dichoso!<\/p>\n\n\n\n<h3 class=\"wp-block-heading\">Salmos 119:1<\/h3>\n\n\n\n<p>Dichosos los de conducta perfecta, los que siguen las ense\u00f1anzas del Se\u00f1or.<\/p>\n\n\n\n<h3 class=\"wp-block-heading\">Salmos 119:14<\/h3>\n\n\n\n<p>Me alegra seguir el camino de tus testimonios m\u00e1s que poseer muchas riquezas.<\/p>\n\n\n\n<h3 class=\"wp-block-heading\">Salmos 139:23<\/h3>\n\n\n\n<p>Se\u00f1or, examina y reconoce mi coraz\u00f3n: pon a prueba cada uno de mis pensamientos.<\/p>\n\n\n\n<h3 class=\"wp-block-heading\">Salmos 119:99<\/h3>\n\n\n\n<p>Entiendo m\u00e1s que mis maestros, porque tus testimonios son mi meditaci\u00f3n.<\/p>\n\n\n\n<h3 class=\"wp-block-heading\">Salmos 37:5<\/h3>\n\n\n\n<p>Pon tu camino en las manos del Se\u00f1or; conf\u00eda en \u00e9l, y \u00e9l se encargar\u00e1 de todo.<\/p>\n\n\n\n<h3 class=\"wp-block-heading\">Salmos 37:7<\/h3>\n\n\n\n<p>Guarda silencio ante el Se\u00f1or, y espera en \u00e9l; no te alteres por los que prosperan en su camino, ni por los que practican la maldad.<\/p>\n\n\n\n<h3 class=\"wp-block-heading\">Salmos 37:23<\/h3>\n\n\n\n<p>El Se\u00f1or dirige los caminos del hombre cuando se complace en su modo de vida.<\/p>\n\n\n\n<h3 class=\"wp-block-heading\">Salmos 119:2<\/h3>\n\n\n\n<p>Dichosos los que cumplen sus testimonios, y lo buscan de todo coraz\u00f3n.<\/p>\n\n\n\n<h3 class=\"wp-block-heading\">Salmos 119:45<\/h3>\n\n\n\n<p>S\u00f3lo as\u00ed ser\u00e9 completamente libre, pues he buscado seguir tus mandamientos.<\/p>\n\n\n\n<h3 class=\"wp-block-heading\">Salmos 119:105<\/h3>\n\n\n\n<p>Tu palabra es una l\u00e1mpara a mis pies; \u00a1es la luz que ilumina mi camino!<\/p>\n\n\n\n<h2 class=\"wp-block-heading\">Lee Tambi\u00e9n:<\/h2>\n\n\n\n<ul class=\"wp-block-list\">\n<li><a href=\"https:\/\/thebibleverses.org\/es\/\">Vers\u00edculos por Tema<\/a><\/li>\n\n\n\n<li><a href=\"https:\/\/thebibleverses.org\/es\/amor\/\">Vers\u00edculos B\u00edblicos sobre el Amor<\/a><\/li>\n\n\n\n<li><a href=\"https:\/\/thebibleverses.org\/es\/fortaleza\/\">Vers\u00edculos B\u00edblicos de Fortaleza<\/a><\/li>\n\n\n\n<li><a href=\"https:\/\/thebibleverses.org\/es\/fe\/\">Vers\u00edculos B\u00edblicos sobre la Fe<\/a><\/li>\n\n\n\n<li><a href=\"https:\/\/thebibleverses.org\/es\/jovenes\/\">Vers\u00edculos B\u00edblicos para J\u00f3venes<\/a><\/li>\n\n\n\n<li><a href=\"https:\/\/thebibleverses.org\/es\/amistad\/\">Vers\u00edculos B\u00edblicos sobre la Amistad<\/a><\/li>\n\n\n\n<li><a href=\"https:\/\/thebibleverses.org\/es\/sanidad\/\">Vers\u00edculos B\u00edblicos sobre Sanidad<\/a><\/li>\n<\/ul>\n","protected":false},"excerpt":{"rendered":"<p>Salmos con Consejos para J\u00f3venes Cristianos Explora los Salmos para J\u00f3venes y descubre c\u00f3mo estos vers\u00edculos atemporales ofrecen sabidur\u00eda y gu\u00eda para la vida moderna. Encuentra inspiraci\u00f3n y consejos pr\u00e1cticos para enfrentar desaf\u00edos y cultivar una fe s\u00f3lida en tu camino de crecimiento espiritual. Salmos 25:7 T\u00fa, Se\u00f1or, eres todo bondad. Por tu misericordia, acu\u00e9rdate [&hellip;]<\/p>\n","protected":false},"author":1,"featured_media":1481,"parent":0,"menu_order":0,"comment_status":"closed","ping_status":"closed","template":"","meta":{"footnotes":""},"class_list":["post-1480","page","type-page","status-publish","has-post-thumbnail","hentry","entry","fw-tab-6 fw-tabr-4"],"_links":{"self":[{"href":"https:\/\/thebibleverses.org\/es\/wp-json\/wp\/v2\/pages\/1480","targetHints":{"allow":["GET"]}}],"collection":[{"href":"https:\/\/thebibleverses.org\/es\/wp-json\/wp\/v2\/pages"}],"about":[{"href":"https:\/\/thebibleverses.org\/es\/wp-json\/wp\/v2\/types\/page"}],"author":[{"embeddable":true,"href":"https:\/\/thebibleverses.org\/es\/wp-json\/wp\/v2\/users\/1"}],"replies":[{"embeddable":true,"href":"https:\/\/thebibleverses.org\/es\/wp-json\/wp\/v2\/comments?post=1480"}],"version-history":[{"count":1,"href":"https:\/\/thebibleverses.org\/es\/wp-json\/wp\/v2\/pages\/1480\/revisions"}],"predecessor-version":[{"id":1482,"href":"https:\/\/thebibleverses.org\/es\/wp-json\/wp\/v2\/pages\/1480\/revisions\/1482"}],"wp:featuredmedia":[{"embeddable":true,"href":"https:\/\/thebibleverses.org\/es\/wp-json\/wp\/v2\/media\/1481"}],"wp:attachment":[{"href":"https:\/\/thebibleverses.org\/es\/wp-json\/wp\/v2\/media?parent=1480"}],"curies":[{"name":"wp","href":"https:\/\/api.w.org\/{rel}","templated":true}]}}