{"id":1477,"date":"2023-09-13T23:32:26","date_gmt":"2023-09-13T23:32:26","guid":{"rendered":"https:\/\/thebibleverses.org\/es\/?page_id=1477"},"modified":"2023-09-13T23:32:28","modified_gmt":"2023-09-13T23:32:28","slug":"salmos-gracia-de-dios","status":"publish","type":"page","link":"https:\/\/thebibleverses.org\/es\/salmos-gracia-de-dios\/","title":{"rendered":"25 Salmos sobre la Gracia de Dios"},"content":{"rendered":"<div class=\"wp-block-image\">\n<figure class=\"aligncenter size-large\"><img loading=\"lazy\" decoding=\"async\" width=\"1024\" height=\"631\" src=\"https:\/\/thebibleverses.org\/es\/wp-content\/uploads\/2023\/09\/salmos-sobre-la-gracia-de-dios-1024x631.webp\" alt=\"Salmos sobre la  Gracia de Dios\" class=\"wp-image-1478\" srcset=\"https:\/\/thebibleverses.org\/es\/wp-content\/uploads\/2023\/09\/salmos-sobre-la-gracia-de-dios-1024x631.webp 1024w, https:\/\/thebibleverses.org\/es\/wp-content\/uploads\/2023\/09\/salmos-sobre-la-gracia-de-dios-300x185.webp 300w, https:\/\/thebibleverses.org\/es\/wp-content\/uploads\/2023\/09\/salmos-sobre-la-gracia-de-dios-768x474.webp 768w, https:\/\/thebibleverses.org\/es\/wp-content\/uploads\/2023\/09\/salmos-sobre-la-gracia-de-dios-320x197.webp 320w, https:\/\/thebibleverses.org\/es\/wp-content\/uploads\/2023\/09\/salmos-sobre-la-gracia-de-dios-450x278.webp 450w, https:\/\/thebibleverses.org\/es\/wp-content\/uploads\/2023\/09\/salmos-sobre-la-gracia-de-dios-720x444.webp 720w, https:\/\/thebibleverses.org\/es\/wp-content\/uploads\/2023\/09\/salmos-sobre-la-gracia-de-dios.webp 1200w\" sizes=\"auto, (max-width: 1024px) 100vw, 1024px\" \/><figcaption class=\"wp-element-caption\">Salmos sobre la  Gracia de Dios &#8211; Reina Valera Contempor\u00e1nea (RVC).<\/figcaption><\/figure><\/div>\n\n\n<h2 class=\"wp-block-heading\">Salmos sobre la Gracia de Dios en la Biblia<\/h2>\n\n\n\n<p>Descubre la profunda ense\u00f1anza de los Salmos sobre la gracia divina en nuestra vida. Explora c\u00f3mo estos vers\u00edculos sagrados revelan el amor inquebrantable de Dios y su misericordia infinita. Encuentra inspiraci\u00f3n en los Salmos para experimentar la gracia transformadora en tu camino espiritual.<\/p>\n\n\n\n<h3 class=\"wp-block-heading\">Salmos 23:6<\/h3>\n\n\n\n<p>S\u00e9 que tu bondad y tu misericordia me acompa\u00f1ar\u00e1n todos los d\u00edas de mi vida, y que en tu casa, oh Se\u00f1or, vivir\u00e9 por largos d\u00edas.<\/p>\n\n\n\n<h3 class=\"wp-block-heading\">Salmos 30:5<\/h3>\n\n\n\n<p>Su enojo dura s\u00f3lo un momento, pero su bondad dura toda la vida. Tal vez lloremos durante la noche, pero en la ma\u00f1ana saltaremos de alegr\u00eda.<\/p>\n\n\n\n<h3 class=\"wp-block-heading\">Salmos 33:5<\/h3>\n\n\n\n<p>El Se\u00f1or ama la justicia y el derecho; la tierra est\u00e1 llena de su misericordia.<\/p>\n\n\n\n<h3 class=\"wp-block-heading\">Salmos 84:11<\/h3>\n\n\n\n<p>T\u00fa, Dios y Se\u00f1or, eres sol y escudo; t\u00fa, Se\u00f1or, otorgas bondad y gloria a los que siguen el camino recto, y no les niegas ning\u00fan bien.<\/p>\n\n\n\n<h3 class=\"wp-block-heading\">Salmos 86:15<\/h3>\n\n\n\n<p>Pero t\u00fa, Se\u00f1or, eres un Dios compasivo y clemente, lento para la ira, pero grande en misericordia y verdad.<\/p>\n\n\n\n<h3 class=\"wp-block-heading\">Salmos 103:8<\/h3>\n\n\n\n<p>El Se\u00f1or es misericordioso y clemente; es lento para la ira, y grande en misericordia.<\/p>\n\n\n\n<h3 class=\"wp-block-heading\">Salmos 103:10<\/h3>\n\n\n\n<p>No nos ha tratado como merece nuestra maldad, Ni nos ha castigado como merecen nuestros pecados.<\/p>\n\n\n\n<h3 class=\"wp-block-heading\">Salmos 103:17<\/h3>\n\n\n\n<p>Pero el Se\u00f1or es eternamente misericordioso; \u00e9l les hace justicia a quienes le honran, y tambi\u00e9n a sus hijos y descendientes,<\/p>\n\n\n\n<h3 class=\"wp-block-heading\">Salmos 111:4<\/h3>\n\n\n\n<p>El Se\u00f1or es bondadoso y compasivo, y todo lo que hace merece recordarse.<\/p>\n\n\n\n<h3 class=\"wp-block-heading\">Salmos 112:4<\/h3>\n\n\n\n<p>Para los justos, la luz brilla en las tinieblas. Dios es bueno, justo y compasivo.<\/p>\n\n\n\n<h3 class=\"wp-block-heading\">Salmos 116:5<\/h3>\n\n\n\n<p>El Se\u00f1or es justo y compasivo; nuestro Dios es todo bondad.<\/p>\n\n\n\n<h3 class=\"wp-block-heading\">Salmos 117:2<\/h3>\n\n\n\n<p>\u00a1Grande es su misericordia por nosotros! \u00a1La fidelidad del Se\u00f1or permanece para siempre! \u00a1Aleluya!<\/p>\n\n\n\n<h3 class=\"wp-block-heading\">Salmos 119:29<\/h3>\n\n\n\n<p>Ap\u00e1rtame de andar tras la mentira, y en tu misericordia ens\u00e9\u00f1ame tu ley.<\/p>\n\n\n\n<h3 class=\"wp-block-heading\">Salmos 119:58<\/h3>\n\n\n\n<p>De todo coraz\u00f3n busco tu presencia; ten compasi\u00f3n de m\u00ed, conforme a tu promesa.<\/p>\n\n\n\n<h3 class=\"wp-block-heading\">Salmos 119:132<\/h3>\n\n\n\n<p>M\u00edrame, y ten misericordia de m\u00ed, como la tienes con quienes te aman.<\/p>\n\n\n\n<h3 class=\"wp-block-heading\">Salmos 130:3<\/h3>\n\n\n\n<p>Se\u00f1or, si te fijaras en nuestros pecados, \u00bfqui\u00e9n podr\u00eda sostenerse en tu presencia?<\/p>\n\n\n\n<h3 class=\"wp-block-heading\">Salmos 130:7<\/h3>\n\n\n\n<p>Israel, conf\u00eda en el Se\u00f1or, porque el Se\u00f1or es misericordioso; \u00a1en \u00e9l hay abundante redenci\u00f3n!<\/p>\n\n\n\n<h3 class=\"wp-block-heading\">Salmos 136:26<\/h3>\n\n\n\n<p>\u00a1Alabemos al Dios de los cielos! \u00a1Su misericordia permanece para siempre!<\/p>\n\n\n\n<h3 class=\"wp-block-heading\">Salmos 145:8<\/h3>\n\n\n\n<p>El Se\u00f1or es compasivo y lleno de ternura; lento para la ira y grande en misericordia.<\/p>\n\n\n\n<h3 class=\"wp-block-heading\">Salmos 145:9<\/h3>\n\n\n\n<p>El Se\u00f1or es bueno con todos, y se compadece de toda su creaci\u00f3n.<\/p>\n\n\n\n<h3 class=\"wp-block-heading\">Salmos 146:5<\/h3>\n\n\n\n<p>\u00a1Dichosos los que conf\u00edan en el Dios de Jacob, los que cuentan con la ayuda de Dios, el Se\u00f1or!<\/p>\n\n\n\n<h3 class=\"wp-block-heading\">Salmos 146:8<\/h3>\n\n\n\n<p>Y les devuelve la vista a los ciegos; El Se\u00f1or levanta a los ca\u00eddos; y ama a los que practican la justicia.<\/p>\n\n\n\n<h3 class=\"wp-block-heading\">Salmos 147:11<\/h3>\n\n\n\n<p>El Se\u00f1or se complace en los que le honran, y en los que conf\u00edan en su misericordia.<\/p>\n\n\n\n<h3 class=\"wp-block-heading\">Salmos 147:13<\/h3>\n\n\n\n<p>El Se\u00f1or refuerza los cerrojos de tus puertas, y bendice a los que habitan dentro de tus muros.<\/p>\n\n\n\n<h3 class=\"wp-block-heading\">Salmos 149:4<\/h3>\n\n\n\n<p>El Se\u00f1or se complace en su pueblo, y bendice a los humildes con su salvaci\u00f3n.<\/p>\n\n\n\n<h2 class=\"wp-block-heading\">Lee Tambi\u00e9n:<\/h2>\n\n\n\n<ul class=\"wp-block-list\">\n<li><a href=\"https:\/\/thebibleverses.org\/es\/\">Vers\u00edculos por Tema<\/a><\/li>\n\n\n\n<li><a href=\"https:\/\/thebibleverses.org\/es\/amor\/\">Vers\u00edculos B\u00edblicos sobre el Amor<\/a><\/li>\n\n\n\n<li><a href=\"https:\/\/thebibleverses.org\/es\/fortaleza\/\">Vers\u00edculos B\u00edblicos de Fortaleza<\/a><\/li>\n\n\n\n<li><a href=\"https:\/\/thebibleverses.org\/es\/fe\/\">Vers\u00edculos B\u00edblicos sobre la Fe<\/a><\/li>\n\n\n\n<li><a href=\"https:\/\/thebibleverses.org\/es\/jovenes\/\">Vers\u00edculos B\u00edblicos para J\u00f3venes<\/a><\/li>\n\n\n\n<li><a href=\"https:\/\/thebibleverses.org\/es\/amistad\/\">Vers\u00edculos B\u00edblicos sobre la Amistad<\/a><\/li>\n\n\n\n<li><a href=\"https:\/\/thebibleverses.org\/es\/sanidad\/\">Vers\u00edculos B\u00edblicos sobre Sanidad<\/a><\/li>\n<\/ul>\n","protected":false},"excerpt":{"rendered":"<p>Salmos sobre la Gracia de Dios en la Biblia Descubre la profunda ense\u00f1anza de los Salmos sobre la gracia divina en nuestra vida. Explora c\u00f3mo estos vers\u00edculos sagrados revelan el amor inquebrantable de Dios y su misericordia infinita. Encuentra inspiraci\u00f3n en los Salmos para experimentar la gracia transformadora en tu camino espiritual. Salmos 23:6 S\u00e9 [&hellip;]<\/p>\n","protected":false},"author":1,"featured_media":1478,"parent":0,"menu_order":0,"comment_status":"closed","ping_status":"closed","template":"","meta":{"footnotes":""},"class_list":["post-1477","page","type-page","status-publish","has-post-thumbnail","hentry","entry","fw-tab-6 fw-tabr-4"],"_links":{"self":[{"href":"https:\/\/thebibleverses.org\/es\/wp-json\/wp\/v2\/pages\/1477","targetHints":{"allow":["GET"]}}],"collection":[{"href":"https:\/\/thebibleverses.org\/es\/wp-json\/wp\/v2\/pages"}],"about":[{"href":"https:\/\/thebibleverses.org\/es\/wp-json\/wp\/v2\/types\/page"}],"author":[{"embeddable":true,"href":"https:\/\/thebibleverses.org\/es\/wp-json\/wp\/v2\/users\/1"}],"replies":[{"embeddable":true,"href":"https:\/\/thebibleverses.org\/es\/wp-json\/wp\/v2\/comments?post=1477"}],"version-history":[{"count":1,"href":"https:\/\/thebibleverses.org\/es\/wp-json\/wp\/v2\/pages\/1477\/revisions"}],"predecessor-version":[{"id":1479,"href":"https:\/\/thebibleverses.org\/es\/wp-json\/wp\/v2\/pages\/1477\/revisions\/1479"}],"wp:featuredmedia":[{"embeddable":true,"href":"https:\/\/thebibleverses.org\/es\/wp-json\/wp\/v2\/media\/1478"}],"wp:attachment":[{"href":"https:\/\/thebibleverses.org\/es\/wp-json\/wp\/v2\/media?parent=1477"}],"curies":[{"name":"wp","href":"https:\/\/api.w.org\/{rel}","templated":true}]}}