{"id":1474,"date":"2023-09-13T23:20:46","date_gmt":"2023-09-13T23:20:46","guid":{"rendered":"https:\/\/thebibleverses.org\/es\/?page_id=1474"},"modified":"2023-09-13T23:20:48","modified_gmt":"2023-09-13T23:20:48","slug":"salmos-de-fe","status":"publish","type":"page","link":"https:\/\/thebibleverses.org\/es\/salmos-de-fe\/","title":{"rendered":"30 Salmos de Fe en Dios"},"content":{"rendered":"<div class=\"wp-block-image\">\n<figure class=\"aligncenter size-large\"><img loading=\"lazy\" decoding=\"async\" width=\"1024\" height=\"631\" src=\"https:\/\/thebibleverses.org\/es\/wp-content\/uploads\/2023\/09\/salmos-de-fe-en-dios-1024x631.webp\" alt=\"Salmos de Fe en Dios\" class=\"wp-image-1475\" srcset=\"https:\/\/thebibleverses.org\/es\/wp-content\/uploads\/2023\/09\/salmos-de-fe-en-dios-1024x631.webp 1024w, https:\/\/thebibleverses.org\/es\/wp-content\/uploads\/2023\/09\/salmos-de-fe-en-dios-300x185.webp 300w, https:\/\/thebibleverses.org\/es\/wp-content\/uploads\/2023\/09\/salmos-de-fe-en-dios-768x474.webp 768w, https:\/\/thebibleverses.org\/es\/wp-content\/uploads\/2023\/09\/salmos-de-fe-en-dios-320x197.webp 320w, https:\/\/thebibleverses.org\/es\/wp-content\/uploads\/2023\/09\/salmos-de-fe-en-dios-450x278.webp 450w, https:\/\/thebibleverses.org\/es\/wp-content\/uploads\/2023\/09\/salmos-de-fe-en-dios-720x444.webp 720w, https:\/\/thebibleverses.org\/es\/wp-content\/uploads\/2023\/09\/salmos-de-fe-en-dios.webp 1200w\" sizes=\"auto, (max-width: 1024px) 100vw, 1024px\" \/><figcaption class=\"wp-element-caption\">Salmos de Fe en Dios &#8211; Reina Valera Contempor\u00e1nea (RVC).<\/figcaption><\/figure><\/div>\n\n\n<h2 class=\"wp-block-heading\">Salmos de la Biblia de Fe en Dios<\/h2>\n\n\n\n<p>Descubre una fe inquebrantable en Dios a trav\u00e9s de nuestros Salmos. Estos vers\u00edculos atemporales son faros de inspiraci\u00f3n espiritual que fortalecen la confianza en Dios. Explora palabras que nutren el alma y gu\u00edan hacia una conexi\u00f3n m\u00e1s profunda con lo divino.<\/p>\n\n\n\n<h3 class=\"wp-block-heading\">Salmos 9:10<\/h3>\n\n\n\n<p>En ti conf\u00edan los que conocen tu nombre, porque t\u00fa, Se\u00f1or, proteges a los que te buscan.<\/p>\n\n\n\n<h3 class=\"wp-block-heading\">Salmos 20:7<\/h3>\n\n\n\n<p>Algunos conf\u00edan en sus carros de guerra; otros conf\u00edan en su caballer\u00eda, Pero nosotros confiamos en el Nombre, \u00a1confiamos en el Se\u00f1or, nuestro Dios!<\/p>\n\n\n\n<h3 class=\"wp-block-heading\">Salmos 22:4<\/h3>\n\n\n\n<p>Nuestros padres confiaron en ti; en ti confiaron, y t\u00fa los libraste.<\/p>\n\n\n\n<h3 class=\"wp-block-heading\">Salmos 27:3<\/h3>\n\n\n\n<p>Aunque un ej\u00e9rcito acampe contra m\u00ed, mi coraz\u00f3n no se amedrentar\u00e1; aunque me ataquen y me declaren la guerra, en esto fincar\u00e9 mi confianza:<\/p>\n\n\n\n<h3 class=\"wp-block-heading\">Salmos 27:14<\/h3>\n\n\n\n<p>\u00a1Espera en el Se\u00f1or! \u00a1Infunde a tu coraz\u00f3n \u00e1nimo y aliento! \u00a1S\u00ed, espera en el Se\u00f1or!<\/p>\n\n\n\n<h3 class=\"wp-block-heading\">Salmos 28:7<\/h3>\n\n\n\n<p>T\u00fa, Se\u00f1or, eres mi escudo y mi fuerza; en ti conf\u00eda mi coraz\u00f3n, pues recibo tu ayuda. Por eso mi coraz\u00f3n se alegra y te alaba con sus c\u00e1nticos.<\/p>\n\n\n\n<h3 class=\"wp-block-heading\">Salmos 31:14<\/h3>\n\n\n\n<p>Se\u00f1or, yo conf\u00edo en ti, y declaro que t\u00fa eres mi Dios.<\/p>\n\n\n\n<h3 class=\"wp-block-heading\">Salmos 37:3<\/h3>\n\n\n\n<p>Conf\u00eda en el Se\u00f1or, y practica el bien; as\u00ed heredar\u00e1s la tierra y la verdad te guiar\u00e1.<\/p>\n\n\n\n<h3 class=\"wp-block-heading\">Salmos 37:5<\/h3>\n\n\n\n<p>Pon tu camino en las manos del Se\u00f1or; conf\u00eda en \u00e9l, y \u00e9l se encargar\u00e1 de todo;<\/p>\n\n\n\n<h3 class=\"wp-block-heading\">Salmos 37:7<\/h3>\n\n\n\n<p>Guarda silencio ante el Se\u00f1or, y espera en \u00e9l; no te alteres por los que prosperan en su camino, ni por los que practican la maldad.<\/p>\n\n\n\n<h3 class=\"wp-block-heading\">Salmos 40:4<\/h3>\n\n\n\n<p>Dichoso el hombre que conf\u00eda en el Se\u00f1or y no en gente soberbia y mentirosa.<\/p>\n\n\n\n<h3 class=\"wp-block-heading\">Salmos 46:1-2<\/h3>\n\n\n\n<p>Dios es nuestro amparo y fortaleza, Nuestro pronto auxilio en todos los problemas. Por eso no tenemos ning\u00fan temor. Aunque la tierra se estremezca, y los montes se hundan en el fondo del mar;<\/p>\n\n\n\n<h3 class=\"wp-block-heading\">Salmos 62:8<\/h3>\n\n\n\n<p>Pueblos todos, \u00a1conf\u00eden siempre en Dios! \u00a1Vac\u00eden delante de \u00e9l su coraz\u00f3n! \u00a1Dios es nuestro refugio!<\/p>\n\n\n\n<h3 class=\"wp-block-heading\">Salmos 71:5<\/h3>\n\n\n\n<p>T\u00fa, Se\u00f1or mi Dios, eres mi esperanza; t\u00fa me has dado seguridad desde mi juventud.<\/p>\n\n\n\n<h3 class=\"wp-block-heading\">Salmos 73:28<\/h3>\n\n\n\n<p>En cuanto a m\u00ed, \u00a1qu\u00e9 bueno es estar cerca de ti! \u00a1En ti, Se\u00f1or, he puesto mi esperanza para proclamar todas tus obras!<\/p>\n\n\n\n<h3 class=\"wp-block-heading\">Salmos 84:12<\/h3>\n\n\n\n<p>Se\u00f1or de los ej\u00e9rcitos, \u00a1cu\u00e1n dichoso es el que en ti conf\u00eda!<\/p>\n\n\n\n<h3 class=\"wp-block-heading\">Salmos 115:11<\/h3>\n\n\n\n<p>Ustedes, temerosos del Se\u00f1or, conf\u00eden en \u00e9l; \u00e9l es quien los ayuda y los protege.<\/p>\n\n\n\n<h3 class=\"wp-block-heading\">Salmos 118:8<\/h3>\n\n\n\n<p>Es mejor confiar en el Se\u00f1or que confiar en simples mortales.<\/p>\n\n\n\n<h3 class=\"wp-block-heading\">Salmos 125:1<\/h3>\n\n\n\n<p>Los que conf\u00edan en el Se\u00f1or son semejantes al monte Si\u00f3n, que jam\u00e1s se mueve, que siempre est\u00e1 en su lugar.<\/p>\n\n\n\n<h3 class=\"wp-block-heading\">Salmos 146:5<\/h3>\n\n\n\n<p>\u00a1Dichosos los que conf\u00edan en el Dios de Jacob, los que cuentan con la ayuda de Dios, el Se\u00f1or!<\/p>\n\n\n\n<h3 class=\"wp-block-heading\">Salmos 146:3<\/h3>\n\n\n\n<p>No pongan su confianza en los poderosos, ni en ning\u00fan mortal, porque no pueden salvar.<\/p>\n\n\n\n<h3 class=\"wp-block-heading\">Salmos 146:6<\/h3>\n\n\n\n<p>El Se\u00f1or cre\u00f3 los cielos y la tierra, y el mar y todos los seres que contiene. El Se\u00f1or siempre cumple su palabra;<\/p>\n\n\n\n<h3 class=\"wp-block-heading\">Salmos 147:11<\/h3>\n\n\n\n<p>El Se\u00f1or se complace en los que le honran, y en los que conf\u00edan en su misericordia.<\/p>\n\n\n\n<h3 class=\"wp-block-heading\">Salmos 147:13<\/h3>\n\n\n\n<p>El Se\u00f1or refuerza los cerrojos de tus puertas, y bendice a los que habitan dentro de tus muros.<\/p>\n\n\n\n<h3 class=\"wp-block-heading\">Salmos 146:8<\/h3>\n\n\n\n<p>Y les devuelve la vista a los ciegos; El Se\u00f1or levanta a los ca\u00eddos; y ama a los que practican la justicia<\/p>\n\n\n\n<h3 class=\"wp-block-heading\">Salmos 118:9<\/h3>\n\n\n\n<p>Es mejor confiar en el Se\u00f1or que confiar en gente poderosa.<\/p>\n\n\n\n<h3 class=\"wp-block-heading\">Salmos 62:10<\/h3>\n\n\n\n<p>No conf\u00eden en la violencia, ni pongan vanas esperanzas en la rapi\u00f1a; si acaso llegan a acumular riquezas, no les entreguen su coraz\u00f3n.<\/p>\n\n\n\n<h3 class=\"wp-block-heading\">Salmos 62:5<\/h3>\n\n\n\n<p>S\u00f3lo en Dios halla tranquilidad mi alma; s\u00f3lo en \u00e9l he puesto mi esperanza.<\/p>\n\n\n\n<h3 class=\"wp-block-heading\">Salmos 9:18<\/h3>\n\n\n\n<p>Porque no siempre ser\u00e1n olvidados los pobres, ni todo el tiempo se desvanecer\u00e1 su esperanza.<\/p>\n\n\n\n<h3 class=\"wp-block-heading\">Salmos 130:5<\/h3>\n\n\n\n<p>Se\u00f1or, toda mi vida he esperado en ti, y he confiado en tus promesas.<\/p>\n\n\n\n<h2 class=\"wp-block-heading\">Lee Tambi\u00e9n:<\/h2>\n\n\n\n<ul class=\"wp-block-list\">\n<li><a href=\"https:\/\/thebibleverses.org\/es\/\">Vers\u00edculos por Tema<\/a><\/li>\n\n\n\n<li><a href=\"https:\/\/thebibleverses.org\/es\/amor\/\">Vers\u00edculos B\u00edblicos sobre el Amor<\/a><\/li>\n\n\n\n<li><a href=\"https:\/\/thebibleverses.org\/es\/fortaleza\/\">Vers\u00edculos B\u00edblicos de Fortaleza<\/a><\/li>\n\n\n\n<li><a href=\"https:\/\/thebibleverses.org\/es\/fe\/\">Vers\u00edculos B\u00edblicos sobre la Fe<\/a><\/li>\n\n\n\n<li><a href=\"https:\/\/thebibleverses.org\/es\/jovenes\/\">Vers\u00edculos B\u00edblicos para J\u00f3venes<\/a><\/li>\n\n\n\n<li><a href=\"https:\/\/thebibleverses.org\/es\/amistad\/\">Vers\u00edculos B\u00edblicos sobre la Amistad<\/a><\/li>\n\n\n\n<li><a href=\"https:\/\/thebibleverses.org\/es\/sanidad\/\">Vers\u00edculos B\u00edblicos sobre Sanidad<\/a><\/li>\n<\/ul>\n","protected":false},"excerpt":{"rendered":"<p>Salmos de la Biblia de Fe en Dios Descubre una fe inquebrantable en Dios a trav\u00e9s de nuestros Salmos. Estos vers\u00edculos atemporales son faros de inspiraci\u00f3n espiritual que fortalecen la confianza en Dios. Explora palabras que nutren el alma y gu\u00edan hacia una conexi\u00f3n m\u00e1s profunda con lo divino. Salmos 9:10 En ti conf\u00edan los [&hellip;]<\/p>\n","protected":false},"author":1,"featured_media":1475,"parent":0,"menu_order":0,"comment_status":"closed","ping_status":"closed","template":"","meta":{"footnotes":""},"class_list":["post-1474","page","type-page","status-publish","has-post-thumbnail","hentry","entry","fw-tab-6 fw-tabr-4"],"_links":{"self":[{"href":"https:\/\/thebibleverses.org\/es\/wp-json\/wp\/v2\/pages\/1474","targetHints":{"allow":["GET"]}}],"collection":[{"href":"https:\/\/thebibleverses.org\/es\/wp-json\/wp\/v2\/pages"}],"about":[{"href":"https:\/\/thebibleverses.org\/es\/wp-json\/wp\/v2\/types\/page"}],"author":[{"embeddable":true,"href":"https:\/\/thebibleverses.org\/es\/wp-json\/wp\/v2\/users\/1"}],"replies":[{"embeddable":true,"href":"https:\/\/thebibleverses.org\/es\/wp-json\/wp\/v2\/comments?post=1474"}],"version-history":[{"count":1,"href":"https:\/\/thebibleverses.org\/es\/wp-json\/wp\/v2\/pages\/1474\/revisions"}],"predecessor-version":[{"id":1476,"href":"https:\/\/thebibleverses.org\/es\/wp-json\/wp\/v2\/pages\/1474\/revisions\/1476"}],"wp:featuredmedia":[{"embeddable":true,"href":"https:\/\/thebibleverses.org\/es\/wp-json\/wp\/v2\/media\/1475"}],"wp:attachment":[{"href":"https:\/\/thebibleverses.org\/es\/wp-json\/wp\/v2\/media?parent=1474"}],"curies":[{"name":"wp","href":"https:\/\/api.w.org\/{rel}","templated":true}]}}